{"id":24418,"date":"2022-06-18T19:59:07","date_gmt":"2022-06-18T19:59:07","guid":{"rendered":"https:\/\/2023.emperorcruises.com\/careers\/"},"modified":"2022-07-09T19:48:41","modified_gmt":"2022-07-09T19:48:41","slug":"tuyen-dung","status":"publish","type":"page","link":"https:\/\/emperorcruises.com\/vi\/tuyen-dung\/","title":{"rendered":"Tuy\u1ec3n D\u1ee5ng"},"content":{"rendered":"\t\t<div data-elementor-type=\"wp-page\" data-elementor-id=\"24418\" class=\"elementor elementor-24418 elementor-21569\">\n\t\t\t\t\t\t\t\t\t<section class=\"elementor-section elementor-top-section elementor-element elementor-element-3a36902 elementor-section-full_width elementor-section-height-min-height elementor-section-items-bottom elementor-section-stretched elementor-section-height-default sc_fly_static\" data-id=\"3a36902\" data-element_type=\"section\" data-settings=\"{&quot;background_background&quot;:&quot;classic&quot;,&quot;stretch_section&quot;:&quot;section-stretched&quot;}\">\n\t\t\t\t\t\t<div class=\"elementor-container elementor-column-gap-no\">\n\t\t\t\t\t<div class=\"elementor-column elementor-col-100 elementor-top-column elementor-element elementor-element-9fb4331 sc_inner_width_none sc_content_align_inherit sc_layouts_column_icons_position_left sc_fly_static\" data-id=\"9fb4331\" data-element_type=\"column\">\n\t\t\t<div class=\"elementor-widget-wrap elementor-element-populated\">\n\t\t\t\t\t\t\t\t<div class=\"elementor-element elementor-element-3769f12 sc_fly_static elementor-widget elementor-widget-spacer\" data-id=\"3769f12\" data-element_type=\"widget\" data-widget_type=\"spacer.default\">\n\t\t\t\t<div class=\"elementor-widget-container\">\n\t\t\t<style>\/*! elementor - v3.7.8 - 02-10-2022 *\/\n.elementor-column .elementor-spacer-inner{height:var(--spacer-size)}.e-container{--container-widget-width:100%}.e-container>.elementor-widget-spacer{width:var(--container-widget-width,var(--spacer-size));-ms-flex-item-align:stretch;align-self:stretch;-ms-flex-negative:0;flex-shrink:0}.e-container>.elementor-widget-spacer>.elementor-widget-container,.e-container>.elementor-widget-spacer>.elementor-widget-container>.elementor-spacer{height:100%}.e-container>.elementor-widget-spacer>.elementor-widget-container>.elementor-spacer>.elementor-spacer-inner{height:var(--container-widget-height,var(--spacer-size))}<\/style>\t\t<div class=\"elementor-spacer\">\n\t\t\t<div class=\"elementor-spacer-inner\"><\/div>\n\t\t<\/div>\n\t\t\t\t<\/div>\n\t\t\t\t<\/div>\n\t\t\t\t<div class=\"elementor-element elementor-element-d90b52e sc_fly_static elementor-widget elementor-widget-trx_sc_title\" data-id=\"d90b52e\" data-element_type=\"widget\" data-widget_type=\"trx_sc_title.default\">\n\t\t\t\t<div class=\"elementor-widget-container\">\n\t\t\t<div\t\tclass=\"sc_title color_style_link2 sc_title_default\" ><span class=\"sc_item_subtitle sc_title_subtitle sc_align_center sc_item_subtitle_above sc_item_title_style_default\">emperor cruises<\/span><h1 class=\"sc_item_title sc_title_title sc_align_center sc_item_title_style_default sc_item_title_tag trx_addons_inline_566398566\"\n\t\t\t><span class=\"sc_item_title_text\">tuy\u1ec3n d\u1ee5ng<\/span><\/h1><\/div>\t\t<\/div>\n\t\t\t\t<\/div>\n\t\t\t\t<div class=\"elementor-element elementor-element-ad1cca8 sc_fly_static elementor-widget elementor-widget-spacer\" data-id=\"ad1cca8\" data-element_type=\"widget\" data-widget_type=\"spacer.default\">\n\t\t\t\t<div class=\"elementor-widget-container\">\n\t\t\t\t\t<div class=\"elementor-spacer\">\n\t\t\t<div class=\"elementor-spacer-inner\"><\/div>\n\t\t<\/div>\n\t\t\t\t<\/div>\n\t\t\t\t<\/div>\n\t\t\t\t<section class=\"elementor-section elementor-inner-section elementor-element elementor-element-3af5f09 elementor-section-boxed elementor-section-height-default elementor-section-height-default sc_fly_static\" data-id=\"3af5f09\" data-element_type=\"section\">\n\t\t\t\t\t\t<div class=\"elementor-container elementor-column-gap-extended\">\n\t\t\t\t\t<div class=\"elementor-column elementor-col-100 elementor-inner-column elementor-element elementor-element-06df3b2 sc_inner_width_none sc_content_align_inherit sc_layouts_column_icons_position_left sc_fly_static\" data-id=\"06df3b2\" data-element_type=\"column\">\n\t\t\t<div class=\"elementor-widget-wrap elementor-element-populated\">\n\t\t\t\t\t\t\t\t<div class=\"elementor-element elementor-element-38ba800 elementor-view-default sc_fly_static elementor-widget elementor-widget-icon\" data-id=\"38ba800\" data-element_type=\"widget\" data-widget_type=\"icon.default\">\n\t\t\t\t<div class=\"elementor-widget-container\">\n\t\t\t\t\t<div class=\"elementor-icon-wrapper\">\n\t\t\t<a class=\"elementor-icon\" href=\"#anchor\">\n\t\t\t<svg xmlns=\"http:\/\/www.w3.org\/2000\/svg\" width=\"14.626\" height=\"8.639\" viewBox=\"0 0 14.626 8.639\"><g id=\"down-arrow\" transform=\"translate(0 -70.698)\"><g id=\"Group_8820\" data-name=\"Group 8820\" transform=\"translate(0 100.698)\"><path id=\"Path_6507\" data-name=\"Path 6507\" d=\"M14.392,101.42l-.479-.482a.8.8,0,0,0-1.132,0L7.316,106.4l-5.472-5.472a.8.8,0,0,0-1.132,0l-.479.479a.8.8,0,0,0,0,1.131l6.515,6.538a.818.818,0,0,0,.567.257h0a.818.818,0,0,0,.566-.257l6.508-6.52a.808.808,0,0,0,.234-.571A.8.8,0,0,0,14.392,101.42Z\" transform=\"translate(0 -130.698)\"><\/path><\/g><\/g><\/svg>\t\t\t<\/a>\n\t\t<\/div>\n\t\t\t\t<\/div>\n\t\t\t\t<\/div>\n\t\t\t\t<div class=\"elementor-element elementor-element-73bf6e9 sc_fly_static elementor-widget elementor-widget-spacer\" data-id=\"73bf6e9\" data-element_type=\"widget\" data-widget_type=\"spacer.default\">\n\t\t\t\t<div class=\"elementor-widget-container\">\n\t\t\t\t\t<div class=\"elementor-spacer\">\n\t\t\t<div class=\"elementor-spacer-inner\"><\/div>\n\t\t<\/div>\n\t\t\t\t<\/div>\n\t\t\t\t<\/div>\n\t\t\t\t\t<\/div>\n\t\t<\/div>\n\t\t\t\t\t\t\t<\/div>\n\t\t<\/section>\n\t\t\t\t\t<\/div>\n\t\t<\/div>\n\t\t\t\t\t\t\t<\/div>\n\t\t<\/section>\n\t\t\t\t<section class=\"elementor-section elementor-top-section elementor-element elementor-element-076779a elementor-section-stretched scheme_default elementor-section-boxed elementor-section-height-default elementor-section-height-default sc_fly_static\" data-id=\"076779a\" data-element_type=\"section\" data-settings=\"{&quot;stretch_section&quot;:&quot;section-stretched&quot;,&quot;background_background&quot;:&quot;classic&quot;}\">\n\t\t\t\t\t\t<div class=\"elementor-container elementor-column-gap-extended\">\n\t\t\t\t\t<div class=\"elementor-column elementor-col-100 elementor-top-column elementor-element elementor-element-cc58516 sc_inner_width_none sc_content_align_inherit sc_layouts_column_icons_position_left sc_fly_static\" data-id=\"cc58516\" data-element_type=\"column\">\n\t\t\t<div class=\"elementor-widget-wrap elementor-element-populated\">\n\t\t\t\t\t\t\t\t<div class=\"elementor-element elementor-element-6d4d98a sc_height_medium sc_fly_static elementor-widget elementor-widget-spacer\" data-id=\"6d4d98a\" data-element_type=\"widget\" data-widget_type=\"spacer.default\">\n\t\t\t\t<div class=\"elementor-widget-container\">\n\t\t\t\t\t<div class=\"elementor-spacer\">\n\t\t\t<div class=\"elementor-spacer-inner\"><\/div>\n\t\t<\/div>\n\t\t\t\t<\/div>\n\t\t\t\t<\/div>\n\t\t\t\t<section class=\"elementor-section elementor-inner-section elementor-element elementor-element-80ed635 elementor-section-boxed elementor-section-height-default elementor-section-height-default sc_fly_static\" data-id=\"80ed635\" data-element_type=\"section\">\n\t\t\t\t\t\t<div class=\"elementor-container elementor-column-gap-extended\">\n\t\t\t\t\t<div class=\"elementor-column elementor-col-16 elementor-inner-column elementor-element elementor-element-7d1ca38 sc_inner_width_none sc_content_align_inherit sc_layouts_column_icons_position_left sc_fly_static\" data-id=\"7d1ca38\" data-element_type=\"column\">\n\t\t\t<div class=\"elementor-widget-wrap\">\n\t\t\t\t\t\t\t\t\t<\/div>\n\t\t<\/div>\n\t\t\t\t<div class=\"elementor-column elementor-col-66 elementor-inner-column elementor-element elementor-element-9b4689a sc_inner_width_none sc_content_align_inherit sc_layouts_column_icons_position_left sc_fly_static\" data-id=\"9b4689a\" data-element_type=\"column\">\n\t\t\t<div class=\"elementor-widget-wrap elementor-element-populated\">\n\t\t\t\t\t\t\t\t<div class=\"elementor-element elementor-element-0d7bbc5 sc_fly_static elementor-widget elementor-widget-image\" data-id=\"0d7bbc5\" data-element_type=\"widget\" data-widget_type=\"image.default\">\n\t\t\t\t<div class=\"elementor-widget-container\">\n\t\t\t<style>\/*! elementor - v3.7.8 - 02-10-2022 *\/\n.elementor-widget-image{text-align:center}.elementor-widget-image a{display:inline-block}.elementor-widget-image a img[src$=\".svg\"]{width:48px}.elementor-widget-image img{vertical-align:middle;display:inline-block}<\/style>\t\t\t\t\t\t\t\t\t\t\t\t<img width=\"840\" height=\"473\" src=\"https:\/\/emperorcruises.com\/wp-content\/uploads\/2022\/06\/Beach-Lifestyle-13-840x473.jpg\" class=\"attachment-qwery-thumb-big size-qwery-thumb-big\" alt=\"\" loading=\"lazy\" srcset=\"https:\/\/emperorcruises.com\/wp-content\/uploads\/2022\/06\/Beach-Lifestyle-13-840x473.jpg 840w, https:\/\/emperorcruises.com\/wp-content\/uploads\/2022\/06\/Beach-Lifestyle-13-1290x725.jpg 1290w, https:\/\/emperorcruises.com\/wp-content\/uploads\/2022\/06\/Beach-Lifestyle-13-410x230.jpg 410w, https:\/\/emperorcruises.com\/wp-content\/uploads\/2022\/06\/Beach-Lifestyle-13-270x152.jpg 270w\" sizes=\"(max-width: 840px) 100vw, 840px\" \/>\t\t\t\t\t\t\t\t\t\t\t\t\t\t\t<\/div>\n\t\t\t\t<\/div>\n\t\t\t\t\t<\/div>\n\t\t<\/div>\n\t\t\t\t<div class=\"elementor-column elementor-col-16 elementor-inner-column elementor-element elementor-element-6251783 sc_inner_width_none sc_content_align_inherit sc_layouts_column_icons_position_left sc_fly_static\" data-id=\"6251783\" data-element_type=\"column\">\n\t\t\t<div class=\"elementor-widget-wrap\">\n\t\t\t\t\t\t\t\t\t<\/div>\n\t\t<\/div>\n\t\t\t\t\t\t\t<\/div>\n\t\t<\/section>\n\t\t\t\t<section class=\"elementor-section elementor-inner-section elementor-element elementor-element-7400877 elementor-section-boxed elementor-section-height-default elementor-section-height-default sc_fly_static\" data-id=\"7400877\" data-element_type=\"section\">\n\t\t\t\t\t\t<div class=\"elementor-container elementor-column-gap-extended\">\n\t\t\t\t\t<div class=\"elementor-column elementor-col-100 elementor-inner-column elementor-element elementor-element-680c7dc sc_inner_width_none sc_content_align_inherit sc_layouts_column_icons_position_left sc_fly_static\" data-id=\"680c7dc\" data-element_type=\"column\">\n\t\t\t<div class=\"elementor-widget-wrap elementor-element-populated\">\n\t\t\t\t\t\t\t\t<div class=\"elementor-element elementor-element-62477a4 sc_height_small sc_fly_static elementor-widget elementor-widget-spacer\" data-id=\"62477a4\" data-element_type=\"widget\" data-widget_type=\"spacer.default\">\n\t\t\t\t<div class=\"elementor-widget-container\">\n\t\t\t\t\t<div class=\"elementor-spacer\">\n\t\t\t<div class=\"elementor-spacer-inner\"><\/div>\n\t\t<\/div>\n\t\t\t\t<\/div>\n\t\t\t\t<\/div>\n\t\t\t\t<div class=\"elementor-element elementor-element-39555c4 sc_fly_static elementor-widget elementor-widget-text-editor\" data-id=\"39555c4\" data-element_type=\"widget\" data-widget_type=\"text-editor.default\">\n\t\t\t\t<div class=\"elementor-widget-container\">\n\t\t\t<style>\/*! elementor - v3.7.8 - 02-10-2022 *\/\n.elementor-widget-text-editor.elementor-drop-cap-view-stacked .elementor-drop-cap{background-color:#818a91;color:#fff}.elementor-widget-text-editor.elementor-drop-cap-view-framed .elementor-drop-cap{color:#818a91;border:3px solid;background-color:transparent}.elementor-widget-text-editor:not(.elementor-drop-cap-view-default) .elementor-drop-cap{margin-top:8px}.elementor-widget-text-editor:not(.elementor-drop-cap-view-default) .elementor-drop-cap-letter{width:1em;height:1em}.elementor-widget-text-editor .elementor-drop-cap{float:left;text-align:center;line-height:1;font-size:50px}.elementor-widget-text-editor .elementor-drop-cap-letter{display:inline-block}<\/style>\t\t\t\t<h5 style=\"text-align: justify;\"><strong>V\u00ea\u0300 du thuy\u00ea\u0300n Hoa\u0300ng \u0110\u00ea\u0301<\/strong><\/h5><p style=\"text-align: justify;\">Du thuy\u00ea\u0300n \u0111\u01b0\u1ee3c l\u1ea5y c\u1ea3m h\u1ee9ng t\u1eeb cu\u1ed9c s\u1ed1ng xa hoa c\u1ee7a Ho\u00e0ng \u0111\u1ebf B\u1ea3o \u0110\u1ea1i, vi\u0323 vua cu\u00f4\u0301i cu\u0300ng cu\u0309a phong ki\u00ea\u0301n Vi\u00ea\u0323t Nam. Do \u0111\u00f3, b\u1ea3n th\u00e2n chi\u1ebfc thuy\u1ec1n l\u00e0 m\u1ed9t kh\u00e1m ph\u00e1 c\u1ee7a th\u1eadp ni\u00ean 30 v\u1edbi thi\u1ebft k\u1ebf TRUY\u00ca\u0300N CA\u0309M H\u01af\u0301NG, GIA\u0300U CO\u0301 V\u00ca\u0300 LI\u0323CH S\u01af\u0309 v\u00e0 DI SA\u0309N. Ch\u00fang t\u00f4i mang \u0111\u1ebfn cho kh\u00e1ch h\u00e0ng c\u1ee7a b\u1ea1n tr\u1ea3i nghi\u1ec7m m\u1ecdi kho\u1ea3nh kh\u1eafc hoa\u0300n ha\u0309o b\u1eb1ng c\u00e1ch \u0111\u1ed1i x\u1eed nh\u01b0 nh\u1eefng v\u1ecb vua v\u00e0 ho\u00e0ng h\u1eadu, th\u01b0\u01a1\u0309ng th\u01b0\u0301c ca\u0301c d\u1ecbch v\u1ee5 nh\u01b0 \u00e2m nh\u1ea1c, m\u1ef9 thu\u1eadt, ki\u1ebfn tr\u00fac, v\u0103n h\u00f3a, \u1ea9m th\u1ef1c, l\u1ecbch s\u1eed v\u00e0 c\u00e1c ho\u1ea1t \u0111\u1ed9ng ngo\u00e0i tr\u1eddi v\u00e0 trong nh\u00e0, cu\u1ed9c s\u1ed1ng tr\u00ean thuy\u1ec1n, c\u00e2u chuy\u1ec7n v\u1ec1 Ho\u00e0ng \u0111\u1ebf B\u1ea3o \u0110\u1ea1i th\u00f4ng qua thi\u1ebft k\u1ebf v\u00e0 n\u01a1i t\u1ea5t c\u1ea3 m\u1ecdi th\u1ee9 \u0111\u01b0\u1ee3c bao g\u1ed3m.<\/p><p style=\"text-align: justify;\">Hi\u00ea\u0323n ta\u0323i du thuy\u00ea\u0300n Hoa\u0300ng \u0110\u00ea\u0301cung c\u00e2\u0301p g\u00a0<strong>Tour ta\u0300u nga\u0300y ta\u0323i vi\u0323nh Nha Trang va\u0300 tour ngu\u0309 \u0111\u00eam ta\u0323i vi\u0323nh Ha\u0323 Long<\/strong>. Chu\u0301ng t\u00f4i la\u0300 du thuy\u00ea\u0300n \u0111\u00e2\u0300u ti\u00ean cung c\u00e2\u0301p go\u0301i di\u0323ch vu\u0323 tro\u0323n go\u0301i bao g\u00f4\u0300m (all-inclusive) ta\u0323i Ha\u0323 Long va\u0300 Nha Trang.<\/p><hr \/><h5 style=\"text-align: justify;\"><strong>Sales Manager &amp; Senior Sales\/ Sales online ta\u0323i v\u0103n pho\u0300ng Ha\u0300 N\u00f4\u0323i<\/strong><\/h5><p style=\"text-align: justify;\">\u0110i\u0323a \u0111i\u00ea\u0309m la\u0300m vi\u00ea\u0323c: Ha\u0300 N\u00f4\u0323i<\/p><p style=\"text-align: justify;\"><strong>Sa\u0309n ph\u00e2\u0309m: Du thuy\u00ea\u0300n Hoa\u0300ng \u0110\u00ea\u0301 ta\u0323i Ha\u0323 Long va\u0300 Nha Trang, Vi\u00ea\u0323 t Nam<br \/>Pho\u0309ng v\u00e2\u0301n s\u01a1\u0301m, ch\u00ea\u0301 \u0111\u00f4\u0323 l\u01b0\u01a1ng th\u01b0\u01a1\u0309ng x\u01b0\u0301ng \u0111a\u0301ng<\/strong><\/p><p style=\"text-align: justify;\">Th\u01a1\u0300i \u0111i\u00ea\u0309m b\u0103\u0301t \u0111\u00e2\u0300u la\u0300m vi\u00ea\u0323c: Ngay l\u00e2\u0323p t\u01b0\u0301c<\/p><p style=\"text-align: justify;\">Ch\u00fang t\u00f4i c\u1ea7n t\u00ecm ki\u1ebfm \u1ee9ng c\u1eed vi\u00ean cho v\u1ecb tr\u00ed gi\u00e1m \u0111\u1ed1c kinh doanh ng\u01b0\u1eddi m\u00e0 s\u1ebd l\u00e3nh \u0111\u1ea1o, ph\u00e1t tri\u1ec3n v\u00e0 truy\u1ec1n c\u1ea3m h\u1ee9ng v\u1ec1 b\u00e1n hang du thuy\u1ec1n cho nh\u00e2n vi\u00ean minh v\u00e0 cho c\u00e1c \u0111\u1ed9i nh\u00f3m kinh doanh \u1edf c\u00e1c cty du l\u1ecbch, qu\u1ea3n l\u00fd v\u00e0 h\u1ed7 tr\u1ee3 c\u00f4ng vi\u1ec7c c\u1ee7a ph\u00f2ng kinh doanh nh\u1eb1m \u0111\u1ea1t \u0111\u01b0\u1ee3c m\u1ee5a ti\u00eau kinh doanh \u0111\u1ec1 ra. Gi\u00e1m \u0111\u1ed1c kinh doanh s\u1ebd ch\u1ecbu tr\u00e1ch nhi\u1ec7m qu\u1ea3n l\u00fd c\u00e1c \u0111\u1ed1i t\u00e1c chi\u1ebfn l\u01b0\u1ee3c v\u00e0 c\u00e1c m\u1ed1i quan h\u1ec7 v\u1edbi kh\u00e1ch h\u00e0ng, ph\u00e1t tri\u1ec3n s\u1ea3n ph\u1ea9m v\u00e0 nh\u1eefng l\u1ee3i \u00edch c\u1ee7a sp cao c\u1ea5p.<\/p><p style=\"text-align: justify;\"><strong>Tra\u0301ch nhi\u00ea\u0323m cu\u0309a Sales Manager:<\/strong><\/p><ul style=\"text-align: justify;\"><li>X\u00e2y d\u1ef1ng ph\u01b0\u01a1ng \u00e1n kinh doanh v\u00e0 t\u1ed5 ch\u1ee9c tri\u1ec3n khai th\u1ef1c hi\u1ec7n k\u1ebf ho\u1ea1ch kinh doanh theo m\u1ee5c ti\u00eau doanh thu \u2013 chi ph\u00ed \u2013 l\u1ee3i nhu\u1eadn m\u00e0 Ban Gi\u00e1m \u0111\u1ed1c \u0111\u00e3 ph\u00ea duy\u1ec7t;<\/li><li>L\u1eadp k\u1ebf ho\u1ea1ch kinh doanh t\u1eebng th\u00e1ng, qu\u00fd, n\u0103m; X\u00e2y d\u1ef1ng ch\u00ednh s\u00e1ch b\u00e1n h\u00e0ng, ch\u00ednh s\u00e1ch qu\u1ea3n l\u00fd c\u00f4ng n\u1ee3, ki\u1ec3m so\u00e1t r\u1ee7i ro.<\/li><li>Th\u1ef1c hi\u1ec7n v\u00e0 gi\u00e1m s\u00e1t c\u00e1c nghi\u1ec7p v\u1ee5 b\u00e1n h\u00e0ng c\u1ee7a nh\u00e2n vi\u00ean kinh doanh<\/li><li>Th\u1ef1c hi\u1ec7n\/qu\u1ea3n l\u00fd c\u00e1c nghi\u1ec7p v\u1ee5 qu\u1ea3ng b\u00e1 s\u1ea3n ph\u1ea9m, t\u0103ng h\u00ecnh \u1ea3nh nh\u1eadn di\u1ec7n c\u1ee7a Emperor Cruises<\/li><li>Cam k\u1ebft ch\u1ec9 ti\u00eau doanh s\u1ed1 v\u00e0 \u0111i\u1ec1u ph\u1ed1i, th\u1ef1c hi\u1ec7n \u0111\u1ec3 \u0111\u1ea1t m\u1ee5c ti\u00eau.<\/li><li>S\u1eafp x\u1ebfp v\u00e0 t\u1ed5 ch\u1ee9c \u0111\u1ed9i ng\u0169 nh\u00e2n s\u1ef1 ph\u00f9 h\u1ee3p v\u1edbi ho\u1ea1t \u0111\u1ed9ng kinh doanh.<\/li><li>Tham m\u01b0u cho Ban Gi\u00e1m \u0111\u1ed1c trong vi\u1ec7c x\u00e2y d\u1ef1ng chi\u1ebfn l\u01b0\u1ee3c sales &amp; marketing c\u0169ng nh\u01b0 th\u1ef1c hi\u1ec7n c\u00e1c ho\u1ea1t \u0111\u1ed9ng qu\u1ea3ng b\u00e1, ch\u0103m s\u00f3c kh\u00e1ch h\u00e0ng.<\/li><li>Hi\u1ec3u t\u1ea7m nh\u00ecn, s\u1ee9 m\u1ec7nh, m\u1ee5c \u0111\u00edch v\u00e0 gi\u00e1 tr\u1ecb c\u1ee7a c\u00f4ng ty \u0111\u1ec3 c\u00f3 th\u1ec3 truy\u1ec1n t\u1ea3i t\u1edbi nh\u00e2n vi\u00ean v\u00e0 \u0111\u1ed1i t\u00e1c<\/li><li>\u0110\u1ea3m b\u1ea3o vi\u1ec7c qu\u1ea3n l\u00fd ngu\u1ed3n nh\u00e2n l\u1ef1c, ph\u00e1t tri\u1ec3n \u0111\u1ed9i ng\u0169 sales, \u0111\u00e0o t\u1ea1o v\u00e0 x\u00e2y d\u1ef1ng m\u1ed9t \u0111\u1ed9i ng\u0169 kinh doanh du thuy\u1ec1n m\u1ea1nh cho Emperor<\/li><li>K\u1ebft n\u1ed1i, ph\u00e1t tri\u1ec3n m\u1ed1i quan h\u1ec7 t\u1ed1t v\u1edbi c\u00e1c c\u00f4ng ty du l\u1ecbch, c\u00e1c c\u00f4ng ty s\u1ef1 ki\u1ec7n v\u00e0 \u0111i\u1ec1u h\u00e0nh tour<\/li><li>Duy tr\u00ec quy trinh v\u00e0 ti\u00eau chu\u1ea9n v\u1ec1 d\u1ecbch v\u1ee5 5 sao<\/li><li>Qu\u1ea3n l\u00fd quy trinh ph\u00e1t tri\u1ec3n s\u1ea3n ph\u1ea9m \u0111\u1ec3 \u0111\u1ea3m b\u1ea3o s\u1ea3n ph\u1ea9m lu\u00f4n \u0111\u1ed9c \u0111\u00e1o v\u00e0 kh\u00e1c bi\u1ec7t<\/li><li>Qu\u1ea3n l\u00fd v\u00e0 th\u1ef1c hi\u1ec7n chi\u1ebfn l\u01b0\u1ee3c kinh doanh<\/li><\/ul><p style=\"text-align: justify;\"><strong>Ca\u0301c ky\u0303 n\u0103ng va\u0300 kinh nghi\u00ea\u0323m:<\/strong><\/p><ul style=\"text-align: justify;\"><li>Kh\u1ea3 n\u0103ng l\u00e0m vi\u1ec7c m\u1ed9t c\u00e1ch c\u00f3 chi\u1ebfn l\u01b0\u1ee3c trong c\u00f4ng vi\u1ec7c<\/li><li>Tr\u00e1ch nhi\u1ec7m v\u00e0 \u0111\u00e1ng tin c\u00e2y<\/li><li>C\u00f3 ki\u00ean th\u1ee9c v\u00e0 kinh nghi\u1ec7m trong l\u0129nh v\u1ef1c sales &amp; marketing, c\u00f3 k\u1ef9 n\u0103ng v\u00e0 kinh nghi\u1ec7m qu\u1ea3n l\u00fd<\/li><li>Hi\u1ec3u v\u1ec1 s\u1ea3n ph\u1ea9m cao c\u1ea5p, sang tr\u1ecdng<\/li><li>C\u00f3 k\u1ef9 n\u0103ng giao ti\u1ebfp, trinh b\u00e0y t\u1ed1t, th\u00e1i \u0111\u1ed9 t\u1ed1t<\/li><li>K\u1ef9 n\u0103ng l\u00e3nh \u0111\u1ea1o, qu\u1ea3n l\u00fd v\u00e0 ph\u00e1t tri\u1ec3n l\u00e0m vi\u1ec7c nh\u00f3m<\/li><li>C\u00f3 ki\u1ebfn th\u1ee9c v\u1ec1 du thuy\u1ec1n v\u00e0 c\u00f3 ni\u1ec1m \u0111am m\u00ea v\u1edbi s\u1ea3n ph\u1ea9m cao c\u1ea5p<\/li><li>Ti\u1ebfng Anh, vi t\u00ednh t\u1ed1t<\/li><li>K\u1ef9 n\u0103ng gi\u1ea3i quy\u1ebft v\u00e0 kh\u1ea3 n\u0103ng ra quy\u1ebft \u0111\u1ecbnh<\/li><li>C\u00f3 kinh nghi\u1ec7m l\u00e0m qu\u1ea3n l\u00fd sales \u1edf c\u00e1c KS v\u00e0 du thuy\u1ec1n l\u00e0 m\u1ed9t l\u1ee3i th\u1ebf<\/li><li>Am hi\u1ec3u v\u1ec1 du l\u1ecbch c\u00f3 tr\u00e1ch nhi\u1ec7m<\/li><\/ul><p style=\"text-align: justify;\"><strong>Quy\u00ea\u0300n l\u01a1\u0323i:<\/strong><\/p><p style=\"text-align: justify;\">L\u01b0\u01a1ng cao +ch\u00ednh s\u00e1ch Bonnus+ B\u1ea3o hi\u1ec3m+ Ch\u00ednh s\u00e1ch cho Sales v\u00e0 \u0111\u01b0\u1ee3c tham gia c\u00e1c h\u1ed9i ch\u1ee3 trong n\u01b0\u1edbc v\u00e0 qu\u1ed1c t\u1ebf<\/p><p style=\"text-align: justify;\">Phi\u0301 sale call, tham gia h\u00f4\u0323i ch\u01a1\u0323 trong va\u0300 ngoa\u0300i n\u01b0\u01a1\u0301c.<\/p><p style=\"text-align: justify;\"><strong>\u0110\u01a1n xin vi\u00ea\u0323c vui lo\u0300ng g\u01b0\u0309i v\u00ea\u0300:\u00a0<\/strong><a href=\"mailto:hanoi@emperorcruises.com\">hanoi@emperorcruises.com<\/a><\/p><p style=\"text-align: justify;\">Li\u00ean h\u00ea\u0323: 0914 929 196 (Mrs. Huong)<\/p>\t\t\t\t\t\t<\/div>\n\t\t\t\t<\/div>\n\t\t\t\t\t<\/div>\n\t\t<\/div>\n\t\t\t\t\t\t\t<\/div>\n\t\t<\/section>\n\t\t\t\t\t<\/div>\n\t\t<\/div>\n\t\t\t\t\t\t\t<\/div>\n\t\t<\/section>\n\t\t\t\t\t\t\t<\/div>\n\t\t","protected":false},"excerpt":{"rendered":"<p>emperor cruises tuy\u1ec3n d\u1ee5ng V\u00ea\u0300 du thuy\u00ea\u0300n Hoa\u0300ng \u0110\u00ea\u0301 Du thuy\u00ea\u0300n \u0111\u01b0\u1ee3c l\u1ea5y c\u1ea3m h\u1ee9ng t\u1eeb cu\u1ed9c s\u1ed1ng xa hoa c\u1ee7a Ho\u00e0ng \u0111\u1ebf B\u1ea3o \u0110\u1ea1i, vi\u0323 vua cu\u00f4\u0301i cu\u0300ng cu\u0309a&hellip;<\/p>\n","protected":false},"author":1,"featured_media":22310,"parent":0,"menu_order":0,"comment_status":"closed","ping_status":"closed","template":"","meta":[],"_links":{"self":[{"href":"https:\/\/emperorcruises.com\/vi\/wp-json\/wp\/v2\/pages\/24418"}],"collection":[{"href":"https:\/\/emperorcruises.com\/vi\/wp-json\/wp\/v2\/pages"}],"about":[{"href":"https:\/\/emperorcruises.com\/vi\/wp-json\/wp\/v2\/types\/page"}],"author":[{"embeddable":true,"href":"https:\/\/emperorcruises.com\/vi\/wp-json\/wp\/v2\/users\/1"}],"replies":[{"embeddable":true,"href":"https:\/\/emperorcruises.com\/vi\/wp-json\/wp\/v2\/comments?post=24418"}],"version-history":[{"count":0,"href":"https:\/\/emperorcruises.com\/vi\/wp-json\/wp\/v2\/pages\/24418\/revisions"}],"wp:featuredmedia":[{"embeddable":true,"href":"https:\/\/emperorcruises.com\/vi\/wp-json\/wp\/v2\/media\/22310"}],"wp:attachment":[{"href":"https:\/\/emperorcruises.com\/vi\/wp-json\/wp\/v2\/media?parent=24418"}],"curies":[{"name":"wp","href":"https:\/\/api.w.org\/{rel}","templated":true}]}}