{"id":24379,"date":"2022-06-18T19:21:37","date_gmt":"2022-06-18T19:21:37","guid":{"rendered":"https:\/\/2023.emperorcruises.com\/responsible-cruising\/"},"modified":"2022-07-09T19:31:36","modified_gmt":"2022-07-09T19:31:36","slug":"du-lich-co-trach-nhiem","status":"publish","type":"page","link":"https:\/\/emperorcruises.com\/vi\/du-lich-co-trach-nhiem\/","title":{"rendered":"Du li\u0323ch co\u0301 tra\u0301ch nhi\u00ea\u0323m"},"content":{"rendered":"\t\t<div data-elementor-type=\"wp-page\" data-elementor-id=\"24379\" class=\"elementor elementor-24379 elementor-21518\">\n\t\t\t\t\t\t\t\t\t<section class=\"elementor-section elementor-top-section elementor-element elementor-element-3a36902 elementor-section-full_width elementor-section-height-min-height elementor-section-items-bottom elementor-section-stretched elementor-section-height-default sc_fly_static\" data-id=\"3a36902\" data-element_type=\"section\" data-settings=\"{&quot;background_background&quot;:&quot;classic&quot;,&quot;stretch_section&quot;:&quot;section-stretched&quot;}\">\n\t\t\t\t\t\t<div class=\"elementor-container elementor-column-gap-no\">\n\t\t\t\t\t<div class=\"elementor-column elementor-col-100 elementor-top-column elementor-element elementor-element-9fb4331 sc_inner_width_none sc_content_align_inherit sc_layouts_column_icons_position_left sc_fly_static\" data-id=\"9fb4331\" data-element_type=\"column\">\n\t\t\t<div class=\"elementor-widget-wrap elementor-element-populated\">\n\t\t\t\t\t\t\t\t<div class=\"elementor-element elementor-element-3769f12 sc_fly_static elementor-widget elementor-widget-spacer\" data-id=\"3769f12\" data-element_type=\"widget\" data-widget_type=\"spacer.default\">\n\t\t\t\t<div class=\"elementor-widget-container\">\n\t\t\t<style>\/*! elementor - v3.7.8 - 02-10-2022 *\/\n.elementor-column .elementor-spacer-inner{height:var(--spacer-size)}.e-container{--container-widget-width:100%}.e-container>.elementor-widget-spacer{width:var(--container-widget-width,var(--spacer-size));-ms-flex-item-align:stretch;align-self:stretch;-ms-flex-negative:0;flex-shrink:0}.e-container>.elementor-widget-spacer>.elementor-widget-container,.e-container>.elementor-widget-spacer>.elementor-widget-container>.elementor-spacer{height:100%}.e-container>.elementor-widget-spacer>.elementor-widget-container>.elementor-spacer>.elementor-spacer-inner{height:var(--container-widget-height,var(--spacer-size))}<\/style>\t\t<div class=\"elementor-spacer\">\n\t\t\t<div class=\"elementor-spacer-inner\"><\/div>\n\t\t<\/div>\n\t\t\t\t<\/div>\n\t\t\t\t<\/div>\n\t\t\t\t<div class=\"elementor-element elementor-element-d90b52e sc_fly_static elementor-widget elementor-widget-trx_sc_title\" data-id=\"d90b52e\" data-element_type=\"widget\" data-widget_type=\"trx_sc_title.default\">\n\t\t\t\t<div class=\"elementor-widget-container\">\n\t\t\t<div\t\tclass=\"sc_title color_style_link2 sc_title_default\" ><span class=\"sc_item_subtitle sc_title_subtitle sc_align_center sc_item_subtitle_above sc_item_title_style_default\">emperor cruises<\/span><h1 class=\"sc_item_title sc_title_title sc_align_center sc_item_title_style_default sc_item_title_tag trx_addons_inline_653333503\"\n\t\t\t><span class=\"sc_item_title_text\">Du l\u1ecbch c\u00f3 tr\u00e1ch nhi\u1ec7m<\/span><\/h1><\/div>\t\t<\/div>\n\t\t\t\t<\/div>\n\t\t\t\t<div class=\"elementor-element elementor-element-ad1cca8 sc_fly_static elementor-widget elementor-widget-spacer\" data-id=\"ad1cca8\" data-element_type=\"widget\" data-widget_type=\"spacer.default\">\n\t\t\t\t<div class=\"elementor-widget-container\">\n\t\t\t\t\t<div class=\"elementor-spacer\">\n\t\t\t<div class=\"elementor-spacer-inner\"><\/div>\n\t\t<\/div>\n\t\t\t\t<\/div>\n\t\t\t\t<\/div>\n\t\t\t\t<section class=\"elementor-section elementor-inner-section elementor-element elementor-element-3af5f09 elementor-section-boxed elementor-section-height-default elementor-section-height-default sc_fly_static\" data-id=\"3af5f09\" data-element_type=\"section\">\n\t\t\t\t\t\t<div class=\"elementor-container elementor-column-gap-extended\">\n\t\t\t\t\t<div class=\"elementor-column elementor-col-100 elementor-inner-column elementor-element elementor-element-06df3b2 sc_inner_width_none sc_content_align_inherit sc_layouts_column_icons_position_left sc_fly_static\" data-id=\"06df3b2\" data-element_type=\"column\">\n\t\t\t<div class=\"elementor-widget-wrap elementor-element-populated\">\n\t\t\t\t\t\t\t\t<div class=\"elementor-element elementor-element-38ba800 elementor-view-default sc_fly_static elementor-widget elementor-widget-icon\" data-id=\"38ba800\" data-element_type=\"widget\" data-widget_type=\"icon.default\">\n\t\t\t\t<div class=\"elementor-widget-container\">\n\t\t\t\t\t<div class=\"elementor-icon-wrapper\">\n\t\t\t<a class=\"elementor-icon\" href=\"#anchor\">\n\t\t\t<svg xmlns=\"http:\/\/www.w3.org\/2000\/svg\" width=\"14.626\" height=\"8.639\" viewBox=\"0 0 14.626 8.639\"><g id=\"down-arrow\" transform=\"translate(0 -70.698)\"><g id=\"Group_8820\" data-name=\"Group 8820\" transform=\"translate(0 100.698)\"><path id=\"Path_6507\" data-name=\"Path 6507\" d=\"M14.392,101.42l-.479-.482a.8.8,0,0,0-1.132,0L7.316,106.4l-5.472-5.472a.8.8,0,0,0-1.132,0l-.479.479a.8.8,0,0,0,0,1.131l6.515,6.538a.818.818,0,0,0,.567.257h0a.818.818,0,0,0,.566-.257l6.508-6.52a.808.808,0,0,0,.234-.571A.8.8,0,0,0,14.392,101.42Z\" transform=\"translate(0 -130.698)\"><\/path><\/g><\/g><\/svg>\t\t\t<\/a>\n\t\t<\/div>\n\t\t\t\t<\/div>\n\t\t\t\t<\/div>\n\t\t\t\t<div class=\"elementor-element elementor-element-73bf6e9 sc_fly_static elementor-widget elementor-widget-spacer\" data-id=\"73bf6e9\" data-element_type=\"widget\" data-widget_type=\"spacer.default\">\n\t\t\t\t<div class=\"elementor-widget-container\">\n\t\t\t\t\t<div class=\"elementor-spacer\">\n\t\t\t<div class=\"elementor-spacer-inner\"><\/div>\n\t\t<\/div>\n\t\t\t\t<\/div>\n\t\t\t\t<\/div>\n\t\t\t\t\t<\/div>\n\t\t<\/div>\n\t\t\t\t\t\t\t<\/div>\n\t\t<\/section>\n\t\t\t\t\t<\/div>\n\t\t<\/div>\n\t\t\t\t\t\t\t<\/div>\n\t\t<\/section>\n\t\t\t\t<section class=\"elementor-section elementor-top-section elementor-element elementor-element-076779a elementor-section-stretched scheme_default elementor-section-boxed elementor-section-height-default elementor-section-height-default sc_fly_static\" data-id=\"076779a\" data-element_type=\"section\" data-settings=\"{&quot;stretch_section&quot;:&quot;section-stretched&quot;,&quot;background_background&quot;:&quot;classic&quot;}\">\n\t\t\t\t\t\t<div class=\"elementor-container elementor-column-gap-extended\">\n\t\t\t\t\t<div class=\"elementor-column elementor-col-100 elementor-top-column elementor-element elementor-element-cc58516 sc_inner_width_none sc_content_align_inherit sc_layouts_column_icons_position_left sc_fly_static\" data-id=\"cc58516\" data-element_type=\"column\">\n\t\t\t<div class=\"elementor-widget-wrap elementor-element-populated\">\n\t\t\t\t\t\t\t\t<div class=\"elementor-element elementor-element-6d4d98a sc_height_medium sc_fly_static elementor-widget elementor-widget-spacer\" data-id=\"6d4d98a\" data-element_type=\"widget\" data-widget_type=\"spacer.default\">\n\t\t\t\t<div class=\"elementor-widget-container\">\n\t\t\t\t\t<div class=\"elementor-spacer\">\n\t\t\t<div class=\"elementor-spacer-inner\"><\/div>\n\t\t<\/div>\n\t\t\t\t<\/div>\n\t\t\t\t<\/div>\n\t\t\t\t<section class=\"elementor-section elementor-inner-section elementor-element elementor-element-80ed635 elementor-section-boxed elementor-section-height-default elementor-section-height-default sc_fly_static\" data-id=\"80ed635\" data-element_type=\"section\">\n\t\t\t\t\t\t<div class=\"elementor-container elementor-column-gap-extended\">\n\t\t\t\t\t<div class=\"elementor-column elementor-col-16 elementor-inner-column elementor-element elementor-element-7d1ca38 sc_inner_width_none sc_content_align_inherit sc_layouts_column_icons_position_left sc_fly_static\" data-id=\"7d1ca38\" data-element_type=\"column\">\n\t\t\t<div class=\"elementor-widget-wrap\">\n\t\t\t\t\t\t\t\t\t<\/div>\n\t\t<\/div>\n\t\t\t\t<div class=\"elementor-column elementor-col-66 elementor-inner-column elementor-element elementor-element-9b4689a sc_inner_width_none sc_content_align_inherit sc_layouts_column_icons_position_left sc_fly_static\" data-id=\"9b4689a\" data-element_type=\"column\">\n\t\t\t<div class=\"elementor-widget-wrap elementor-element-populated\">\n\t\t\t\t\t\t\t\t<div class=\"elementor-element elementor-element-0d7bbc5 sc_fly_static elementor-widget elementor-widget-image\" data-id=\"0d7bbc5\" data-element_type=\"widget\" data-widget_type=\"image.default\">\n\t\t\t\t<div class=\"elementor-widget-container\">\n\t\t\t<style>\/*! elementor - v3.7.8 - 02-10-2022 *\/\n.elementor-widget-image{text-align:center}.elementor-widget-image a{display:inline-block}.elementor-widget-image a img[src$=\".svg\"]{width:48px}.elementor-widget-image img{vertical-align:middle;display:inline-block}<\/style>\t\t\t\t\t\t\t\t\t\t\t\t<img width=\"840\" height=\"473\" src=\"https:\/\/emperorcruises.com\/wp-content\/uploads\/2022\/06\/Beach-Lifestyle-13-840x473.jpg\" class=\"attachment-qwery-thumb-big size-qwery-thumb-big\" alt=\"\" loading=\"lazy\" srcset=\"https:\/\/emperorcruises.com\/wp-content\/uploads\/2022\/06\/Beach-Lifestyle-13-840x473.jpg 840w, https:\/\/emperorcruises.com\/wp-content\/uploads\/2022\/06\/Beach-Lifestyle-13-1290x725.jpg 1290w, https:\/\/emperorcruises.com\/wp-content\/uploads\/2022\/06\/Beach-Lifestyle-13-410x230.jpg 410w, https:\/\/emperorcruises.com\/wp-content\/uploads\/2022\/06\/Beach-Lifestyle-13-270x152.jpg 270w\" sizes=\"(max-width: 840px) 100vw, 840px\" \/>\t\t\t\t\t\t\t\t\t\t\t\t\t\t\t<\/div>\n\t\t\t\t<\/div>\n\t\t\t\t\t<\/div>\n\t\t<\/div>\n\t\t\t\t<div class=\"elementor-column elementor-col-16 elementor-inner-column elementor-element elementor-element-6251783 sc_inner_width_none sc_content_align_inherit sc_layouts_column_icons_position_left sc_fly_static\" data-id=\"6251783\" data-element_type=\"column\">\n\t\t\t<div class=\"elementor-widget-wrap\">\n\t\t\t\t\t\t\t\t\t<\/div>\n\t\t<\/div>\n\t\t\t\t\t\t\t<\/div>\n\t\t<\/section>\n\t\t\t\t<section class=\"elementor-section elementor-inner-section elementor-element elementor-element-7400877 elementor-section-boxed elementor-section-height-default elementor-section-height-default sc_fly_static\" data-id=\"7400877\" data-element_type=\"section\">\n\t\t\t\t\t\t<div class=\"elementor-container elementor-column-gap-extended\">\n\t\t\t\t\t<div class=\"elementor-column elementor-col-100 elementor-inner-column elementor-element elementor-element-680c7dc sc_inner_width_none sc_content_align_inherit sc_layouts_column_icons_position_left sc_fly_static\" data-id=\"680c7dc\" data-element_type=\"column\">\n\t\t\t<div class=\"elementor-widget-wrap elementor-element-populated\">\n\t\t\t\t\t\t\t\t<div class=\"elementor-element elementor-element-62477a4 sc_height_small sc_fly_static elementor-widget elementor-widget-spacer\" data-id=\"62477a4\" data-element_type=\"widget\" data-widget_type=\"spacer.default\">\n\t\t\t\t<div class=\"elementor-widget-container\">\n\t\t\t\t\t<div class=\"elementor-spacer\">\n\t\t\t<div class=\"elementor-spacer-inner\"><\/div>\n\t\t<\/div>\n\t\t\t\t<\/div>\n\t\t\t\t<\/div>\n\t\t\t\t<div class=\"elementor-element elementor-element-39555c4 sc_fly_static elementor-widget elementor-widget-text-editor\" data-id=\"39555c4\" data-element_type=\"widget\" data-widget_type=\"text-editor.default\">\n\t\t\t\t<div class=\"elementor-widget-container\">\n\t\t\t<style>\/*! elementor - v3.7.8 - 02-10-2022 *\/\n.elementor-widget-text-editor.elementor-drop-cap-view-stacked .elementor-drop-cap{background-color:#818a91;color:#fff}.elementor-widget-text-editor.elementor-drop-cap-view-framed .elementor-drop-cap{color:#818a91;border:3px solid;background-color:transparent}.elementor-widget-text-editor:not(.elementor-drop-cap-view-default) .elementor-drop-cap{margin-top:8px}.elementor-widget-text-editor:not(.elementor-drop-cap-view-default) .elementor-drop-cap-letter{width:1em;height:1em}.elementor-widget-text-editor .elementor-drop-cap{float:left;text-align:center;line-height:1;font-size:50px}.elementor-widget-text-editor .elementor-drop-cap-letter{display:inline-block}<\/style>\t\t\t\t<p style=\"text-align: justify;\"><strong>T\u00e2\u0301t ca\u0309 la\u0300 v\u00ea\u0300 tha\u0301i \u0111\u00f4\u0323!<\/strong><\/p><p style=\"text-align: justify;\">Ng\u00e0nh du l\u1ecbch l\u00e0 m\u1ed9t trong nh\u1eefng ng\u00e0nh ph\u00e1t tri\u1ec3n nhanh nh\u1ea5t tr\u00ean th\u1ebf gi\u1edbi, t\u1ea1o doanh thu v\u00e0 t\u1ea1o vi\u1ec7c l\u00e0m \u1edf nhi\u1ec1u qu\u1ed1c gia, v\u00e0 m\u1edf ra th\u1ebf gi\u1edbi cho c\u00e1c th\u1ebf h\u1ec7 du kh\u00e1ch m\u1edbi. Tuy nhi\u00ean, t\u00e1c \u0111\u1ed9ng c\u1ee7a du l\u1ecbch, \u0111\u1eb7c bi\u1ec7t l\u00e0 t\u1ea1i c\u00e1c \u0111i\u1ec3m \u0111\u1ebfn ph\u1ed5 bi\u1ebfn nh\u01b0 H\u1ea1 Long v\u00e0 V\u1ecbnh B\u00e1i T\u1eed Long, kh\u00f4ng ph\u1ea3i lu\u0301c na\u0300o cu\u0303ng l\u00e0 t\u00edch c\u1ef1c.<\/p><p style=\"text-align: justify;\">M\u1ee5c \u0111\u00edch c\u1ee7a ch\u00fang t\u00f4i l\u00e0 t\u1ea1o ra nh\u1eefng n\u01a1i t\u1ed1t h\u01a1n \u0111\u1ec3 m\u1ecdi ng\u01b0\u1eddi s\u1ed1ng v\u00e0 nh\u1eefng n\u01a1i t\u1ed1t h\u01a1n \u0111\u1ec3 m\u1ecdi ng\u01b0\u1eddi gh\u00e9 th\u0103m. K\u1ec3 t\u1eeb khi th\u00e0nh l\u1eadp c\u00f4ng ty du l\u1ecbch c\u1ee7a ch\u00fang t\u00f4i, ch\u00fang t\u00f4i \u0111\u00e3 c\u00f3 m\u1ed9t t\u1ea7m nh\u00ecn r\u00f5 r\u00e0ng v\u1ec1 vi\u1ec7c gi\u00fap m\u1ecdi ng\u01b0\u1eddi \u0111\u00e1nh gi\u00e1 cao v\u1ebb \u0111\u1eb9p \u0111\u1ed9c \u0111\u00e1o c\u1ee7a V\u1ecbnh H\u1ea1 Long v\u00e0 V\u1ecbnh Nha Trang v\u1edbi Du thuy\u1ec1n Ho\u00e0ng \u0111\u1ebf, v\u00e0 \u0111\u00e3 tu\u00e2n th\u1ee7 ch\u1eb7t ch\u1ebd c\u00e1c ho\u1ea1t \u0111\u1ed9ng c\u00f3 tr\u00e1ch nhi\u1ec7m tr\u00ean c\u00e1c chuy\u1ebfn du l\u1ecbch tr\u00ean bi\u1ec3n c\u1ee7a ch\u00fang t\u00f4i.<\/p><p style=\"text-align: justify;\">M\u1ed9t trong nh\u1eefng t\u00e1c \u0111\u1ed9ng \u0111\u00e1ng lo ng\u1ea1i nh\u1ea5t c\u1ee7a c\u00e1c ho\u1ea1t \u0111\u1ed9ng du l\u1ecbch b\u01b0\u0300a ba\u0303i l\u00e0 t\u00e1c \u0111\u1ed9ng x\u00e2\u0301u \u0111\u1ebfn m\u00f4i tr\u01b0\u1eddng. Do \u0111\u00f3, c\u00e1c nguy\u00ean t\u1eafc c\u1ee7a du l\u1ecbch b\u1ec1n v\u1eefng v\u00e0 du l\u1ecbch c\u00f3 tr\u00e1ch nhi\u1ec7m \u0111ang thu h\u00fat s\u1ef1 ch\u00fa \u00fd ng\u00e0y c\u00e0ng t\u0103ng tr\u00ean to\u00e0n th\u1ebf gi\u1edbi. Ch\u00fang t\u00f4i cam k\u1ebft du li\u0323ch b\u00ea\u0300n v\u01b0\u0303ng va\u0300 g\u0103\u0301n l\u01a1\u0323i nhu\u00e2\u0323n v\u01a1\u0301i c\u1ea3i thi\u1ec7n t\u0103ng tr\u01b0\u1edfng kinh t\u1ebf \u0111\u1ecba ph\u01b0\u01a1ng.<\/p><p style=\"text-align: justify;\">Ng\u00e0nh c\u00f4ng nghi\u1ec7p du l\u1ecbch \u0111\u1eb7c bi\u1ec7t d\u1ef1a v\u00e0o m\u1ed9t m\u00f4i tr\u01b0\u1eddng t\u1ef1 nhi\u00ean kh\u00f4ng b\u1ecb x\u00e1o tr\u1ed9n \u0111\u1ec3 t\u1ea1o ra nh\u1eefng tr\u1ea3i nghi\u1ec7m \u0111\u00e1ng nh\u1edb. B\u1ea3o v\u1ec7 t\u00e0i nguy\u00ean thi\u00ean nhi\u00ean v\u00e0 l\u00e0m cho c\u00e1c ho\u1ea1t \u0111\u1ed9ng h\u00e0nh tr\u00ecnh trong m\u00f4i tr\u01b0\u1eddng bi\u1ec3n th\u1ef1c s\u1ef1 b\u1ec1n v\u1eefng l\u00e0 nh\u1eefng \u0111i\u1ec3m s\u1ed1ng c\u00f2n cho ng\u00e0nh c\u00f4ng nghi\u1ec7p.<\/p><p style=\"text-align: justify;\">Ch\u00fang t\u00f4i hi\u1ec3u s\u00e2u s\u1eafc \u0111i\u1ec3m n\u00e0y v\u00e0 bi\u1ebfn n\u00f3 th\u00e0nh h\u00e0nh \u0111\u1ed9ng h\u00e0ng ng\u00e0y cho cu\u1ed9c s\u1ed1ng d\u01b0\u1edbi n\u01b0\u1edbc v\u00e0 tr\u00ean \u0111\u1ea5t li\u1ec1n. Ch\u00fang t\u00f4i kh\u00f4ng bao gi\u1edd l\u00e0m \u00f4 nhi\u1ec5m \u0111\u1ea1i d\u01b0\u01a1ng v\u00e0 s\u00f4ng ng\u00f2i c\u1ee7a ch\u00fang t\u00f4i, v\u00e0 nh\u00f3m c\u1ee7a ch\u00fang t\u00f4i thu gom r\u00e1c khi ch\u00e8o thuy\u1ec1n v\u00e0 ch\u00e8o thuy\u1ec1n kayak, c\u00f9ng v\u1edbi vi\u1ec7c d\u1ecdn d\u1eb9p c\u00e1c b\u00e3i bi\u1ec3n v\u00e0 \u0111\u1ea3o m\u00e0 ch\u00fang t\u00f4i gh\u00e9 th\u0103m trong c\u00e1c chuy\u1ebfn du ngo\u1ea1n.<\/p><p style=\"text-align: justify;\">C\u00e1c ch\u00ednh s\u00e1ch \u0111\u1ed9i t\u00e0u c\u1ee7a Ho\u00e0ng \u0111\u1ebf Du thuy\u1ec1n c\u1ee7a ch\u00fang t\u00f4i \u00e1p d\u1ee5ng c\u00e1c th\u1ef1c h\u00e0nh b\u1ec1n v\u1eefng v\u00e0 v\u1eadn h\u00e0nh c\u00e1c h\u1ec7 th\u1ed1ng qu\u1ea3n l\u00fd ch\u1ea5t th\u1ea3i v\u00e0 x\u1eed l\u00fd n\u01b0\u1edbc th\u1ea3i hi\u1ec7n \u0111\u1ea1i, c\u0169ng nh\u01b0 n\u1ed7 l\u1ef1c gi\u1ea3i quy\u1ebft c\u00e1c v\u1ea5n \u0111\u1ec1 \u00f4 nhi\u1ec5m n\u01b0\u1edbc.<\/p><p style=\"text-align: justify;\">\u0110\u1eb7c bi\u1ec7t, t\u1ea5t c\u1ea3 ch\u1ea5t th\u1ea3i r\u1eafn tr\u00ean thuy\u1ec1n c\u1ee7a ch\u00fang t\u00f4i \u0111\u01b0\u1ee3c ph\u00e2n lo\u1ea1i v\u00e0 chuy\u1ec3n \u0111\u1ebfn tr\u1ea1m th\u1ea3i tr\u00ean \u0111\u1ea5t li\u1ec1n \u0111\u1ec3 x\u1eed l\u00fd. T\u1ea5t c\u1ea3 c\u00e1c quy tr\u00ecnh \u0111\u1ec1u tu\u00e2n th\u1ee7 nghi\u00eam ng\u1eb7t c\u00e1c ti\u00eau chu\u1ea9n c\u00f3 li\u00ean quan c\u1ee7a ch\u00ednh quy\u1ec1n \u0111\u1ecba ph\u01b0\u01a1ng.<\/p><p style=\"text-align: justify;\">H\u01a1n n\u1eefa, ch\u00fang t\u00f4i tin r\u1eb1ng kh\u00e1i ni\u1ec7m v\u1ec1 Du l\u1ecbch b\u1ec1n v\u1eefng bao g\u1ed3m t\u1ea1o ra c\u00e1c th\u00f3i quen \u201cxanh\u201d h\u0103\u0300ng nga\u0300y va\u0300 li\u00ean k\u00ea\u0301t v\u01a1\u0301i c\u00f4\u0323ng \u0111\u00f4\u0300ng. Ch\u00fang t\u00f4i \u0111\u00e3 thi\u1ebft l\u1eadp m\u1ed9t s\u1ed1 quan h\u1ec7 \u0111\u1ed1i t\u00e1c \u0111\u1ec3 \u0111\u1ea1t \u0111\u01b0\u1ee3c c\u00e1c m\u1ee5c ti\u00eau ph\u00e1t tri\u1ec3n c\u00f3 tr\u00e1ch nhi\u1ec7m c\u1ee7a m\u00ecnh, b\u1eb1ng c\u00e1ch h\u1ee3p t\u00e1c v\u1edbi NGO, \u0111\u1ec3 b\u1ea3o v\u1ec7 m\u00f4i tr\u01b0\u1eddng, c\u00f4ng vi\u00ean qu\u1ed1c gia v\u00e0 \u0111\u1ed9ng v\u1eadt hoang d\u00e3. H\u01a1n n\u1eefa, ch\u00fang t\u00f4i l\u00e0m s\u1ea1ch nh\u1eefng con \u0111\u01b0\u1eddng m\u00f2n, \u0111\u1ea3o v\u00e0 b\u00e3i bi\u1ec3n n\u01a1i ch\u00fang t\u00f4i ho\u1ea1t \u0111\u1ed9ng ch\u00e8o thuy\u1ec1n kayak v\u00e0 b\u01a1i l\u1ed9i. Ch\u00fang t\u00f4i t\u00edch c\u1ef1c l\u00e0m vi\u1ec7c ch\u0103m ch\u1ec9 \u0111\u1ec3 \u0111\u1ed1i ph\u00f3 v\u1edbi bi\u1ebfn \u0111\u1ed5i kh\u00ed h\u1eadu, c\u1ea3i thi\u1ec7n n\u01b0\u1edbc s\u1ea1ch v\u00e0 v\u1ec7 sinh, gi\u1ea3m ngh\u00e8o, b\u00ecnh \u0111\u1eb3ng gi\u1edbi v\u00e0 gi\u00e1o d\u1ee5c.<\/p><p style=\"text-align: justify;\">Ch\u00fang t\u00f4i \u0111ang x\u00e2y d\u1ef1ng m\u1ed9t cu\u1ed9c s\u1ed1ng t\u1ed1t h\u01a1n cho \u0111\u1ed9i ng\u0169 c\u1ee7a ch\u00fang t\u00f4i tr\u00ean du thuy\u1ec1n h\u00e0ng ng\u00e0y. Nh\u00f3m c\u1ee7a ch\u00fang t\u00f4i v\u00e0 c\u00e1c th\u00e0nh vi\u00ean ta\u0300u \u0111a\u0303 va\u0300 \u0111ang l\u00e0m h\u1ebft s\u1ee9c m\u00ecnh \u0111\u1ec3 \u00e1p d\u1ee5ng c\u00e1c th\u1ef1c h\u00e0nh b\u1ec1n v\u1eefng trong t\u1ea5t c\u1ea3 c\u00e1c th\u00f3i quen h\u00e0ng ng\u00e0y, nh\u01b0: h\u1ea1n ch\u1ebf s\u1eed d\u1ee5ng t\u00fai nh\u1ef1a, tr\u00e1nh s\u1eed d\u1ee5ng gi\u1ea5y kh\u00f4ng c\u1ea7n thi\u1ebft, ti\u1ebft ki\u1ec7m n\u0103ng l\u01b0\u1ee3ng v\u00e0 ti\u1ebft ki\u1ec7m n\u01b0\u1edbc.<\/p><p style=\"text-align: justify;\">Ch\u00fang t\u00f4i c\u0169ng t\u1ea1o v\u00e0 \u0111i\u1ec1u h\u00e0nh c\u00e1c kh\u00f3a \u0111\u00e0o t\u1ea1o khuy\u1ebfn kh\u00edch ng\u01b0\u1eddi d\u00e2n \u0111\u1ecba ph\u01b0\u01a1ng \u00e1p d\u1ee5ng c\u00e1c th\u1ef1c h\u00e0nh b\u1ec1n v\u1eefng v\u1edbi m\u00f4i tr\u01b0\u1eddng trong cu\u1ed9c s\u1ed1ng h\u00e0ng ng\u00e0y v\u00e0 khuy\u1ebfn kh\u00edch c\u00e1c doanh nghi\u1ec7p \u0111\u1ecba ph\u01b0\u01a1ng tr\u1ea3 l\u1ea1i cho c\u1ed9ng \u0111\u1ed3ng. Ch\u00fang t\u00f4i gi\u1ea3i quy\u1ebft du l\u1ecbch b\u1ec1n v\u1eefng th\u00f4ng qua 5 y\u00ea\u0301u t\u00f4\u0301: con ng\u01b0\u1eddi, h\u00e0nh tinh, th\u1ecbnh v\u01b0\u1ee3ng, h\u00f2a b\u00ecnh v\u00e0 quan h\u1ec7 \u0111\u1ed1i t\u00e1c.<\/p><p style=\"text-align: justify;\"><strong>To\u0301m t\u0103\u0301t<\/strong><\/p><p style=\"text-align: justify;\">M\u1ee5c \u0111\u00edch c\u1ee7a ch\u00fang t\u00f4i l\u00e0 t\u1ea1o ra m\u1ed9t n\u01a1i t\u1ed1t h\u01a1n cho c\u01b0 d\u00e2n \u0111i\u0323a ph\u01b0\u01a1ng v\u00e0 nh\u1eefng n\u01a1i \u0111\u1eb9p h\u01a1n cho kha\u0301ch du li\u0323ch.<\/p><ul><li style=\"text-align: justify;\"><strong>Tha\u0301i \u0111\u00f4\u0323:<\/strong>Du l\u1ecbch c\u00f3 tr\u00e1ch nhi\u1ec7m l\u00e0 t\u1ea5t c\u1ea3 v\u1ec1 th\u00e1i \u0111\u1ed9, v\u00e0 nh\u00e2n vi\u00ean c\u1ee7a Ho\u00e0ng \u0111\u1ebfdu thuy\u00ea\u0300n cam k\u1ebft pha\u0301t tri\u00ea\u0309n du li\u0323ch b\u00ea\u0300n v\u01b0\u0303ng th\u00f4ng qua gi\u00e1o d\u1ee5c, v\u00e0 b\u1eb1ng c\u00e1ch gi\u1ea3m l\u01b0\u1ee3ng kh\u00ed th\u1ea3i carbon c\u1ee7a ch\u00fang t\u00f4i.<\/li><li style=\"text-align: justify;\"><strong>Ch\u00e2\u0301t li\u00ea\u0323u x\u00e2y d\u01b0\u0323ng b\u00ea\u0300n v\u01b0\u0303ng:<\/strong>\u0110\u01b0\u1ee3c ch\u1ebf t\u1ea1o b\u1eb1ng v\u1eadt li\u1ec7u b\u1ec1n v\u1eefng, c\u1ea5u tr\u00fac c\u1ee7a t\u00e0u du l\u1ecbch \u0111\u01b0\u1ee3c thi\u1ebft k\u1ebf \u0111\u1ec3 t\u1ed1i \u0111a h\u00f3a \u00e1nh s\u00e1ng v\u00e0 lu\u1ed3ng kh\u00f4ng kh\u00ed t\u1ef1 nhi\u00ean, v\u00e0 \u0111\u1ec3 gi\u1ea3m nhu c\u1ea7u \u0111i\u1ec1u h\u00f2a kh\u00f4ng kh\u00ed.<\/li><li style=\"text-align: justify;\"><strong>Gia\u0309m thi\u00ea\u0309u, ta\u0301i s\u01b0\u0309 du\u0323ng, ta\u0301i ch\u00ea\u0301<\/strong>\u00a0la\u0300 nh\u01b0\u0303ng ch\u00ednh s\u00e1ch c\u00f3 tr\u00e1ch nhi\u1ec7m c\u1ee7a ch\u00fang t\u00f4i. Ch\u00fang t\u00f4i cung c\u1ea5p chai n\u01b0\u1edbc c\u00f3 th\u1ec3 t\u00e1i s\u1eed d\u1ee5ng v\u00e0 t\u00e1i s\u1eed d\u1ee5ng kh\u0103n v\u00e0 v\u1ea3i lanh c\u1ee7a b\u1ea1n<strong>.<\/strong><\/li><li style=\"text-align: justify;\"><strong>Du thuy\u1ec1n Hoa\u0300ng \u0110\u00ea\u0301 ho\u1ea1t \u0111\u1ed9ng b\u1ec1n v\u1eefng<\/strong>, t\u1ea1o c\u00f4ng \u0103n vi\u1ec7c l\u00e0m, s\u1eed d\u1ee5ng ng\u01b0\u1eddi d\u00e2n \u0111\u1ecba ph\u01b0\u01a1ng, qu\u1ea3ng b\u00e1 v\u0103n h\u00f3a v\u00e0 s\u1ea3n ph\u1ea9m \u0111\u1ecba ph\u01b0\u01a1ng v\u00e0 h\u1ed7 tr\u1ee3 m\u1ed9t d\u1ef1 \u00e1n b\u1ea3o v\u1ec7 sinh v\u1eadt bi\u1ec3n \u1edf v\u1ecbnh B\u00e1i T\u1eed Long v\u00e0 V\u1ecbnh H\u1ea1 Long..<\/li><li style=\"text-align: justify;\"><strong>Emperor Du thuy\u1ec1n d\u1ecdn d\u1eb9p t\u1ea5t c\u1ea3 nh\u1eefng con \u0111\u01b0\u1eddng m\u00f2n<\/strong>\u00a0\u0111\u1ec3 \u0111i b\u1ed9 c\u00f9ng v\u1edbi c\u00e1c h\u00f2n \u0111\u1ea3o v\u00e0 b\u00e3i bi\u1ec3n v\u00e0o ng\u00e0y 5 h\u00e0ng th\u00e1ng \u0111\u1ec3 kh\u00e1ch c\u00f3 th\u1ec3 t\u1eadn h\u01b0\u1edfng nh\u1eefng b\u00e3i bi\u1ec3n hoang s\u01a1 v\u00e0 v\u1ecbnh nh\u1ecf trong khu v\u1ef1c ho\u1ea1t \u0111\u1ed9ng c\u1ee7a ch\u00fang t\u00f4i. Ch\u00fang t\u00f4i b\u1ea3o t\u1ed3n v\u00e0 s\u1eed d\u1ee5ng b\u1ec1n v\u1eefng c\u00e1c \u0111\u1ea1i d\u01b0\u01a1ng, bi\u1ec3n v\u00e0 t\u00e0i nguy\u00ean bi\u1ec3n \u0111\u1ec3 ph\u00e1t tri\u1ec3n b\u1ec1n v\u1eefng th\u00f4ng qua qu\u1ea3n l\u00fd b\u1ec1n v\u1eefng du l\u1ecbch tr\u00ean v\u00e0 trong c\u00e1c \u0111\u1ea1i d\u01b0\u01a1ng.<\/li><li style=\"text-align: justify;\"><strong>Ha\u0300nh tri\u0300nh co\u0301 mu\u0323c \u0111i\u0301ch:<\/strong>H\u00e0nh tr\u00ecnh v\u1edbi ch\u00fang t\u00f4i \u0111\u1ec3 t\u1ea1o ra m\u1ed9t n\u01a1i t\u1ed1t h\u01a1n cho c\u01b0 d\u00e2n \u0111i\u0323a ph\u01b0\u01a1ng v\u00e0 m\u1ed9t \u0111i\u0323a \u0111i\u00ea\u0309m t\u1ed1t h\u01a1n cho du kh\u00e1ch \u0111\u1ebfn th\u0103m. Ch\u00fang t\u00f4i ti\u1ebft ki\u1ec7m n\u01b0\u1edbc ng\u1ecdt. Ch\u1ea5t th\u1ea3i h\u1eefu c\u01a1 \u0111\u01b0\u1ee3c chuy\u1ec3n \u0111\u1ec3 t\u00e1i ch\u1ebf th\u00e0nh kh\u00ed sinh h\u1ecdc. V\u1edbi c\u00e1c ch\u00ednh s\u00e1ch c\u00f3 tr\u00e1ch nhi\u1ec7m c\u1ee7a ch\u00fang t\u00f4i, ch\u00fang t\u00f4i mong mu\u1ed1n gi\u1eef cho v\u1ecbnh s\u1ea1ch s\u1ebd v\u00e0 m\u00f4i tr\u01b0\u01a1\u0300ng sa\u0323ch se\u0303 cho c\u00e1c th\u1ebf h\u1ec7 t\u01b0\u01a1ng lai t\u1eadn h\u01b0\u1edfng!<\/li><\/ul>\t\t\t\t\t\t<\/div>\n\t\t\t\t<\/div>\n\t\t\t\t\t<\/div>\n\t\t<\/div>\n\t\t\t\t\t\t\t<\/div>\n\t\t<\/section>\n\t\t\t\t\t<\/div>\n\t\t<\/div>\n\t\t\t\t\t\t\t<\/div>\n\t\t<\/section>\n\t\t\t\t<section class=\"elementor-section elementor-top-section elementor-element elementor-element-c873346 elementor-section-boxed elementor-section-height-default elementor-section-height-default sc_fly_static\" data-id=\"c873346\" data-element_type=\"section\">\n\t\t\t\t\t\t<div class=\"elementor-container elementor-column-gap-extended\">\n\t\t\t\t\t<div class=\"elementor-column elementor-col-100 elementor-top-column elementor-element elementor-element-0595008 sc_inner_width_none sc_content_align_inherit sc_layouts_column_icons_position_left sc_fly_static\" data-id=\"0595008\" data-element_type=\"column\">\n\t\t\t<div class=\"elementor-widget-wrap elementor-element-populated\">\n\t\t\t\t\t\t\t\t<div class=\"elementor-element elementor-element-4cef149 sc_height_small sc_fly_static elementor-widget elementor-widget-spacer\" data-id=\"4cef149\" data-element_type=\"widget\" data-widget_type=\"spacer.default\">\n\t\t\t\t<div class=\"elementor-widget-container\">\n\t\t\t\t\t<div class=\"elementor-spacer\">\n\t\t\t<div class=\"elementor-spacer-inner\"><\/div>\n\t\t<\/div>\n\t\t\t\t<\/div>\n\t\t\t\t<\/div>\n\t\t\t\t\t<\/div>\n\t\t<\/div>\n\t\t\t\t\t\t\t<\/div>\n\t\t<\/section>\n\t\t\t\t\t\t\t<\/div>\n\t\t","protected":false},"excerpt":{"rendered":"<p>emperor cruises Du l\u1ecbch c\u00f3 tr\u00e1ch nhi\u1ec7m T\u00e2\u0301t ca\u0309 la\u0300 v\u00ea\u0300 tha\u0301i \u0111\u00f4\u0323! Ng\u00e0nh du l\u1ecbch l\u00e0 m\u1ed9t trong nh\u1eefng ng\u00e0nh ph\u00e1t tri\u1ec3n nhanh nh\u1ea5t tr\u00ean th\u1ebf gi\u1edbi, t\u1ea1o doanh&hellip;<\/p>\n","protected":false},"author":1,"featured_media":22310,"parent":0,"menu_order":0,"comment_status":"closed","ping_status":"closed","template":"","meta":[],"_links":{"self":[{"href":"https:\/\/emperorcruises.com\/vi\/wp-json\/wp\/v2\/pages\/24379"}],"collection":[{"href":"https:\/\/emperorcruises.com\/vi\/wp-json\/wp\/v2\/pages"}],"about":[{"href":"https:\/\/emperorcruises.com\/vi\/wp-json\/wp\/v2\/types\/page"}],"author":[{"embeddable":true,"href":"https:\/\/emperorcruises.com\/vi\/wp-json\/wp\/v2\/users\/1"}],"replies":[{"embeddable":true,"href":"https:\/\/emperorcruises.com\/vi\/wp-json\/wp\/v2\/comments?post=24379"}],"version-history":[{"count":0,"href":"https:\/\/emperorcruises.com\/vi\/wp-json\/wp\/v2\/pages\/24379\/revisions"}],"wp:featuredmedia":[{"embeddable":true,"href":"https:\/\/emperorcruises.com\/vi\/wp-json\/wp\/v2\/media\/22310"}],"wp:attachment":[{"href":"https:\/\/emperorcruises.com\/vi\/wp-json\/wp\/v2\/media?parent=24379"}],"curies":[{"name":"wp","href":"https:\/\/api.w.org\/{rel}","templated":true}]}}