{"id":23884,"date":"2022-06-08T08:50:16","date_gmt":"2022-06-08T08:50:16","guid":{"rendered":"https:\/\/2023.emperorcruises.com\/can-chanh-palace-royal-restaurant\/"},"modified":"2022-07-27T09:05:08","modified_gmt":"2022-07-27T09:05:08","slug":"nha-hang-can-chanh","status":"publish","type":"page","link":"https:\/\/emperorcruises.com\/vi\/nha-hang-can-chanh\/","title":{"rendered":"Nha\u0300 ha\u0300ng C\u00e2\u0300n Cha\u0301nh"},"content":{"rendered":"\t\t<div data-elementor-type=\"wp-page\" data-elementor-id=\"23884\" class=\"elementor elementor-23884 elementor-20304\">\n\t\t\t\t\t\t\t\t\t<section class=\"elementor-section elementor-top-section elementor-element elementor-element-3a36902 elementor-section-full_width elementor-section-height-min-height elementor-section-items-bottom elementor-section-stretched elementor-section-height-default sc_fly_static\" data-id=\"3a36902\" data-element_type=\"section\" data-settings=\"{&quot;background_background&quot;:&quot;classic&quot;,&quot;stretch_section&quot;:&quot;section-stretched&quot;}\">\n\t\t\t\t\t\t\t<div class=\"elementor-background-overlay\"><\/div>\n\t\t\t\t\t\t\t<div class=\"elementor-container elementor-column-gap-no\">\n\t\t\t\t\t<div class=\"elementor-column elementor-col-100 elementor-top-column elementor-element elementor-element-9fb4331 sc_inner_width_none sc_content_align_inherit sc_layouts_column_icons_position_left sc_fly_static\" data-id=\"9fb4331\" data-element_type=\"column\">\n\t\t\t<div class=\"elementor-widget-wrap elementor-element-populated\">\n\t\t\t\t\t\t\t\t<div class=\"elementor-element elementor-element-3769f12 sc_fly_static elementor-widget elementor-widget-spacer\" data-id=\"3769f12\" data-element_type=\"widget\" data-widget_type=\"spacer.default\">\n\t\t\t\t<div class=\"elementor-widget-container\">\n\t\t\t<style>\/*! elementor - v3.7.8 - 02-10-2022 *\/\n.elementor-column .elementor-spacer-inner{height:var(--spacer-size)}.e-container{--container-widget-width:100%}.e-container>.elementor-widget-spacer{width:var(--container-widget-width,var(--spacer-size));-ms-flex-item-align:stretch;align-self:stretch;-ms-flex-negative:0;flex-shrink:0}.e-container>.elementor-widget-spacer>.elementor-widget-container,.e-container>.elementor-widget-spacer>.elementor-widget-container>.elementor-spacer{height:100%}.e-container>.elementor-widget-spacer>.elementor-widget-container>.elementor-spacer>.elementor-spacer-inner{height:var(--container-widget-height,var(--spacer-size))}<\/style>\t\t<div class=\"elementor-spacer\">\n\t\t\t<div class=\"elementor-spacer-inner\"><\/div>\n\t\t<\/div>\n\t\t\t\t<\/div>\n\t\t\t\t<\/div>\n\t\t\t\t<div class=\"elementor-element elementor-element-d90b52e sc_fly_static elementor-widget elementor-widget-trx_sc_title\" data-id=\"d90b52e\" data-element_type=\"widget\" data-widget_type=\"trx_sc_title.default\">\n\t\t\t\t<div class=\"elementor-widget-container\">\n\t\t\t<div\t\tclass=\"sc_title color_style_link3 sc_title_default\" ><span class=\"sc_item_subtitle sc_title_subtitle sc_align_center sc_item_subtitle_above sc_item_title_style_default\">CU\u1ed8C S\u1ed0NG DU THUY\u1ec0N<\/span><h1 class=\"sc_item_title sc_title_title sc_align_center sc_item_title_style_default sc_item_title_tag trx_addons_inline_810160421\"\n\t\t\t><span class=\"sc_item_title_text\">Nha\u0300 ha\u0300ng C\u1ea6n Cha\u0301nh<\/span><\/h1><\/div>\t\t<\/div>\n\t\t\t\t<\/div>\n\t\t\t\t<div class=\"elementor-element elementor-element-ad1cca8 sc_fly_static elementor-widget elementor-widget-spacer\" data-id=\"ad1cca8\" data-element_type=\"widget\" data-widget_type=\"spacer.default\">\n\t\t\t\t<div class=\"elementor-widget-container\">\n\t\t\t\t\t<div class=\"elementor-spacer\">\n\t\t\t<div class=\"elementor-spacer-inner\"><\/div>\n\t\t<\/div>\n\t\t\t\t<\/div>\n\t\t\t\t<\/div>\n\t\t\t\t<section class=\"elementor-section elementor-inner-section elementor-element elementor-element-3af5f09 elementor-section-boxed elementor-section-height-default elementor-section-height-default sc_fly_static\" data-id=\"3af5f09\" data-element_type=\"section\">\n\t\t\t\t\t\t<div class=\"elementor-container elementor-column-gap-extended\">\n\t\t\t\t\t<div class=\"elementor-column elementor-col-100 elementor-inner-column elementor-element elementor-element-06df3b2 sc_inner_width_none sc_content_align_inherit sc_layouts_column_icons_position_left sc_fly_static\" data-id=\"06df3b2\" data-element_type=\"column\">\n\t\t\t<div class=\"elementor-widget-wrap elementor-element-populated\">\n\t\t\t\t\t\t\t\t<div class=\"elementor-element elementor-element-38ba800 elementor-view-default sc_fly_static elementor-widget elementor-widget-icon\" data-id=\"38ba800\" data-element_type=\"widget\" data-widget_type=\"icon.default\">\n\t\t\t\t<div class=\"elementor-widget-container\">\n\t\t\t\t\t<div class=\"elementor-icon-wrapper\">\n\t\t\t<a class=\"elementor-icon\" href=\"#anchor\">\n\t\t\t<svg xmlns=\"http:\/\/www.w3.org\/2000\/svg\" width=\"14.626\" height=\"8.639\" viewBox=\"0 0 14.626 8.639\"><g id=\"down-arrow\" transform=\"translate(0 -70.698)\"><g id=\"Group_8820\" data-name=\"Group 8820\" transform=\"translate(0 100.698)\"><path id=\"Path_6507\" data-name=\"Path 6507\" d=\"M14.392,101.42l-.479-.482a.8.8,0,0,0-1.132,0L7.316,106.4l-5.472-5.472a.8.8,0,0,0-1.132,0l-.479.479a.8.8,0,0,0,0,1.131l6.515,6.538a.818.818,0,0,0,.567.257h0a.818.818,0,0,0,.566-.257l6.508-6.52a.808.808,0,0,0,.234-.571A.8.8,0,0,0,14.392,101.42Z\" transform=\"translate(0 -130.698)\"><\/path><\/g><\/g><\/svg>\t\t\t<\/a>\n\t\t<\/div>\n\t\t\t\t<\/div>\n\t\t\t\t<\/div>\n\t\t\t\t<div class=\"elementor-element elementor-element-73bf6e9 sc_fly_static elementor-widget elementor-widget-spacer\" data-id=\"73bf6e9\" data-element_type=\"widget\" data-widget_type=\"spacer.default\">\n\t\t\t\t<div class=\"elementor-widget-container\">\n\t\t\t\t\t<div class=\"elementor-spacer\">\n\t\t\t<div class=\"elementor-spacer-inner\"><\/div>\n\t\t<\/div>\n\t\t\t\t<\/div>\n\t\t\t\t<\/div>\n\t\t\t\t\t<\/div>\n\t\t<\/div>\n\t\t\t\t\t\t\t<\/div>\n\t\t<\/section>\n\t\t\t\t\t<\/div>\n\t\t<\/div>\n\t\t\t\t\t\t\t<\/div>\n\t\t<\/section>\n\t\t\t\t<section class=\"elementor-section elementor-top-section elementor-element elementor-element-076779a elementor-section-stretched scheme_default elementor-section-boxed elementor-section-height-default elementor-section-height-default sc_fly_static\" data-id=\"076779a\" data-element_type=\"section\" data-settings=\"{&quot;stretch_section&quot;:&quot;section-stretched&quot;,&quot;background_background&quot;:&quot;classic&quot;}\">\n\t\t\t\t\t\t<div class=\"elementor-container elementor-column-gap-extended\">\n\t\t\t\t\t<div class=\"elementor-column elementor-col-100 elementor-top-column elementor-element elementor-element-cc58516 sc_inner_width_none sc_content_align_inherit sc_layouts_column_icons_position_left sc_fly_static\" data-id=\"cc58516\" data-element_type=\"column\">\n\t\t\t<div class=\"elementor-widget-wrap elementor-element-populated\">\n\t\t\t\t\t\t\t\t<div class=\"elementor-element elementor-element-87c1a09 sc_height_medium sc_fly_static elementor-widget elementor-widget-spacer\" data-id=\"87c1a09\" data-element_type=\"widget\" data-widget_type=\"spacer.default\">\n\t\t\t\t<div class=\"elementor-widget-container\">\n\t\t\t\t\t<div class=\"elementor-spacer\">\n\t\t\t<div class=\"elementor-spacer-inner\"><\/div>\n\t\t<\/div>\n\t\t\t\t<\/div>\n\t\t\t\t<\/div>\n\t\t\t\t<section class=\"elementor-section elementor-inner-section elementor-element elementor-element-b7e4835 elementor-section-boxed elementor-section-height-default elementor-section-height-default sc_fly_static\" data-id=\"b7e4835\" data-element_type=\"section\" id=\"anchor\">\n\t\t\t\t\t\t<div class=\"elementor-container elementor-column-gap-extended\">\n\t\t\t\t\t<div class=\"elementor-column elementor-col-16 elementor-inner-column elementor-element elementor-element-ee8667e sc_inner_width_none sc_content_align_inherit sc_layouts_column_icons_position_left sc_fly_static\" data-id=\"ee8667e\" data-element_type=\"column\">\n\t\t\t<div class=\"elementor-widget-wrap\">\n\t\t\t\t\t\t\t\t\t<\/div>\n\t\t<\/div>\n\t\t\t\t<div class=\"elementor-column elementor-col-66 elementor-inner-column elementor-element elementor-element-caf3087 sc_inner_width_none sc_content_align_inherit sc_layouts_column_icons_position_left sc_fly_static\" data-id=\"caf3087\" data-element_type=\"column\">\n\t\t\t<div class=\"elementor-widget-wrap elementor-element-populated\">\n\t\t\t\t\t\t\t\t<div class=\"elementor-element elementor-element-ca0ee5d sc_fly_static elementor-widget elementor-widget-trx_sc_title\" data-id=\"ca0ee5d\" data-element_type=\"widget\" data-widget_type=\"trx_sc_title.default\">\n\t\t\t\t<div class=\"elementor-widget-container\">\n\t\t\t<div\t\tclass=\"sc_title sc_title_accent\" ><span class=\"sc_item_subtitle sc_title_subtitle sc_align_center sc_item_subtitle_above sc_item_title_style_accent\">TRA\u0309I NGHI\u00ca\u0323M DU THUY\u00ca\u0300N \u0110\u00d4\u0323C \u0110A\u0301O TR\u00caN DU THUY\u00ca\u0300N TRO\u0323N GO\u0301I \u0110\u00c2\u0300U TI\u00caN TA\u0323I VI\u00ca\u0323T NAM<\/span><h2 class=\"sc_item_title sc_title_title sc_align_center sc_item_title_style_accent sc_item_title_tag\"\n\t\t\t><span class=\"sc_item_title_text\">Nha\u0300 ha\u0300ng C\u1ea6n Cha\u0301nh<\/span><\/h2><\/div>\t\t<\/div>\n\t\t\t\t<\/div>\n\t\t\t\t\t<\/div>\n\t\t<\/div>\n\t\t\t\t<div class=\"elementor-column elementor-col-16 elementor-inner-column elementor-element elementor-element-352c34d sc_inner_width_none sc_content_align_inherit sc_layouts_column_icons_position_left sc_fly_static\" data-id=\"352c34d\" data-element_type=\"column\">\n\t\t\t<div class=\"elementor-widget-wrap\">\n\t\t\t\t\t\t\t\t\t<\/div>\n\t\t<\/div>\n\t\t\t\t\t\t\t<\/div>\n\t\t<\/section>\n\t\t\t\t\t<\/div>\n\t\t<\/div>\n\t\t\t\t\t\t\t<\/div>\n\t\t<\/section>\n\t\t\t\t<section class=\"elementor-section elementor-top-section elementor-element elementor-element-8c75c70 elementor-section-stretched scheme_default elementor-section-boxed elementor-section-height-default elementor-section-height-default sc_fly_static\" data-id=\"8c75c70\" data-element_type=\"section\" data-settings=\"{&quot;stretch_section&quot;:&quot;section-stretched&quot;,&quot;background_background&quot;:&quot;classic&quot;}\">\n\t\t\t\t\t\t<div class=\"elementor-container elementor-column-gap-extended\">\n\t\t\t\t\t<div class=\"elementor-column elementor-col-100 elementor-top-column elementor-element elementor-element-70bcf09 sc_inner_width_none sc_content_align_inherit sc_layouts_column_icons_position_left sc_fly_static\" data-id=\"70bcf09\" data-element_type=\"column\">\n\t\t\t<div class=\"elementor-widget-wrap elementor-element-populated\">\n\t\t\t\t\t\t\t\t<div class=\"elementor-element elementor-element-7c2b510 sc_height_medium sc_fly_static elementor-widget elementor-widget-spacer\" data-id=\"7c2b510\" data-element_type=\"widget\" data-widget_type=\"spacer.default\">\n\t\t\t\t<div class=\"elementor-widget-container\">\n\t\t\t\t\t<div class=\"elementor-spacer\">\n\t\t\t<div class=\"elementor-spacer-inner\"><\/div>\n\t\t<\/div>\n\t\t\t\t<\/div>\n\t\t\t\t<\/div>\n\t\t\t\t<div class=\"elementor-element elementor-element-b2af2cb sc_fly_static elementor-widget elementor-widget-trx_widget_slider\" data-id=\"b2af2cb\" data-element_type=\"widget\" data-widget_type=\"trx_widget_slider.default\">\n\t\t\t\t<div class=\"elementor-widget-container\">\n\t\t\t<div class=\"widget_area sc_widget_slider\"><aside class=\"widget widget_slider\">\t\t\t<div class=\"slider_wrap slider_engine_swiper\">\n\t\t\t\t<div class=\"slider_outer slider_swiper_outer slider_style_default slider_outer_direction_horizontal slider_outer_multi slider_outer_nopagination slider_outer_controls slider_outer_controls_side slider_outer_nocentered slider_outer_overflow_visible slider_outer_notitles\"><div class=\"slider_container slider_swiper swiper-slider-container slider_controls slider_controls_side slider_nocentered slider_overflow_visible slider_notitles slider_noresize slider_swipe slider_height_auto slider_direction_horizontal slider_nopagination slider_multi slider_type_images\" data-ratio=\"16:9\" data-interval=\"7000\" data-speed=\"600\" data-effect=\"swap\" data-pagination=\"bullets\" data-direction=\"horizontal\" data-slides-per-view=\"2\" data-slides-space=\"60\" data-slides-centered=\"0\" data-slides-overflow=\"1\" data-mouse-wheel=\"0\" data-autoplay=\"1\" data-loop=\"1\" data-free-mode=\"0\" data-slides-min-width=\"220\"><div class=\"slider-wrapper swiper-wrapper\"><div  class=\"slider-slide swiper-slide\" data-image=\"\/\/emperorcruises.com\/wp-content\/uploads\/2022\/06\/Restaurant-3-1.jpg\" style=\"\"><img src=\"\/\/emperorcruises.com\/wp-content\/uploads\/2022\/06\/Restaurant-3-1.jpg\" alt=\"\"><\/div><div  class=\"slider-slide swiper-slide\" data-image=\"\/\/emperorcruises.com\/wp-content\/uploads\/2022\/06\/Restaurant-Lifestyle-1.jpg\" style=\"\"><img src=\"\/\/emperorcruises.com\/wp-content\/uploads\/2022\/06\/Restaurant-Lifestyle-1.jpg\" alt=\"\"><\/div><div  class=\"slider-slide swiper-slide\" data-image=\"\/\/emperorcruises.com\/wp-content\/uploads\/2022\/06\/Can-Chanh-Restaurant-4.jpg\" style=\"\"><img src=\"\/\/emperorcruises.com\/wp-content\/uploads\/2022\/06\/Can-Chanh-Restaurant-4.jpg\" alt=\"\"><\/div><div  class=\"slider-slide swiper-slide\" data-image=\"\/\/emperorcruises.com\/wp-content\/uploads\/2022\/06\/Restaurant-3.jpg\" style=\"\"><img src=\"\/\/emperorcruises.com\/wp-content\/uploads\/2022\/06\/Restaurant-3.jpg\" alt=\"\"><\/div><div  class=\"slider-slide swiper-slide\" data-image=\"\/\/emperorcruises.com\/wp-content\/uploads\/2022\/06\/Restaurant-4.jpg\" style=\"\"><img src=\"\/\/emperorcruises.com\/wp-content\/uploads\/2022\/06\/Restaurant-4.jpg\" alt=\"\"><\/div><\/div><div class=\"slider_controls_wrap\"><a class=\"slider_prev swiper-button-prev\" href=\"#\"><\/a><a class=\"slider_next swiper-button-next\" href=\"#\"><\/a><\/div><\/div><\/div>\t\t\t<\/div>\n\t\t\t<\/aside><\/div>\t\t<\/div>\n\t\t\t\t<\/div>\n\t\t\t\t\t<\/div>\n\t\t<\/div>\n\t\t\t\t\t\t\t<\/div>\n\t\t<\/section>\n\t\t\t\t<section class=\"elementor-section elementor-top-section elementor-element elementor-element-469befa elementor-section-stretched scheme_default elementor-section-boxed elementor-section-height-default elementor-section-height-default sc_fly_static\" data-id=\"469befa\" data-element_type=\"section\" data-settings=\"{&quot;stretch_section&quot;:&quot;section-stretched&quot;,&quot;background_background&quot;:&quot;classic&quot;}\">\n\t\t\t\t\t\t<div class=\"elementor-container elementor-column-gap-extended\">\n\t\t\t\t\t<div class=\"elementor-column elementor-col-100 elementor-top-column elementor-element elementor-element-f082b81 sc_inner_width_none sc_content_align_inherit sc_layouts_column_icons_position_left sc_fly_static\" data-id=\"f082b81\" data-element_type=\"column\">\n\t\t\t<div class=\"elementor-widget-wrap elementor-element-populated\">\n\t\t\t\t\t\t\t\t<div class=\"elementor-element elementor-element-4f26d7f sc_height_medium sc_fly_static elementor-widget elementor-widget-spacer\" data-id=\"4f26d7f\" data-element_type=\"widget\" data-widget_type=\"spacer.default\">\n\t\t\t\t<div class=\"elementor-widget-container\">\n\t\t\t\t\t<div class=\"elementor-spacer\">\n\t\t\t<div class=\"elementor-spacer-inner\"><\/div>\n\t\t<\/div>\n\t\t\t\t<\/div>\n\t\t\t\t<\/div>\n\t\t\t\t<section class=\"elementor-section elementor-inner-section elementor-element elementor-element-c0839cc elementor-section-boxed elementor-section-height-default elementor-section-height-default sc_fly_static\" data-id=\"c0839cc\" data-element_type=\"section\">\n\t\t\t\t\t\t<div class=\"elementor-container elementor-column-gap-extended\">\n\t\t\t\t\t<div class=\"elementor-column elementor-col-100 elementor-inner-column elementor-element elementor-element-21715d4 sc_inner_width_none sc_content_align_inherit sc_layouts_column_icons_position_left sc_fly_static\" data-id=\"21715d4\" data-element_type=\"column\">\n\t\t\t<div class=\"elementor-widget-wrap elementor-element-populated\">\n\t\t\t\t\t\t\t\t<div class=\"elementor-element elementor-element-f60ca26 sc_fly_static elementor-widget elementor-widget-text-editor\" data-id=\"f60ca26\" data-element_type=\"widget\" data-widget_type=\"text-editor.default\">\n\t\t\t\t<div class=\"elementor-widget-container\">\n\t\t\t<style>\/*! elementor - v3.7.8 - 02-10-2022 *\/\n.elementor-widget-text-editor.elementor-drop-cap-view-stacked .elementor-drop-cap{background-color:#818a91;color:#fff}.elementor-widget-text-editor.elementor-drop-cap-view-framed .elementor-drop-cap{color:#818a91;border:3px solid;background-color:transparent}.elementor-widget-text-editor:not(.elementor-drop-cap-view-default) .elementor-drop-cap{margin-top:8px}.elementor-widget-text-editor:not(.elementor-drop-cap-view-default) .elementor-drop-cap-letter{width:1em;height:1em}.elementor-widget-text-editor .elementor-drop-cap{float:left;text-align:center;line-height:1;font-size:50px}.elementor-widget-text-editor .elementor-drop-cap-letter{display:inline-block}<\/style>\t\t\t\t<h5 style=\"text-align: justify;\">\u1ea8m th\u1ef1c Ho\u00e0ng gia tinh t\u1ebf t\u1ea1i Nh\u00e0 h\u00e0ng v\u00e0 S\u1ea3nh Ho\u00e0ng gia C\u1ea7n Ch\u00e1nh<\/h5><p style=\"text-align: justify;\">Nha\u0300 ha\u0300ng cu\u0309a du thuy\u00ea\u0300n Hoa\u0300ng \u0110\u00ea\u0301 \u0111\u01b0\u01a1\u0323c l\u00e2\u0301y ca\u0309m h\u01b0\u0301ng t\u01b0\u0300 \u0110i\u00ea\u0323n C\u00e2\u0300n Cha\u0301nh trong T\u1eed C\u1ea5m th\u00e0nh (Hu\u1ebf), l\u00e0 n\u01a1i vua thi\u1ebft tri\u1ec1u, th\u01b0\u1eddng ti\u1ebfp s\u1ee9 b\u1ed9 ngo\u1ea1i giao, t\u1ed5 ch\u1ee9c y\u1ebfn ti\u1ec7c c\u1ee7a ho\u00e0ng gia v\u00e0 tri\u1ec1u \u0111\u00ecnh c\u1ee7a tri\u1ec1u Nguy\u1ec5n cho t\u01a1\u0301i t\u00e2\u0323n n\u0103m 1945. N\u01a1i \u0111\u00e2y \u0111\u01b0\u01a1\u0323c trang hoa\u0300ng b\u0103\u0300ng nh\u01b0\u0303ng b\u01b0\u0301c ho\u0323a tuy\u00ea\u0323t \u0111e\u0323p, v\u00e2\u0323t trang tri\u0301 c\u00f4\u0309 b\u0103\u0300ng g\u00f4\u0301m s\u01b0\u0301. \u0110i\u00ea\u0323n \u0111\u01b0\u01a1\u0323c thi\u00ea\u0301t k\u00ea\u0301 theo ki\u00ea\u0309u m\u1ed9t t\u00f2a th\u00e0nh trong m\u1ed9t t\u00f2a th\u00e0nh v\u00e0 ch\u1ec9 d\u00e0nh ri\u00eang cho m\u1ee5c \u0111\u00edch s\u1eed d\u1ee5ng c\u00e1 nh\u00e2n c\u1ee7a ho\u00e0ng \u0111\u1ebf \u2013 nh\u1eefng ng\u01b0\u1eddi h\u1ea7u duy nh\u1ea5t \u0111\u01b0\u1ee3c ph\u00e9p v\u00e0o khu nh\u00e0 n\u00e0y l\u00e0 c\u00e1c ho\u1ea1n quan. C\u1ea7n Ch\u00e1nh \u0110i\u1ec7n c\u0169ng l\u00e0 n\u01a1i c\u00e1c \u0111\u01a1\u0300i vua ti\u1ebfn h\u00e0nh c\u00e1c nghi l\u1ec5 ho\u00e0ng gia v\u00e0o c\u00e1c ng\u00e0y 5, 10, 20 v\u00e0 25 c\u1ee7a th\u00e1ng theo l\u1ecbch \u00e2m. N\u00f3 \u0111\u00f3ng m\u1ed9t vai tr\u00f2 quan tr\u1ecdng trong ch\u00ednh tr\u1ecb, v\u00e0 th\u1ec3 hi\u1ec7n s\u1ee9c m\u1ea1nh c\u1ee7a qu\u00f4\u0301c gia phong ki\u1ebfn trong th\u1eddi k\u1ef3 \u0111\u00f3. Trong Chi\u1ebfn tranh \u0110\u00f4ng D\u01b0\u01a1ng (1945-1954), \u0110i\u00ea\u0323n \u0111\u00e3 b\u1ecb h\u1ecfa ho\u1ea1n ph\u00e1 h\u1ee7y v\u00e0o n\u0103m 1947 v\u00e0 ch\u1ec9 c\u00f2n l\u1ea1i n\u1ec1n m\u00f3ng c\u1ed9ng v\u1edbi d\u1ea5u v\u1ebft c\u1ee7a m\u1ed9t s\u1ed1 m\u1ea3nh \u0111\u00e1.<\/p><p style=\"text-align: justify;\">Phong c\u00e1ch s\u1ed1ng c\u1ee7a B\u1ea3o \u0110\u1ea1i l\u00e0 h\u00f2a tr\u1ed9n gi\u1eefa \u0110\u00f4ng T\u00e2y, c\u00f3 nhi\u1ec1u \u1ea3nh h\u01b0\u1edfng c\u1ee7a Ph\u00e1p, coi s\u1ef1 \u0111\u01a1n gi\u1ea3n l\u00e0 sang tr\u1ecdng v\u00e0 tinh t\u1ebf v\u00e0 \u0111i\u1ec1u n\u00e0y \u0111\u00e3 g\u00e2y ngu\u1ed3n c\u1ea3m h\u1ee9ng \u0111\u1ec3 du thuy\u1ec1n Emperor Cruises \u0111\u01b0a v\u00e0o ki\u1ebfn tr\u00fac, thi\u1ebft k\u1ebf c\u1ee7a m\u00ecnh. Ch\u00fang t\u00f4i \u0111\u00e3 \u0111\u1eb7t t\u00ean nh\u00e0 hang l\u00e0 C\u00e2\u0300n Cha\u0301nh v\u00e0 n\u1eb1m \u1edf b\u00ean tay tr\u00e1i c\u1ee7a boong ch\u00ednh khi du kh\u00e1ch b\u01b0\u1edbc l\u00ean du thuy\u1ec1n. T\u1ea1i \u0111\u00e2y, du kh\u00e1ch s\u1ebd \u0111\u01b0\u1ee3c ch\u00e0o \u0111\u00f3n v\u1edbi m\u1ed9t ly n\u01b0\u1edbc Y\u1ebfn b\u1edfi \u0111\u1ed9i ng\u0169 nh\u00e2n vi\u00ean c\u1ee7a Emperor Cruises trong kh\u00f4ng gian h\u01b0\u01a1ng tr\u1ea7m, ch\u00e0o \u0111\u01a1n du kh\u00e1ch \u0111\u1ebfn v\u1edbi x\u1ee9 tr\u1ea7m bi\u1ec3n y\u1ebfn<\/p><p style=\"text-align: justify;\">Nha\u0300 ha\u0300ng C\u00e2\u0300n Cha\u0301nh \u0111\u01b0\u1ee3c thi\u1ebft k\u1ebf v\u1edbi m\u1ed9t kh\u00f4ng gian ho\u00e0ng gia, v\u1eeba l\u00e0 n\u01a1i ngh\u1ec9 ng\u01a1i th\u01b0 gi\u00e3n v\u1eeba l\u00e0 nh\u00e0 hang. \u0110\u00e2y l\u00e0 n\u01a1i \u0111\u1ec3 tr\u01b0ng b\u00e0y c\u00e1c t\u00e1c ph\u1ea9m ngh\u1ec7 thu\u1eadt c\u1ee7a nh\u1eefng ngh\u1ec7 s\u1ef9 n\u1ed5i ti\u1ebfng c\u1ee7a Vi\u1ec7t Nam. M\u1ed9t trong nh\u1eefng v\u1eadt tr\u01b0ng b\u00e0y qu\u00fd gi\u00e1 \u0111\u00f3 l\u00e0 chi\u1ebfc \u00e1o Long B\u00e0o c\u1ee7a Ho\u00e0ng \u0110\u1ebf khi m\u1eb7c \u0111\u1ea1i tri\u1ec1u, do ngh\u1ec7 nh\u00e2n V\u0169 V\u0103n Gi\u1ecfi ph\u1ee5c ch\u1ebf nguy\u00ean b\u1ea3n. C\u00f4ng vi\u1ec7c ph\u1ee5c ch\u1ebf n\u00e0y m\u1ea5t r\u1ea5t nhi\u1ec1u n\u0103m \u0111\u1ec3 ho\u00e0n th\u00e0nh v\u00e0 \u0111\u01b0\u1ee3c tr\u01b0ng b\u00e0y tr\u00ean du thuy\u1ec1n \u0111\u1ec3 du kh\u00e1ch chi\u00eam ng\u01b0\u1ee1ng.<\/p><p style=\"text-align: justify;\">Nh\u00e0 hang C\u00e2\u0300n Cha\u0301nh l\u00e0 tra\u0301i tim cu\u0309a du thuy\u00ea\u0300n Hoa\u0300ng \u0110\u00ea\u0301, n\u01a1i \u0111\u1ec3 nh\u1eefng du kh\u00e1ch tinh t\u1ebf th\u01b0\u1edfng th\u1ee9c v\u0103n h\u00f3a Vi\u1ec7t nam, l\u1ecbch s\u1eed v\u00e0 ngh\u1ec7 thu\u1eadt \u1ea9m th\u1ef1c, n\u01a1i m\u00e0 truy\u1ec1n th\u1ed1ng Ho\u00e0ng Gia v\u00e0 di s\u1ea3n k\u1ebft h\u1ee3p t\u1ea1o ra s\u1ef1 sang tr\u1ecdng, l\u1ecbch l\u00e3m.<\/p><p style=\"text-align: justify;\">Ph\u00f2ng lounge v\u1edbi kh\u00f4ng giam tho\u00e1ng r\u1ed9ng, l\u00e0 n\u01a1i th\u01b0 gi\u1ea3n tho\u1ea3i m\u00e3i v\u1edbi nh\u1eefng n\u1ed9i th\u1ea5t sang tr\u1ecdng, thanh l\u1ecbch c\u1ee7a nh\u1eefng thi\u1ebft k\u1ebf n\u0103m 30s, r\u1ea5t l\u00fd t\u01b0\u1edfng \u0111\u1ec3 th\u01b0\u1edfng ngo\u1ea1n c\u1ea3nh bi\u1ec3n. Khi \u0103n t\u1ed1i \u1edf nh\u00e0 hang C\u00e2\u0300n Cha\u0301nh, du kh\u00e1ch c\u00f3 th\u1ec3 nh\u00ecn ng\u1eafm nh\u1eefng \u0111\u1ea7u b\u1ebfp gi\u1ecfi chu\u1ea9n b\u1ecb c\u00e1c m\u00f3n \u0103n trong nh\u00e0 hang m\u1edf.<\/p><p style=\"text-align: justify;\">Emperor Cruises \u0111\u00e3 \u0111\u01b0a v\u00e0o gi\u1edbi thi\u1ec7u cho du kh\u00e1ch v\u1ec1 ngh\u1ec7 thu\u1eadt \u1ea9m th\u1ef1c Vi\u1ec7t nam \u0111\u1ec3 du kh\u00e1ch c\u00f3 th\u1ec3 th\u01b0\u1edfng th\u1ee9c, v\u00e0 \u0111\u1ea3m b\u1ea3o m\u1ed7i du kh\u00e1ch c\u00f3 nh\u1eefng tr\u1ea3i nghi\u1ec7m \u1ea9m th\u1ef1c v\u01b0\u1ee3t h\u01a1n c\u1ea3 mong \u0111\u1ee3i \u1edf nh\u00e0 ha\u0300ng C\u00e2\u0300n Cha\u0301nh. C\u00e1c m\u00f3n \u0103n \u1edf \u0111\u00e2y \u0111\u01b0\u01a1c ph\u1ee5c v\u1ee5 cho c\u00e1c vua ch\u00faa ng\u00e0y x\u01b0a trong kh\u00f4ng gian \u00e2m nh\u1ea1c<\/p><p style=\"text-align: justify;\">M\u1ed7i chuy\u1ebfn t\u00e0u ng\u1ee7 \u0111\u00eam bao g\u1ed3m b\u1eefa tr\u01b0a, b\u1eefa t\u1ed1i v\u00e0 b\u1eefa sang mu\u1ed9n. Qu\u00fd kh\u00e1ch c\u00f3 th\u1ec3 th\u01b0\u1edfng th\u1ee9c t\u1ea1i ph\u00f2ng, sundeck, h\u1ea7m r\u01b0\u1ee3u ho\u1eb7c b\u1ea5t c\u1ee9 ch\u1ed7 n\u00e0o v\u00e0 b\u1ea5t c\u1ee9 khi n\u00e0o.<\/p><p style=\"text-align: justify;\">V\u1edbi m\u1ed7i b\u1eefa \u0103n tr\u00ean t\u00e0u, qu\u00fd kh\u00e1ch \u0111\u01b0\u1ee3c l\u1ef1a ch\u1ecdn th\u1ecfa th\u00edch c\u00e1c lo\u1ea1i r\u01b0\u1ee3u, bia, k\u1ec3 c\u1ea3 r\u01b0\u1ee3u manh\u2026 t\u1ea5t c\u1ea3 \u0111\u1ec1u \u0111a bao g\u1ed3m. Qu\u00fd kh\u00e1ch s\u1ebd \u0111\u01b0\u1ee3c tr\u1ea3i nghi\u1ec7m \u1ea9m th\u1ef1c \u1edf m\u1ed9t n\u01a1i \u0111\u1eb7c bi\u1ec7t, v\u1edbi nh\u1eefng ng\u01b0\u1eddi \u0111\u1eb7c bi\u1ec7t v\u00e0 c\u00f3 nh\u1eefng kho\u1ea3ng kh\u1eafc \u0111\u1eb7c bi\u1ec7t.<\/p>\t\t\t\t\t\t<\/div>\n\t\t\t\t<\/div>\n\t\t\t\t<div class=\"elementor-element elementor-element-717621b sc_fly_static elementor-widget elementor-widget-spacer\" data-id=\"717621b\" data-element_type=\"widget\" data-widget_type=\"spacer.default\">\n\t\t\t\t<div class=\"elementor-widget-container\">\n\t\t\t\t\t<div class=\"elementor-spacer\">\n\t\t\t<div class=\"elementor-spacer-inner\"><\/div>\n\t\t<\/div>\n\t\t\t\t<\/div>\n\t\t\t\t<\/div>\n\t\t\t\t\t<\/div>\n\t\t<\/div>\n\t\t\t\t\t\t\t<\/div>\n\t\t<\/section>\n\t\t\t\t\t<\/div>\n\t\t<\/div>\n\t\t\t\t\t\t\t<\/div>\n\t\t<\/section>\n\t\t\t\t<section class=\"elementor-section elementor-top-section elementor-element elementor-element-e882f22 elementor-section-full_width elementor-section-stretched elementor-section-height-default elementor-section-height-default sc_fly_static\" data-id=\"e882f22\" data-element_type=\"section\" data-settings=\"{&quot;background_background&quot;:&quot;classic&quot;,&quot;stretch_section&quot;:&quot;section-stretched&quot;}\">\n\t\t\t\t\t\t\t<div class=\"elementor-background-overlay\"><\/div>\n\t\t\t\t\t\t\t<div class=\"elementor-container elementor-column-gap-no\">\n\t\t\t\t\t<div class=\"elementor-column elementor-col-100 elementor-top-column elementor-element elementor-element-dbcb7a2 sc_inner_width_none sc_content_align_inherit sc_layouts_column_icons_position_left sc_fly_static\" data-id=\"dbcb7a2\" data-element_type=\"column\">\n\t\t\t<div class=\"elementor-widget-wrap elementor-element-populated\">\n\t\t\t\t\t\t\t\t<div class=\"elementor-element elementor-element-7a999a3 sc_layouts_hide_on_mobile sc_fly_static elementor-widget elementor-widget-spacer\" data-id=\"7a999a3\" data-element_type=\"widget\" data-widget_type=\"spacer.default\">\n\t\t\t\t<div class=\"elementor-widget-container\">\n\t\t\t\t\t<div class=\"elementor-spacer\">\n\t\t\t<div class=\"elementor-spacer-inner\"><\/div>\n\t\t<\/div>\n\t\t\t\t<\/div>\n\t\t\t\t<\/div>\n\t\t\t\t\t<\/div>\n\t\t<\/div>\n\t\t\t\t\t\t\t<\/div>\n\t\t<\/section>\n\t\t\t\t\t\t\t<\/div>\n\t\t","protected":false},"excerpt":{"rendered":"<p>CU\u1ed8C S\u1ed0NG DU THUY\u1ec0N Nha\u0300 ha\u0300ng C\u1ea6n Cha\u0301nh TRA\u0309I NGHI\u00ca\u0323M DU THUY\u00ca\u0300N \u0110\u00d4\u0323C \u0110A\u0301O TR\u00caN DU THUY\u00ca\u0300N TRO\u0323N GO\u0301I \u0110\u00c2\u0300U TI\u00caN TA\u0323I VI\u00ca\u0323T NAM Nha\u0300 ha\u0300ng C\u1ea6n Cha\u0301nh \u1ea8m th\u1ef1c&hellip;<\/p>\n","protected":false},"author":1,"featured_media":22558,"parent":0,"menu_order":0,"comment_status":"closed","ping_status":"closed","template":"","meta":[],"_links":{"self":[{"href":"https:\/\/emperorcruises.com\/vi\/wp-json\/wp\/v2\/pages\/23884"}],"collection":[{"href":"https:\/\/emperorcruises.com\/vi\/wp-json\/wp\/v2\/pages"}],"about":[{"href":"https:\/\/emperorcruises.com\/vi\/wp-json\/wp\/v2\/types\/page"}],"author":[{"embeddable":true,"href":"https:\/\/emperorcruises.com\/vi\/wp-json\/wp\/v2\/users\/1"}],"replies":[{"embeddable":true,"href":"https:\/\/emperorcruises.com\/vi\/wp-json\/wp\/v2\/comments?post=23884"}],"version-history":[{"count":6,"href":"https:\/\/emperorcruises.com\/vi\/wp-json\/wp\/v2\/pages\/23884\/revisions"}],"predecessor-version":[{"id":26205,"href":"https:\/\/emperorcruises.com\/vi\/wp-json\/wp\/v2\/pages\/23884\/revisions\/26205"}],"wp:featuredmedia":[{"embeddable":true,"href":"https:\/\/emperorcruises.com\/vi\/wp-json\/wp\/v2\/media\/22558"}],"wp:attachment":[{"href":"https:\/\/emperorcruises.com\/vi\/wp-json\/wp\/v2\/media?parent=23884"}],"curies":[{"name":"wp","href":"https:\/\/api.w.org\/{rel}","templated":true}]}}