{"id":23875,"date":"2022-06-08T08:00:30","date_gmt":"2022-06-08T08:00:30","guid":{"rendered":"https:\/\/2023.emperorcruises.com\/mekong-lounge\/"},"modified":"2022-07-27T09:04:43","modified_gmt":"2022-07-27T09:04:43","slug":"khu-thu-gian-mekong","status":"publish","type":"page","link":"https:\/\/emperorcruises.com\/vi\/khu-thu-gian-mekong\/","title":{"rendered":"Khu Th\u01b0 Gi\u00e3n Mekong"},"content":{"rendered":"\t\t<div data-elementor-type=\"wp-page\" data-elementor-id=\"23875\" class=\"elementor elementor-23875 elementor-20289\">\n\t\t\t\t\t\t\t\t\t<section class=\"elementor-section elementor-top-section elementor-element elementor-element-3a36902 elementor-section-full_width elementor-section-height-min-height elementor-section-items-bottom elementor-section-stretched elementor-section-height-default sc_fly_static\" data-id=\"3a36902\" data-element_type=\"section\" data-settings=\"{&quot;background_background&quot;:&quot;classic&quot;,&quot;stretch_section&quot;:&quot;section-stretched&quot;}\">\n\t\t\t\t\t\t\t<div class=\"elementor-background-overlay\"><\/div>\n\t\t\t\t\t\t\t<div class=\"elementor-container elementor-column-gap-no\">\n\t\t\t\t\t<div class=\"elementor-column elementor-col-100 elementor-top-column elementor-element elementor-element-9fb4331 sc_inner_width_none sc_content_align_inherit sc_layouts_column_icons_position_left sc_fly_static\" data-id=\"9fb4331\" data-element_type=\"column\">\n\t\t\t<div class=\"elementor-widget-wrap elementor-element-populated\">\n\t\t\t\t\t\t\t\t<div class=\"elementor-element elementor-element-3769f12 sc_fly_static elementor-widget elementor-widget-spacer\" data-id=\"3769f12\" data-element_type=\"widget\" data-widget_type=\"spacer.default\">\n\t\t\t\t<div class=\"elementor-widget-container\">\n\t\t\t<style>\/*! elementor - v3.7.8 - 02-10-2022 *\/\n.elementor-column .elementor-spacer-inner{height:var(--spacer-size)}.e-container{--container-widget-width:100%}.e-container>.elementor-widget-spacer{width:var(--container-widget-width,var(--spacer-size));-ms-flex-item-align:stretch;align-self:stretch;-ms-flex-negative:0;flex-shrink:0}.e-container>.elementor-widget-spacer>.elementor-widget-container,.e-container>.elementor-widget-spacer>.elementor-widget-container>.elementor-spacer{height:100%}.e-container>.elementor-widget-spacer>.elementor-widget-container>.elementor-spacer>.elementor-spacer-inner{height:var(--container-widget-height,var(--spacer-size))}<\/style>\t\t<div class=\"elementor-spacer\">\n\t\t\t<div class=\"elementor-spacer-inner\"><\/div>\n\t\t<\/div>\n\t\t\t\t<\/div>\n\t\t\t\t<\/div>\n\t\t\t\t<div class=\"elementor-element elementor-element-d90b52e sc_fly_static elementor-widget elementor-widget-trx_sc_title\" data-id=\"d90b52e\" data-element_type=\"widget\" data-widget_type=\"trx_sc_title.default\">\n\t\t\t\t<div class=\"elementor-widget-container\">\n\t\t\t<div\t\tclass=\"sc_title color_style_link3 sc_title_default\" ><span class=\"sc_item_subtitle sc_title_subtitle sc_align_center sc_item_subtitle_above sc_item_title_style_default\">CU\u1ed8C S\u1ed0NG DU THUY\u1ec0N<\/span><h1 class=\"sc_item_title sc_title_title sc_align_center sc_item_title_style_default sc_item_title_tag trx_addons_inline_545066615\"\n\t\t\t><span class=\"sc_item_title_text\">Khu Th\u01b0 Gi\u00e3n Mekong<\/span><\/h1><\/div>\t\t<\/div>\n\t\t\t\t<\/div>\n\t\t\t\t<div class=\"elementor-element elementor-element-ad1cca8 sc_fly_static elementor-widget elementor-widget-spacer\" data-id=\"ad1cca8\" data-element_type=\"widget\" data-widget_type=\"spacer.default\">\n\t\t\t\t<div class=\"elementor-widget-container\">\n\t\t\t\t\t<div class=\"elementor-spacer\">\n\t\t\t<div class=\"elementor-spacer-inner\"><\/div>\n\t\t<\/div>\n\t\t\t\t<\/div>\n\t\t\t\t<\/div>\n\t\t\t\t<section class=\"elementor-section elementor-inner-section elementor-element elementor-element-3af5f09 elementor-section-boxed elementor-section-height-default elementor-section-height-default sc_fly_static\" data-id=\"3af5f09\" data-element_type=\"section\">\n\t\t\t\t\t\t<div class=\"elementor-container elementor-column-gap-extended\">\n\t\t\t\t\t<div class=\"elementor-column elementor-col-100 elementor-inner-column elementor-element elementor-element-06df3b2 sc_inner_width_none sc_content_align_inherit sc_layouts_column_icons_position_left sc_fly_static\" data-id=\"06df3b2\" data-element_type=\"column\">\n\t\t\t<div class=\"elementor-widget-wrap elementor-element-populated\">\n\t\t\t\t\t\t\t\t<div class=\"elementor-element elementor-element-38ba800 elementor-view-default sc_fly_static elementor-widget elementor-widget-icon\" data-id=\"38ba800\" data-element_type=\"widget\" data-widget_type=\"icon.default\">\n\t\t\t\t<div class=\"elementor-widget-container\">\n\t\t\t\t\t<div class=\"elementor-icon-wrapper\">\n\t\t\t<a class=\"elementor-icon\" href=\"#anchor\">\n\t\t\t<svg xmlns=\"http:\/\/www.w3.org\/2000\/svg\" width=\"14.626\" height=\"8.639\" viewBox=\"0 0 14.626 8.639\"><g id=\"down-arrow\" transform=\"translate(0 -70.698)\"><g id=\"Group_8820\" data-name=\"Group 8820\" transform=\"translate(0 100.698)\"><path id=\"Path_6507\" data-name=\"Path 6507\" d=\"M14.392,101.42l-.479-.482a.8.8,0,0,0-1.132,0L7.316,106.4l-5.472-5.472a.8.8,0,0,0-1.132,0l-.479.479a.8.8,0,0,0,0,1.131l6.515,6.538a.818.818,0,0,0,.567.257h0a.818.818,0,0,0,.566-.257l6.508-6.52a.808.808,0,0,0,.234-.571A.8.8,0,0,0,14.392,101.42Z\" transform=\"translate(0 -130.698)\"><\/path><\/g><\/g><\/svg>\t\t\t<\/a>\n\t\t<\/div>\n\t\t\t\t<\/div>\n\t\t\t\t<\/div>\n\t\t\t\t<div class=\"elementor-element elementor-element-73bf6e9 sc_fly_static elementor-widget elementor-widget-spacer\" data-id=\"73bf6e9\" data-element_type=\"widget\" data-widget_type=\"spacer.default\">\n\t\t\t\t<div class=\"elementor-widget-container\">\n\t\t\t\t\t<div class=\"elementor-spacer\">\n\t\t\t<div class=\"elementor-spacer-inner\"><\/div>\n\t\t<\/div>\n\t\t\t\t<\/div>\n\t\t\t\t<\/div>\n\t\t\t\t\t<\/div>\n\t\t<\/div>\n\t\t\t\t\t\t\t<\/div>\n\t\t<\/section>\n\t\t\t\t\t<\/div>\n\t\t<\/div>\n\t\t\t\t\t\t\t<\/div>\n\t\t<\/section>\n\t\t\t\t<section class=\"elementor-section elementor-top-section elementor-element elementor-element-076779a elementor-section-stretched scheme_default elementor-section-boxed elementor-section-height-default elementor-section-height-default sc_fly_static\" data-id=\"076779a\" data-element_type=\"section\" data-settings=\"{&quot;stretch_section&quot;:&quot;section-stretched&quot;,&quot;background_background&quot;:&quot;classic&quot;}\">\n\t\t\t\t\t\t<div class=\"elementor-container elementor-column-gap-extended\">\n\t\t\t\t\t<div class=\"elementor-column elementor-col-100 elementor-top-column elementor-element elementor-element-cc58516 sc_inner_width_none sc_content_align_inherit sc_layouts_column_icons_position_left sc_fly_static\" data-id=\"cc58516\" data-element_type=\"column\">\n\t\t\t<div class=\"elementor-widget-wrap elementor-element-populated\">\n\t\t\t\t\t\t\t\t<div class=\"elementor-element elementor-element-87c1a09 sc_height_medium sc_fly_static elementor-widget elementor-widget-spacer\" data-id=\"87c1a09\" data-element_type=\"widget\" data-widget_type=\"spacer.default\">\n\t\t\t\t<div class=\"elementor-widget-container\">\n\t\t\t\t\t<div class=\"elementor-spacer\">\n\t\t\t<div class=\"elementor-spacer-inner\"><\/div>\n\t\t<\/div>\n\t\t\t\t<\/div>\n\t\t\t\t<\/div>\n\t\t\t\t<section class=\"elementor-section elementor-inner-section elementor-element elementor-element-b7e4835 elementor-section-boxed elementor-section-height-default elementor-section-height-default sc_fly_static\" data-id=\"b7e4835\" data-element_type=\"section\" id=\"anchor\">\n\t\t\t\t\t\t<div class=\"elementor-container elementor-column-gap-extended\">\n\t\t\t\t\t<div class=\"elementor-column elementor-col-16 elementor-inner-column elementor-element elementor-element-ee8667e sc_inner_width_none sc_content_align_inherit sc_layouts_column_icons_position_left sc_fly_static\" data-id=\"ee8667e\" data-element_type=\"column\">\n\t\t\t<div class=\"elementor-widget-wrap\">\n\t\t\t\t\t\t\t\t\t<\/div>\n\t\t<\/div>\n\t\t\t\t<div class=\"elementor-column elementor-col-66 elementor-inner-column elementor-element elementor-element-caf3087 sc_inner_width_none sc_content_align_inherit sc_layouts_column_icons_position_left sc_fly_static\" data-id=\"caf3087\" data-element_type=\"column\">\n\t\t\t<div class=\"elementor-widget-wrap elementor-element-populated\">\n\t\t\t\t\t\t\t\t<div class=\"elementor-element elementor-element-ca0ee5d sc_fly_static elementor-widget elementor-widget-trx_sc_title\" data-id=\"ca0ee5d\" data-element_type=\"widget\" data-widget_type=\"trx_sc_title.default\">\n\t\t\t\t<div class=\"elementor-widget-container\">\n\t\t\t<div\t\tclass=\"sc_title sc_title_accent\" ><span class=\"sc_item_subtitle sc_title_subtitle sc_align_center sc_item_subtitle_above sc_item_title_style_accent\">TRA\u0309I NGHI\u00ca\u0323M DU THUY\u00ca\u0300N \u0110\u00d4\u0323C \u0110A\u0301O TR\u00caN DU THUY\u00ca\u0300N TRO\u0323N GO\u0301I \u0110\u00c2\u0300U TI\u00caN TA\u0323I VI\u00ca\u0323T NAM<\/span><h2 class=\"sc_item_title sc_title_title sc_align_center sc_item_title_style_accent sc_item_title_tag\"\n\t\t\t><span class=\"sc_item_title_text\">Khu Th\u01b0 Gi\u00e3n Mekong<\/span><\/h2><\/div>\t\t<\/div>\n\t\t\t\t<\/div>\n\t\t\t\t\t<\/div>\n\t\t<\/div>\n\t\t\t\t<div class=\"elementor-column elementor-col-16 elementor-inner-column elementor-element elementor-element-352c34d sc_inner_width_none sc_content_align_inherit sc_layouts_column_icons_position_left sc_fly_static\" data-id=\"352c34d\" data-element_type=\"column\">\n\t\t\t<div class=\"elementor-widget-wrap\">\n\t\t\t\t\t\t\t\t\t<\/div>\n\t\t<\/div>\n\t\t\t\t\t\t\t<\/div>\n\t\t<\/section>\n\t\t\t\t\t<\/div>\n\t\t<\/div>\n\t\t\t\t\t\t\t<\/div>\n\t\t<\/section>\n\t\t\t\t<section class=\"elementor-section elementor-top-section elementor-element elementor-element-8c75c70 elementor-section-stretched scheme_default elementor-section-boxed elementor-section-height-default elementor-section-height-default sc_fly_static\" data-id=\"8c75c70\" data-element_type=\"section\" data-settings=\"{&quot;stretch_section&quot;:&quot;section-stretched&quot;,&quot;background_background&quot;:&quot;classic&quot;}\">\n\t\t\t\t\t\t<div class=\"elementor-container elementor-column-gap-extended\">\n\t\t\t\t\t<div class=\"elementor-column elementor-col-100 elementor-top-column elementor-element elementor-element-70bcf09 sc_inner_width_none sc_content_align_inherit sc_layouts_column_icons_position_left sc_fly_static\" data-id=\"70bcf09\" data-element_type=\"column\">\n\t\t\t<div class=\"elementor-widget-wrap elementor-element-populated\">\n\t\t\t\t\t\t\t\t<div class=\"elementor-element elementor-element-7c2b510 sc_height_medium sc_fly_static elementor-widget elementor-widget-spacer\" data-id=\"7c2b510\" data-element_type=\"widget\" data-widget_type=\"spacer.default\">\n\t\t\t\t<div class=\"elementor-widget-container\">\n\t\t\t\t\t<div class=\"elementor-spacer\">\n\t\t\t<div class=\"elementor-spacer-inner\"><\/div>\n\t\t<\/div>\n\t\t\t\t<\/div>\n\t\t\t\t<\/div>\n\t\t\t\t<div class=\"elementor-element elementor-element-b2af2cb sc_fly_static elementor-widget elementor-widget-trx_widget_slider\" data-id=\"b2af2cb\" data-element_type=\"widget\" data-widget_type=\"trx_widget_slider.default\">\n\t\t\t\t<div class=\"elementor-widget-container\">\n\t\t\t<div class=\"widget_area sc_widget_slider\"><aside class=\"widget widget_slider\">\t\t\t<div class=\"slider_wrap slider_engine_swiper\">\n\t\t\t\t<div class=\"slider_outer slider_swiper_outer slider_style_default slider_outer_direction_horizontal slider_outer_multi slider_outer_nopagination slider_outer_controls slider_outer_controls_side slider_outer_nocentered slider_outer_overflow_visible slider_outer_notitles\"><div class=\"slider_container slider_swiper swiper-slider-container slider_controls slider_controls_side slider_nocentered slider_overflow_visible slider_notitles slider_noresize slider_swipe slider_height_auto slider_direction_horizontal slider_nopagination slider_multi slider_type_images\" data-ratio=\"16:9\" data-interval=\"7000\" data-speed=\"600\" data-effect=\"swap\" data-pagination=\"bullets\" data-direction=\"horizontal\" data-slides-per-view=\"2\" data-slides-space=\"60\" data-slides-centered=\"0\" data-slides-overflow=\"1\" data-mouse-wheel=\"0\" data-autoplay=\"1\" data-loop=\"1\" data-free-mode=\"0\" data-slides-min-width=\"220\"><div class=\"slider-wrapper swiper-wrapper\"><div  class=\"slider-slide swiper-slide\" data-image=\"\/\/emperorcruises.com\/wp-content\/uploads\/2022\/05\/PX_011191-1.jpg\" style=\"\"><img src=\"\/\/emperorcruises.com\/wp-content\/uploads\/2022\/05\/PX_011191-1.jpg\" alt=\"\"><\/div><div  class=\"slider-slide swiper-slide\" data-image=\"\/\/emperorcruises.com\/wp-content\/uploads\/2022\/06\/The-Boat-1.jpg\" style=\"\"><img src=\"\/\/emperorcruises.com\/wp-content\/uploads\/2022\/06\/The-Boat-1.jpg\" alt=\"\"><\/div><div  class=\"slider-slide swiper-slide\" data-image=\"\/\/emperorcruises.com\/wp-content\/uploads\/2022\/06\/DSC8891.jpg\" style=\"\"><img src=\"\/\/emperorcruises.com\/wp-content\/uploads\/2022\/06\/DSC8891.jpg\" alt=\"\"><\/div><\/div><div class=\"slider_controls_wrap\"><a class=\"slider_prev swiper-button-prev\" href=\"#\"><\/a><a class=\"slider_next swiper-button-next\" href=\"#\"><\/a><\/div><\/div><\/div>\t\t\t<\/div>\n\t\t\t<\/aside><\/div>\t\t<\/div>\n\t\t\t\t<\/div>\n\t\t\t\t\t<\/div>\n\t\t<\/div>\n\t\t\t\t\t\t\t<\/div>\n\t\t<\/section>\n\t\t\t\t<section class=\"elementor-section elementor-top-section elementor-element elementor-element-469befa elementor-section-stretched scheme_default elementor-section-boxed elementor-section-height-default elementor-section-height-default sc_fly_static\" data-id=\"469befa\" data-element_type=\"section\" data-settings=\"{&quot;stretch_section&quot;:&quot;section-stretched&quot;,&quot;background_background&quot;:&quot;classic&quot;}\">\n\t\t\t\t\t\t<div class=\"elementor-container elementor-column-gap-extended\">\n\t\t\t\t\t<div class=\"elementor-column elementor-col-100 elementor-top-column elementor-element elementor-element-f082b81 sc_inner_width_none sc_content_align_inherit sc_layouts_column_icons_position_left sc_fly_static\" data-id=\"f082b81\" data-element_type=\"column\">\n\t\t\t<div class=\"elementor-widget-wrap elementor-element-populated\">\n\t\t\t\t\t\t\t\t<div class=\"elementor-element elementor-element-4f26d7f sc_height_medium sc_fly_static elementor-widget elementor-widget-spacer\" data-id=\"4f26d7f\" data-element_type=\"widget\" data-widget_type=\"spacer.default\">\n\t\t\t\t<div class=\"elementor-widget-container\">\n\t\t\t\t\t<div class=\"elementor-spacer\">\n\t\t\t<div class=\"elementor-spacer-inner\"><\/div>\n\t\t<\/div>\n\t\t\t\t<\/div>\n\t\t\t\t<\/div>\n\t\t\t\t<section class=\"elementor-section elementor-inner-section elementor-element elementor-element-c0839cc elementor-section-boxed elementor-section-height-default elementor-section-height-default sc_fly_static\" data-id=\"c0839cc\" data-element_type=\"section\">\n\t\t\t\t\t\t<div class=\"elementor-container elementor-column-gap-extended\">\n\t\t\t\t\t<div class=\"elementor-column elementor-col-100 elementor-inner-column elementor-element elementor-element-21715d4 sc_inner_width_none sc_content_align_inherit sc_layouts_column_icons_position_left sc_fly_static\" data-id=\"21715d4\" data-element_type=\"column\">\n\t\t\t<div class=\"elementor-widget-wrap elementor-element-populated\">\n\t\t\t\t\t\t\t\t<div class=\"elementor-element elementor-element-f60ca26 sc_fly_static elementor-widget elementor-widget-text-editor\" data-id=\"f60ca26\" data-element_type=\"widget\" data-widget_type=\"text-editor.default\">\n\t\t\t\t<div class=\"elementor-widget-container\">\n\t\t\t<style>\/*! elementor - v3.7.8 - 02-10-2022 *\/\n.elementor-widget-text-editor.elementor-drop-cap-view-stacked .elementor-drop-cap{background-color:#818a91;color:#fff}.elementor-widget-text-editor.elementor-drop-cap-view-framed .elementor-drop-cap{color:#818a91;border:3px solid;background-color:transparent}.elementor-widget-text-editor:not(.elementor-drop-cap-view-default) .elementor-drop-cap{margin-top:8px}.elementor-widget-text-editor:not(.elementor-drop-cap-view-default) .elementor-drop-cap-letter{width:1em;height:1em}.elementor-widget-text-editor .elementor-drop-cap{float:left;text-align:center;line-height:1;font-size:50px}.elementor-widget-text-editor .elementor-drop-cap-letter{display:inline-block}<\/style>\t\t\t\t<h5 style=\"text-align: justify;\">TA\u0323O RA NH\u01af\u0303NG KY\u0309 NI\u1ec6M<\/h5><p style=\"text-align: justify;\">Mekong Lounge trong nh\u00e0 c\u1ee7a ch\u00fang t\u00f4i \u0111\u01b0\u1ee3c l\u1ea5y c\u1ea3m h\u1ee9ng t\u1eeb con s\u00f4ng d\u00e0i nh\u1ea5t ch\u00e2u \u00c1, n\u01a1i N\u1eef ho\u00e0ng Nam Ph\u01b0\u01a1ng sinh ra \u1edf \u0111\u1ed3ng b\u1eb1ng s\u00f4ng C\u1eedu Long. \u0110\u01b0\u1ee3c bi\u1ebft \u0111\u1ebfn nh\u01b0 l\u00e0 n\u1eef ho\u00e0ng c\u1ee7a tri\u1ec1u \u0111\u1ea1i phong ki\u1ebfn \u200b\u200bcu\u1ed1i c\u00f9ng \u1edf Vi\u1ec7t Nam, N\u1eef ho\u00e0ng Nam Ph\u01b0\u01a1ng (1914-63), n\u1ed5i ti\u1ebfng v\u1edbi v\u1ebb \u0111\u1eb9p v\u00f4 song v\u00e0 sinh ra Marie-Th\u00e9r\u00e8se Nguy\u1ec5n H\u1eefu Th\u1ecb Lan \u1edf G\u00f2 C\u00f4ng, m\u1ed9t th\u1ecb tr\u1ea5n \u0110\u1ed3ng b\u1eb1ng s\u00f4ng C\u1eedu Long.<\/p><p style=\"text-align: justify;\">V\u1edbi v\u1ebb \u0111\u1eb9p v\u01b0\u1ee3t th\u1eddi gian c\u1ee7a m\u1ed9t ng\u01b0\u1eddi ph\u1ee5 n\u1eef \u0110\u00f4ng \u00c1, N\u1eef ho\u00e0ng Nam Ph\u01b0\u01a1ng \u0111\u01b0\u1ee3c vinh danh l\u00e0 m\u1ed9t trong 5 n\u1eef ho\u00e0ng \u0111\u1eb9p nh\u1ea5t th\u1eddi b\u1ea5y gi\u1edd. C\u00f4 v\u00e0 Ho\u00e0ng \u0111\u1ebf B\u1ea3o \u0110\u1ea1i c\u00f3 5 \u0111\u1ee9a con, v\u00e0 h\u1ecd \u0111\u00e3 tr\u1ea3i qua 12 n\u0103m \u1edf Vi\u1ec7t Nam cho \u0111\u1ebfn khi h\u1ecd b\u1ecb bu\u1ed9c ph\u1ea3i l\u01b0u vong t\u1ea1i Ph\u00e1p trong 16 n\u0103m sau \u0111\u00f3.<\/p><p style=\"text-align: justify;\">C\u1ea7u thang Melong Lounge \u0111\u01b0\u1ee3c x\u00e2y d\u1ef1ng theo phong c\u00e1ch \u0110\u00f4ng D\u01b0\u01a1ng \u1edf trung t\u00e2m t\u1ea7ng tr\u00ean c\u00f3 Th\u01b0 vi\u1ec7n B\u1ea3o \u0110\u1ea1i, Mekong Bar, Spa v\u00e0 ph\u00f2ng Sauna, Kid\u2019s Club v\u00e0 Mekong Lounge \u2013 c\u00f9ng v\u1edbi Saigon Saigon Bar.<\/p><p style=\"text-align: justify;\">V\u00ec to\u00e0n b\u1ed9 chi\u1ebfc thuy\u1ec1n \u0111\u01b0\u1ee3c \u0111\u1eb7t theo t\u00ean nh\u1eefng n\u01a1i \u0111\u01b0\u1ee3c y\u00eau th\u00edch nh\u1ea5t c\u1ee7a Ho\u00e0ng \u0111\u1ebf B\u1ea3o \u0110\u1ea1i, nh\u1eefng ng\u01b0\u1eddi c\u00f3 nhi\u1ec1u bi\u1ec7t th\u1ef1 v\u00e0 cung \u0111i\u1ec7n ri\u00eang trong \u0111\u1ebf ch\u1ebf c\u1ee7a m\u00ecnh. Mekong Lounge nh\u1eafc nh\u1edf b\u1ea1n r\u1eb1ng b\u1ea1n \u0111ang \u1edf trong v\u00f9ng Mekong m\u00e0u m\u1ee1 gi\u00e0u t\u00ednh ch\u1ea5t, v\u0103n h\u00f3a, l\u1ecbch s\u1eed v\u00e0 \u0111\u01b0\u1ee3c g\u1ecdi l\u00e0 gi\u1ecf g\u1ea1o c\u1ee7a Vi\u1ec7t Nam. S\u1ea3nh kh\u00e1ch v\u00e0 qu\u1ea7y bar trong nh\u00e0 n\u1eb1m \u1edf t\u1ea7ng tr\u00ean, n\u01a1i kh\u00e1ch c\u00f3 th\u1ec3 th\u01b0 gi\u00e3n ho\u1eb7c th\u01b0\u1edfng th\u1ee9c \u0111\u1ed3 u\u1ed1ng l\u1ea1nh t\u1ea1i qu\u1ea7y bar trong khi ng\u1eafm nh\u00ecn quang c\u1ea3nh ngo\u1ea1n m\u1ee5c, \u0111\u1ecdc s\u00e1ch ho\u1eb7c th\u01b0\u1edfng th\u1ee9c tr\u00e0 g\u1eebng trong khi ch\u1edd \u0111\u1ee3i c\u00e1c d\u1ecbch v\u1ee5 spa v\u00e0 x\u00f4ng h\u01a1i kh\u00f4.<\/p><p style=\"text-align: justify;\">Du kh\u00e1ch s\u1ebd \u0111\u1ebfn ph\u00f2ng ch\u1edd v\u00e0o bu\u1ed5i s\u00e1ng \u0111\u1ec3 u\u1ed1ng c\u00e0 ph\u00ea \u2013 c\u00e0 ph\u00ea Vi\u1ec7t Nam \u0111\u1ed5 tr\u00ean b\u0103ng v\u1edbi s\u1eefa \u0111\u1eb7c c\u00f3 \u0111\u01b0\u1eddng, gi\u1eefa c\u00e1c chuy\u1ebfn du ngo\u1ea1n \u0111\u1ebfn nh\u1eefng c\u00e2u chuy\u1ec7n du l\u1ecbch trao \u0111\u1ed5i v\u00e0 c\u00e1c cu\u1ed9c h\u1ecdp th\u00f4ng tin h\u00e0ng ng\u00e0y. T\u00ecm hi\u1ec3u v\u1ec1 c\u00e1c ch\u1ee7 \u0111\u1ec1 li\u00ean quan \u0111\u1ebfn c\u00e1c chuy\u1ebfn du ngo\u1ea1n s\u1eafp t\u1edbi ho\u1eb7c kh\u00e1m ph\u00e1 cu\u1ed9c s\u1ed1ng c\u1ee7a Nam Ph\u01b0\u01a1ng qua nhi\u1ec1u cu\u1ed1n s\u00e1ch, \u1ea3nh c\u0169 ho\u1eb7c trong cu\u1ed1n s\u00e1ch b\u00ed m\u1eadt c\u1ee7a Ho\u00e0ng \u0111\u1ebf t\u1ea1i Th\u01b0 vi\u1ec7n B\u1ea3o \u0110\u1ea1i g\u1ea7n \u0111\u00f3. Tr\u00f2 chuy\u1ec7n v\u1edbi b\u1ea1n b\u00e8 qua m\u1ed9t t\u00e1ch c\u00e0 ph\u00ea ho\u1eb7c th\u01b0\u1edfng th\u1ee9c ngh\u1ec7 thu\u1eadt trong khi th\u01b0\u1edfng th\u1ee9c tr\u00e0 Ho\u00e0ng gia v\u00e0 n\u00f3i chuy\u1ec7n v\u1ec1 v\u1edbi trang.<\/p><p style=\"text-align: justify;\">H\u00e3y t\u1eadn h\u01b0\u1edfng s\u1ef1 ri\u00eang t\u01b0 v\u00e0 s\u1ef1 sang tr\u1ecdng c\u1ee7a b\u1ea1n, v\u00e0 g\u1ecdi m\u1ed9t ly cocktail tr\u00e1i c\u00e2y nhi\u1ec7t \u0111\u1edbi t\u01b0\u01a1i t\u1eeb Saigon Saigon Bar \u0111\u1ea7y \u0111\u1ee7 g\u1ea7n \u0111\u00f3, ho\u1eb7c ch\u1ecdn c\u00e1c lo\u1ea1i bia \u0111\u1ecba ph\u01b0\u01a1ng ho\u1eb7c r\u01b0\u1ee3u vang h\u1ea3o h\u1ea1ng c\u1ee7a ch\u00e2u \u00c2u. Trong su\u1ed1t h\u00e0nh tr\u00ecnh, du kh\u00e1ch c\u00f3 th\u1ec3 ch\u1ecdn t\u1eeb tuy\u1ec3n ch\u1ecdn c\u00e1c lo\u1ea1i r\u01b0\u1ee3u vang, bia, n\u01b0\u1edbc gi\u1ea3i kh\u00e1t, cocktail v\u00e0 r\u01b0\u1ee3u m\u1ea1nh mi\u1ec5n ph\u00ed c\u0169ng nh\u01b0 tr\u00e0 v\u00e0 c\u00e0 ph\u00ea, t\u1ea5t c\u1ea3 \u0111\u1ec1u mi\u1ec5n ph\u00ed.<\/p><p style=\"text-align: justify;\">N\u1eafm b\u1eaft m\u1ecdi kho\u1ea3nh kh\u1eafc \u0111\u1eb7c bi\u1ec7t v\u00e0 tr\u1edf v\u1ec1 nh\u00e0 l\u00e0m m\u1edbi v\u00e0 th\u01b0 gi\u00e3n v\u00e0 s\u1eb5n s\u00e0ng l\u00ean k\u1ebf ho\u1ea1ch cho chuy\u1ebfn phi\u00eau l\u01b0u ti\u1ebfp theo c\u1ee7a b\u1ea1n! Th\u01b0 gi\u00e3n, ph\u1ee5c h\u1ed3i, t\u00e1i t\u1ea1o, ph\u1ea3n \u00e1nh, l\u1ea5y l\u1ea1i, s\u1ed1ng l\u1ea1i. Nh\u01b0 N\u1eef ho\u00e0ng Nam Ph\u01b0\u01a1ng \u0111\u00e3 t\u1eebng n\u00f3i, \u201cle temps passe, le reste.\u201d \u201cTh\u1eddi gian tr\u00f4i qua, nh\u1eefng k\u1ef7 ni\u1ec7m v\u1eabn c\u00f2n\u201d.<\/p>\t\t\t\t\t\t<\/div>\n\t\t\t\t<\/div>\n\t\t\t\t<div class=\"elementor-element elementor-element-717621b sc_fly_static elementor-widget elementor-widget-spacer\" data-id=\"717621b\" data-element_type=\"widget\" data-widget_type=\"spacer.default\">\n\t\t\t\t<div class=\"elementor-widget-container\">\n\t\t\t\t\t<div class=\"elementor-spacer\">\n\t\t\t<div class=\"elementor-spacer-inner\"><\/div>\n\t\t<\/div>\n\t\t\t\t<\/div>\n\t\t\t\t<\/div>\n\t\t\t\t\t<\/div>\n\t\t<\/div>\n\t\t\t\t\t\t\t<\/div>\n\t\t<\/section>\n\t\t\t\t\t<\/div>\n\t\t<\/div>\n\t\t\t\t\t\t\t<\/div>\n\t\t<\/section>\n\t\t\t\t<section class=\"elementor-section elementor-top-section elementor-element elementor-element-e882f22 elementor-section-full_width elementor-section-stretched elementor-section-height-default elementor-section-height-default sc_fly_static\" data-id=\"e882f22\" data-element_type=\"section\" data-settings=\"{&quot;background_background&quot;:&quot;classic&quot;,&quot;stretch_section&quot;:&quot;section-stretched&quot;}\">\n\t\t\t\t\t\t\t<div class=\"elementor-background-overlay\"><\/div>\n\t\t\t\t\t\t\t<div class=\"elementor-container elementor-column-gap-no\">\n\t\t\t\t\t<div class=\"elementor-column elementor-col-100 elementor-top-column elementor-element elementor-element-dbcb7a2 sc_inner_width_none sc_content_align_inherit sc_layouts_column_icons_position_left sc_fly_static\" data-id=\"dbcb7a2\" data-element_type=\"column\">\n\t\t\t<div class=\"elementor-widget-wrap elementor-element-populated\">\n\t\t\t\t\t\t\t\t<div class=\"elementor-element elementor-element-ac4ac22 sc_layouts_hide_on_mobile sc_fly_static elementor-widget elementor-widget-spacer\" data-id=\"ac4ac22\" data-element_type=\"widget\" data-widget_type=\"spacer.default\">\n\t\t\t\t<div class=\"elementor-widget-container\">\n\t\t\t\t\t<div class=\"elementor-spacer\">\n\t\t\t<div class=\"elementor-spacer-inner\"><\/div>\n\t\t<\/div>\n\t\t\t\t<\/div>\n\t\t\t\t<\/div>\n\t\t\t\t\t<\/div>\n\t\t<\/div>\n\t\t\t\t\t\t\t<\/div>\n\t\t<\/section>\n\t\t\t\t\t\t\t<\/div>\n\t\t","protected":false},"excerpt":{"rendered":"<p>CU\u1ed8C S\u1ed0NG DU THUY\u1ec0N Khu Th\u01b0 Gi\u00e3n Mekong TRA\u0309I NGHI\u00ca\u0323M DU THUY\u00ca\u0300N \u0110\u00d4\u0323C \u0110A\u0301O TR\u00caN DU THUY\u00ca\u0300N TRO\u0323N GO\u0301I \u0110\u00c2\u0300U TI\u00caN TA\u0323I VI\u00ca\u0323T NAM Khu Th\u01b0 Gi\u00e3n Mekong TA\u0323O RA&hellip;<\/p>\n","protected":false},"author":1,"featured_media":21813,"parent":0,"menu_order":0,"comment_status":"closed","ping_status":"closed","template":"","meta":[],"_links":{"self":[{"href":"https:\/\/emperorcruises.com\/vi\/wp-json\/wp\/v2\/pages\/23875"}],"collection":[{"href":"https:\/\/emperorcruises.com\/vi\/wp-json\/wp\/v2\/pages"}],"about":[{"href":"https:\/\/emperorcruises.com\/vi\/wp-json\/wp\/v2\/types\/page"}],"author":[{"embeddable":true,"href":"https:\/\/emperorcruises.com\/vi\/wp-json\/wp\/v2\/users\/1"}],"replies":[{"embeddable":true,"href":"https:\/\/emperorcruises.com\/vi\/wp-json\/wp\/v2\/comments?post=23875"}],"version-history":[{"count":10,"href":"https:\/\/emperorcruises.com\/vi\/wp-json\/wp\/v2\/pages\/23875\/revisions"}],"predecessor-version":[{"id":26202,"href":"https:\/\/emperorcruises.com\/vi\/wp-json\/wp\/v2\/pages\/23875\/revisions\/26202"}],"wp:featuredmedia":[{"embeddable":true,"href":"https:\/\/emperorcruises.com\/vi\/wp-json\/wp\/v2\/media\/21813"}],"wp:attachment":[{"href":"https:\/\/emperorcruises.com\/vi\/wp-json\/wp\/v2\/media?parent=23875"}],"curies":[{"name":"wp","href":"https:\/\/api.w.org\/{rel}","templated":true}]}}