{"id":23862,"date":"2022-06-08T07:46:38","date_gmt":"2022-06-08T07:46:38","guid":{"rendered":"https:\/\/2023.emperorcruises.com\/entertainment-on-board\/"},"modified":"2022-07-27T09:04:14","modified_gmt":"2022-07-27T09:04:14","slug":"giai-tri-tren-thuyen","status":"publish","type":"page","link":"https:\/\/emperorcruises.com\/vi\/giai-tri-tren-thuyen\/","title":{"rendered":"Gia\u0309i tri\u0301 tr\u00ean thuy\u00ea\u0300n"},"content":{"rendered":"\t\t<div data-elementor-type=\"wp-page\" data-elementor-id=\"23862\" class=\"elementor elementor-23862 elementor-20280\">\n\t\t\t\t\t\t\t\t\t<section class=\"elementor-section elementor-top-section elementor-element elementor-element-3a36902 elementor-section-full_width elementor-section-height-min-height elementor-section-items-bottom elementor-section-stretched elementor-section-height-default sc_fly_static\" data-id=\"3a36902\" data-element_type=\"section\" data-settings=\"{&quot;background_background&quot;:&quot;classic&quot;,&quot;stretch_section&quot;:&quot;section-stretched&quot;}\">\n\t\t\t\t\t\t\t<div class=\"elementor-background-overlay\"><\/div>\n\t\t\t\t\t\t\t<div class=\"elementor-container elementor-column-gap-no\">\n\t\t\t\t\t<div class=\"elementor-column elementor-col-100 elementor-top-column elementor-element elementor-element-9fb4331 sc_inner_width_none sc_content_align_inherit sc_layouts_column_icons_position_left sc_fly_static\" data-id=\"9fb4331\" data-element_type=\"column\">\n\t\t\t<div class=\"elementor-widget-wrap elementor-element-populated\">\n\t\t\t\t\t\t\t\t<div class=\"elementor-element elementor-element-3769f12 sc_fly_static elementor-widget elementor-widget-spacer\" data-id=\"3769f12\" data-element_type=\"widget\" data-widget_type=\"spacer.default\">\n\t\t\t\t<div class=\"elementor-widget-container\">\n\t\t\t<style>\/*! elementor - v3.7.8 - 02-10-2022 *\/\n.elementor-column .elementor-spacer-inner{height:var(--spacer-size)}.e-container{--container-widget-width:100%}.e-container>.elementor-widget-spacer{width:var(--container-widget-width,var(--spacer-size));-ms-flex-item-align:stretch;align-self:stretch;-ms-flex-negative:0;flex-shrink:0}.e-container>.elementor-widget-spacer>.elementor-widget-container,.e-container>.elementor-widget-spacer>.elementor-widget-container>.elementor-spacer{height:100%}.e-container>.elementor-widget-spacer>.elementor-widget-container>.elementor-spacer>.elementor-spacer-inner{height:var(--container-widget-height,var(--spacer-size))}<\/style>\t\t<div class=\"elementor-spacer\">\n\t\t\t<div class=\"elementor-spacer-inner\"><\/div>\n\t\t<\/div>\n\t\t\t\t<\/div>\n\t\t\t\t<\/div>\n\t\t\t\t<div class=\"elementor-element elementor-element-d90b52e sc_fly_static elementor-widget elementor-widget-trx_sc_title\" data-id=\"d90b52e\" data-element_type=\"widget\" data-widget_type=\"trx_sc_title.default\">\n\t\t\t\t<div class=\"elementor-widget-container\">\n\t\t\t<div\t\tclass=\"sc_title color_style_link3 sc_title_default\" ><span class=\"sc_item_subtitle sc_title_subtitle sc_align_center sc_item_subtitle_above sc_item_title_style_default\">CU\u1ed8C S\u1ed0NG DU THUY\u1ec0N<\/span><h1 class=\"sc_item_title sc_title_title sc_align_center sc_item_title_style_default sc_item_title_tag trx_addons_inline_429023333\"\n\t\t\t><span class=\"sc_item_title_text\">Gi\u1ea3i tri\u0301 tr\u00ean thuy\u00ea\u0300n<\/span><\/h1><\/div>\t\t<\/div>\n\t\t\t\t<\/div>\n\t\t\t\t<div class=\"elementor-element elementor-element-ad1cca8 sc_fly_static elementor-widget elementor-widget-spacer\" data-id=\"ad1cca8\" data-element_type=\"widget\" data-widget_type=\"spacer.default\">\n\t\t\t\t<div class=\"elementor-widget-container\">\n\t\t\t\t\t<div class=\"elementor-spacer\">\n\t\t\t<div class=\"elementor-spacer-inner\"><\/div>\n\t\t<\/div>\n\t\t\t\t<\/div>\n\t\t\t\t<\/div>\n\t\t\t\t<section class=\"elementor-section elementor-inner-section elementor-element elementor-element-3af5f09 elementor-section-boxed elementor-section-height-default elementor-section-height-default sc_fly_static\" data-id=\"3af5f09\" data-element_type=\"section\">\n\t\t\t\t\t\t<div class=\"elementor-container elementor-column-gap-extended\">\n\t\t\t\t\t<div class=\"elementor-column elementor-col-100 elementor-inner-column elementor-element elementor-element-06df3b2 sc_inner_width_none sc_content_align_inherit sc_layouts_column_icons_position_left sc_fly_static\" data-id=\"06df3b2\" data-element_type=\"column\">\n\t\t\t<div class=\"elementor-widget-wrap elementor-element-populated\">\n\t\t\t\t\t\t\t\t<div class=\"elementor-element elementor-element-38ba800 elementor-view-default sc_fly_static elementor-widget elementor-widget-icon\" data-id=\"38ba800\" data-element_type=\"widget\" data-widget_type=\"icon.default\">\n\t\t\t\t<div class=\"elementor-widget-container\">\n\t\t\t\t\t<div class=\"elementor-icon-wrapper\">\n\t\t\t<a class=\"elementor-icon\" href=\"#anchor\">\n\t\t\t<svg xmlns=\"http:\/\/www.w3.org\/2000\/svg\" width=\"14.626\" height=\"8.639\" viewBox=\"0 0 14.626 8.639\"><g id=\"down-arrow\" transform=\"translate(0 -70.698)\"><g id=\"Group_8820\" data-name=\"Group 8820\" transform=\"translate(0 100.698)\"><path id=\"Path_6507\" data-name=\"Path 6507\" d=\"M14.392,101.42l-.479-.482a.8.8,0,0,0-1.132,0L7.316,106.4l-5.472-5.472a.8.8,0,0,0-1.132,0l-.479.479a.8.8,0,0,0,0,1.131l6.515,6.538a.818.818,0,0,0,.567.257h0a.818.818,0,0,0,.566-.257l6.508-6.52a.808.808,0,0,0,.234-.571A.8.8,0,0,0,14.392,101.42Z\" transform=\"translate(0 -130.698)\"><\/path><\/g><\/g><\/svg>\t\t\t<\/a>\n\t\t<\/div>\n\t\t\t\t<\/div>\n\t\t\t\t<\/div>\n\t\t\t\t<div class=\"elementor-element elementor-element-73bf6e9 sc_fly_static elementor-widget elementor-widget-spacer\" data-id=\"73bf6e9\" data-element_type=\"widget\" data-widget_type=\"spacer.default\">\n\t\t\t\t<div class=\"elementor-widget-container\">\n\t\t\t\t\t<div class=\"elementor-spacer\">\n\t\t\t<div class=\"elementor-spacer-inner\"><\/div>\n\t\t<\/div>\n\t\t\t\t<\/div>\n\t\t\t\t<\/div>\n\t\t\t\t\t<\/div>\n\t\t<\/div>\n\t\t\t\t\t\t\t<\/div>\n\t\t<\/section>\n\t\t\t\t\t<\/div>\n\t\t<\/div>\n\t\t\t\t\t\t\t<\/div>\n\t\t<\/section>\n\t\t\t\t<section class=\"elementor-section elementor-top-section elementor-element elementor-element-076779a elementor-section-stretched scheme_default elementor-section-boxed elementor-section-height-default elementor-section-height-default sc_fly_static\" data-id=\"076779a\" data-element_type=\"section\" data-settings=\"{&quot;stretch_section&quot;:&quot;section-stretched&quot;,&quot;background_background&quot;:&quot;classic&quot;}\">\n\t\t\t\t\t\t<div class=\"elementor-container elementor-column-gap-extended\">\n\t\t\t\t\t<div class=\"elementor-column elementor-col-100 elementor-top-column elementor-element elementor-element-cc58516 sc_inner_width_none sc_content_align_inherit sc_layouts_column_icons_position_left sc_fly_static\" data-id=\"cc58516\" data-element_type=\"column\">\n\t\t\t<div class=\"elementor-widget-wrap elementor-element-populated\">\n\t\t\t\t\t\t\t\t<div class=\"elementor-element elementor-element-87c1a09 sc_height_medium sc_fly_static elementor-widget elementor-widget-spacer\" data-id=\"87c1a09\" data-element_type=\"widget\" data-widget_type=\"spacer.default\">\n\t\t\t\t<div class=\"elementor-widget-container\">\n\t\t\t\t\t<div class=\"elementor-spacer\">\n\t\t\t<div class=\"elementor-spacer-inner\"><\/div>\n\t\t<\/div>\n\t\t\t\t<\/div>\n\t\t\t\t<\/div>\n\t\t\t\t<section class=\"elementor-section elementor-inner-section elementor-element elementor-element-b7e4835 elementor-section-boxed elementor-section-height-default elementor-section-height-default sc_fly_static\" data-id=\"b7e4835\" data-element_type=\"section\" id=\"anchor\">\n\t\t\t\t\t\t<div class=\"elementor-container elementor-column-gap-extended\">\n\t\t\t\t\t<div class=\"elementor-column elementor-col-16 elementor-inner-column elementor-element elementor-element-ee8667e sc_inner_width_none sc_content_align_inherit sc_layouts_column_icons_position_left sc_fly_static\" data-id=\"ee8667e\" data-element_type=\"column\">\n\t\t\t<div class=\"elementor-widget-wrap\">\n\t\t\t\t\t\t\t\t\t<\/div>\n\t\t<\/div>\n\t\t\t\t<div class=\"elementor-column elementor-col-66 elementor-inner-column elementor-element elementor-element-caf3087 sc_inner_width_none sc_content_align_inherit sc_layouts_column_icons_position_left sc_fly_static\" data-id=\"caf3087\" data-element_type=\"column\">\n\t\t\t<div class=\"elementor-widget-wrap elementor-element-populated\">\n\t\t\t\t\t\t\t\t<div class=\"elementor-element elementor-element-ca0ee5d sc_fly_static elementor-widget elementor-widget-trx_sc_title\" data-id=\"ca0ee5d\" data-element_type=\"widget\" data-widget_type=\"trx_sc_title.default\">\n\t\t\t\t<div class=\"elementor-widget-container\">\n\t\t\t<div\t\tclass=\"sc_title sc_title_accent\" ><span class=\"sc_item_subtitle sc_title_subtitle sc_align_center sc_item_subtitle_above sc_item_title_style_accent\">TRA\u0309I NGHI\u00ca\u0323M DU THUY\u00ca\u0300N \u0110\u00d4\u0323C \u0110A\u0301O TR\u00caN DU THUY\u00ca\u0300N TRO\u0323N GO\u0301I \u0110\u00c2\u0300U TI\u00caN TA\u0323I VI\u00ca\u0323T NAM<\/span><h2 class=\"sc_item_title sc_title_title sc_align_center sc_item_title_style_accent sc_item_title_tag\"\n\t\t\t><span class=\"sc_item_title_text\">Gi\u1ea3i tri\u0301 tr\u00ean thuy\u00ea\u0300n<\/span><\/h2><\/div>\t\t<\/div>\n\t\t\t\t<\/div>\n\t\t\t\t\t<\/div>\n\t\t<\/div>\n\t\t\t\t<div class=\"elementor-column elementor-col-16 elementor-inner-column elementor-element elementor-element-352c34d sc_inner_width_none sc_content_align_inherit sc_layouts_column_icons_position_left sc_fly_static\" data-id=\"352c34d\" data-element_type=\"column\">\n\t\t\t<div class=\"elementor-widget-wrap\">\n\t\t\t\t\t\t\t\t\t<\/div>\n\t\t<\/div>\n\t\t\t\t\t\t\t<\/div>\n\t\t<\/section>\n\t\t\t\t\t<\/div>\n\t\t<\/div>\n\t\t\t\t\t\t\t<\/div>\n\t\t<\/section>\n\t\t\t\t<section class=\"elementor-section elementor-top-section elementor-element elementor-element-8c75c70 elementor-section-stretched scheme_default elementor-section-boxed elementor-section-height-default elementor-section-height-default sc_fly_static\" data-id=\"8c75c70\" data-element_type=\"section\" data-settings=\"{&quot;stretch_section&quot;:&quot;section-stretched&quot;,&quot;background_background&quot;:&quot;classic&quot;}\">\n\t\t\t\t\t\t<div class=\"elementor-container elementor-column-gap-extended\">\n\t\t\t\t\t<div class=\"elementor-column elementor-col-100 elementor-top-column elementor-element elementor-element-70bcf09 sc_inner_width_none sc_content_align_inherit sc_layouts_column_icons_position_left sc_fly_static\" data-id=\"70bcf09\" data-element_type=\"column\">\n\t\t\t<div class=\"elementor-widget-wrap elementor-element-populated\">\n\t\t\t\t\t\t\t\t<div class=\"elementor-element elementor-element-7c2b510 sc_height_medium sc_fly_static elementor-widget elementor-widget-spacer\" data-id=\"7c2b510\" data-element_type=\"widget\" data-widget_type=\"spacer.default\">\n\t\t\t\t<div class=\"elementor-widget-container\">\n\t\t\t\t\t<div class=\"elementor-spacer\">\n\t\t\t<div class=\"elementor-spacer-inner\"><\/div>\n\t\t<\/div>\n\t\t\t\t<\/div>\n\t\t\t\t<\/div>\n\t\t\t\t<div class=\"elementor-element elementor-element-b2af2cb sc_fly_static elementor-widget elementor-widget-trx_widget_slider\" data-id=\"b2af2cb\" data-element_type=\"widget\" data-widget_type=\"trx_widget_slider.default\">\n\t\t\t\t<div class=\"elementor-widget-container\">\n\t\t\t<div class=\"widget_area sc_widget_slider\"><aside class=\"widget widget_slider\">\t\t\t<div class=\"slider_wrap slider_engine_swiper\">\n\t\t\t\t<div class=\"slider_outer slider_swiper_outer slider_style_default slider_outer_direction_horizontal slider_outer_multi slider_outer_nopagination slider_outer_controls slider_outer_controls_side slider_outer_nocentered slider_outer_overflow_visible slider_outer_notitles\"><div class=\"slider_container slider_swiper swiper-slider-container slider_controls slider_controls_side slider_nocentered slider_overflow_visible slider_notitles slider_noresize slider_swipe slider_height_auto slider_direction_horizontal slider_nopagination slider_multi slider_type_images\" data-ratio=\"16:9\" data-interval=\"7000\" data-speed=\"600\" data-effect=\"swap\" data-pagination=\"bullets\" data-direction=\"horizontal\" data-slides-per-view=\"2\" data-slides-space=\"60\" data-slides-centered=\"0\" data-slides-overflow=\"1\" data-mouse-wheel=\"0\" data-autoplay=\"1\" data-loop=\"1\" data-free-mode=\"0\" data-slides-min-width=\"220\"><div class=\"slider-wrapper swiper-wrapper\"><div  class=\"slider-slide swiper-slide\" data-image=\"\/\/emperorcruises.com\/wp-content\/uploads\/2022\/06\/Sundeck-Lifestyle-11-2.jpg\" style=\"\"><img src=\"\/\/emperorcruises.com\/wp-content\/uploads\/2022\/06\/Sundeck-Lifestyle-11-2.jpg\" alt=\"\"><\/div><div  class=\"slider-slide swiper-slide\" data-image=\"\/\/emperorcruises.com\/wp-content\/uploads\/2022\/06\/PX_01170.jpg\" style=\"\"><img src=\"\/\/emperorcruises.com\/wp-content\/uploads\/2022\/06\/PX_01170.jpg\" alt=\"\"><\/div><div  class=\"slider-slide swiper-slide\" data-image=\"\/\/emperorcruises.com\/wp-content\/uploads\/2022\/06\/emperor_cruises016-1-768x512-1.jpg\" style=\"\"><img src=\"\/\/emperorcruises.com\/wp-content\/uploads\/2022\/06\/emperor_cruises016-1-768x512-1.jpg\" alt=\"\"><\/div><div  class=\"slider-slide swiper-slide\" data-image=\"\/\/emperorcruises.com\/wp-content\/uploads\/2022\/06\/DSC03557.jpg\" style=\"\"><img src=\"\/\/emperorcruises.com\/wp-content\/uploads\/2022\/06\/DSC03557.jpg\" alt=\"\"><\/div><div  class=\"slider-slide swiper-slide\" data-image=\"\/\/emperorcruises.com\/wp-content\/uploads\/2022\/06\/Living-room-Royal-suite-1.jpg\" style=\"\"><img src=\"\/\/emperorcruises.com\/wp-content\/uploads\/2022\/06\/Living-room-Royal-suite-1.jpg\" alt=\"\"><\/div><div  class=\"slider-slide swiper-slide\" data-image=\"\/\/emperorcruises.com\/wp-content\/uploads\/2022\/06\/Fitness-Center-1.jpg\" style=\"\"><img src=\"\/\/emperorcruises.com\/wp-content\/uploads\/2022\/06\/Fitness-Center-1.jpg\" alt=\"\"><\/div><\/div><div class=\"slider_controls_wrap\"><a class=\"slider_prev swiper-button-prev\" href=\"#\"><\/a><a class=\"slider_next swiper-button-next\" href=\"#\"><\/a><\/div><\/div><\/div>\t\t\t<\/div>\n\t\t\t<\/aside><\/div>\t\t<\/div>\n\t\t\t\t<\/div>\n\t\t\t\t\t<\/div>\n\t\t<\/div>\n\t\t\t\t\t\t\t<\/div>\n\t\t<\/section>\n\t\t\t\t<section class=\"elementor-section elementor-top-section elementor-element elementor-element-469befa elementor-section-stretched scheme_default elementor-section-boxed elementor-section-height-default elementor-section-height-default sc_fly_static\" data-id=\"469befa\" data-element_type=\"section\" data-settings=\"{&quot;stretch_section&quot;:&quot;section-stretched&quot;,&quot;background_background&quot;:&quot;classic&quot;}\">\n\t\t\t\t\t\t<div class=\"elementor-container elementor-column-gap-extended\">\n\t\t\t\t\t<div class=\"elementor-column elementor-col-100 elementor-top-column elementor-element elementor-element-f082b81 sc_inner_width_none sc_content_align_inherit sc_layouts_column_icons_position_left sc_fly_static\" data-id=\"f082b81\" data-element_type=\"column\">\n\t\t\t<div class=\"elementor-widget-wrap elementor-element-populated\">\n\t\t\t\t\t\t\t\t<div class=\"elementor-element elementor-element-4f26d7f sc_height_medium sc_fly_static elementor-widget elementor-widget-spacer\" data-id=\"4f26d7f\" data-element_type=\"widget\" data-widget_type=\"spacer.default\">\n\t\t\t\t<div class=\"elementor-widget-container\">\n\t\t\t\t\t<div class=\"elementor-spacer\">\n\t\t\t<div class=\"elementor-spacer-inner\"><\/div>\n\t\t<\/div>\n\t\t\t\t<\/div>\n\t\t\t\t<\/div>\n\t\t\t\t<section class=\"elementor-section elementor-inner-section elementor-element elementor-element-c0839cc elementor-section-boxed elementor-section-height-default elementor-section-height-default sc_fly_static\" data-id=\"c0839cc\" data-element_type=\"section\">\n\t\t\t\t\t\t<div class=\"elementor-container elementor-column-gap-extended\">\n\t\t\t\t\t<div class=\"elementor-column elementor-col-100 elementor-inner-column elementor-element elementor-element-21715d4 sc_inner_width_none sc_content_align_inherit sc_layouts_column_icons_position_left sc_fly_static\" data-id=\"21715d4\" data-element_type=\"column\">\n\t\t\t<div class=\"elementor-widget-wrap elementor-element-populated\">\n\t\t\t\t\t\t\t\t<div class=\"elementor-element elementor-element-f60ca26 sc_fly_static elementor-widget elementor-widget-text-editor\" data-id=\"f60ca26\" data-element_type=\"widget\" data-widget_type=\"text-editor.default\">\n\t\t\t\t<div class=\"elementor-widget-container\">\n\t\t\t<style>\/*! elementor - v3.7.8 - 02-10-2022 *\/\n.elementor-widget-text-editor.elementor-drop-cap-view-stacked .elementor-drop-cap{background-color:#818a91;color:#fff}.elementor-widget-text-editor.elementor-drop-cap-view-framed .elementor-drop-cap{color:#818a91;border:3px solid;background-color:transparent}.elementor-widget-text-editor:not(.elementor-drop-cap-view-default) .elementor-drop-cap{margin-top:8px}.elementor-widget-text-editor:not(.elementor-drop-cap-view-default) .elementor-drop-cap-letter{width:1em;height:1em}.elementor-widget-text-editor .elementor-drop-cap{float:left;text-align:center;line-height:1;font-size:50px}.elementor-widget-text-editor .elementor-drop-cap-letter{display:inline-block}<\/style>\t\t\t\t<ul><li style=\"text-align: justify;\">Nh\u1ea1c s\u1ed1ng v\u00e0o cu\u1ed1i tu\u1ea7n<\/li><li style=\"text-align: justify;\">Gi\u1ea3i tr\u00ed d\u00e2n gian \u0111\u1ecba ph\u01b0\u01a1ng v\u00e0 khu v\u1ef1c<\/li><li style=\"text-align: justify;\">R\u1ea1p chi\u1ebfu phim, bar v\u00e0 karaoke<\/li><li style=\"text-align: justify;\">Truy\u1ec1n h\u00ecnh m\u00e0n h\u00ecnh ph\u1eb3ng t\u01b0\u01a1ng t\u00e1c trong m\u1ed7i pho\u0300ng v\u1edbi th\u01b0 vi\u1ec7n phim l\u01a1\u0301n va\u0300 mi\u1ec5n ph\u00ed theo y\u00eau c\u1ea7u<\/li><li style=\"text-align: justify;\">Th\u1eed r\u01b0\u1ee3u<\/li><li style=\"text-align: justify;\">Tr\u00ecnh di\u1ec5n \u1ea9m th\u1ef1c<\/li><li style=\"text-align: justify;\">Tr\u00e0 chi\u1ec1u ho\u1eb7c cocktail \u0111\u00f3n ho\u00e0ng h\u00f4n<\/li><li style=\"text-align: justify;\">Tr\u00ecnh di\u1ec5n c\u00e0 ph\u00ea<\/li><li>Th\u01b0 vi\u1ec7n sa\u0301ch, ta\u0323p chi\u0301<\/li><li>Cafe internet<\/li><li>Trung t\u00e2m th\u1ec3 h\u00ecnh v\u00e0 spa<\/li><li>Qu\u00e1n bar v\u00e0 ph\u00f2ng ch\u1edd<\/li><li>Khu v\u1ef1c ch\u01a1i cho tre\u0309 em<\/li><li>Thi\u1ebft b\u1ecb c\u00e2u m\u1ef1c<\/li><li>\u0110\u1ea5u gi\u00e1 ngh\u1ec7 thu\u1eadt, gi\u1ea3ng vi\u00ean m\u1ef9 thu\u1eadt v\u00e0 tri\u1ec3n l\u00e3m tranh n\u1ed5i ti\u1ebfng c\u1ee7a Ph\u1ea1m L\u1ee5c v\u00e0 B\u00f9i H\u1eefu H\u01b0ng, Ph\u1ea1m Ho\u00e0ng V\u0103n, nh\u00e0 s\u01b0u t\u1eadp Ph\u1ea1m Ph\u00fac v\u00e0 Ph\u1ea1m H\u00e0<\/li><\/ul>\t\t\t\t\t\t<\/div>\n\t\t\t\t<\/div>\n\t\t\t\t<div class=\"elementor-element elementor-element-717621b sc_fly_static elementor-widget elementor-widget-spacer\" data-id=\"717621b\" data-element_type=\"widget\" data-widget_type=\"spacer.default\">\n\t\t\t\t<div class=\"elementor-widget-container\">\n\t\t\t\t\t<div class=\"elementor-spacer\">\n\t\t\t<div class=\"elementor-spacer-inner\"><\/div>\n\t\t<\/div>\n\t\t\t\t<\/div>\n\t\t\t\t<\/div>\n\t\t\t\t\t<\/div>\n\t\t<\/div>\n\t\t\t\t\t\t\t<\/div>\n\t\t<\/section>\n\t\t\t\t\t<\/div>\n\t\t<\/div>\n\t\t\t\t\t\t\t<\/div>\n\t\t<\/section>\n\t\t\t\t<section class=\"elementor-section elementor-top-section elementor-element elementor-element-e882f22 elementor-section-full_width elementor-section-stretched elementor-section-height-default elementor-section-height-default sc_fly_static\" data-id=\"e882f22\" data-element_type=\"section\" data-settings=\"{&quot;background_background&quot;:&quot;classic&quot;,&quot;stretch_section&quot;:&quot;section-stretched&quot;}\">\n\t\t\t\t\t\t\t<div class=\"elementor-background-overlay\"><\/div>\n\t\t\t\t\t\t\t<div class=\"elementor-container elementor-column-gap-no\">\n\t\t\t\t\t<div class=\"elementor-column elementor-col-100 elementor-top-column elementor-element elementor-element-dbcb7a2 sc_inner_width_none sc_content_align_inherit sc_layouts_column_icons_position_left sc_fly_static\" data-id=\"dbcb7a2\" data-element_type=\"column\">\n\t\t\t<div class=\"elementor-widget-wrap elementor-element-populated\">\n\t\t\t\t\t\t\t\t<div class=\"elementor-element elementor-element-f0e9b8e sc_layouts_hide_on_mobile sc_fly_static elementor-widget elementor-widget-spacer\" data-id=\"f0e9b8e\" data-element_type=\"widget\" data-widget_type=\"spacer.default\">\n\t\t\t\t<div class=\"elementor-widget-container\">\n\t\t\t\t\t<div class=\"elementor-spacer\">\n\t\t\t<div class=\"elementor-spacer-inner\"><\/div>\n\t\t<\/div>\n\t\t\t\t<\/div>\n\t\t\t\t<\/div>\n\t\t\t\t\t<\/div>\n\t\t<\/div>\n\t\t\t\t\t\t\t<\/div>\n\t\t<\/section>\n\t\t\t\t\t\t\t<\/div>\n\t\t","protected":false},"excerpt":{"rendered":"<p>CU\u1ed8C S\u1ed0NG DU THUY\u1ec0N Gi\u1ea3i tri\u0301 tr\u00ean thuy\u00ea\u0300n TRA\u0309I NGHI\u00ca\u0323M DU THUY\u00ca\u0300N \u0110\u00d4\u0323C \u0110A\u0301O TR\u00caN DU THUY\u00ca\u0300N TRO\u0323N GO\u0301I \u0110\u00c2\u0300U TI\u00caN TA\u0323I VI\u00ca\u0323T NAM Gi\u1ea3i tri\u0301 tr\u00ean thuy\u00ea\u0300n Nh\u1ea1c s\u1ed1ng&hellip;<\/p>\n","protected":false},"author":1,"featured_media":22633,"parent":0,"menu_order":0,"comment_status":"closed","ping_status":"closed","template":"","meta":[],"_links":{"self":[{"href":"https:\/\/emperorcruises.com\/vi\/wp-json\/wp\/v2\/pages\/23862"}],"collection":[{"href":"https:\/\/emperorcruises.com\/vi\/wp-json\/wp\/v2\/pages"}],"about":[{"href":"https:\/\/emperorcruises.com\/vi\/wp-json\/wp\/v2\/types\/page"}],"author":[{"embeddable":true,"href":"https:\/\/emperorcruises.com\/vi\/wp-json\/wp\/v2\/users\/1"}],"replies":[{"embeddable":true,"href":"https:\/\/emperorcruises.com\/vi\/wp-json\/wp\/v2\/comments?post=23862"}],"version-history":[{"count":10,"href":"https:\/\/emperorcruises.com\/vi\/wp-json\/wp\/v2\/pages\/23862\/revisions"}],"predecessor-version":[{"id":26199,"href":"https:\/\/emperorcruises.com\/vi\/wp-json\/wp\/v2\/pages\/23862\/revisions\/26199"}],"wp:featuredmedia":[{"embeddable":true,"href":"https:\/\/emperorcruises.com\/vi\/wp-json\/wp\/v2\/media\/22633"}],"wp:attachment":[{"href":"https:\/\/emperorcruises.com\/vi\/wp-json\/wp\/v2\/media?parent=23862"}],"curies":[{"name":"wp","href":"https:\/\/api.w.org\/{rel}","templated":true}]}}