{"id":23853,"date":"2022-06-08T07:28:35","date_gmt":"2022-06-08T07:28:35","guid":{"rendered":"https:\/\/2023.emperorcruises.com\/the-moment-lounge-sails\/"},"modified":"2022-07-27T09:03:52","modified_gmt":"2022-07-27T09:03:52","slug":"khu-thu-gian-khoanh-khac-va-canh-buom","status":"publish","type":"page","link":"https:\/\/emperorcruises.com\/vi\/khu-thu-gian-khoanh-khac-va-canh-buom\/","title":{"rendered":"Khu th\u01b0 gi\u00e3n Kho\u1ea3nh kh\u1eafc v\u00e0 C\u00e1nh bu\u1ed3m"},"content":{"rendered":"\t\t<div data-elementor-type=\"wp-page\" data-elementor-id=\"23853\" class=\"elementor elementor-23853 elementor-20265\">\n\t\t\t\t\t\t\t\t\t<section class=\"elementor-section elementor-top-section elementor-element elementor-element-3a36902 elementor-section-full_width elementor-section-height-min-height elementor-section-items-bottom elementor-section-stretched elementor-section-height-default sc_fly_static\" data-id=\"3a36902\" data-element_type=\"section\" data-settings=\"{&quot;background_background&quot;:&quot;classic&quot;,&quot;stretch_section&quot;:&quot;section-stretched&quot;}\">\n\t\t\t\t\t\t\t<div class=\"elementor-background-overlay\"><\/div>\n\t\t\t\t\t\t\t<div class=\"elementor-container elementor-column-gap-no\">\n\t\t\t\t\t<div class=\"elementor-column elementor-col-100 elementor-top-column elementor-element elementor-element-9fb4331 sc_inner_width_none sc_content_align_inherit sc_layouts_column_icons_position_left sc_fly_static\" data-id=\"9fb4331\" data-element_type=\"column\">\n\t\t\t<div class=\"elementor-widget-wrap elementor-element-populated\">\n\t\t\t\t\t\t\t\t<div class=\"elementor-element elementor-element-3769f12 sc_fly_static elementor-widget elementor-widget-spacer\" data-id=\"3769f12\" data-element_type=\"widget\" data-widget_type=\"spacer.default\">\n\t\t\t\t<div class=\"elementor-widget-container\">\n\t\t\t<style>\/*! elementor - v3.7.8 - 02-10-2022 *\/\n.elementor-column .elementor-spacer-inner{height:var(--spacer-size)}.e-container{--container-widget-width:100%}.e-container>.elementor-widget-spacer{width:var(--container-widget-width,var(--spacer-size));-ms-flex-item-align:stretch;align-self:stretch;-ms-flex-negative:0;flex-shrink:0}.e-container>.elementor-widget-spacer>.elementor-widget-container,.e-container>.elementor-widget-spacer>.elementor-widget-container>.elementor-spacer{height:100%}.e-container>.elementor-widget-spacer>.elementor-widget-container>.elementor-spacer>.elementor-spacer-inner{height:var(--container-widget-height,var(--spacer-size))}<\/style>\t\t<div class=\"elementor-spacer\">\n\t\t\t<div class=\"elementor-spacer-inner\"><\/div>\n\t\t<\/div>\n\t\t\t\t<\/div>\n\t\t\t\t<\/div>\n\t\t\t\t<div class=\"elementor-element elementor-element-d90b52e sc_fly_static elementor-widget elementor-widget-trx_sc_title\" data-id=\"d90b52e\" data-element_type=\"widget\" data-widget_type=\"trx_sc_title.default\">\n\t\t\t\t<div class=\"elementor-widget-container\">\n\t\t\t<div\t\tclass=\"sc_title color_style_link3 sc_title_default\" ><span class=\"sc_item_subtitle sc_title_subtitle sc_align_center sc_item_subtitle_above sc_item_title_style_default\">CU\u1ed8C S\u1ed0NG DU THUY\u1ec0N<\/span><h1 class=\"sc_item_title sc_title_title sc_align_center sc_item_title_style_default sc_item_title_tag trx_addons_inline_545633055\"\n\t\t\t><span class=\"sc_item_title_text\">Khu th\u01b0 gi\u00e3n Kho\u1ea3nh kh\u1eafc v\u00e0 C\u00e1nh bu\u1ed3m<\/span><\/h1><\/div>\t\t<\/div>\n\t\t\t\t<\/div>\n\t\t\t\t<div class=\"elementor-element elementor-element-ad1cca8 sc_fly_static elementor-widget elementor-widget-spacer\" data-id=\"ad1cca8\" data-element_type=\"widget\" data-widget_type=\"spacer.default\">\n\t\t\t\t<div class=\"elementor-widget-container\">\n\t\t\t\t\t<div class=\"elementor-spacer\">\n\t\t\t<div class=\"elementor-spacer-inner\"><\/div>\n\t\t<\/div>\n\t\t\t\t<\/div>\n\t\t\t\t<\/div>\n\t\t\t\t<section class=\"elementor-section elementor-inner-section elementor-element elementor-element-3af5f09 elementor-section-boxed elementor-section-height-default elementor-section-height-default sc_fly_static\" data-id=\"3af5f09\" data-element_type=\"section\">\n\t\t\t\t\t\t<div class=\"elementor-container elementor-column-gap-extended\">\n\t\t\t\t\t<div class=\"elementor-column elementor-col-100 elementor-inner-column elementor-element elementor-element-06df3b2 sc_inner_width_none sc_content_align_inherit sc_layouts_column_icons_position_left sc_fly_static\" data-id=\"06df3b2\" data-element_type=\"column\">\n\t\t\t<div class=\"elementor-widget-wrap elementor-element-populated\">\n\t\t\t\t\t\t\t\t<div class=\"elementor-element elementor-element-38ba800 elementor-view-default sc_fly_static elementor-widget elementor-widget-icon\" data-id=\"38ba800\" data-element_type=\"widget\" data-widget_type=\"icon.default\">\n\t\t\t\t<div class=\"elementor-widget-container\">\n\t\t\t\t\t<div class=\"elementor-icon-wrapper\">\n\t\t\t<a class=\"elementor-icon\" href=\"#anchor\">\n\t\t\t<svg xmlns=\"http:\/\/www.w3.org\/2000\/svg\" width=\"14.626\" height=\"8.639\" viewBox=\"0 0 14.626 8.639\"><g id=\"down-arrow\" transform=\"translate(0 -70.698)\"><g id=\"Group_8820\" data-name=\"Group 8820\" transform=\"translate(0 100.698)\"><path id=\"Path_6507\" data-name=\"Path 6507\" d=\"M14.392,101.42l-.479-.482a.8.8,0,0,0-1.132,0L7.316,106.4l-5.472-5.472a.8.8,0,0,0-1.132,0l-.479.479a.8.8,0,0,0,0,1.131l6.515,6.538a.818.818,0,0,0,.567.257h0a.818.818,0,0,0,.566-.257l6.508-6.52a.808.808,0,0,0,.234-.571A.8.8,0,0,0,14.392,101.42Z\" transform=\"translate(0 -130.698)\"><\/path><\/g><\/g><\/svg>\t\t\t<\/a>\n\t\t<\/div>\n\t\t\t\t<\/div>\n\t\t\t\t<\/div>\n\t\t\t\t<div class=\"elementor-element elementor-element-73bf6e9 sc_fly_static elementor-widget elementor-widget-spacer\" data-id=\"73bf6e9\" data-element_type=\"widget\" data-widget_type=\"spacer.default\">\n\t\t\t\t<div class=\"elementor-widget-container\">\n\t\t\t\t\t<div class=\"elementor-spacer\">\n\t\t\t<div class=\"elementor-spacer-inner\"><\/div>\n\t\t<\/div>\n\t\t\t\t<\/div>\n\t\t\t\t<\/div>\n\t\t\t\t\t<\/div>\n\t\t<\/div>\n\t\t\t\t\t\t\t<\/div>\n\t\t<\/section>\n\t\t\t\t\t<\/div>\n\t\t<\/div>\n\t\t\t\t\t\t\t<\/div>\n\t\t<\/section>\n\t\t\t\t<section class=\"elementor-section elementor-top-section elementor-element elementor-element-076779a elementor-section-stretched scheme_default elementor-section-boxed elementor-section-height-default elementor-section-height-default sc_fly_static\" data-id=\"076779a\" data-element_type=\"section\" data-settings=\"{&quot;stretch_section&quot;:&quot;section-stretched&quot;,&quot;background_background&quot;:&quot;classic&quot;}\">\n\t\t\t\t\t\t<div class=\"elementor-container elementor-column-gap-extended\">\n\t\t\t\t\t<div class=\"elementor-column elementor-col-100 elementor-top-column elementor-element elementor-element-cc58516 sc_inner_width_none sc_content_align_inherit sc_layouts_column_icons_position_left sc_fly_static\" data-id=\"cc58516\" data-element_type=\"column\">\n\t\t\t<div class=\"elementor-widget-wrap elementor-element-populated\">\n\t\t\t\t\t\t\t\t<div class=\"elementor-element elementor-element-87c1a09 sc_height_medium sc_fly_static elementor-widget elementor-widget-spacer\" data-id=\"87c1a09\" data-element_type=\"widget\" data-widget_type=\"spacer.default\">\n\t\t\t\t<div class=\"elementor-widget-container\">\n\t\t\t\t\t<div class=\"elementor-spacer\">\n\t\t\t<div class=\"elementor-spacer-inner\"><\/div>\n\t\t<\/div>\n\t\t\t\t<\/div>\n\t\t\t\t<\/div>\n\t\t\t\t<section class=\"elementor-section elementor-inner-section elementor-element elementor-element-b7e4835 elementor-section-boxed elementor-section-height-default elementor-section-height-default sc_fly_static\" data-id=\"b7e4835\" data-element_type=\"section\" id=\"anchor\">\n\t\t\t\t\t\t<div class=\"elementor-container elementor-column-gap-extended\">\n\t\t\t\t\t<div class=\"elementor-column elementor-col-16 elementor-inner-column elementor-element elementor-element-ee8667e sc_inner_width_none sc_content_align_inherit sc_layouts_column_icons_position_left sc_fly_static\" data-id=\"ee8667e\" data-element_type=\"column\">\n\t\t\t<div class=\"elementor-widget-wrap\">\n\t\t\t\t\t\t\t\t\t<\/div>\n\t\t<\/div>\n\t\t\t\t<div class=\"elementor-column elementor-col-66 elementor-inner-column elementor-element elementor-element-caf3087 sc_inner_width_none sc_content_align_inherit sc_layouts_column_icons_position_left sc_fly_static\" data-id=\"caf3087\" data-element_type=\"column\">\n\t\t\t<div class=\"elementor-widget-wrap elementor-element-populated\">\n\t\t\t\t\t\t\t\t<div class=\"elementor-element elementor-element-ca0ee5d sc_fly_static elementor-widget elementor-widget-trx_sc_title\" data-id=\"ca0ee5d\" data-element_type=\"widget\" data-widget_type=\"trx_sc_title.default\">\n\t\t\t\t<div class=\"elementor-widget-container\">\n\t\t\t<div\t\tclass=\"sc_title sc_title_accent\" ><span class=\"sc_item_subtitle sc_title_subtitle sc_align_center sc_item_subtitle_above sc_item_title_style_accent\">TRA\u0309I NGHI\u00ca\u0323M DU THUY\u00ca\u0300N \u0110\u00d4\u0323C \u0110A\u0301O TR\u00caN DU THUY\u00ca\u0300N TRO\u0323N GO\u0301I \u0110\u00c2\u0300U TI\u00caN TA\u0323I VI\u00ca\u0323T NAM<\/span><h2 class=\"sc_item_title sc_title_title sc_align_center sc_item_title_style_accent sc_item_title_tag\"\n\t\t\t><span class=\"sc_item_title_text\">Khu th\u01b0 gi\u00e3n Kho\u1ea3nh kh\u1eafc v\u00e0 C\u00e1nh bu\u1ed3m<\/span><\/h2><\/div>\t\t<\/div>\n\t\t\t\t<\/div>\n\t\t\t\t\t<\/div>\n\t\t<\/div>\n\t\t\t\t<div class=\"elementor-column elementor-col-16 elementor-inner-column elementor-element elementor-element-352c34d sc_inner_width_none sc_content_align_inherit sc_layouts_column_icons_position_left sc_fly_static\" data-id=\"352c34d\" data-element_type=\"column\">\n\t\t\t<div class=\"elementor-widget-wrap\">\n\t\t\t\t\t\t\t\t\t<\/div>\n\t\t<\/div>\n\t\t\t\t\t\t\t<\/div>\n\t\t<\/section>\n\t\t\t\t\t<\/div>\n\t\t<\/div>\n\t\t\t\t\t\t\t<\/div>\n\t\t<\/section>\n\t\t\t\t<section class=\"elementor-section elementor-top-section elementor-element elementor-element-8c75c70 elementor-section-stretched scheme_default elementor-section-boxed elementor-section-height-default elementor-section-height-default sc_fly_static\" data-id=\"8c75c70\" data-element_type=\"section\" data-settings=\"{&quot;stretch_section&quot;:&quot;section-stretched&quot;,&quot;background_background&quot;:&quot;classic&quot;}\">\n\t\t\t\t\t\t<div class=\"elementor-container elementor-column-gap-extended\">\n\t\t\t\t\t<div class=\"elementor-column elementor-col-100 elementor-top-column elementor-element elementor-element-70bcf09 sc_inner_width_none sc_content_align_inherit sc_layouts_column_icons_position_left sc_fly_static\" data-id=\"70bcf09\" data-element_type=\"column\">\n\t\t\t<div class=\"elementor-widget-wrap elementor-element-populated\">\n\t\t\t\t\t\t\t\t<div class=\"elementor-element elementor-element-7c2b510 sc_height_medium sc_fly_static elementor-widget elementor-widget-spacer\" data-id=\"7c2b510\" data-element_type=\"widget\" data-widget_type=\"spacer.default\">\n\t\t\t\t<div class=\"elementor-widget-container\">\n\t\t\t\t\t<div class=\"elementor-spacer\">\n\t\t\t<div class=\"elementor-spacer-inner\"><\/div>\n\t\t<\/div>\n\t\t\t\t<\/div>\n\t\t\t\t<\/div>\n\t\t\t\t<div class=\"elementor-element elementor-element-b2af2cb sc_fly_static elementor-widget elementor-widget-trx_widget_slider\" data-id=\"b2af2cb\" data-element_type=\"widget\" data-widget_type=\"trx_widget_slider.default\">\n\t\t\t\t<div class=\"elementor-widget-container\">\n\t\t\t<div class=\"widget_area sc_widget_slider\"><aside class=\"widget widget_slider\">\t\t\t<div class=\"slider_wrap slider_engine_swiper\">\n\t\t\t\t<div class=\"slider_outer slider_swiper_outer slider_style_default slider_outer_direction_horizontal slider_outer_multi slider_outer_nopagination slider_outer_controls slider_outer_controls_side slider_outer_nocentered slider_outer_overflow_visible slider_outer_notitles\"><div class=\"slider_container slider_swiper swiper-slider-container slider_controls slider_controls_side slider_nocentered slider_overflow_visible slider_notitles slider_noresize slider_swipe slider_height_auto slider_direction_horizontal slider_nopagination slider_multi slider_type_images\" data-ratio=\"16:9\" data-interval=\"7000\" data-speed=\"600\" data-effect=\"swap\" data-pagination=\"bullets\" data-direction=\"horizontal\" data-slides-per-view=\"2\" data-slides-space=\"60\" data-slides-centered=\"0\" data-slides-overflow=\"1\" data-mouse-wheel=\"0\" data-autoplay=\"1\" data-loop=\"1\" data-free-mode=\"0\" data-slides-min-width=\"220\"><div class=\"slider-wrapper swiper-wrapper\"><div  class=\"slider-slide swiper-slide\" data-image=\"\/\/emperorcruises.com\/wp-content\/uploads\/2020\/04\/Sundeck-Lifestyle-1.jpg\" style=\"\"><img src=\"\/\/emperorcruises.com\/wp-content\/uploads\/2020\/04\/Sundeck-Lifestyle-1.jpg\" alt=\"\"><\/div><div  class=\"slider-slide swiper-slide\" data-image=\"\/\/emperorcruises.com\/wp-content\/uploads\/2022\/06\/Sundeck-Lifestyle-16.jpg\" style=\"\"><img src=\"\/\/emperorcruises.com\/wp-content\/uploads\/2022\/06\/Sundeck-Lifestyle-16.jpg\" alt=\"\"><\/div><div  class=\"slider-slide swiper-slide\" data-image=\"\/\/emperorcruises.com\/wp-content\/uploads\/2022\/06\/DSC03614CuongNg-.jpg\" style=\"\"><img src=\"\/\/emperorcruises.com\/wp-content\/uploads\/2022\/06\/DSC03614CuongNg-.jpg\" alt=\"\"><\/div><div  class=\"slider-slide swiper-slide\" data-image=\"\/\/emperorcruises.com\/wp-content\/uploads\/2022\/06\/Sundeck-Lifestyle-15.jpg\" style=\"\"><img src=\"\/\/emperorcruises.com\/wp-content\/uploads\/2022\/06\/Sundeck-Lifestyle-15.jpg\" alt=\"\"><\/div><div  class=\"slider-slide swiper-slide\" data-image=\"\/\/emperorcruises.com\/wp-content\/uploads\/2022\/06\/Sundeck-Lifestyle-20.jpg\" style=\"\"><img src=\"\/\/emperorcruises.com\/wp-content\/uploads\/2022\/06\/Sundeck-Lifestyle-20.jpg\" alt=\"\"><\/div><div  class=\"slider-slide swiper-slide\" data-image=\"\/\/emperorcruises.com\/wp-content\/uploads\/2022\/06\/Sundeck-Lifestyle-12.jpg\" style=\"\"><img src=\"\/\/emperorcruises.com\/wp-content\/uploads\/2022\/06\/Sundeck-Lifestyle-12.jpg\" alt=\"\"><\/div><\/div><div class=\"slider_controls_wrap\"><a class=\"slider_prev swiper-button-prev\" href=\"#\"><\/a><a class=\"slider_next swiper-button-next\" href=\"#\"><\/a><\/div><\/div><\/div>\t\t\t<\/div>\n\t\t\t<\/aside><\/div>\t\t<\/div>\n\t\t\t\t<\/div>\n\t\t\t\t\t<\/div>\n\t\t<\/div>\n\t\t\t\t\t\t\t<\/div>\n\t\t<\/section>\n\t\t\t\t<section class=\"elementor-section elementor-top-section elementor-element elementor-element-469befa elementor-section-stretched scheme_default elementor-section-boxed elementor-section-height-default elementor-section-height-default sc_fly_static\" data-id=\"469befa\" data-element_type=\"section\" data-settings=\"{&quot;stretch_section&quot;:&quot;section-stretched&quot;,&quot;background_background&quot;:&quot;classic&quot;}\">\n\t\t\t\t\t\t<div class=\"elementor-container elementor-column-gap-extended\">\n\t\t\t\t\t<div class=\"elementor-column elementor-col-100 elementor-top-column elementor-element elementor-element-f082b81 sc_inner_width_none sc_content_align_inherit sc_layouts_column_icons_position_left sc_fly_static\" data-id=\"f082b81\" data-element_type=\"column\">\n\t\t\t<div class=\"elementor-widget-wrap elementor-element-populated\">\n\t\t\t\t\t\t\t\t<div class=\"elementor-element elementor-element-4f26d7f sc_height_medium sc_fly_static elementor-widget elementor-widget-spacer\" data-id=\"4f26d7f\" data-element_type=\"widget\" data-widget_type=\"spacer.default\">\n\t\t\t\t<div class=\"elementor-widget-container\">\n\t\t\t\t\t<div class=\"elementor-spacer\">\n\t\t\t<div class=\"elementor-spacer-inner\"><\/div>\n\t\t<\/div>\n\t\t\t\t<\/div>\n\t\t\t\t<\/div>\n\t\t\t\t<section class=\"elementor-section elementor-inner-section elementor-element elementor-element-c0839cc elementor-section-boxed elementor-section-height-default elementor-section-height-default sc_fly_static\" data-id=\"c0839cc\" data-element_type=\"section\">\n\t\t\t\t\t\t<div class=\"elementor-container elementor-column-gap-extended\">\n\t\t\t\t\t<div class=\"elementor-column elementor-col-100 elementor-inner-column elementor-element elementor-element-21715d4 sc_inner_width_none sc_content_align_inherit sc_layouts_column_icons_position_left sc_fly_static\" data-id=\"21715d4\" data-element_type=\"column\">\n\t\t\t<div class=\"elementor-widget-wrap elementor-element-populated\">\n\t\t\t\t\t\t\t\t<div class=\"elementor-element elementor-element-f60ca26 sc_fly_static elementor-widget elementor-widget-text-editor\" data-id=\"f60ca26\" data-element_type=\"widget\" data-widget_type=\"text-editor.default\">\n\t\t\t\t<div class=\"elementor-widget-container\">\n\t\t\t<style>\/*! elementor - v3.7.8 - 02-10-2022 *\/\n.elementor-widget-text-editor.elementor-drop-cap-view-stacked .elementor-drop-cap{background-color:#818a91;color:#fff}.elementor-widget-text-editor.elementor-drop-cap-view-framed .elementor-drop-cap{color:#818a91;border:3px solid;background-color:transparent}.elementor-widget-text-editor:not(.elementor-drop-cap-view-default) .elementor-drop-cap{margin-top:8px}.elementor-widget-text-editor:not(.elementor-drop-cap-view-default) .elementor-drop-cap-letter{width:1em;height:1em}.elementor-widget-text-editor .elementor-drop-cap{float:left;text-align:center;line-height:1;font-size:50px}.elementor-widget-text-editor .elementor-drop-cap-letter{display:inline-block}<\/style>\t\t\t\t<h5 style=\"text-align: justify;\">H\u00e3y t\u1eadn h\u01b0\u1edfng t\u1eebng kho\u1ea3nh kh\u1eafc v\u00e0 t\u1ea1o n\u00ean nh\u1eefng k\u1ef7 ni\u1ec7m c\u1ee7a ri\u00eang b\u1ea1n!<\/h5><p style=\"text-align: justify;\">CNN \u0111\u00e3 ca ng\u1ee3i V\u1ecbnh H\u1ea1 Long v\u00ec \u201ckhung c\u1ea3nh ho\u00e0ng h\u00f4n ngo\u1ea1n m\u1ee5c\u201d, \u0111\u00e2y l\u00e0 \u0111i\u1ec3m \u0111\u1ebfn kh\u00f4ng th\u1ec3 b\u1ecf qua \u0111\u1ed1i v\u1edbi t\u1ea5t c\u1ea3 du kh\u00e1ch khi \u0111\u1ebfn v\u1edbi Vi\u1ec7t Nam. Trong c\u00e1c kho\u1ea3ng th\u1eddi gian kh\u00e1c nhau, V\u1ecbnh H\u1ea1 Long \u0111\u1ec1u c\u00f3 s\u1ee9c h\u1ea5p d\u1eabn r\u1ea5t ri\u00eang bi\u1ec7t.<\/p><p style=\"text-align: justify;\">V\u00e0o l\u00fac h\u1eebng \u0111\u00f4ng, nh\u1eefng tia n\u1eafng t\u1ecfa s\u00e1ng tr\u00ean b\u1ea7u tr\u1eddi l\u1ea5p l\u00e1nh t\u00e1n x\u1ea1 \u00e1nh s\u00e1ng v\u1edbi th\u1ee7y tri\u1ec1u \u0111ang \u0111ua nhau ch\u1ea1m t\u1edbi \u0111\u01b0\u1eddng ch\u00e2n tr\u1eddi, n\u01a1i m\u00e0 m\u1eb7t tr\u1eddi h\u00f9ng v\u0129 s\u1eebng s\u1eefng nh\u01b0 m\u1ed9t v\u1ecb th\u1ea7n, t\u1ea1o n\u00ean m\u1ed9t s\u1ef1 rung c\u1ea3m tr\u00e0n \u0111\u1ea7y n\u0103ng l\u01b0\u1ee3ng cho m\u1ed9t ng\u00e0y phi\u00eau l\u01b0u tr\u1ecdn v\u1eb9n.<\/p><p style=\"text-align: justify;\">Ng\u01b0\u1ee3c l\u1ea1i, ho\u00e0ng h\u00f4n mang \u0111\u1ebfn cho ta m\u1ed9t kh\u00f4ng gian v\u00f4 c\u00f9ng t\u0129nh l\u1eb7ng v\u00e0 y\u00ean b\u00ecnh, nh\u01b0 th\u1ec3 \u0111ang nh\u1eb9 nh\u00e0ng, d\u1ecbu d\u00e0ng xoa d\u1ecbu l\u1ea5y t\u00e2m h\u1ed3n m\u1ed7i ch\u00fang ta.<\/p><p style=\"text-align: justify;\">Qu\u1ea3 c\u1ea7u r\u1ef1c r\u1ee1 m\u00e0u h\u1ed5 ph\u00e1ch, th\u00eam ch\u00fat s\u1eafc cam ch\u00f3i l\u1ecdi t\u1eeb t\u1eeb ch\u00ecm xu\u1ed1ng th\u1ea5p d\u1ea7n tr\u00ean b\u1ea7u tr\u1eddi cho \u0111\u1ebfn khi n\u00f3 l\u1eb7n s\u00e2u xu\u1ed1ng \u0111\u01b0\u1eddng ch\u00e2n tr\u1eddi, v\u1ebd n\u00ean b\u1ea7u tr\u1eddi H\u1ea1 Long \u0111\u1ea7y m\u1ed9ng m\u01a1 th\u1eafm \u0111\u01b0\u1ee3m nh\u1eefng s\u1eafc m\u00e0u l\u1ed9ng l\u1eaby v\u00e0 \u0111\u1ecf r\u1ef1c tuy\u1ec7t \u0111\u1eb9p. M\u00e0u s\u1eafc nh\u1ea1t d\u1ea7n t\u1eeb m\u00e0u h\u1ea1t d\u1ebb \u0111\u1ebfn m\u00e0u h\u1ed3ng neon v\u00e0 m\u00e0u t\u00edm h\u00f9ng v\u0129.<\/p><p style=\"text-align: justify;\">B\u1ea7u tr\u1eddi r\u1ef1c m\u00e0u cam chuy\u1ec3n sang v\u00e0ng l\u1ea5p l\u00e1nh khi m\u1eb7t tr\u1eddi khu\u1ea5t d\u1ea7n v\u1ec1 ph\u00eda ch\u00e2n tr\u1eddi. B\u1ea7u tr\u1eddi chuy\u1ec3n t\u1eeb m\u00e0u xanh hoa ng\u00f4 sang m\u00e0u t\u00edm huy\u1ec1n \u1ea3o, \u0111i\u1ec3m xuy\u1ebft nh\u1eefng vi\u00ean kim c\u01b0\u01a1ng v\u00e0 \u0111\u01b0\u1ee3c trang tr\u00ed b\u1eb1ng m\u1ed9t qu\u1ea3 c\u1ea7u l\u1edbn b\u1eb1ng \u0111\u00e1 opal. Khung c\u1ea3nh ho\u00e0n h\u1ea3o c\u1ee7a nh\u1eefng h\u00f2n \u0111\u1ea3o \u0111\u00e1 v\u00f4i, nh\u1eefng du thuy\u1ec1n sang tr\u1ecdng v\u00e0 l\u00e0n n\u01b0\u1edbc m\u00e0u cam, t\u1ea5t c\u1ea3 \u0111\u00e3 t\u1ea1o n\u00ean b\u1ee9c tranh thi\u00ean nhi\u00ean tuy\u1ec7t \u0111\u1eb9p nh\u1ea5t t\u1eeb tr\u01b0\u1edbc \u0111\u1ebfn nay!<\/p><p style=\"text-align: justify;\">Ng\u01b0\u1eddi ta n\u00f3i r\u1eb1ng V\u1ecbnh H\u1ea1 Long v\u1edbi h\u01a1n 2000 h\u00f2n \u0111\u1ea3o l\u00e0 m\u00f3n qu\u00e0 v\u00f4 gi\u00e1 m\u00e0 m\u1eb9 thi\u00ean nhi\u00ean \u0111\u00e3 ban t\u1eb7ng cho Vi\u1ec7t Nam. Tr\u1ea3i nghi\u1ec7m du l\u1ecbch tr\u00ean du thuy\u1ec1n ngh\u1ec7 thu\u1eadt c\u00f9ng v\u1edbi ch\u00fang t\u00f4i, Qu\u00fd kh\u00e1ch s\u1ebd c\u00f3 c\u01a1 h\u1ed9i \u0111\u01b0\u1ee3c h\u00f2a m\u00ecnh gi\u1eefa thi\u00ean nhi\u00ean v\u1edbi nh\u1eefng h\u00f2n \u0111\u1ea3o xinh \u0111\u1eb9p, nh\u1eefng hang \u0111\u1ed9ng k\u00ec v\u0129, hay ng\u1eafm nh\u00ecn khung c\u1ea3nh ho\u00e0ng h\u00f4n ho\u1eb7c b\u00ecnh minh quy\u1ebfn r\u0169 t\u1eeb Moment Lounge tr\u00ean sundeck. H\u00e3y \u201cT\u1eadn h\u01b0\u1edfng t\u1eebng kho\u1ea3nh kh\u1eafc\u201d!<\/p>\t\t\t\t\t\t<\/div>\n\t\t\t\t<\/div>\n\t\t\t\t<div class=\"elementor-element elementor-element-717621b sc_fly_static elementor-widget elementor-widget-spacer\" data-id=\"717621b\" data-element_type=\"widget\" data-widget_type=\"spacer.default\">\n\t\t\t\t<div class=\"elementor-widget-container\">\n\t\t\t\t\t<div class=\"elementor-spacer\">\n\t\t\t<div class=\"elementor-spacer-inner\"><\/div>\n\t\t<\/div>\n\t\t\t\t<\/div>\n\t\t\t\t<\/div>\n\t\t\t\t\t<\/div>\n\t\t<\/div>\n\t\t\t\t\t\t\t<\/div>\n\t\t<\/section>\n\t\t\t\t\t<\/div>\n\t\t<\/div>\n\t\t\t\t\t\t\t<\/div>\n\t\t<\/section>\n\t\t\t\t<section class=\"elementor-section elementor-top-section elementor-element elementor-element-e882f22 elementor-section-full_width elementor-section-stretched elementor-section-height-default elementor-section-height-default sc_fly_static\" data-id=\"e882f22\" data-element_type=\"section\" data-settings=\"{&quot;background_background&quot;:&quot;classic&quot;,&quot;stretch_section&quot;:&quot;section-stretched&quot;}\">\n\t\t\t\t\t\t\t<div class=\"elementor-background-overlay\"><\/div>\n\t\t\t\t\t\t\t<div class=\"elementor-container elementor-column-gap-no\">\n\t\t\t\t\t<div class=\"elementor-column elementor-col-100 elementor-top-column elementor-element elementor-element-dbcb7a2 sc_inner_width_none sc_content_align_inherit sc_layouts_column_icons_position_left sc_fly_static\" data-id=\"dbcb7a2\" data-element_type=\"column\">\n\t\t\t<div class=\"elementor-widget-wrap elementor-element-populated\">\n\t\t\t\t\t\t\t\t<div class=\"elementor-element elementor-element-cb99b94 sc_layouts_hide_on_mobile sc_fly_static elementor-widget elementor-widget-spacer\" data-id=\"cb99b94\" data-element_type=\"widget\" data-widget_type=\"spacer.default\">\n\t\t\t\t<div class=\"elementor-widget-container\">\n\t\t\t\t\t<div class=\"elementor-spacer\">\n\t\t\t<div class=\"elementor-spacer-inner\"><\/div>\n\t\t<\/div>\n\t\t\t\t<\/div>\n\t\t\t\t<\/div>\n\t\t\t\t\t<\/div>\n\t\t<\/div>\n\t\t\t\t\t\t\t<\/div>\n\t\t<\/section>\n\t\t\t\t\t\t\t<\/div>\n\t\t","protected":false},"excerpt":{"rendered":"<p>CU\u1ed8C S\u1ed0NG DU THUY\u1ec0N Khu th\u01b0 gi\u00e3n Kho\u1ea3nh kh\u1eafc v\u00e0 C\u00e1nh bu\u1ed3m TRA\u0309I NGHI\u00ca\u0323M DU THUY\u00ca\u0300N \u0110\u00d4\u0323C \u0110A\u0301O TR\u00caN DU THUY\u00ca\u0300N TRO\u0323N GO\u0301I \u0110\u00c2\u0300U TI\u00caN TA\u0323I VI\u00ca\u0323T NAM Khu th\u01b0&hellip;<\/p>\n","protected":false},"author":1,"featured_media":22718,"parent":0,"menu_order":0,"comment_status":"closed","ping_status":"closed","template":"","meta":[],"_links":{"self":[{"href":"https:\/\/emperorcruises.com\/vi\/wp-json\/wp\/v2\/pages\/23853"}],"collection":[{"href":"https:\/\/emperorcruises.com\/vi\/wp-json\/wp\/v2\/pages"}],"about":[{"href":"https:\/\/emperorcruises.com\/vi\/wp-json\/wp\/v2\/types\/page"}],"author":[{"embeddable":true,"href":"https:\/\/emperorcruises.com\/vi\/wp-json\/wp\/v2\/users\/1"}],"replies":[{"embeddable":true,"href":"https:\/\/emperorcruises.com\/vi\/wp-json\/wp\/v2\/comments?post=23853"}],"version-history":[{"count":10,"href":"https:\/\/emperorcruises.com\/vi\/wp-json\/wp\/v2\/pages\/23853\/revisions"}],"predecessor-version":[{"id":26196,"href":"https:\/\/emperorcruises.com\/vi\/wp-json\/wp\/v2\/pages\/23853\/revisions\/26196"}],"wp:featuredmedia":[{"embeddable":true,"href":"https:\/\/emperorcruises.com\/vi\/wp-json\/wp\/v2\/media\/22718"}],"wp:attachment":[{"href":"https:\/\/emperorcruises.com\/vi\/wp-json\/wp\/v2\/media?parent=23853"}],"curies":[{"name":"wp","href":"https:\/\/api.w.org\/{rel}","templated":true}]}}