{"id":23712,"date":"2022-06-06T07:07:55","date_gmt":"2022-06-06T07:07:55","guid":{"rendered":"https:\/\/2023.emperorcruises.com\/painter-pham-luc\/"},"modified":"2022-07-27T08:48:20","modified_gmt":"2022-07-27T08:48:20","slug":"hoa-si-pham-luc","status":"publish","type":"page","link":"https:\/\/emperorcruises.com\/vi\/hoa-si-pham-luc\/","title":{"rendered":"Ho\u0323a si\u0303 Ph\u1ea1m L\u1ef1c"},"content":{"rendered":"\t\t<div data-elementor-type=\"wp-page\" data-elementor-id=\"23712\" class=\"elementor elementor-23712 elementor-20012\">\n\t\t\t\t\t\t\t\t\t<section class=\"elementor-section elementor-top-section elementor-element elementor-element-3a36902 elementor-section-full_width elementor-section-height-min-height elementor-section-items-bottom elementor-section-stretched elementor-section-height-default sc_fly_static\" data-id=\"3a36902\" data-element_type=\"section\" data-settings=\"{&quot;background_background&quot;:&quot;classic&quot;,&quot;stretch_section&quot;:&quot;section-stretched&quot;}\">\n\t\t\t\t\t\t\t<div class=\"elementor-background-overlay\"><\/div>\n\t\t\t\t\t\t\t<div class=\"elementor-container elementor-column-gap-no\">\n\t\t\t\t\t<div class=\"elementor-column elementor-col-100 elementor-top-column elementor-element elementor-element-9fb4331 sc_inner_width_none sc_content_align_inherit sc_layouts_column_icons_position_left sc_fly_static\" data-id=\"9fb4331\" data-element_type=\"column\">\n\t\t\t<div class=\"elementor-widget-wrap elementor-element-populated\">\n\t\t\t\t\t\t\t\t<div class=\"elementor-element elementor-element-3769f12 sc_fly_static elementor-widget elementor-widget-spacer\" data-id=\"3769f12\" data-element_type=\"widget\" data-widget_type=\"spacer.default\">\n\t\t\t\t<div class=\"elementor-widget-container\">\n\t\t\t<style>\/*! elementor - v3.7.8 - 02-10-2022 *\/\n.elementor-column .elementor-spacer-inner{height:var(--spacer-size)}.e-container{--container-widget-width:100%}.e-container>.elementor-widget-spacer{width:var(--container-widget-width,var(--spacer-size));-ms-flex-item-align:stretch;align-self:stretch;-ms-flex-negative:0;flex-shrink:0}.e-container>.elementor-widget-spacer>.elementor-widget-container,.e-container>.elementor-widget-spacer>.elementor-widget-container>.elementor-spacer{height:100%}.e-container>.elementor-widget-spacer>.elementor-widget-container>.elementor-spacer>.elementor-spacer-inner{height:var(--container-widget-height,var(--spacer-size))}<\/style>\t\t<div class=\"elementor-spacer\">\n\t\t\t<div class=\"elementor-spacer-inner\"><\/div>\n\t\t<\/div>\n\t\t\t\t<\/div>\n\t\t\t\t<\/div>\n\t\t\t\t<div class=\"elementor-element elementor-element-d90b52e sc_fly_static elementor-widget elementor-widget-trx_sc_title\" data-id=\"d90b52e\" data-element_type=\"widget\" data-widget_type=\"trx_sc_title.default\">\n\t\t\t\t<div class=\"elementor-widget-container\">\n\t\t\t<div\t\tclass=\"sc_title color_style_link3 sc_title_default\" ><span class=\"sc_item_subtitle sc_title_subtitle sc_align_center sc_item_subtitle_above sc_item_title_style_default\">CU\u1ed8C S\u1ed0NG DU THUY\u1ec0N<\/span><h1 class=\"sc_item_title sc_title_title sc_align_center sc_item_title_style_default sc_item_title_tag trx_addons_inline_574701571\"\n\t\t\t><span class=\"sc_item_title_text\">Ho\u0323a si\u0303 Ph\u1ea1m L\u1ef1c<\/span><\/h1><\/div>\t\t<\/div>\n\t\t\t\t<\/div>\n\t\t\t\t<div class=\"elementor-element elementor-element-ad1cca8 sc_fly_static elementor-widget elementor-widget-spacer\" data-id=\"ad1cca8\" data-element_type=\"widget\" data-widget_type=\"spacer.default\">\n\t\t\t\t<div class=\"elementor-widget-container\">\n\t\t\t\t\t<div class=\"elementor-spacer\">\n\t\t\t<div class=\"elementor-spacer-inner\"><\/div>\n\t\t<\/div>\n\t\t\t\t<\/div>\n\t\t\t\t<\/div>\n\t\t\t\t<section class=\"elementor-section elementor-inner-section elementor-element elementor-element-3af5f09 elementor-section-boxed elementor-section-height-default elementor-section-height-default sc_fly_static\" data-id=\"3af5f09\" data-element_type=\"section\">\n\t\t\t\t\t\t<div class=\"elementor-container elementor-column-gap-extended\">\n\t\t\t\t\t<div class=\"elementor-column elementor-col-100 elementor-inner-column elementor-element elementor-element-06df3b2 sc_inner_width_none sc_content_align_inherit sc_layouts_column_icons_position_left sc_fly_static\" data-id=\"06df3b2\" data-element_type=\"column\">\n\t\t\t<div class=\"elementor-widget-wrap elementor-element-populated\">\n\t\t\t\t\t\t\t\t<div class=\"elementor-element elementor-element-38ba800 elementor-view-default sc_fly_static elementor-widget elementor-widget-icon\" data-id=\"38ba800\" data-element_type=\"widget\" data-widget_type=\"icon.default\">\n\t\t\t\t<div class=\"elementor-widget-container\">\n\t\t\t\t\t<div class=\"elementor-icon-wrapper\">\n\t\t\t<a class=\"elementor-icon\" href=\"#anchor\">\n\t\t\t<svg xmlns=\"http:\/\/www.w3.org\/2000\/svg\" width=\"14.626\" height=\"8.639\" viewBox=\"0 0 14.626 8.639\"><g id=\"down-arrow\" transform=\"translate(0 -70.698)\"><g id=\"Group_8820\" data-name=\"Group 8820\" transform=\"translate(0 100.698)\"><path id=\"Path_6507\" data-name=\"Path 6507\" d=\"M14.392,101.42l-.479-.482a.8.8,0,0,0-1.132,0L7.316,106.4l-5.472-5.472a.8.8,0,0,0-1.132,0l-.479.479a.8.8,0,0,0,0,1.131l6.515,6.538a.818.818,0,0,0,.567.257h0a.818.818,0,0,0,.566-.257l6.508-6.52a.808.808,0,0,0,.234-.571A.8.8,0,0,0,14.392,101.42Z\" transform=\"translate(0 -130.698)\"><\/path><\/g><\/g><\/svg>\t\t\t<\/a>\n\t\t<\/div>\n\t\t\t\t<\/div>\n\t\t\t\t<\/div>\n\t\t\t\t<div class=\"elementor-element elementor-element-73bf6e9 sc_fly_static elementor-widget elementor-widget-spacer\" data-id=\"73bf6e9\" data-element_type=\"widget\" data-widget_type=\"spacer.default\">\n\t\t\t\t<div class=\"elementor-widget-container\">\n\t\t\t\t\t<div class=\"elementor-spacer\">\n\t\t\t<div class=\"elementor-spacer-inner\"><\/div>\n\t\t<\/div>\n\t\t\t\t<\/div>\n\t\t\t\t<\/div>\n\t\t\t\t\t<\/div>\n\t\t<\/div>\n\t\t\t\t\t\t\t<\/div>\n\t\t<\/section>\n\t\t\t\t\t<\/div>\n\t\t<\/div>\n\t\t\t\t\t\t\t<\/div>\n\t\t<\/section>\n\t\t\t\t<section class=\"elementor-section elementor-top-section elementor-element elementor-element-076779a elementor-section-stretched scheme_default elementor-section-boxed elementor-section-height-default elementor-section-height-default sc_fly_static\" data-id=\"076779a\" data-element_type=\"section\" data-settings=\"{&quot;stretch_section&quot;:&quot;section-stretched&quot;,&quot;background_background&quot;:&quot;classic&quot;}\">\n\t\t\t\t\t\t<div class=\"elementor-container elementor-column-gap-extended\">\n\t\t\t\t\t<div class=\"elementor-column elementor-col-100 elementor-top-column elementor-element elementor-element-cc58516 sc_inner_width_none sc_content_align_inherit sc_layouts_column_icons_position_left sc_fly_static\" data-id=\"cc58516\" data-element_type=\"column\">\n\t\t\t<div class=\"elementor-widget-wrap elementor-element-populated\">\n\t\t\t\t\t\t\t\t<div class=\"elementor-element elementor-element-a0e2d65 sc_height_medium sc_fly_static elementor-widget elementor-widget-spacer\" data-id=\"a0e2d65\" data-element_type=\"widget\" data-widget_type=\"spacer.default\">\n\t\t\t\t<div class=\"elementor-widget-container\">\n\t\t\t\t\t<div class=\"elementor-spacer\">\n\t\t\t<div class=\"elementor-spacer-inner\"><\/div>\n\t\t<\/div>\n\t\t\t\t<\/div>\n\t\t\t\t<\/div>\n\t\t\t\t<section class=\"elementor-section elementor-inner-section elementor-element elementor-element-7400877 elementor-section-boxed elementor-section-height-default elementor-section-height-default sc_fly_static\" data-id=\"7400877\" data-element_type=\"section\" id=\"anchor\">\n\t\t\t\t\t\t<div class=\"elementor-container elementor-column-gap-extended\">\n\t\t\t\t\t<div class=\"elementor-column elementor-col-100 elementor-inner-column elementor-element elementor-element-680c7dc sc_inner_width_none sc_content_align_inherit sc_layouts_column_icons_position_left sc_fly_static\" data-id=\"680c7dc\" data-element_type=\"column\">\n\t\t\t<div class=\"elementor-widget-wrap elementor-element-populated\">\n\t\t\t\t\t\t\t\t<div class=\"elementor-element elementor-element-7d36dd8 sc_fly_static elementor-widget elementor-widget-image\" data-id=\"7d36dd8\" data-element_type=\"widget\" data-widget_type=\"image.default\">\n\t\t\t\t<div class=\"elementor-widget-container\">\n\t\t\t<style>\/*! elementor - v3.7.8 - 02-10-2022 *\/\n.elementor-widget-image{text-align:center}.elementor-widget-image a{display:inline-block}.elementor-widget-image a img[src$=\".svg\"]{width:48px}.elementor-widget-image img{vertical-align:middle;display:inline-block}<\/style>\t\t\t\t\t\t\t\t\t\t\t\t<img src=\"https:\/\/emperorcruises.com\/wp-content\/uploads\/2022\/06\/pham_luc_in_painting-768x1002-1-370x493.jpg\" title=\"pham_luc_in_painting-768&#215;1002\" alt=\"pham_luc_in_painting-768x1002\" \/>\t\t\t\t\t\t\t\t\t\t\t\t\t\t\t<\/div>\n\t\t\t\t<\/div>\n\t\t\t\t<div class=\"elementor-element elementor-element-9772005 sc_height_small sc_fly_static elementor-widget elementor-widget-spacer\" data-id=\"9772005\" data-element_type=\"widget\" data-widget_type=\"spacer.default\">\n\t\t\t\t<div class=\"elementor-widget-container\">\n\t\t\t\t\t<div class=\"elementor-spacer\">\n\t\t\t<div class=\"elementor-spacer-inner\"><\/div>\n\t\t<\/div>\n\t\t\t\t<\/div>\n\t\t\t\t<\/div>\n\t\t\t\t<div class=\"elementor-element elementor-element-39555c4 sc_fly_static elementor-widget elementor-widget-text-editor\" data-id=\"39555c4\" data-element_type=\"widget\" data-widget_type=\"text-editor.default\">\n\t\t\t\t<div class=\"elementor-widget-container\">\n\t\t\t<style>\/*! elementor - v3.7.8 - 02-10-2022 *\/\n.elementor-widget-text-editor.elementor-drop-cap-view-stacked .elementor-drop-cap{background-color:#818a91;color:#fff}.elementor-widget-text-editor.elementor-drop-cap-view-framed .elementor-drop-cap{color:#818a91;border:3px solid;background-color:transparent}.elementor-widget-text-editor:not(.elementor-drop-cap-view-default) .elementor-drop-cap{margin-top:8px}.elementor-widget-text-editor:not(.elementor-drop-cap-view-default) .elementor-drop-cap-letter{width:1em;height:1em}.elementor-widget-text-editor .elementor-drop-cap{float:left;text-align:center;line-height:1;font-size:50px}.elementor-widget-text-editor .elementor-drop-cap-letter{display:inline-block}<\/style>\t\t\t\t<h3 style=\"text-align: center;\"><span class=\"trx_addons_accent\">T\u00e2m th\u01b0 t\u01b0\u0300 ngh\u1ec7 s\u0129<br \/><\/span><\/h3><h6 style=\"text-align: center;\">G\u01af\u0309I T\u01a0\u0301I NH\u1eeeNG NG\u01af\u1edcI Y\u00caU TH\u00cdCH NGH\u1ec6 THU\u1eacT TR\u00caN DU THUY\u00ca\u0300N HO\u00c0NG \u0110\u00ca\u0301<\/h6><p style=\"text-align: justify;\">Kh\u00e1m ph\u00e1 v\u0103n h\u00f3a Vi\u1ec7t Nam th\u00f4ng qua m\u1ed9t \u00fd t\u01b0\u1edfng nguy\u00ean ba\u0309n tr\u00ean chi\u00ea\u0301c du thuy\u00ea\u0300n tr\u01b0ng b\u00e0y t\u00e1c ph\u1ea9m ngh\u1ec7 thu\u1eadt c\u1ee7a t\u00f4i \u0111\u1ec3 nh\u1eefng ng\u01b0\u1eddi s\u00e0nh \u0111i\u1ec7u nh\u01b0 b\u1ea1n th\u01b0\u1edfng th\u1ee9c. T\u00f4i th\u00edch \u00fd t\u01b0\u1edfng ngh\u1ec7 thu\u1eadt s\u00e1ng t\u1ea1o n\u00e0y, v\u00e0 t\u00f4i hoan ngh\u00eanh ng\u01b0\u1eddi b\u1ea1n v\u00e0 nh\u00e0 s\u01b0u t\u1eadp Ph\u1ea1m H\u00e0, \u0111\u1ed3ng s\u00e1ng l\u1eadp c\u1ee7a Ho\u00e0ng \u0111\u1ebf Du thuy\u1ec1n, \u0111\u00e3 th\u1ef1c hi\u1ec7n n\u00f3 \u0111\u1ec3 b\u1ea1n c\u00f3 th\u1ec3 th\u1ea5y nh\u1eefng b\u1ee9c tranh c\u1ee7a t\u00f4i trong b\u1ed9 s\u01b0u t\u1eadp c\u1ee7a anh \u1ea5y tr\u00ean t\u00e0u.<\/p><p style=\"text-align: justify;\">T\u00f4i \u0111\u00e3 t\u1ed5 ch\u1ee9c nhi\u1ec1u tri\u1ec3n l\u00e3m tr\u00ean kh\u1eafp th\u1ebf gi\u1edbi, nh\u01b0ng r\u1ea5t th\u00edch s\u1ef1 \u0111\u1ed9c \u0111\u00e1o khi t\u00e1c ph\u1ea9m c\u1ee7a t\u00f4i \u0111\u01b0\u1ee3c tr\u01b0ng b\u00e0y tr\u00ean du thuy\u00ea\u0300n tr\u00ean nh\u01b0\u0303ng vi\u0323nh bi\u00ea\u0309n \u0111e\u0323p nh\u00e2\u0301t th\u00ea\u0301 gi\u01a1\u0301i nh\u01b0 V\u1ecbnh H\u1ea1 Long v\u00e0 Nha Trang.<\/p><p style=\"text-align: justify;\">\u0110\u00e2y l\u00e0 l\u1ea7n \u0111\u1ea7u ti\u00ean Ph\u1ea1m H\u00e0 ph\u00e1t tri\u1ec3n \u00fd t\u01b0\u1edfng \u0111\u1ed9c \u0111\u00e1o n\u00e0y, v\u00e0 t\u00f4i r\u1ea5t vui khi c\u00f3 nh\u1eefng b\u1ee9c tranh c\u1ee7a m\u00ecnh \u0111\u01b0\u1ee3c tr\u00ecnh b\u00e0y tr\u00ean t\u00e0u Ho\u00e0ng \u0111\u1ebf sang tr\u1ecdng, d\u00e0nh ri\u00eang cho kh\u00e1ch trong khung c\u1ea3nh thi\u00ean nhi\u00ean tuy\u1ec7t v\u1eddi nh\u01b0 v\u1eady.<\/p><p style=\"text-align: justify;\">T\u00f4i t\u1eadn h\u01b0\u1edfng t\u1eebng kho\u1ea3nh kh\u1eafc tr\u00ean Du thuy\u1ec1n Hoa\u0300ng \u0110\u00ea\u0301, gi\u01b0\u0303a di sa\u0309n thi\u00ean nhi\u00ean va\u0300 la\u0300 m\u1ed9t \u0111i\u1ec3m \u0111\u1ebfn kh\u00f4ng th\u1ec3 b\u1ecf qua cho t\u1ea5t c\u1ea3 kh\u00e1ch du l\u1ecbch.<\/p><p style=\"text-align: justify;\">T\u00f4i hy v\u1ecdng b\u1ea1n th\u00edch nh\u1eefng b\u1ee9c tranh c\u1ee7a t\u00f4i, \u0111\u01b0\u1ee3c Ph\u1ea1m H\u00e0 t\u1ef1 tay ch\u1ecdn trong nhi\u1ec1u l\u1ea7n anh \u1ea5y \u0111\u1ebfn nh\u00e0 v\u00e0 x\u01b0\u1edfng v\u1ebd c\u1ee7a t\u00f4i. T\u00f4i hy v\u1ecdng r\u1eb1ng b\u1ea1n nh\u1eadn ra m\u1ed9t c\u00e1i g\u00ec \u0111\u00f3 v\u01b0\u1ee3t ra ngo\u00e0i pha\u0323m vi c\u00e1c b\u1ee9c tranh. T\u00f4i th\u01b0\u01a1\u0309ng th\u01b0\u0301c s\u01b0\u0323 h\u00e0i l\u00f2ng trong sa\u0301ng ta\u0323o ngh\u1ec7 thu\u1eadt v\u00e0 c\u00f3 th\u1ec3 truy\u1ec1n \u0111\u1ea1t c\u1ea3m x\u00fac c\u1ee7a t\u00f4i v\u00e0 chia s\u1ebb ch\u00fang v\u1edbi b\u1ea1n.<\/p><p style=\"text-align: justify;\">Cho \u0111\u1ebfn l\u00fac \u0111\u00f3, ha\u0303y kh\u00e1m ph\u00e1 m\u1ed9t th\u1ebf gi\u1edbi gia\u0300u co\u0301 v\u00ea\u0300 m\u1ef9 thu\u1eadt v\u00e0 t\u1eadn h\u01b0\u1edfng k\u1ef3 ngh\u1ec9 c\u1ee7a b\u1ea1n t\u1ea1i Vi\u1ec7t Nam!<\/p><p style=\"text-align: justify;\">Tr\u00e2n tro\u0323ng,<\/p><p style=\"text-align: justify;\"><span class=\"trx_addons_accent\"><strong>Pha\u0323m L\u01b0\u0323c<\/strong><\/span><\/p>\t\t\t\t\t\t<\/div>\n\t\t\t\t<\/div>\n\t\t\t\t<div class=\"elementor-element elementor-element-af7c105 sc_height_small sc_fly_static elementor-widget elementor-widget-spacer\" data-id=\"af7c105\" data-element_type=\"widget\" data-widget_type=\"spacer.default\">\n\t\t\t\t<div class=\"elementor-widget-container\">\n\t\t\t\t\t<div class=\"elementor-spacer\">\n\t\t\t<div class=\"elementor-spacer-inner\"><\/div>\n\t\t<\/div>\n\t\t\t\t<\/div>\n\t\t\t\t<\/div>\n\t\t\t\t<div class=\"elementor-element elementor-element-5b17f52 elementor-widget-divider--view-line_icon elementor-view-default elementor-widget-divider--element-align-center sc_fly_static elementor-widget elementor-widget-divider\" data-id=\"5b17f52\" data-element_type=\"widget\" data-widget_type=\"divider.default\">\n\t\t\t\t<div class=\"elementor-widget-container\">\n\t\t\t<style>\/*! elementor - v3.7.8 - 02-10-2022 *\/\n.elementor-widget-divider{--divider-border-style:none;--divider-border-width:1px;--divider-color:#2c2c2c;--divider-icon-size:20px;--divider-element-spacing:10px;--divider-pattern-height:24px;--divider-pattern-size:20px;--divider-pattern-url:none;--divider-pattern-repeat:repeat-x}.elementor-widget-divider .elementor-divider{display:-webkit-box;display:-ms-flexbox;display:flex}.elementor-widget-divider .elementor-divider__text{font-size:15px;line-height:1;max-width:95%}.elementor-widget-divider .elementor-divider__element{margin:0 var(--divider-element-spacing);-ms-flex-negative:0;flex-shrink:0}.elementor-widget-divider .elementor-icon{font-size:var(--divider-icon-size)}.elementor-widget-divider .elementor-divider-separator{display:-webkit-box;display:-ms-flexbox;display:flex;margin:0;direction:ltr}.elementor-widget-divider--view-line_icon .elementor-divider-separator,.elementor-widget-divider--view-line_text .elementor-divider-separator{-webkit-box-align:center;-ms-flex-align:center;align-items:center}.elementor-widget-divider--view-line_icon .elementor-divider-separator:after,.elementor-widget-divider--view-line_icon .elementor-divider-separator:before,.elementor-widget-divider--view-line_text .elementor-divider-separator:after,.elementor-widget-divider--view-line_text .elementor-divider-separator:before{display:block;content:\"\";border-bottom:0;-webkit-box-flex:1;-ms-flex-positive:1;flex-grow:1;border-top:var(--divider-border-width) var(--divider-border-style) var(--divider-color)}.elementor-widget-divider--element-align-left .elementor-divider .elementor-divider-separator>.elementor-divider__svg:first-of-type{-webkit-box-flex:0;-ms-flex-positive:0;flex-grow:0;-ms-flex-negative:100;flex-shrink:100}.elementor-widget-divider--element-align-left .elementor-divider-separator:before{content:none}.elementor-widget-divider--element-align-left .elementor-divider__element{margin-left:0}.elementor-widget-divider--element-align-right .elementor-divider .elementor-divider-separator>.elementor-divider__svg:last-of-type{-webkit-box-flex:0;-ms-flex-positive:0;flex-grow:0;-ms-flex-negative:100;flex-shrink:100}.elementor-widget-divider--element-align-right .elementor-divider-separator:after{content:none}.elementor-widget-divider--element-align-right .elementor-divider__element{margin-right:0}.elementor-widget-divider:not(.elementor-widget-divider--view-line_text):not(.elementor-widget-divider--view-line_icon) .elementor-divider-separator{border-top:var(--divider-border-width) var(--divider-border-style) var(--divider-color)}.elementor-widget-divider--separator-type-pattern{--divider-border-style:none}.elementor-widget-divider--separator-type-pattern.elementor-widget-divider--view-line .elementor-divider-separator,.elementor-widget-divider--separator-type-pattern:not(.elementor-widget-divider--view-line) .elementor-divider-separator:after,.elementor-widget-divider--separator-type-pattern:not(.elementor-widget-divider--view-line) .elementor-divider-separator:before,.elementor-widget-divider--separator-type-pattern:not([class*=elementor-widget-divider--view]) .elementor-divider-separator{width:100%;min-height:var(--divider-pattern-height);-webkit-mask-size:var(--divider-pattern-size) 100%;mask-size:var(--divider-pattern-size) 100%;-webkit-mask-repeat:var(--divider-pattern-repeat);mask-repeat:var(--divider-pattern-repeat);background-color:var(--divider-color);-webkit-mask-image:var(--divider-pattern-url);mask-image:var(--divider-pattern-url)}.elementor-widget-divider--no-spacing{--divider-pattern-size:auto}.elementor-widget-divider--bg-round{--divider-pattern-repeat:round}.rtl .elementor-widget-divider .elementor-divider__text{direction:rtl}.e-container>.elementor-widget-divider{width:var(--container-widget-width,100%);--flex-grow:var(--container-widget-flex-grow,0)}<\/style>\t\t<div class=\"elementor-divider\">\n\t\t\t<span class=\"elementor-divider-separator\">\n\t\t\t\t\t\t\t<div class=\"elementor-icon elementor-divider__element\">\n\t\t\t\t\t<svg aria-hidden=\"true\" class=\"e-font-icon-svg e-fab-gg\"><use xlink:href=\"#fab-gg\" \/><\/svg><\/div>\n\t\t\t\t\t\t<\/span>\n\t\t<\/div>\n\t\t\t\t<\/div>\n\t\t\t\t<\/div>\n\t\t\t\t<div class=\"elementor-element elementor-element-d37e4af sc_height_small sc_fly_static elementor-widget elementor-widget-spacer\" data-id=\"d37e4af\" data-element_type=\"widget\" data-widget_type=\"spacer.default\">\n\t\t\t\t<div class=\"elementor-widget-container\">\n\t\t\t\t\t<div class=\"elementor-spacer\">\n\t\t\t<div class=\"elementor-spacer-inner\"><\/div>\n\t\t<\/div>\n\t\t\t\t<\/div>\n\t\t\t\t<\/div>\n\t\t\t\t\t<\/div>\n\t\t<\/div>\n\t\t\t\t\t\t\t<\/div>\n\t\t<\/section>\n\t\t\t\t\t<\/div>\n\t\t<\/div>\n\t\t\t\t\t\t\t<\/div>\n\t\t<\/section>\n\t\t\t\t<section class=\"elementor-section elementor-top-section elementor-element elementor-element-e882f22 elementor-section-full_width elementor-section-stretched elementor-section-height-default elementor-section-height-default sc_fly_static\" data-id=\"e882f22\" data-element_type=\"section\" data-settings=\"{&quot;background_background&quot;:&quot;classic&quot;,&quot;stretch_section&quot;:&quot;section-stretched&quot;}\">\n\t\t\t\t\t\t\t<div class=\"elementor-background-overlay\"><\/div>\n\t\t\t\t\t\t\t<div class=\"elementor-container elementor-column-gap-no\">\n\t\t\t\t\t<div class=\"elementor-column elementor-col-100 elementor-top-column elementor-element elementor-element-dbcb7a2 sc_inner_width_none sc_content_align_inherit sc_layouts_column_icons_position_left sc_fly_static\" data-id=\"dbcb7a2\" data-element_type=\"column\">\n\t\t\t<div class=\"elementor-widget-wrap elementor-element-populated\">\n\t\t\t\t\t\t\t\t<div class=\"elementor-element elementor-element-e180752 sc_height_medium sc_layouts_hide_on_mobile sc_fly_static elementor-widget elementor-widget-spacer\" data-id=\"e180752\" data-element_type=\"widget\" data-widget_type=\"spacer.default\">\n\t\t\t\t<div class=\"elementor-widget-container\">\n\t\t\t\t\t<div class=\"elementor-spacer\">\n\t\t\t<div class=\"elementor-spacer-inner\"><\/div>\n\t\t<\/div>\n\t\t\t\t<\/div>\n\t\t\t\t<\/div>\n\t\t\t\t\t<\/div>\n\t\t<\/div>\n\t\t\t\t\t\t\t<\/div>\n\t\t<\/section>\n\t\t\t\t\t\t\t<\/div>\n\t\t","protected":false},"excerpt":{"rendered":"<p>CU\u1ed8C S\u1ed0NG DU THUY\u1ec0N Ho\u0323a si\u0303 Ph\u1ea1m L\u1ef1c T\u00e2m th\u01b0 t\u01b0\u0300 ngh\u1ec7 s\u0129 G\u01af\u0309I T\u01a0\u0301I NH\u1eeeNG NG\u01af\u1edcI Y\u00caU TH\u00cdCH NGH\u1ec6 THU\u1eacT TR\u00caN DU THUY\u00ca\u0300N HO\u00c0NG \u0110\u00ca\u0301 Kh\u00e1m ph\u00e1 v\u0103n h\u00f3a&hellip;<\/p>\n","protected":false},"author":1,"featured_media":22593,"parent":0,"menu_order":0,"comment_status":"closed","ping_status":"closed","template":"","meta":[],"_links":{"self":[{"href":"https:\/\/emperorcruises.com\/vi\/wp-json\/wp\/v2\/pages\/23712"}],"collection":[{"href":"https:\/\/emperorcruises.com\/vi\/wp-json\/wp\/v2\/pages"}],"about":[{"href":"https:\/\/emperorcruises.com\/vi\/wp-json\/wp\/v2\/types\/page"}],"author":[{"embeddable":true,"href":"https:\/\/emperorcruises.com\/vi\/wp-json\/wp\/v2\/users\/1"}],"replies":[{"embeddable":true,"href":"https:\/\/emperorcruises.com\/vi\/wp-json\/wp\/v2\/comments?post=23712"}],"version-history":[{"count":4,"href":"https:\/\/emperorcruises.com\/vi\/wp-json\/wp\/v2\/pages\/23712\/revisions"}],"predecessor-version":[{"id":26159,"href":"https:\/\/emperorcruises.com\/vi\/wp-json\/wp\/v2\/pages\/23712\/revisions\/26159"}],"wp:featuredmedia":[{"embeddable":true,"href":"https:\/\/emperorcruises.com\/vi\/wp-json\/wp\/v2\/media\/22593"}],"wp:attachment":[{"href":"https:\/\/emperorcruises.com\/vi\/wp-json\/wp\/v2\/media?parent=23712"}],"curies":[{"name":"wp","href":"https:\/\/api.w.org\/{rel}","templated":true}]}}