{"id":23685,"date":"2022-06-06T06:12:27","date_gmt":"2022-06-06T06:12:27","guid":{"rendered":"https:\/\/2023.emperorcruises.com\/emperors-secrets\/"},"modified":"2022-07-27T08:47:27","modified_gmt":"2022-07-27T08:47:27","slug":"bi-mat-cua-hoang-de","status":"publish","type":"page","link":"https:\/\/emperorcruises.com\/vi\/bi-mat-cua-hoang-de\/","title":{"rendered":"B\u00ed m\u1eadt c\u1ee7a ho\u00e0ng \u0111\u1ebf"},"content":{"rendered":"\t\t<div data-elementor-type=\"wp-page\" data-elementor-id=\"23685\" class=\"elementor elementor-23685 elementor-19953\">\n\t\t\t\t\t\t\t\t\t<section class=\"elementor-section elementor-top-section elementor-element elementor-element-3a36902 elementor-section-full_width elementor-section-height-min-height elementor-section-items-bottom elementor-section-stretched elementor-section-height-default sc_fly_static\" data-id=\"3a36902\" data-element_type=\"section\" data-settings=\"{&quot;background_background&quot;:&quot;classic&quot;,&quot;stretch_section&quot;:&quot;section-stretched&quot;}\">\n\t\t\t\t\t\t<div class=\"elementor-container elementor-column-gap-no\">\n\t\t\t\t\t<div class=\"elementor-column elementor-col-100 elementor-top-column elementor-element elementor-element-9fb4331 sc_inner_width_none sc_content_align_inherit sc_layouts_column_icons_position_left sc_fly_static\" data-id=\"9fb4331\" data-element_type=\"column\">\n\t\t\t<div class=\"elementor-widget-wrap elementor-element-populated\">\n\t\t\t\t\t\t\t\t<div class=\"elementor-element elementor-element-3769f12 sc_fly_static elementor-widget elementor-widget-spacer\" data-id=\"3769f12\" data-element_type=\"widget\" data-widget_type=\"spacer.default\">\n\t\t\t\t<div class=\"elementor-widget-container\">\n\t\t\t<style>\/*! elementor - v3.7.8 - 02-10-2022 *\/\n.elementor-column .elementor-spacer-inner{height:var(--spacer-size)}.e-container{--container-widget-width:100%}.e-container>.elementor-widget-spacer{width:var(--container-widget-width,var(--spacer-size));-ms-flex-item-align:stretch;align-self:stretch;-ms-flex-negative:0;flex-shrink:0}.e-container>.elementor-widget-spacer>.elementor-widget-container,.e-container>.elementor-widget-spacer>.elementor-widget-container>.elementor-spacer{height:100%}.e-container>.elementor-widget-spacer>.elementor-widget-container>.elementor-spacer>.elementor-spacer-inner{height:var(--container-widget-height,var(--spacer-size))}<\/style>\t\t<div class=\"elementor-spacer\">\n\t\t\t<div class=\"elementor-spacer-inner\"><\/div>\n\t\t<\/div>\n\t\t\t\t<\/div>\n\t\t\t\t<\/div>\n\t\t\t\t<div class=\"elementor-element elementor-element-d90b52e sc_fly_static elementor-widget elementor-widget-trx_sc_title\" data-id=\"d90b52e\" data-element_type=\"widget\" data-widget_type=\"trx_sc_title.default\">\n\t\t\t\t<div class=\"elementor-widget-container\">\n\t\t\t<div\t\tclass=\"sc_title color_style_link3 sc_title_default\" ><span class=\"sc_item_subtitle sc_title_subtitle sc_align_center sc_item_subtitle_above sc_item_title_style_default\">cu\u1ed9c s\u1ed1ng du thuy\u1ec1n<\/span><h1 class=\"sc_item_title sc_title_title sc_align_center sc_item_title_style_default sc_item_title_tag trx_addons_inline_1965143431\"\n\t\t\t><span class=\"sc_item_title_text\">B\u00ed m\u1eadt c\u1ee7a ho\u00e0ng \u0111\u1ebf<\/span><\/h1><\/div>\t\t<\/div>\n\t\t\t\t<\/div>\n\t\t\t\t<div class=\"elementor-element elementor-element-ad1cca8 sc_fly_static elementor-widget elementor-widget-spacer\" data-id=\"ad1cca8\" data-element_type=\"widget\" data-widget_type=\"spacer.default\">\n\t\t\t\t<div class=\"elementor-widget-container\">\n\t\t\t\t\t<div class=\"elementor-spacer\">\n\t\t\t<div class=\"elementor-spacer-inner\"><\/div>\n\t\t<\/div>\n\t\t\t\t<\/div>\n\t\t\t\t<\/div>\n\t\t\t\t<section class=\"elementor-section elementor-inner-section elementor-element elementor-element-3af5f09 elementor-section-boxed elementor-section-height-default elementor-section-height-default sc_fly_static\" data-id=\"3af5f09\" data-element_type=\"section\">\n\t\t\t\t\t\t<div class=\"elementor-container elementor-column-gap-extended\">\n\t\t\t\t\t<div class=\"elementor-column elementor-col-100 elementor-inner-column elementor-element elementor-element-06df3b2 sc_inner_width_none sc_content_align_inherit sc_layouts_column_icons_position_left sc_fly_static\" data-id=\"06df3b2\" data-element_type=\"column\">\n\t\t\t<div class=\"elementor-widget-wrap elementor-element-populated\">\n\t\t\t\t\t\t\t\t<div class=\"elementor-element elementor-element-38ba800 elementor-view-default sc_fly_static elementor-widget elementor-widget-icon\" data-id=\"38ba800\" data-element_type=\"widget\" data-widget_type=\"icon.default\">\n\t\t\t\t<div class=\"elementor-widget-container\">\n\t\t\t\t\t<div class=\"elementor-icon-wrapper\">\n\t\t\t<a class=\"elementor-icon\" href=\"#anchor\">\n\t\t\t<svg xmlns=\"http:\/\/www.w3.org\/2000\/svg\" width=\"14.626\" height=\"8.639\" viewBox=\"0 0 14.626 8.639\"><g id=\"down-arrow\" transform=\"translate(0 -70.698)\"><g id=\"Group_8820\" data-name=\"Group 8820\" transform=\"translate(0 100.698)\"><path id=\"Path_6507\" data-name=\"Path 6507\" d=\"M14.392,101.42l-.479-.482a.8.8,0,0,0-1.132,0L7.316,106.4l-5.472-5.472a.8.8,0,0,0-1.132,0l-.479.479a.8.8,0,0,0,0,1.131l6.515,6.538a.818.818,0,0,0,.567.257h0a.818.818,0,0,0,.566-.257l6.508-6.52a.808.808,0,0,0,.234-.571A.8.8,0,0,0,14.392,101.42Z\" transform=\"translate(0 -130.698)\"><\/path><\/g><\/g><\/svg>\t\t\t<\/a>\n\t\t<\/div>\n\t\t\t\t<\/div>\n\t\t\t\t<\/div>\n\t\t\t\t<div class=\"elementor-element elementor-element-73bf6e9 sc_fly_static elementor-widget elementor-widget-spacer\" data-id=\"73bf6e9\" data-element_type=\"widget\" data-widget_type=\"spacer.default\">\n\t\t\t\t<div class=\"elementor-widget-container\">\n\t\t\t\t\t<div class=\"elementor-spacer\">\n\t\t\t<div class=\"elementor-spacer-inner\"><\/div>\n\t\t<\/div>\n\t\t\t\t<\/div>\n\t\t\t\t<\/div>\n\t\t\t\t\t<\/div>\n\t\t<\/div>\n\t\t\t\t\t\t\t<\/div>\n\t\t<\/section>\n\t\t\t\t\t<\/div>\n\t\t<\/div>\n\t\t\t\t\t\t\t<\/div>\n\t\t<\/section>\n\t\t\t\t<section class=\"elementor-section elementor-top-section elementor-element elementor-element-076779a elementor-section-stretched scheme_default elementor-section-boxed elementor-section-height-default elementor-section-height-default sc_fly_static\" data-id=\"076779a\" data-element_type=\"section\" data-settings=\"{&quot;stretch_section&quot;:&quot;section-stretched&quot;,&quot;background_background&quot;:&quot;classic&quot;}\">\n\t\t\t\t\t\t<div class=\"elementor-container elementor-column-gap-extended\">\n\t\t\t\t\t<div class=\"elementor-column elementor-col-100 elementor-top-column elementor-element elementor-element-cc58516 sc_inner_width_none sc_content_align_inherit sc_layouts_column_icons_position_left sc_fly_static\" data-id=\"cc58516\" data-element_type=\"column\">\n\t\t\t<div class=\"elementor-widget-wrap elementor-element-populated\">\n\t\t\t\t\t\t\t\t<div class=\"elementor-element elementor-element-87c1a09 sc_height_medium sc_fly_static elementor-widget elementor-widget-spacer\" data-id=\"87c1a09\" data-element_type=\"widget\" data-widget_type=\"spacer.default\">\n\t\t\t\t<div class=\"elementor-widget-container\">\n\t\t\t\t\t<div class=\"elementor-spacer\">\n\t\t\t<div class=\"elementor-spacer-inner\"><\/div>\n\t\t<\/div>\n\t\t\t\t<\/div>\n\t\t\t\t<\/div>\n\t\t\t\t<section class=\"elementor-section elementor-inner-section elementor-element elementor-element-b7e4835 elementor-section-boxed elementor-section-height-default elementor-section-height-default sc_fly_static\" data-id=\"b7e4835\" data-element_type=\"section\" id=\"anchor\">\n\t\t\t\t\t\t<div class=\"elementor-container elementor-column-gap-extended\">\n\t\t\t\t\t<div class=\"elementor-column elementor-col-16 elementor-inner-column elementor-element elementor-element-ee8667e sc_inner_width_none sc_content_align_inherit sc_layouts_column_icons_position_left sc_fly_static\" data-id=\"ee8667e\" data-element_type=\"column\">\n\t\t\t<div class=\"elementor-widget-wrap\">\n\t\t\t\t\t\t\t\t\t<\/div>\n\t\t<\/div>\n\t\t\t\t<div class=\"elementor-column elementor-col-66 elementor-inner-column elementor-element elementor-element-caf3087 sc_inner_width_none sc_content_align_inherit sc_layouts_column_icons_position_left sc_fly_static\" data-id=\"caf3087\" data-element_type=\"column\">\n\t\t\t<div class=\"elementor-widget-wrap elementor-element-populated\">\n\t\t\t\t\t\t\t\t<div class=\"elementor-element elementor-element-ca0ee5d sc_fly_static elementor-widget elementor-widget-trx_sc_title\" data-id=\"ca0ee5d\" data-element_type=\"widget\" data-widget_type=\"trx_sc_title.default\">\n\t\t\t\t<div class=\"elementor-widget-container\">\n\t\t\t<div\t\tclass=\"sc_title sc_title_accent\" ><span class=\"sc_item_subtitle sc_title_subtitle sc_align_center sc_item_subtitle_above sc_item_title_style_accent\">TRA\u0309I NGHI\u00ca\u0323M DU THUY\u00ca\u0300N \u0110\u00d4\u0323C \u0110A\u0301O TR\u00caN DU THUY\u00ca\u0300N TRO\u0323N GO\u0301I \u0110\u00c2\u0300U TI\u00caN TA\u0323I VI\u00ca\u0323T NAM<\/span><h2 class=\"sc_item_title sc_title_title sc_align_center sc_item_title_style_accent sc_item_title_tag\"\n\t\t\t><span class=\"sc_item_title_text\">B\u00ed m\u1eadt c\u1ee7a ho\u00e0ng \u0111\u1ebf<\/span><\/h2><\/div>\t\t<\/div>\n\t\t\t\t<\/div>\n\t\t\t\t\t<\/div>\n\t\t<\/div>\n\t\t\t\t<div class=\"elementor-column elementor-col-16 elementor-inner-column elementor-element elementor-element-352c34d sc_inner_width_none sc_content_align_inherit sc_layouts_column_icons_position_left sc_fly_static\" data-id=\"352c34d\" data-element_type=\"column\">\n\t\t\t<div class=\"elementor-widget-wrap\">\n\t\t\t\t\t\t\t\t\t<\/div>\n\t\t<\/div>\n\t\t\t\t\t\t\t<\/div>\n\t\t<\/section>\n\t\t\t\t\t<\/div>\n\t\t<\/div>\n\t\t\t\t\t\t\t<\/div>\n\t\t<\/section>\n\t\t\t\t<section class=\"elementor-section elementor-top-section elementor-element elementor-element-8c75c70 elementor-section-stretched scheme_default elementor-section-boxed elementor-section-height-default elementor-section-height-default sc_fly_static\" data-id=\"8c75c70\" data-element_type=\"section\" data-settings=\"{&quot;stretch_section&quot;:&quot;section-stretched&quot;,&quot;background_background&quot;:&quot;classic&quot;}\">\n\t\t\t\t\t\t<div class=\"elementor-container elementor-column-gap-extended\">\n\t\t\t\t\t<div class=\"elementor-column elementor-col-100 elementor-top-column elementor-element elementor-element-70bcf09 sc_inner_width_none sc_content_align_inherit sc_layouts_column_icons_position_left sc_fly_static\" data-id=\"70bcf09\" data-element_type=\"column\">\n\t\t\t<div class=\"elementor-widget-wrap elementor-element-populated\">\n\t\t\t\t\t\t\t\t<div class=\"elementor-element elementor-element-7c2b510 sc_height_medium sc_fly_static elementor-widget elementor-widget-spacer\" data-id=\"7c2b510\" data-element_type=\"widget\" data-widget_type=\"spacer.default\">\n\t\t\t\t<div class=\"elementor-widget-container\">\n\t\t\t\t\t<div class=\"elementor-spacer\">\n\t\t\t<div class=\"elementor-spacer-inner\"><\/div>\n\t\t<\/div>\n\t\t\t\t<\/div>\n\t\t\t\t<\/div>\n\t\t\t\t\t<\/div>\n\t\t<\/div>\n\t\t\t\t\t\t\t<\/div>\n\t\t<\/section>\n\t\t\t\t<section class=\"elementor-section elementor-top-section elementor-element elementor-element-469befa elementor-section-stretched scheme_default elementor-section-boxed elementor-section-height-default elementor-section-height-default sc_fly_static\" data-id=\"469befa\" data-element_type=\"section\" data-settings=\"{&quot;stretch_section&quot;:&quot;section-stretched&quot;,&quot;background_background&quot;:&quot;classic&quot;}\">\n\t\t\t\t\t\t<div class=\"elementor-container elementor-column-gap-extended\">\n\t\t\t\t\t<div class=\"elementor-column elementor-col-100 elementor-top-column elementor-element elementor-element-f082b81 sc_inner_width_none sc_content_align_inherit sc_layouts_column_icons_position_left sc_fly_static\" data-id=\"f082b81\" data-element_type=\"column\">\n\t\t\t<div class=\"elementor-widget-wrap elementor-element-populated\">\n\t\t\t\t\t\t\t\t<section class=\"elementor-section elementor-inner-section elementor-element elementor-element-c0839cc elementor-section-boxed elementor-section-height-default elementor-section-height-default sc_fly_static\" data-id=\"c0839cc\" data-element_type=\"section\">\n\t\t\t\t\t\t<div class=\"elementor-container elementor-column-gap-extended\">\n\t\t\t\t\t<div class=\"elementor-column elementor-col-100 elementor-inner-column elementor-element elementor-element-21715d4 sc_inner_width_none sc_content_align_inherit sc_layouts_column_icons_position_left sc_fly_static\" data-id=\"21715d4\" data-element_type=\"column\">\n\t\t\t<div class=\"elementor-widget-wrap elementor-element-populated\">\n\t\t\t\t\t\t\t\t<div class=\"elementor-element elementor-element-f60ca26 sc_fly_static elementor-widget elementor-widget-text-editor\" data-id=\"f60ca26\" data-element_type=\"widget\" data-widget_type=\"text-editor.default\">\n\t\t\t\t<div class=\"elementor-widget-container\">\n\t\t\t<style>\/*! elementor - v3.7.8 - 02-10-2022 *\/\n.elementor-widget-text-editor.elementor-drop-cap-view-stacked .elementor-drop-cap{background-color:#818a91;color:#fff}.elementor-widget-text-editor.elementor-drop-cap-view-framed .elementor-drop-cap{color:#818a91;border:3px solid;background-color:transparent}.elementor-widget-text-editor:not(.elementor-drop-cap-view-default) .elementor-drop-cap{margin-top:8px}.elementor-widget-text-editor:not(.elementor-drop-cap-view-default) .elementor-drop-cap-letter{width:1em;height:1em}.elementor-widget-text-editor .elementor-drop-cap{float:left;text-align:center;line-height:1;font-size:50px}.elementor-widget-text-editor .elementor-drop-cap-letter{display:inline-block}<\/style>\t\t\t\t<p><img loading=\"lazy\" class=\"wp-image-19956 size-trx_addons-thumb-portrait aligncenter\" src=\"http:\/\/emperorcruises.com\/wp-content\/uploads\/2022\/06\/bao_dai-600x800-1-370x493.jpg\" alt=\"\" width=\"370\" height=\"493\" \/><\/p><h6 style=\"text-align: center;\">Vua B\u1ea3o \u0110\u1ea1i (1913 \u2013 1997)<\/h6><p style=\"text-align: center;\"><strong><em>Tranh do H\u1ecda s\u0129 Ph\u1ea1m L\u1ef1c v\u1ebd n\u0103m 2016 \u0111\u01b0\u1ee3c treo trong Nh\u00e0 h\u00e0ng C\u1ea7n Ch\u00e1nh \u0110i\u1ec7n<\/em><\/strong><\/p><p style=\"text-align: justify;\"><span class=\"trx_addons_alter_text trx_addons_alter_text_2 trx_addons_accent\"><strong>L\u1eddi t\u1ef1a<\/strong><\/span><\/p><p style=\"text-align: justify;\">K\u00ednh g\u1eedi nh\u1eefng ng\u01b0\u1eddi y\u00eau th\u00edch du thuy\u1ec1n, ch\u00e0o m\u1eebng b\u1ea1n l\u00ean t\u00e0u!<\/p><p style=\"text-align: justify;\">\u201cN\u00f3i ti\u1ebfng Ph\u00e1p\u201d l\u00e0 \u0111i\u1ec3m chung duy nh\u1ea5t gi\u1eefa\u00a0<strong>Ho\u00e0ng \u0111\u1ebf B\u1ea3o \u0110\u1ea1i<\/strong>\u00a0v\u00e0 b\u1ea3n th\u00e2n t\u00f4i!<\/p><p style=\"text-align: justify;\">Nh\u01b0 c\u00e1c b\u1ea1n c\u00f3 th\u1ec3 bi\u1ebft, l\u1ed1i s\u1ed1ng xa hoa c\u1ee7a\u00a0<strong>B\u1ea3o \u0110\u1ea1i<\/strong>\u00a0(c\u00f3 ngh\u0129a l\u00e0 Ng\u01b0\u1eddi gi\u1eef s\u1ef1 v\u0129 \u0111\u1ea1i) \u0111\u00e3 truy\u1ec1n c\u1ea3m h\u1ee9ng cho ch\u00fang ta x\u00e2y d\u1ef1ng Du thuy\u1ec1n Ho\u00e0ng \u0111\u1ebf. Nh\u1edd d\u1ef1 \u00e1n \u0111\u1eb7c bi\u1ec7t n\u00e0y, t\u00f4i \u0111\u00e3 kh\u00e1m ph\u00e1 ra nhi\u1ec1u c\u00e2u chuy\u1ec7n ch\u01b0a k\u1ec3 v\u1ec1 ho\u00e0ng t\u1ed9c v\u00e0\u00a0<strong>B\u1ea3o \u0110\u1ea1i<\/strong>, v\u1ecb ho\u00e0ng \u0111\u1ebf cu\u1ed1i c\u00f9ng c\u1ee7a tri\u1ec1u Nguy\u1ec5n v\u00e0 m\u1ed9t ng\u01b0\u1eddi l\u1ecbch s\u1eed quan tr\u1ecdng trong t\u00ecnh tr\u1ea1ng h\u1ed7n lo\u1ea1n c\u1ee7a l\u1ecbch s\u1eed Vi\u1ec7t Nam.<\/p><p style=\"text-align: justify;\">T\u00f4i \u0111\u00e3 tr\u1ef1c ti\u1ebfp v\u00e0o th\u01b0 vi\u1ec7n, l\u01b0u tr\u1eef, s\u00e1ch v\u00e0 \u1ea3nh c\u0169 \u0111\u1ec3 t\u00ecm ki\u1ebfm th\u00f4ng tin v\u1ec1 B\u1ea3o \u0110\u1ea1i v\u00e0 t\u00f4i may m\u1eafn \u0111\u01b0\u1ee3c g\u1eb7p nh\u00e0 nghi\u00ean c\u1ee9u Hu\u1ebf, Nguy\u1ec5n \u0110\u1eafc Xu\u00e2n, ng\u01b0\u1eddi \u0111\u00e3 vi\u1ebft nhi\u1ec1u cu\u1ed1n s\u00e1ch v\u1ec1 Ho\u00e0ng \u0111\u1ebf\u00a0<strong>B\u1ea3o \u0110\u1ea1i<\/strong>, N\u1eef ho\u00e0ng\u00a0<strong>Nam Ph\u01b0\u01a1ng<\/strong>\u00a0v\u00e0 th\u00e0nh ph\u1ed1 Hu\u1ebf. \u00d4ng th\u00edch \u00fd t\u01b0\u1edfng kinh doanh \u0111\u1ea7y c\u1ea3m h\u1ee9ng c\u1ee7a ch\u00fang t\u00f4i cho t\u00e0u Ho\u00e0ng \u0110\u1ebf v\u00e0 \u00f4ng khuy\u1ebfn kh\u00edch ch\u00fang t\u00f4i qu\u1ea3ng b\u00e1 v\u0103n h\u00f3a Vi\u1ec7t Nam th\u00f4ng qua du l\u1ecbch b\u1eb1ng c\u00e1ch \u0111\u00f3ng g\u00f3p r\u1ea5t l\u1edbn cho nh\u1eefng ph\u00e1t hi\u1ec7n c\u1ee7a ch\u00fang t\u00f4i v\u00e0 gi\u00fap ch\u00fang t\u00f4i hi\u1ec3u m\u1ed9t ch\u00fat v\u1ec1 ng\u01b0\u1eddi \u0111\u1eb7c bi\u1ec7t n\u00e0y trong l\u1ecbch s\u1eed Vi\u1ec7t Nam.<\/p><p style=\"text-align: justify;\">Trong s\u1ed1 nhi\u1ec1u s\u1ef1 ki\u1ec7n th\u00fa v\u1ecb, ch\u00fang t\u00f4i ph\u00e1t hi\u1ec7n ra r\u1eb1ng ch\u00ednh ph\u1ee7\u00a0<strong>B\u1ea3o \u0110\u1ea1i<\/strong>\u00a0\u0111\u00e3 ph\u00e1t h\u00e0nh m\u1ed9t tuy\u00ean b\u1ed1 v\u00e0o ng\u00e0y 11 th\u00e1ng 3 n\u0103m 1945 \u0111\u1ec3 b\u00e3i b\u1ecf Hi\u1ec7p \u01b0\u1edbc H\u00f2a b\u00ecnh Patenotre, k\u00fd v\u1edbi Ph\u00e1p n\u0103m 1884 \u0111\u1ec3 cung c\u1ea5p cho h\u1ecd s\u1ef1 cai tr\u1ecb thu\u1ed9c \u0111\u1ecba, v\u00e0 tuy\u00ean b\u1ed1 \u0111\u1ed9c l\u1eadp cho Vi\u1ec7t Nam. Trong th\u1eddi k\u1ef3 cai tr\u1ecb c\u1ee7a m\u00ecnh, Vi\u1ec7t Nam \u0111\u00e3 c\u00f3 r\u1ea5t nhi\u1ec1u \u0111\u1ea3ng ch\u00ednh tr\u1ecb v\u1edbi h\u00e0ng t\u00e1 trong h\u1ec7 th\u1ed1ng \u0111a \u0111\u1ea3ng. \u0110\u1ed1i v\u1edbi Vi\u1ec7t Nam, \u00f4ng l\u00e0 m\u1ed9t ng\u01b0\u1eddi quan tr\u1ecdng trong l\u1ecbch s\u1eed, m\u1ed9t nh\u00e0 c\u1ea3i c\u00e1ch c\u0169ng nh\u01b0 m\u1ed9t ng\u01b0\u1eddi y\u00eau n\u01b0\u1edbc. Tuy nhi\u00ean to\u00e0n b\u1ed9 cu\u1ed9c \u0111\u1eddi c\u1ee7a \u00f4ng li\u00ean quan \u0111\u1ebfn s\u1ed1 13, \u0111\u01b0\u1ee3c coi l\u00e0 m\u1ed9t con s\u1ed1 kh\u00f4ng may m\u1eafn, sinh n\u0103m 1913 v\u00e0 l\u00e0 v\u1ecb ho\u00e0ng \u0111\u1ebf th\u1ee9 13 c\u1ee7a tri\u1ec1u Nguy\u1ec5n.<\/p><p><img loading=\"lazy\" class=\"aligncenter wp-image-19957 size-trx_addons-thumb-portrait\" src=\"http:\/\/emperorcruises.com\/wp-content\/uploads\/2022\/06\/nam_phuong-600x800-1-370x493.jpg\" alt=\"\" width=\"370\" height=\"493\" \/><\/p><h6 style=\"text-align: center;\">Nam Ph\u01b0\u01a1ng Ho\u00e0ng H\u1eadu (1914 \u2013 1963)<\/h6><p style=\"text-align: center;\"><strong><em>Tranh do H\u1ecda s\u0129 Ph\u1ea1m L\u1ef1c v\u1ebd n\u0103m 2016 \u0111\u01b0\u1ee3c treo \u1edf Mekong Lounge<\/em><\/strong><\/p><p style=\"text-align: justify;\">Th\u00f4ng qua \u1ea5n ph\u1ea9m n\u00e0y d\u00e0nh ri\u00eang cho kh\u00e1ch h\u00e0ng c\u1ee7a Du thuy\u1ec1n Ho\u00e0ng \u0110\u1ebf, tr\u00ean m\u1ed7i trang b\u1ea1n s\u1ebd kh\u00e1m ph\u00e1 nh\u1eefng kh\u00e1m ph\u00e1 th\u00fa v\u1ecb nh\u1ea5t, h\u00ecnh \u1ea3nh v\u1ec1 l\u1ed1i s\u1ed1ng sang tr\u1ecdng c\u1ee7a Ho\u00e0ng \u0111\u1ebf, bi\u1ec7t th\u1ef1 ho\u00e0ng gia c\u1ee7a m\u00ecnh tr\u00ean kh\u1eafp Vi\u1ec7t Nam, ng\u01b0\u1eddi ph\u1ee5 n\u1eef xinh \u0111\u1eb9p c\u1ee7a\u00a0<strong>B\u1ea3o \u0110\u1ea1i<\/strong>, c\u00e2u chuy\u1ec7n v\u1ec1 ng\u01b0\u1eddi ho\u00e0ng h\u1eadu \u0111\u1ea7u ti\u00ean,\u00a0<strong>Nam Ph\u01b0\u01a1ng<\/strong>, con trai c\u1ee7a h\u1ecd, Ho\u00e0ng t\u1eed B\u1ea3o Long v\u00e0 Ho\u00e0ng h\u1eadu T\u1eed Cung. Cu\u1ed1i c\u00f9ng, trong c\u00e2u chuy\u1ec7n c\u1ee7a m\u1ed9t ng\u01b0\u1eddi b\u1ea3o v\u1ec7, m\u1ed9t qu\u00fd \u00f4ng ch\u00fang t\u00f4i \u0111\u00e3 g\u1eb7p \u1edf \u0110\u00e0 L\u1ea1t, \u00f4ng \u0111\u00e3 ti\u1ebft l\u1ed9 nh\u1eefng nh\u00e2n v\u1eadt tuy\u1ec7t v\u1eddi nh\u1ea5t v\u00e0 nh\u1eefng c\u00e2u chuy\u1ec7n c\u1ee7a \u201cNg\u01b0\u1eddi g\u00ecn gi\u1eef s\u1ef1 v\u0129 \u0111\u1ea1i\u201d<\/p><p style=\"text-align: justify;\">\u0110\u1ec3 \u0111\u1ea3m b\u1ea3o t\u00ednh ch\u00ednh x\u00e1c trong cu\u1ed1n s\u00e1ch ng\u1eafn g\u1ecdn n\u00e0y, t\u00f4i \u0111\u00e3 s\u1eed d\u1ee5ng nhi\u1ec1u ngu\u1ed3n kh\u00e1c nhau, \u0111\u01b0\u1ee3c \u0111\u1ec1 c\u1eadp \u1edf tr\u00ean. H\u00e3y th\u1ee9 l\u1ed7i cho t\u00f4i n\u1ebfu t\u00f4i \u0111\u00e3 s\u1eed d\u1ee5ng th\u00f4ng tin c\u1ee7a ai \u0111\u00f3 m\u00e0 kh\u00f4ng tr\u00edch d\u1eabn n\u00f3 v\u00e0 t\u00f4i \u0111\u00e1nh gi\u00e1 cao s\u1ef1 gi\u00fap \u0111\u1ee1 \u0111\u01b0a cho t\u00f4i \u00fd ki\u1ebfn \u0111\u1ec3 \u200b\u200bx\u00e2y d\u1ef1ng. T\u00f4i ti\u1ebfp t\u1ee5c t\u00ecm hi\u1ec3u th\u00eam v\u1ec1 ng\u01b0\u1eddi \u0111\u00e0n \u00f4ng v\u00e0 ho\u00e0ng \u0111\u1ebf v\u00e0 s\u1ebd ti\u1ebfp t\u1ee5c truy\u1ec1n c\u1ea3m h\u1ee9ng cho b\u1ea1n b\u1eb1ng c\u00e1ch \u0111\u01b0a th\u00f4ng tin m\u1edbi v\u00e0o \u1ea5n b\u1ea3n ti\u1ebfp theo c\u1ee7a cu\u1ed1n s\u00e1ch n\u00e0y cho kh\u00e1ch c\u1ee7a ch\u00fang t\u00f4i. \u0110\u1ec3 k\u1ebft lu\u1eadn, c\u00e1o ph\u00f3 t\u1eeb t\u1edd New York Times l\u00e0 m\u1ed9t b\u1ea3n t\u00f3m t\u1eaft tuy\u1ec7t v\u1eddi v\u1ec1 cu\u1ed9c \u0111\u1eddi c\u1ee7a\u00a0<strong>B\u1ea3o \u0110\u1ea1i<\/strong>\u00a0khi \u00f4ng qua \u0111\u1eddi t\u1ea1i Ph\u00e1p v\u00e0o n\u0103m 1997 v\u00e0 \u0111\u01b0\u1ee3c ch\u00f4n c\u1ea5t t\u1ea1i Ngh\u0129a trang Passy n\u1ed5i ti\u1ebfng \u1edf Paris.<\/p><p style=\"text-align: justify;\">T\u00f4i hy v\u1ecdng b\u1eb1ng c\u00e1ch \u0111\u1ecdc cu\u1ed1n s\u00e1ch n\u00e0y b\u1ea1n s\u1ebd th\u1ea5y cu\u1ed9c s\u1ed1ng c\u1ee7a\u00a0<strong>B\u1ea3o \u0110\u1ea1i<\/strong>\u00a0r\u1ea5t h\u1ea5p d\u1eabn nh\u01b0 t\u00f4i v\u00e0 s\u1ebd c\u00f3 m\u1ed9t th\u1eddi gian \u0111\u00e1ng nh\u1edb tr\u00ean t\u00e0u Ho\u00e0ng \u0110\u1ebf, l\u1ea5y c\u1ea3m h\u1ee9ng t\u1eeb l\u1ed1i s\u1ed1ng c\u1ee7a ho\u00e0ng \u0111\u1ebf, c\u0169ng nh\u01b0 kho b\u00e1u c\u1ee7a Nha Trang v\u00e0 H\u1ea1 Long \u0111\u01b0\u1ee3c ti\u1ebft l\u1ed9 v\u00e0 b\u1ea1n t\u00ecm hi\u1ec3u l\u00fd do t\u1ea1i sao c\u00e1c v\u1ecbnh \u0111\u01b0\u1ee3c b\u00ecnh ch\u1ecdn l\u00e0 hai trong 29 v\u1ecbnh \u0111\u1eb9p nh\u1ea5t th\u1ebf gi\u1edbi.<\/p><p style=\"text-align: justify;\"><span class=\"trx_addons_accent\"><strong>Pha\u0323m Ha\u0300<\/strong><\/span><\/p><p style=\"text-align: justify;\">\u0110\u00f4\u0300ng sa\u0301ng l\u00e2\u0323p du thuy\u00ea\u0300n Hoa\u0300ng \u0110\u00ea\u0301<\/p>\t\t\t\t\t\t<\/div>\n\t\t\t\t<\/div>\n\t\t\t\t\t<\/div>\n\t\t<\/div>\n\t\t\t\t\t\t\t<\/div>\n\t\t<\/section>\n\t\t\t\t<section class=\"elementor-section elementor-inner-section elementor-element elementor-element-60c2d8e elementor-section-boxed elementor-section-height-default elementor-section-height-default sc_fly_static\" data-id=\"60c2d8e\" data-element_type=\"section\">\n\t\t\t\t\t\t<div class=\"elementor-container elementor-column-gap-no\">\n\t\t\t\t\t<div class=\"elementor-column elementor-col-100 elementor-inner-column elementor-element elementor-element-61713be sc_inner_width_none sc_content_align_inherit sc_layouts_column_icons_position_left sc_fly_static\" data-id=\"61713be\" data-element_type=\"column\">\n\t\t\t<div class=\"elementor-widget-wrap elementor-element-populated\">\n\t\t\t\t\t\t\t\t<div class=\"elementor-element elementor-element-e33a3dc sc_height_medium sc_fly_static elementor-widget elementor-widget-spacer\" data-id=\"e33a3dc\" data-element_type=\"widget\" data-widget_type=\"spacer.default\">\n\t\t\t\t<div class=\"elementor-widget-container\">\n\t\t\t\t\t<div class=\"elementor-spacer\">\n\t\t\t<div class=\"elementor-spacer-inner\"><\/div>\n\t\t<\/div>\n\t\t\t\t<\/div>\n\t\t\t\t<\/div>\n\t\t\t\t\t<\/div>\n\t\t<\/div>\n\t\t\t\t\t\t\t<\/div>\n\t\t<\/section>\n\t\t\t\t\t<\/div>\n\t\t<\/div>\n\t\t\t\t\t\t\t<\/div>\n\t\t<\/section>\n\t\t\t\t<section class=\"elementor-section elementor-top-section elementor-element elementor-element-e882f22 elementor-section-full_width elementor-section-stretched elementor-section-height-default elementor-section-height-default sc_fly_static\" data-id=\"e882f22\" data-element_type=\"section\" data-settings=\"{&quot;background_background&quot;:&quot;classic&quot;,&quot;stretch_section&quot;:&quot;section-stretched&quot;}\">\n\t\t\t\t\t\t\t<div class=\"elementor-background-overlay\"><\/div>\n\t\t\t\t\t\t\t<div class=\"elementor-container elementor-column-gap-no\">\n\t\t\t\t\t<div class=\"elementor-column elementor-col-100 elementor-top-column elementor-element elementor-element-dbcb7a2 sc_inner_width_none sc_content_align_inherit sc_layouts_column_icons_position_left sc_fly_static\" data-id=\"dbcb7a2\" data-element_type=\"column\">\n\t\t\t<div class=\"elementor-widget-wrap elementor-element-populated\">\n\t\t\t\t\t\t\t\t<div class=\"elementor-element elementor-element-6bdd104 sc_layouts_hide_on_mobile sc_height_medium sc_fly_static elementor-widget elementor-widget-spacer\" data-id=\"6bdd104\" data-element_type=\"widget\" data-widget_type=\"spacer.default\">\n\t\t\t\t<div class=\"elementor-widget-container\">\n\t\t\t\t\t<div class=\"elementor-spacer\">\n\t\t\t<div class=\"elementor-spacer-inner\"><\/div>\n\t\t<\/div>\n\t\t\t\t<\/div>\n\t\t\t\t<\/div>\n\t\t\t\t\t<\/div>\n\t\t<\/div>\n\t\t\t\t\t\t\t<\/div>\n\t\t<\/section>\n\t\t\t\t\t\t\t<\/div>\n\t\t","protected":false},"excerpt":{"rendered":"<p>cu\u1ed9c s\u1ed1ng du thuy\u1ec1n B\u00ed m\u1eadt c\u1ee7a ho\u00e0ng \u0111\u1ebf TRA\u0309I NGHI\u00ca\u0323M DU THUY\u00ca\u0300N \u0110\u00d4\u0323C \u0110A\u0301O TR\u00caN DU THUY\u00ca\u0300N TRO\u0323N GO\u0301I \u0110\u00c2\u0300U TI\u00caN TA\u0323I VI\u00ca\u0323T NAM B\u00ed m\u1eadt c\u1ee7a ho\u00e0ng \u0111\u1ebf&hellip;<\/p>\n","protected":false},"author":1,"featured_media":22463,"parent":0,"menu_order":0,"comment_status":"closed","ping_status":"closed","template":"","meta":[],"_links":{"self":[{"href":"https:\/\/emperorcruises.com\/vi\/wp-json\/wp\/v2\/pages\/23685"}],"collection":[{"href":"https:\/\/emperorcruises.com\/vi\/wp-json\/wp\/v2\/pages"}],"about":[{"href":"https:\/\/emperorcruises.com\/vi\/wp-json\/wp\/v2\/types\/page"}],"author":[{"embeddable":true,"href":"https:\/\/emperorcruises.com\/vi\/wp-json\/wp\/v2\/users\/1"}],"replies":[{"embeddable":true,"href":"https:\/\/emperorcruises.com\/vi\/wp-json\/wp\/v2\/comments?post=23685"}],"version-history":[{"count":4,"href":"https:\/\/emperorcruises.com\/vi\/wp-json\/wp\/v2\/pages\/23685\/revisions"}],"predecessor-version":[{"id":26155,"href":"https:\/\/emperorcruises.com\/vi\/wp-json\/wp\/v2\/pages\/23685\/revisions\/26155"}],"wp:featuredmedia":[{"embeddable":true,"href":"https:\/\/emperorcruises.com\/vi\/wp-json\/wp\/v2\/media\/22463"}],"wp:attachment":[{"href":"https:\/\/emperorcruises.com\/vi\/wp-json\/wp\/v2\/media?parent=23685"}],"curies":[{"name":"wp","href":"https:\/\/api.w.org\/{rel}","templated":true}]}}