{"id":27311,"date":"2022-06-18T19:59:07","date_gmt":"2022-06-18T19:59:07","guid":{"rendered":"https:\/\/emperorcruises.com\/careers\/"},"modified":"2022-09-19T07:04:06","modified_gmt":"2022-09-19T07:04:06","slug":"carriere","status":"publish","type":"page","link":"https:\/\/emperorcruises.com\/it\/carriere\/","title":{"rendered":"Carriere"},"content":{"rendered":"\t\t<div data-elementor-type=\"wp-page\" data-elementor-id=\"27311\" class=\"elementor elementor-27311 elementor-21569\">\n\t\t\t\t\t\t\t\t\t<section class=\"elementor-section elementor-top-section elementor-element elementor-element-3a36902 elementor-section-full_width elementor-section-height-min-height elementor-section-items-bottom elementor-section-stretched elementor-section-height-default sc_fly_static\" data-id=\"3a36902\" data-element_type=\"section\" data-settings=\"{&quot;background_background&quot;:&quot;classic&quot;,&quot;stretch_section&quot;:&quot;section-stretched&quot;}\">\n\t\t\t\t\t\t<div class=\"elementor-container elementor-column-gap-no\">\n\t\t\t\t\t<div class=\"elementor-column elementor-col-100 elementor-top-column elementor-element elementor-element-9fb4331 sc_inner_width_none sc_content_align_inherit sc_layouts_column_icons_position_left sc_fly_static\" data-id=\"9fb4331\" data-element_type=\"column\">\n\t\t\t<div class=\"elementor-widget-wrap elementor-element-populated\">\n\t\t\t\t\t\t\t\t<div class=\"elementor-element elementor-element-3769f12 sc_fly_static elementor-widget elementor-widget-spacer\" data-id=\"3769f12\" data-element_type=\"widget\" data-widget_type=\"spacer.default\">\n\t\t\t\t<div class=\"elementor-widget-container\">\n\t\t\t<style>\/*! elementor - v3.7.8 - 02-10-2022 *\/\n.elementor-column .elementor-spacer-inner{height:var(--spacer-size)}.e-container{--container-widget-width:100%}.e-container>.elementor-widget-spacer{width:var(--container-widget-width,var(--spacer-size));-ms-flex-item-align:stretch;align-self:stretch;-ms-flex-negative:0;flex-shrink:0}.e-container>.elementor-widget-spacer>.elementor-widget-container,.e-container>.elementor-widget-spacer>.elementor-widget-container>.elementor-spacer{height:100%}.e-container>.elementor-widget-spacer>.elementor-widget-container>.elementor-spacer>.elementor-spacer-inner{height:var(--container-widget-height,var(--spacer-size))}<\/style>\t\t<div class=\"elementor-spacer\">\n\t\t\t<div class=\"elementor-spacer-inner\"><\/div>\n\t\t<\/div>\n\t\t\t\t<\/div>\n\t\t\t\t<\/div>\n\t\t\t\t<div class=\"elementor-element elementor-element-d90b52e sc_fly_static elementor-widget elementor-widget-trx_sc_title\" data-id=\"d90b52e\" data-element_type=\"widget\" data-widget_type=\"trx_sc_title.default\">\n\t\t\t\t<div class=\"elementor-widget-container\">\n\t\t\t<div\t\tclass=\"sc_title color_style_link2 sc_title_default\" ><span class=\"sc_item_subtitle sc_title_subtitle sc_align_center sc_item_subtitle_above sc_item_title_style_default\">emperor cruises<\/span><h1 class=\"sc_item_title sc_title_title sc_align_center sc_item_title_style_default sc_item_title_tag trx_addons_inline_1280360474\"\n\t\t\t><span class=\"sc_item_title_text\">Carriere<\/span><\/h1><\/div>\t\t<\/div>\n\t\t\t\t<\/div>\n\t\t\t\t<div class=\"elementor-element elementor-element-ad1cca8 sc_fly_static elementor-widget elementor-widget-spacer\" data-id=\"ad1cca8\" data-element_type=\"widget\" data-widget_type=\"spacer.default\">\n\t\t\t\t<div class=\"elementor-widget-container\">\n\t\t\t\t\t<div class=\"elementor-spacer\">\n\t\t\t<div class=\"elementor-spacer-inner\"><\/div>\n\t\t<\/div>\n\t\t\t\t<\/div>\n\t\t\t\t<\/div>\n\t\t\t\t<section class=\"elementor-section elementor-inner-section elementor-element elementor-element-3af5f09 elementor-section-boxed elementor-section-height-default elementor-section-height-default sc_fly_static\" data-id=\"3af5f09\" data-element_type=\"section\">\n\t\t\t\t\t\t<div class=\"elementor-container elementor-column-gap-extended\">\n\t\t\t\t\t<div class=\"elementor-column elementor-col-100 elementor-inner-column elementor-element elementor-element-06df3b2 sc_inner_width_none sc_content_align_inherit sc_layouts_column_icons_position_left sc_fly_static\" data-id=\"06df3b2\" data-element_type=\"column\">\n\t\t\t<div class=\"elementor-widget-wrap elementor-element-populated\">\n\t\t\t\t\t\t\t\t<div class=\"elementor-element elementor-element-38ba800 elementor-view-default sc_fly_static elementor-widget elementor-widget-icon\" data-id=\"38ba800\" data-element_type=\"widget\" data-widget_type=\"icon.default\">\n\t\t\t\t<div class=\"elementor-widget-container\">\n\t\t\t\t\t<div class=\"elementor-icon-wrapper\">\n\t\t\t<a class=\"elementor-icon\" href=\"#anchor\">\n\t\t\t<svg xmlns=\"http:\/\/www.w3.org\/2000\/svg\" width=\"14.626\" height=\"8.639\" viewBox=\"0 0 14.626 8.639\"><g id=\"down-arrow\" transform=\"translate(0 -70.698)\"><g id=\"Group_8820\" data-name=\"Group 8820\" transform=\"translate(0 100.698)\"><path id=\"Path_6507\" data-name=\"Path 6507\" d=\"M14.392,101.42l-.479-.482a.8.8,0,0,0-1.132,0L7.316,106.4l-5.472-5.472a.8.8,0,0,0-1.132,0l-.479.479a.8.8,0,0,0,0,1.131l6.515,6.538a.818.818,0,0,0,.567.257h0a.818.818,0,0,0,.566-.257l6.508-6.52a.808.808,0,0,0,.234-.571A.8.8,0,0,0,14.392,101.42Z\" transform=\"translate(0 -130.698)\"><\/path><\/g><\/g><\/svg>\t\t\t<\/a>\n\t\t<\/div>\n\t\t\t\t<\/div>\n\t\t\t\t<\/div>\n\t\t\t\t<div class=\"elementor-element elementor-element-73bf6e9 sc_fly_static elementor-widget elementor-widget-spacer\" data-id=\"73bf6e9\" data-element_type=\"widget\" data-widget_type=\"spacer.default\">\n\t\t\t\t<div class=\"elementor-widget-container\">\n\t\t\t\t\t<div class=\"elementor-spacer\">\n\t\t\t<div class=\"elementor-spacer-inner\"><\/div>\n\t\t<\/div>\n\t\t\t\t<\/div>\n\t\t\t\t<\/div>\n\t\t\t\t\t<\/div>\n\t\t<\/div>\n\t\t\t\t\t\t\t<\/div>\n\t\t<\/section>\n\t\t\t\t\t<\/div>\n\t\t<\/div>\n\t\t\t\t\t\t\t<\/div>\n\t\t<\/section>\n\t\t\t\t<section class=\"elementor-section elementor-top-section elementor-element elementor-element-076779a elementor-section-stretched scheme_default elementor-section-boxed elementor-section-height-default elementor-section-height-default sc_fly_static\" data-id=\"076779a\" data-element_type=\"section\" data-settings=\"{&quot;stretch_section&quot;:&quot;section-stretched&quot;,&quot;background_background&quot;:&quot;classic&quot;}\">\n\t\t\t\t\t\t<div class=\"elementor-container elementor-column-gap-extended\">\n\t\t\t\t\t<div class=\"elementor-column elementor-col-100 elementor-top-column elementor-element elementor-element-cc58516 sc_inner_width_none sc_content_align_inherit sc_layouts_column_icons_position_left sc_fly_static\" data-id=\"cc58516\" data-element_type=\"column\">\n\t\t\t<div class=\"elementor-widget-wrap elementor-element-populated\">\n\t\t\t\t\t\t\t\t<div class=\"elementor-element elementor-element-6d4d98a sc_height_medium sc_fly_static elementor-widget elementor-widget-spacer\" data-id=\"6d4d98a\" data-element_type=\"widget\" data-widget_type=\"spacer.default\">\n\t\t\t\t<div class=\"elementor-widget-container\">\n\t\t\t\t\t<div class=\"elementor-spacer\">\n\t\t\t<div class=\"elementor-spacer-inner\"><\/div>\n\t\t<\/div>\n\t\t\t\t<\/div>\n\t\t\t\t<\/div>\n\t\t\t\t<section class=\"elementor-section elementor-inner-section elementor-element elementor-element-80ed635 elementor-section-boxed elementor-section-height-default elementor-section-height-default sc_fly_static\" data-id=\"80ed635\" data-element_type=\"section\">\n\t\t\t\t\t\t<div class=\"elementor-container elementor-column-gap-extended\">\n\t\t\t\t\t<div class=\"elementor-column elementor-col-16 elementor-inner-column elementor-element elementor-element-7d1ca38 sc_inner_width_none sc_content_align_inherit sc_layouts_column_icons_position_left sc_fly_static\" data-id=\"7d1ca38\" data-element_type=\"column\">\n\t\t\t<div class=\"elementor-widget-wrap\">\n\t\t\t\t\t\t\t\t\t<\/div>\n\t\t<\/div>\n\t\t\t\t<div class=\"elementor-column elementor-col-66 elementor-inner-column elementor-element elementor-element-9b4689a sc_inner_width_none sc_content_align_inherit sc_layouts_column_icons_position_left sc_fly_static\" data-id=\"9b4689a\" data-element_type=\"column\">\n\t\t\t<div class=\"elementor-widget-wrap elementor-element-populated\">\n\t\t\t\t\t\t\t\t<div class=\"elementor-element elementor-element-0d7bbc5 sc_fly_static elementor-widget elementor-widget-image\" data-id=\"0d7bbc5\" data-element_type=\"widget\" data-widget_type=\"image.default\">\n\t\t\t\t<div class=\"elementor-widget-container\">\n\t\t\t<style>\/*! elementor - v3.7.8 - 02-10-2022 *\/\n.elementor-widget-image{text-align:center}.elementor-widget-image a{display:inline-block}.elementor-widget-image a img[src$=\".svg\"]{width:48px}.elementor-widget-image img{vertical-align:middle;display:inline-block}<\/style>\t\t\t\t\t\t\t\t\t\t\t\t<img width=\"840\" height=\"473\" src=\"https:\/\/emperorcruises.com\/wp-content\/uploads\/2022\/06\/Beach-Lifestyle-13-840x473.jpg\" class=\"attachment-qwery-thumb-big size-qwery-thumb-big\" alt=\"\" loading=\"lazy\" srcset=\"https:\/\/emperorcruises.com\/wp-content\/uploads\/2022\/06\/Beach-Lifestyle-13-840x473.jpg 840w, https:\/\/emperorcruises.com\/wp-content\/uploads\/2022\/06\/Beach-Lifestyle-13-1290x725.jpg 1290w, https:\/\/emperorcruises.com\/wp-content\/uploads\/2022\/06\/Beach-Lifestyle-13-410x230.jpg 410w, https:\/\/emperorcruises.com\/wp-content\/uploads\/2022\/06\/Beach-Lifestyle-13-270x152.jpg 270w\" sizes=\"(max-width: 840px) 100vw, 840px\" \/>\t\t\t\t\t\t\t\t\t\t\t\t\t\t\t<\/div>\n\t\t\t\t<\/div>\n\t\t\t\t\t<\/div>\n\t\t<\/div>\n\t\t\t\t<div class=\"elementor-column elementor-col-16 elementor-inner-column elementor-element elementor-element-6251783 sc_inner_width_none sc_content_align_inherit sc_layouts_column_icons_position_left sc_fly_static\" data-id=\"6251783\" data-element_type=\"column\">\n\t\t\t<div class=\"elementor-widget-wrap\">\n\t\t\t\t\t\t\t\t\t<\/div>\n\t\t<\/div>\n\t\t\t\t\t\t\t<\/div>\n\t\t<\/section>\n\t\t\t\t<section class=\"elementor-section elementor-inner-section elementor-element elementor-element-7400877 elementor-section-boxed elementor-section-height-default elementor-section-height-default sc_fly_static\" data-id=\"7400877\" data-element_type=\"section\">\n\t\t\t\t\t\t<div class=\"elementor-container elementor-column-gap-extended\">\n\t\t\t\t\t<div class=\"elementor-column elementor-col-100 elementor-inner-column elementor-element elementor-element-680c7dc sc_inner_width_none sc_content_align_inherit sc_layouts_column_icons_position_left sc_fly_static\" data-id=\"680c7dc\" data-element_type=\"column\">\n\t\t\t<div class=\"elementor-widget-wrap elementor-element-populated\">\n\t\t\t\t\t\t\t\t<div class=\"elementor-element elementor-element-62477a4 sc_height_small sc_fly_static elementor-widget elementor-widget-spacer\" data-id=\"62477a4\" data-element_type=\"widget\" data-widget_type=\"spacer.default\">\n\t\t\t\t<div class=\"elementor-widget-container\">\n\t\t\t\t\t<div class=\"elementor-spacer\">\n\t\t\t<div class=\"elementor-spacer-inner\"><\/div>\n\t\t<\/div>\n\t\t\t\t<\/div>\n\t\t\t\t<\/div>\n\t\t\t\t<div class=\"elementor-element elementor-element-39555c4 sc_fly_static elementor-widget elementor-widget-text-editor\" data-id=\"39555c4\" data-element_type=\"widget\" data-widget_type=\"text-editor.default\">\n\t\t\t\t<div class=\"elementor-widget-container\">\n\t\t\t<style>\/*! elementor - v3.7.8 - 02-10-2022 *\/\n.elementor-widget-text-editor.elementor-drop-cap-view-stacked .elementor-drop-cap{background-color:#818a91;color:#fff}.elementor-widget-text-editor.elementor-drop-cap-view-framed .elementor-drop-cap{color:#818a91;border:3px solid;background-color:transparent}.elementor-widget-text-editor:not(.elementor-drop-cap-view-default) .elementor-drop-cap{margin-top:8px}.elementor-widget-text-editor:not(.elementor-drop-cap-view-default) .elementor-drop-cap-letter{width:1em;height:1em}.elementor-widget-text-editor .elementor-drop-cap{float:left;text-align:center;line-height:1;font-size:50px}.elementor-widget-text-editor .elementor-drop-cap-letter{display:inline-block}<\/style>\t\t\t\t<h5 style=\"text-align: justify;\"><strong>Informazioni su Emperor<\/strong><\/h5><p style=\"text-align: justify;\">La crociera \u00e8 stata ispirata dalla vita lussuosa dell&#8217;imperatore Bao Dai, l&#8217;ultimo del Vietnam. Pertanto, la barca stessa \u00e8 una scoperta degli anni &#8217;30 con INSPIRED Design, RICH IN HISTORY e Royal Heritage. Portiamo i tuoi clienti a vivere ogni momento con noi essendo trattati come re e regine, concedendosi servizi come musica, belle arti, architettura, cultura, cucina, storia e attivit\u00e0 all&#8217;aperto e all&#8217;aperto; attivit\u00e0 al chiuso, vita in barca, storie dell&#8217;imperatore Bao Dai attraverso il design e dove tutto \u00e8 incluso.<\/p><p style=\"text-align: justify;\">Attualmente Emperor propone\u00a0<strong>Crociere per l&#8217;intera giornata e con cena al tramonto nella baia di Nha Trang e pernottamento Emperor Cruises ad Ha Long<\/strong>. Siamo le prime e le uniche crociere all-inclusive a 5 stelle nella baia di Nha Trang e Ha Long<\/p><hr \/><h4 style=\"text-align: justify;\"><strong>CROCIERE DELL&#8217;IMPERATORE NHA TRANG 5* ASSUNZIONE<\/strong><\/h4><p style=\"text-align: justify;\"><strong>POSIZIONE: 1 OTA in vendita<\/strong><\/p><p style=\"text-align: justify;\">DESCRIZIONE DEL LAVORO:<br \/>\u2022 In collaborazione con l&#8217;area\/responsabile vendite, sviluppare, implementare e gestire le vendite E-Commerce.<br \/>\u2022 Assistere nello sviluppo e nell&#8217;attuazione di una strategia di determinazione dei prezzi online per raggiungere gli obiettivi di vendita online in collaborazione con l&#8217;organizzazione di vendita locale e il dipartimento di determinazione dei prezzi<br \/>\u2022 Collaborare con l&#8217;ufficio marketing per identificare opportunit\u00e0 di collegamento diretto con le OTA e sviluppare una strategia per ottimizzare i costi e l&#8217;efficienza della distribuzione.<br \/>\u2022 Prendersi cura della richiesta FIT e seguire la prenotazione<br \/>\u2022 Gestire tutti i problemi relativi alla prenotazione OTA e FIT: feedback degli ospiti, reclami, requisiti&#8230; comunicare con l&#8217;ospite.<br \/>\u2022 Realizzazione di report settimanali e mensili direttamente al Sales Manager e al BOD<br \/>\u2022 Altri compiti assegnati.<\/p><p style=\"text-align: justify;\">REQUISITO<br \/>\u2022 Influenti lingue coreane e inglesi<br \/>\u2022 Buona capacit\u00e0 di comunicazione<br \/>\u2022 Bravo in Word, Excel, Powerpoint<br \/>\u2022 Formazione gratuita da parte dei dirigenti<br \/>\u2022 Sarebbe vantaggiosa la conoscenza specifica delle OTA di ospiti di lingua coreana o inglese.<\/p><p style=\"text-align: justify;\">VANTAGGIO<br \/>\u2022 Stipendio: trattativa<br \/>\u2022 Opportunit\u00e0 di promozione a posizioni pi\u00f9 alte<br \/>\u2022 Supporto per l&#8217;alloggio (se disponibile)<br \/>\u2022 Bonus come regolamento aziendale e altri vantaggi<\/p><p style=\"text-align: justify;\"><strong>APPLICAZIONE<\/strong><br \/>CV in inglese inviare all&#8217;e-mail\u00a0saleshanoi@emperorcruises.com<br \/>Ufficio: via Hieu 74, citt\u00e0 di Nha Trang, Khanh Hoa<br \/>Sito web: www.emperorcruises.com<\/p><hr \/><h4 style=\"text-align: justify;\"><strong>Responsabile vendite &amp; Vendite senior\/ Vendite online nell&#8217;ufficio di Hanoi<\/strong><\/h4><p style=\"text-align: justify;\">Lavoro nell&#8217;ufficio di Hanoi.<\/p><p style=\"text-align: justify;\"><strong>Prodotto: Emperor Cruises Ha Long &amp; Baia di Nha Trang, Vietnam<br \/>Per il colloquio immediato, stipendio alto + bonus<\/strong><\/p><p style=\"text-align: justify;\">Inizia a lavorare: al pi\u00f9 presto<\/p><p style=\"text-align: justify;\">Stiamo cercando un Sales Manager che guider\u00e0, svilupper\u00e0 e ispirer\u00e0 il team di vendita di crociere, viaggi di piacere e turismo per raggiungere i nostri obiettivi di vendita di crociere. Il responsabile vendite fornir\u00e0 la leadership per consentire all&#8217;azienda di raggiungere i propri obiettivi di vendita, promuovendo la redditivit\u00e0 aziendale, monitorando le prestazioni, sviluppando nuove attivit\u00e0 e utilizzando efficacemente le risorse.<\/p><p style=\"text-align: justify;\"><strong>Le responsabilit\u00e0 del Sales Manager sono:<\/strong><\/p><ul style=\"text-align: justify;\"><li>Comprendi la visione, la missione, lo scopo e i valori di Emperor Cruises Company ed essere in grado di articolarli allo staff e ai partner.<\/li><li>Garantire un&#8217;efficace gestione delle risorse umane, lo sviluppo del team di vendita, formare e far crescere un forte team di vendita di crociere negli uffici di Hanoi, Nha Trang e Saigon.<\/li><li>Mantieni, sviluppa una partnership produttiva con agenti di viaggio, tour operator, pianificatori MICE.<\/li><li>Mantieni e arricchisci un database di clienti sia b2b che b2c. Coordinati con i nostri rappresentanti in vari mercati.<\/li><li>Comunicare con i clienti nel modo pi\u00f9 efficace. Campagne di gestione della fidelizzazione dei clienti (CRM), comprese campagne di e-mail segmentate, lanci di brochure e amp; attivit\u00e0 di vendita diretta.<\/li><li>Stabilire e mantenere un&#8217;efficace strategia di marketing e vendita locale (vendite dirette B2C, contratti B2B)<\/li><li>Preparare e\/o partecipare a fiere, vendite call, eventi se necessario.<\/li><li>Dirigere il team di vendita per garantire alta energia, attenzione al cliente con un&#8217;attenzione costante agli indicatori chiave di performance delle vendite (KPI).<\/li><li>Imposta, concorda ed esegui la performance rispetto a tutti gli indicatori chiave di performance, mensili, trimestrali e annuali.<\/li><li>Misurare e monitorare il rendimento effettivo rispetto al rendimento del budget e apportare le modifiche necessarie.<\/li><li>Monitoraggio e reporting delle prestazioni e del processo di Emperor Cruises Ltd.<\/li><li>Massimizza le entrate aumentando le opportunit\u00e0 di vendita attraverso la vendita tattica<\/li><li>Risolvere e analizzare attivamente feedback, problemi e domande dei clienti<\/li><li>Interagire con i fornitori per massimizzare le opportunit\u00e0 di vendita chiave e mantenere i contatti con prodotti e amp; commerciale, marketing e altri dipartimenti<\/li><li>Garantire un elevato tasso di lavoro di vendita, un&#8217;elevata occupazione delle barche oltre a fissare obiettivi. Raggiungi l&#8217;obiettivo di vendita annuale personalmente e l&#8217;intero team.<\/li><li>Segui rigorosamente il processo dell&#8217;azienda e la fornitura dei servizi ai clienti<\/li><\/ul><p style=\"text-align: justify;\"><strong>Le competenze richieste per il Sales Manager sono:<\/strong><\/p><ul style=\"text-align: justify;\"><li>Persona appassionata e orientata al lusso che pu\u00f2 parlare del settore dei viaggi di lusso in Vietnam e Indocina e viaggi esperienziali in crociera<\/li><li>Due anni di esperienza richiesti in analoga posizione in crociere, ospitalit\u00e0, viaggi e turismo.<\/li><li>Esperienza eccezionale nelle persone, capacit\u00e0 di coaching e leadership<\/li><li>Eccellente nelle competenze trasversali e nella gestione delle vendite<\/li><li>Record comprovati che guidano la motivazione del call center e la gestione del cambiamento<\/li><li>Preferenziale esperienza di lavoro nel settore dei viaggi di piacere, alberghiero, turistico e crocieristico<\/li><li>In grado di pensare e operare strategicamente oltre che tatticamente<\/li><li>Fornitore focalizzato sulle attivit\u00e0 con un&#8217;eccezionale spinta al cambiamento e alla qualit\u00e0<\/li><li>Approccio creativo e proattivo alla risoluzione dei problemi<\/li><li>Eccellenti capacit\u00e0 matematiche per comprendere i dati di vendita e come lasciarli per migliorare le prestazioni di vendita<\/li><li>Capacit\u00e0 di lavorare sotto pressione e rispettando le scadenze<\/li><li>Desiderabile esperienza nel settore dei viaggi e in tour operator<\/li><li>Capacit\u00e0 di dimostrare eccellenti capacit\u00e0 comunicative e di influenza<\/li><li>Incentrato sul commerciale e sul cliente, con la capacit\u00e0 di ottenere ottime performance di vendita<\/li><\/ul><p style=\"text-align: justify;\"><strong>VANTAGGI<\/strong><\/p><p style=\"text-align: justify;\">Alto stipendio + Bonus + Assicurazione + Polizza di vendita<\/p><p style=\"text-align: justify;\">Vantaggi per l&#8217;azienda<\/p><p style=\"text-align: justify;\">Indennit\u00e0 per chiamate di vendita, fiere in VN e all&#8217;estero.<\/p><p style=\"text-align: justify;\"><strong>Invia una lettera di candidatura con curriculum e foto recente a: hr1@luxcruisesgroup.com<\/strong><\/p><p style=\"text-align: justify;\">Contatto: 0914 929 196 (Sig.ra Huong)<\/p>\t\t\t\t\t\t<\/div>\n\t\t\t\t<\/div>\n\t\t\t\t\t<\/div>\n\t\t<\/div>\n\t\t\t\t\t\t\t<\/div>\n\t\t<\/section>\n\t\t\t\t\t<\/div>\n\t\t<\/div>\n\t\t\t\t\t\t\t<\/div>\n\t\t<\/section>\n\t\t\t\t\t\t\t<\/div>\n\t\t","protected":false},"excerpt":{"rendered":"<p>emperor cruises Carriere Informazioni su Emperor La crociera \u00e8 stata ispirata dalla vita lussuosa dell&#8217;imperatore Bao Dai, l&#8217;ultimo del Vietnam. Pertanto, la barca stessa \u00e8 una scoperta degli anni &#8217;30&hellip;<\/p>\n","protected":false},"author":1,"featured_media":22308,"parent":0,"menu_order":0,"comment_status":"closed","ping_status":"closed","template":"","meta":[],"_links":{"self":[{"href":"https:\/\/emperorcruises.com\/it\/wp-json\/wp\/v2\/pages\/27311"}],"collection":[{"href":"https:\/\/emperorcruises.com\/it\/wp-json\/wp\/v2\/pages"}],"about":[{"href":"https:\/\/emperorcruises.com\/it\/wp-json\/wp\/v2\/types\/page"}],"author":[{"embeddable":true,"href":"https:\/\/emperorcruises.com\/it\/wp-json\/wp\/v2\/users\/1"}],"replies":[{"embeddable":true,"href":"https:\/\/emperorcruises.com\/it\/wp-json\/wp\/v2\/comments?post=27311"}],"version-history":[{"count":5,"href":"https:\/\/emperorcruises.com\/it\/wp-json\/wp\/v2\/pages\/27311\/revisions"}],"predecessor-version":[{"id":28851,"href":"https:\/\/emperorcruises.com\/it\/wp-json\/wp\/v2\/pages\/27311\/revisions\/28851"}],"wp:featuredmedia":[{"embeddable":true,"href":"https:\/\/emperorcruises.com\/it\/wp-json\/wp\/v2\/media\/22308"}],"wp:attachment":[{"href":"https:\/\/emperorcruises.com\/it\/wp-json\/wp\/v2\/media?parent=27311"}],"curies":[{"name":"wp","href":"https:\/\/api.w.org\/{rel}","templated":true}]}}