{"id":27299,"date":"2022-06-18T19:55:46","date_gmt":"2022-06-18T19:55:46","guid":{"rendered":"https:\/\/emperorcruises.com\/privacy-policy\/"},"modified":"2022-09-19T04:44:57","modified_gmt":"2022-09-19T04:44:57","slug":"politica-sulla-privacy","status":"publish","type":"page","link":"https:\/\/emperorcruises.com\/it\/politica-sulla-privacy\/","title":{"rendered":"Politica sulla privacy"},"content":{"rendered":"\t\t<div data-elementor-type=\"wp-page\" data-elementor-id=\"27299\" class=\"elementor elementor-27299 elementor-21564\">\n\t\t\t\t\t\t\t\t\t<section class=\"elementor-section elementor-top-section elementor-element elementor-element-3a36902 elementor-section-full_width elementor-section-height-min-height elementor-section-items-bottom elementor-section-stretched elementor-section-height-default sc_fly_static\" data-id=\"3a36902\" data-element_type=\"section\" data-settings=\"{&quot;background_background&quot;:&quot;classic&quot;,&quot;stretch_section&quot;:&quot;section-stretched&quot;}\">\n\t\t\t\t\t\t<div class=\"elementor-container elementor-column-gap-no\">\n\t\t\t\t\t<div class=\"elementor-column elementor-col-100 elementor-top-column elementor-element elementor-element-9fb4331 sc_inner_width_none sc_content_align_inherit sc_layouts_column_icons_position_left sc_fly_static\" data-id=\"9fb4331\" data-element_type=\"column\">\n\t\t\t<div class=\"elementor-widget-wrap elementor-element-populated\">\n\t\t\t\t\t\t\t\t<div class=\"elementor-element elementor-element-3769f12 sc_fly_static elementor-widget elementor-widget-spacer\" data-id=\"3769f12\" data-element_type=\"widget\" data-widget_type=\"spacer.default\">\n\t\t\t\t<div class=\"elementor-widget-container\">\n\t\t\t<style>\/*! elementor - v3.7.8 - 02-10-2022 *\/\n.elementor-column .elementor-spacer-inner{height:var(--spacer-size)}.e-container{--container-widget-width:100%}.e-container>.elementor-widget-spacer{width:var(--container-widget-width,var(--spacer-size));-ms-flex-item-align:stretch;align-self:stretch;-ms-flex-negative:0;flex-shrink:0}.e-container>.elementor-widget-spacer>.elementor-widget-container,.e-container>.elementor-widget-spacer>.elementor-widget-container>.elementor-spacer{height:100%}.e-container>.elementor-widget-spacer>.elementor-widget-container>.elementor-spacer>.elementor-spacer-inner{height:var(--container-widget-height,var(--spacer-size))}<\/style>\t\t<div class=\"elementor-spacer\">\n\t\t\t<div class=\"elementor-spacer-inner\"><\/div>\n\t\t<\/div>\n\t\t\t\t<\/div>\n\t\t\t\t<\/div>\n\t\t\t\t<div class=\"elementor-element elementor-element-d90b52e sc_fly_static elementor-widget elementor-widget-trx_sc_title\" data-id=\"d90b52e\" data-element_type=\"widget\" data-widget_type=\"trx_sc_title.default\">\n\t\t\t\t<div class=\"elementor-widget-container\">\n\t\t\t<div\t\tclass=\"sc_title color_style_link2 sc_title_default\" ><span class=\"sc_item_subtitle sc_title_subtitle sc_align_center sc_item_subtitle_above sc_item_title_style_default\">emperor cruises<\/span><h1 class=\"sc_item_title sc_title_title sc_align_center sc_item_title_style_default sc_item_title_tag trx_addons_inline_1461993302\"\n\t\t\t><span class=\"sc_item_title_text\">Politica sulla privacy<\/span><\/h1><\/div>\t\t<\/div>\n\t\t\t\t<\/div>\n\t\t\t\t<div class=\"elementor-element elementor-element-ad1cca8 sc_fly_static elementor-widget elementor-widget-spacer\" data-id=\"ad1cca8\" data-element_type=\"widget\" data-widget_type=\"spacer.default\">\n\t\t\t\t<div class=\"elementor-widget-container\">\n\t\t\t\t\t<div class=\"elementor-spacer\">\n\t\t\t<div class=\"elementor-spacer-inner\"><\/div>\n\t\t<\/div>\n\t\t\t\t<\/div>\n\t\t\t\t<\/div>\n\t\t\t\t<section class=\"elementor-section elementor-inner-section elementor-element elementor-element-3af5f09 elementor-section-boxed elementor-section-height-default elementor-section-height-default sc_fly_static\" data-id=\"3af5f09\" data-element_type=\"section\">\n\t\t\t\t\t\t<div class=\"elementor-container elementor-column-gap-extended\">\n\t\t\t\t\t<div class=\"elementor-column elementor-col-100 elementor-inner-column elementor-element elementor-element-06df3b2 sc_inner_width_none sc_content_align_inherit sc_layouts_column_icons_position_left sc_fly_static\" data-id=\"06df3b2\" data-element_type=\"column\">\n\t\t\t<div class=\"elementor-widget-wrap elementor-element-populated\">\n\t\t\t\t\t\t\t\t<div class=\"elementor-element elementor-element-38ba800 elementor-view-default sc_fly_static elementor-widget elementor-widget-icon\" data-id=\"38ba800\" data-element_type=\"widget\" data-widget_type=\"icon.default\">\n\t\t\t\t<div class=\"elementor-widget-container\">\n\t\t\t\t\t<div class=\"elementor-icon-wrapper\">\n\t\t\t<a class=\"elementor-icon\" href=\"#anchor\">\n\t\t\t<svg xmlns=\"http:\/\/www.w3.org\/2000\/svg\" width=\"14.626\" height=\"8.639\" viewBox=\"0 0 14.626 8.639\"><g id=\"down-arrow\" transform=\"translate(0 -70.698)\"><g id=\"Group_8820\" data-name=\"Group 8820\" transform=\"translate(0 100.698)\"><path id=\"Path_6507\" data-name=\"Path 6507\" d=\"M14.392,101.42l-.479-.482a.8.8,0,0,0-1.132,0L7.316,106.4l-5.472-5.472a.8.8,0,0,0-1.132,0l-.479.479a.8.8,0,0,0,0,1.131l6.515,6.538a.818.818,0,0,0,.567.257h0a.818.818,0,0,0,.566-.257l6.508-6.52a.808.808,0,0,0,.234-.571A.8.8,0,0,0,14.392,101.42Z\" transform=\"translate(0 -130.698)\"><\/path><\/g><\/g><\/svg>\t\t\t<\/a>\n\t\t<\/div>\n\t\t\t\t<\/div>\n\t\t\t\t<\/div>\n\t\t\t\t<div class=\"elementor-element elementor-element-73bf6e9 sc_fly_static elementor-widget elementor-widget-spacer\" data-id=\"73bf6e9\" data-element_type=\"widget\" data-widget_type=\"spacer.default\">\n\t\t\t\t<div class=\"elementor-widget-container\">\n\t\t\t\t\t<div class=\"elementor-spacer\">\n\t\t\t<div class=\"elementor-spacer-inner\"><\/div>\n\t\t<\/div>\n\t\t\t\t<\/div>\n\t\t\t\t<\/div>\n\t\t\t\t\t<\/div>\n\t\t<\/div>\n\t\t\t\t\t\t\t<\/div>\n\t\t<\/section>\n\t\t\t\t\t<\/div>\n\t\t<\/div>\n\t\t\t\t\t\t\t<\/div>\n\t\t<\/section>\n\t\t\t\t<section class=\"elementor-section elementor-top-section elementor-element elementor-element-076779a elementor-section-stretched scheme_default elementor-section-boxed elementor-section-height-default elementor-section-height-default sc_fly_static\" data-id=\"076779a\" data-element_type=\"section\" data-settings=\"{&quot;stretch_section&quot;:&quot;section-stretched&quot;,&quot;background_background&quot;:&quot;classic&quot;}\">\n\t\t\t\t\t\t<div class=\"elementor-container elementor-column-gap-extended\">\n\t\t\t\t\t<div class=\"elementor-column elementor-col-100 elementor-top-column elementor-element elementor-element-cc58516 sc_inner_width_none sc_content_align_inherit sc_layouts_column_icons_position_left sc_fly_static\" data-id=\"cc58516\" data-element_type=\"column\">\n\t\t\t<div class=\"elementor-widget-wrap elementor-element-populated\">\n\t\t\t\t\t\t\t\t<div class=\"elementor-element elementor-element-6d4d98a sc_height_medium sc_fly_static elementor-widget elementor-widget-spacer\" data-id=\"6d4d98a\" data-element_type=\"widget\" data-widget_type=\"spacer.default\">\n\t\t\t\t<div class=\"elementor-widget-container\">\n\t\t\t\t\t<div class=\"elementor-spacer\">\n\t\t\t<div class=\"elementor-spacer-inner\"><\/div>\n\t\t<\/div>\n\t\t\t\t<\/div>\n\t\t\t\t<\/div>\n\t\t\t\t<section class=\"elementor-section elementor-inner-section elementor-element elementor-element-80ed635 elementor-section-boxed elementor-section-height-default elementor-section-height-default sc_fly_static\" data-id=\"80ed635\" data-element_type=\"section\">\n\t\t\t\t\t\t<div class=\"elementor-container elementor-column-gap-extended\">\n\t\t\t\t\t<div class=\"elementor-column elementor-col-16 elementor-inner-column elementor-element elementor-element-7d1ca38 sc_inner_width_none sc_content_align_inherit sc_layouts_column_icons_position_left sc_fly_static\" data-id=\"7d1ca38\" data-element_type=\"column\">\n\t\t\t<div class=\"elementor-widget-wrap\">\n\t\t\t\t\t\t\t\t\t<\/div>\n\t\t<\/div>\n\t\t\t\t<div class=\"elementor-column elementor-col-66 elementor-inner-column elementor-element elementor-element-9b4689a sc_inner_width_none sc_content_align_inherit sc_layouts_column_icons_position_left sc_fly_static\" data-id=\"9b4689a\" data-element_type=\"column\">\n\t\t\t<div class=\"elementor-widget-wrap elementor-element-populated\">\n\t\t\t\t\t\t\t\t<div class=\"elementor-element elementor-element-0d7bbc5 sc_fly_static elementor-widget elementor-widget-image\" data-id=\"0d7bbc5\" data-element_type=\"widget\" data-widget_type=\"image.default\">\n\t\t\t\t<div class=\"elementor-widget-container\">\n\t\t\t<style>\/*! elementor - v3.7.8 - 02-10-2022 *\/\n.elementor-widget-image{text-align:center}.elementor-widget-image a{display:inline-block}.elementor-widget-image a img[src$=\".svg\"]{width:48px}.elementor-widget-image img{vertical-align:middle;display:inline-block}<\/style>\t\t\t\t\t\t\t\t\t\t\t\t<img src=\"https:\/\/emperorcruises.com\/wp-content\/uploads\/2022\/06\/3-768x512.jpg\" title=\"3\" alt=\"3\" \/>\t\t\t\t\t\t\t\t\t\t\t\t\t\t\t<\/div>\n\t\t\t\t<\/div>\n\t\t\t\t\t<\/div>\n\t\t<\/div>\n\t\t\t\t<div class=\"elementor-column elementor-col-16 elementor-inner-column elementor-element elementor-element-6251783 sc_inner_width_none sc_content_align_inherit sc_layouts_column_icons_position_left sc_fly_static\" data-id=\"6251783\" data-element_type=\"column\">\n\t\t\t<div class=\"elementor-widget-wrap\">\n\t\t\t\t\t\t\t\t\t<\/div>\n\t\t<\/div>\n\t\t\t\t\t\t\t<\/div>\n\t\t<\/section>\n\t\t\t\t<section class=\"elementor-section elementor-inner-section elementor-element elementor-element-7400877 elementor-section-boxed elementor-section-height-default elementor-section-height-default sc_fly_static\" data-id=\"7400877\" data-element_type=\"section\">\n\t\t\t\t\t\t<div class=\"elementor-container elementor-column-gap-extended\">\n\t\t\t\t\t<div class=\"elementor-column elementor-col-100 elementor-inner-column elementor-element elementor-element-680c7dc sc_inner_width_none sc_content_align_inherit sc_layouts_column_icons_position_left sc_fly_static\" data-id=\"680c7dc\" data-element_type=\"column\">\n\t\t\t<div class=\"elementor-widget-wrap elementor-element-populated\">\n\t\t\t\t\t\t\t\t<div class=\"elementor-element elementor-element-62477a4 sc_height_small sc_fly_static elementor-widget elementor-widget-spacer\" data-id=\"62477a4\" data-element_type=\"widget\" data-widget_type=\"spacer.default\">\n\t\t\t\t<div class=\"elementor-widget-container\">\n\t\t\t\t\t<div class=\"elementor-spacer\">\n\t\t\t<div class=\"elementor-spacer-inner\"><\/div>\n\t\t<\/div>\n\t\t\t\t<\/div>\n\t\t\t\t<\/div>\n\t\t\t\t<div class=\"elementor-element elementor-element-39555c4 sc_fly_static elementor-widget elementor-widget-text-editor\" data-id=\"39555c4\" data-element_type=\"widget\" data-widget_type=\"text-editor.default\">\n\t\t\t\t<div class=\"elementor-widget-container\">\n\t\t\t<style>\/*! elementor - v3.7.8 - 02-10-2022 *\/\n.elementor-widget-text-editor.elementor-drop-cap-view-stacked .elementor-drop-cap{background-color:#818a91;color:#fff}.elementor-widget-text-editor.elementor-drop-cap-view-framed .elementor-drop-cap{color:#818a91;border:3px solid;background-color:transparent}.elementor-widget-text-editor:not(.elementor-drop-cap-view-default) .elementor-drop-cap{margin-top:8px}.elementor-widget-text-editor:not(.elementor-drop-cap-view-default) .elementor-drop-cap-letter{width:1em;height:1em}.elementor-widget-text-editor .elementor-drop-cap{float:left;text-align:center;line-height:1;font-size:50px}.elementor-widget-text-editor .elementor-drop-cap-letter{display:inline-block}<\/style>\t\t\t\t<div class=\"page-header\">\n<h2 style=\"text-align: justify;\">Politica sulla privacy<\/h2>\n<\/div>\n<div>\n<p style=\"text-align: justify;\">Ci impegniamo a proteggere la tua privacy mentre sei sul nostro sito web. Lo scopo di questa politica sulla privacy \u00e8 informarti su quali informazioni possono essere raccolte quando visiti il \u200b\u200bsito, come queste informazioni vengono utilizzate da noi, come tali informazioni possono essere condivise con una terza parte e come puoi modificare, aggiornare, correggere o eliminare tali informazioni.<\/p>\n<p style=\"text-align: justify;\"><strong>1 . Raccolta di informazioni personali:<\/strong>\nLe informazioni raccolte attraverso il nostro sito Web aiuteranno Emperor Cruises Co., Ltd\n\u2022 Supportare i clienti durante l&#8217;acquisto dei nostri prodotti\n\u2022 Risoluzione dei problemi dei clienti\n\u2022 Fornire le ultime informazioni sul nostro sito Web\n\u2022 Rivedere e aggiornare il contenuto e l&#8217;interfaccia del sito web\n\u2022 Condurre sondaggi sui clienti\n\u2022 Implementare attivit\u00e0 promozionali relative ai prodotti e servizi di https:\/\/emperorcruises.com<\/p>\n<p style=\"text-align: justify;\">\u2013 Per accedere e utilizzare determinati servizi su https:\/\/emperorcruises.com, potrebbe essere necessario registrarsi con le nostre informazioni personali (e-mail, nome, numero di telefono &#8230;). Tutte le informazioni dichiarate per garantirne l&#8217;accuratezza e la legalit\u00e0.<\/p>\n<p style=\"text-align: justify;\">\u2013 Potremmo anche raccogliere informazioni sul numero di visite, incluso il numero di pagine visualizzate, il numero di collegamenti su cui fai clic e altre informazioni relative al collegamento a Emperor Cruises. Raccogliamo anche informazioni che i browser Web (Browser) utilizzati dall&#8217;utente durante l&#8217;accesso al sito Web https:\/\/emperorcruises.com , inclusi: indirizzo IP, tipo di browser, utilizzo della lingua e ora di accesso all&#8217;indirizzo del browser.<\/p>\n<p style=\"text-align: justify;\"><strong>2.Utilizzo delle informazioni personali:<\/strong><\/p>\n<p style=\"text-align: justify;\">\u2013\u00a0https:\/\/emperorcruises.com\u00a0 raccoglie e utilizza le tue informazioni personali per finalit\u00e0 coerenti e pienamente conformi ai contenuti della &#8220;Privacy Policy&#8221;.<\/p>\n<p style=\"text-align: justify;\">\u2013 Quando necessario, possiamo utilizzare queste informazioni per contattarti direttamente come: inviare lettere di benvenuto, ordini, lettere di ringraziamento e informazioni tecniche sulla sicurezza, puoi ricevere regolarmente fornire informazioni su prodotti, servizi, eventi imminenti o informazioni sull&#8217;occupazione se ti iscrivi alle notifiche e-mail<\/p>\n<p style=\"text-align: justify;\"><strong>3.Condivisione di informazioni personali:<\/strong><\/p>\n<p style=\"text-align: justify;\">\u2013 Fatta eccezione per il caso di utilizzo delle informazioni personali come descritto in questa politica, ci impegniamo a non divulgare pubblicamente le tue informazioni personali.\n\u2013 In alcuni casi, siamo in grado di affittare un&#8217;unit\u00e0 per condurre un progetto di ricerca di mercato indipendente e quindi le tue informazioni verranno fornite affinch\u00e9 questa unit\u00e0 realizzi il progetto. Queste terze parti saranno vincolate da un accordo di riservatezza in base al quale sono autorizzate a utilizzare le informazioni fornite allo scopo di completare il progetto.\n\u2013 Potremmo divulgare o fornire le tue informazioni personali nel caso che sia veramente necessario come segue: (a) su richiesta delle forze dell&#8217;ordine; (b) nei casi in cui riteniamo che ci aiuter\u00e0 a proteggere i loro diritti legittimi ai sensi della legge; ( c ) emergenza e necessario per proteggere la sicurezza personale di altri membri di Emperor Cruises Co., Ltd.<\/p>\n<p style=\"text-align: justify;\"><strong>4 . Accesso alle informazioni personali:<\/strong>\n\u2013 In qualsiasi momento puoi anche accedere e modificare le tue informazioni personali tramite l&#8217;apposito link (https:\/\/emperorcruises.com) che ti forniamo.<\/p>\n<p style=\"text-align: justify;\"><strong>5 . Informazioni personali protette :<\/strong>\n\u2013 Quando ci invii le tue informazioni di identificazione personale, accetti i termini che abbiamo menzionato sopra, Emperor Cruises si impegna a proteggere le informazioni personali dei clienti in ogni modo possibile. Utilizzeremo la sicurezza della tecnologia dell&#8217;informazione come: standard internazionale PCI , SSL , &#8230; per proteggere queste informazioni dal recupero, dall&#8217;uso o dalla divulgazione involontaria.<\/p>\n<p style=\"text-align: justify;\">\u2013 Tuttavia, a causa di limitazioni tecniche, nessun dato pu\u00f2 essere trasmesso tramite la connessione Internet che pu\u00f2 essere sicura al 100%. Pertanto, non possiamo impegnarci fermamente che le informazioni che ci fornisci saranno mantenute riservate in modo assolutamente sicuro, e non possiamo assumerci la responsabilit\u00e0 in caso di accesso non autorizzato a informazioni personali come se condividi volontariamente informazioni con altri\u2026. Se non sei d&#8217;accordo con i termini sopra descritti, ti consigliamo di non inviarci informazioni.<\/p>\n<p style=\"text-align: justify;\">\u2013 Quindi dovresti anche consigliare le informazioni di sicurezza relative alla tua password di accesso e non dovresti condividerle con nessun altro .<\/p>\n<p style=\"text-align: justify;\">\u2013 Se stai utilizzando un computer pubblico, devi disconnetterti o uscire da tutti i siti Web di Windows aperti.<\/p>\n<p style=\"text-align: justify;\"><strong>6 . Utilizzo dei \u201cCookie\u201d<\/strong>\n\u2013\u00a0https:\/\/emperorcruises.com utilizza i &#8220;cookie&#8221; per personalizzare e massimizzare l&#8217;uso efficiente del tuo tempo da parte dei visitatori online.\n\u2013 Un cookie \u00e8 un file di testo che viene inserito sul tuo disco rigido da un server di pagine Web. I cookie non possono essere utilizzati per eseguire programmi o inviare virus al tuo computer. I cookie sono assegnati in modo univoco al tuo computer e possono essere letti solo da un server web nel dominio che ti ha emesso il cookie.<\/p>\n<p style=\"text-align: justify;\">\u2013 Uno degli scopi principali dei cookie \u00e8 fornire l&#8217;utilit\u00e0 per risparmiare tempo quando si accede al proprio sito Web o si visita nuovamente il sito Web\u00a0https:\/\/emperorcruises.com senza registrarsi nuovamente. informazioni.<\/p>\n<p style=\"text-align: justify;\">\u2013 Puoi accettare o rifiutare i cookie. La maggior parte dei browser accetta automaticamente i cookie, ma se preferisci puoi modificare le impostazioni per rifiutare tutti i cookie. Tuttavia, se scegli di rifiutare i cookie , ci\u00f2 potrebbe ostacolare o influire negativamente su alcuni servizi e funzionalit\u00e0 del sito Web dipende dai cookie.<\/p>\n<p style=\"text-align: justify;\"><strong>7 . Regolamento sullo \u201cSpam\u201d :<\/strong>\n\u2013\u00a0https:\/\/emperorcruises.com riguarda davvero il problema dello Spam (posta indesiderata), le e-mail di identit\u00e0 false che abbiamo inviato. Pertanto,\u00a0https:\/\/emperorcruises.com conferma di inviarti un&#8217;e-mail solo quando e solo quando devi registrarti o utilizzare i servizi del nostro sistema.<\/p>\n<p style=\"text-align: justify;\">https:\/\/emperorcruises.com\u00a0impegno a non vendere, affittare o affittare la tua email a terzi. Se ricevi inavvertitamente e-mail indesiderate dal nostro sistema a causa di una causa imprevista, fai clic sul collegamento in allegato a questo disclaimer e-mail o avvisa direttamente l&#8217;amministratore del sito Web<\/p>\n<p style=\"text-align: justify;\"><strong>8 . Modifiche alle norme :<\/strong>\n\u2013 Possiamo modificare completamente il contenuto di questo sito senza preavviso, per soddisfare le esigenze e le richieste di Emperor Cruises Co., Ltd, nonch\u00e9 i feedback dei clienti, se presenti. Quando aggiorniamo il contenuto di questa politica, rivedremo l&#8217;ora &#8220;Ultimo aggiornamento&#8221; di seguito.<\/p>\n<p style=\"text-align: justify;\">\u2013 Il contenuto &#8220;Politica privata&#8221; si applica solo in https:\/\/emperorcruises.com, escluso o correlato a terze parti per inserire annunci o collegamenti in https:\/\/emperorcruises.com . Ti invitiamo a leggere l&#8217;Informativa sulla privacy e la sicurezza del sito di terze parti prima di fornire informazioni personali a tali siti. Non siamo responsabili in alcun modo per il contenuto e la legalit\u00e0 del sito Web di terzi.<\/p>\n<p style=\"text-align: justify;\">\u2013 Quindi, accetti che, quando utilizzi il nostro sito Web dopo la modifica, devi ammettere, accettare di rispettare e fidarti di questa modifica. Pertanto, ti suggeriamo di visualizzare in anteprima il contenuto di questa pagina prima di accedere ad altri contenuti del sito Web e di leggere e studiare attentamente il contenuto &#8220;Private Policy&#8221; di ciascun sito Web che stai navigando.<\/p>\n<p style=\"text-align: justify;\"><strong>9 . Informazioni di contatto:<\/strong>\n\u2013 Accogliamo sempre con favore commenti, contatti e feedback da parte tua in merito alla &#8220;Politica privata&#8221;. In caso di domande relative, contattaci all&#8217;indirizzo e-mail:\u00a0<a href=\"mailto:emperor@luxcruisesgroup.com\">emperor@luxcruisesgroup.com<\/a><\/p>\n\n<\/div>\t\t\t\t\t\t<\/div>\n\t\t\t\t<\/div>\n\t\t\t\t\t<\/div>\n\t\t<\/div>\n\t\t\t\t\t\t\t<\/div>\n\t\t<\/section>\n\t\t\t\t\t<\/div>\n\t\t<\/div>\n\t\t\t\t\t\t\t<\/div>\n\t\t<\/section>\n\t\t\t\t\t\t\t<\/div>\n\t\t","protected":false},"excerpt":{"rendered":"<p>emperor cruises Politica sulla privacy Politica sulla privacy Ci impegniamo a proteggere la tua privacy mentre sei sul nostro sito web. Lo scopo di questa politica sulla privacy \u00e8 informarti&hellip;<\/p>\n","protected":false},"author":1,"featured_media":22308,"parent":0,"menu_order":0,"comment_status":"closed","ping_status":"closed","template":"","meta":[],"_links":{"self":[{"href":"https:\/\/emperorcruises.com\/it\/wp-json\/wp\/v2\/pages\/27299"}],"collection":[{"href":"https:\/\/emperorcruises.com\/it\/wp-json\/wp\/v2\/pages"}],"about":[{"href":"https:\/\/emperorcruises.com\/it\/wp-json\/wp\/v2\/types\/page"}],"author":[{"embeddable":true,"href":"https:\/\/emperorcruises.com\/it\/wp-json\/wp\/v2\/users\/1"}],"replies":[{"embeddable":true,"href":"https:\/\/emperorcruises.com\/it\/wp-json\/wp\/v2\/comments?post=27299"}],"version-history":[{"count":5,"href":"https:\/\/emperorcruises.com\/it\/wp-json\/wp\/v2\/pages\/27299\/revisions"}],"predecessor-version":[{"id":28823,"href":"https:\/\/emperorcruises.com\/it\/wp-json\/wp\/v2\/pages\/27299\/revisions\/28823"}],"wp:featuredmedia":[{"embeddable":true,"href":"https:\/\/emperorcruises.com\/it\/wp-json\/wp\/v2\/media\/22308"}],"wp:attachment":[{"href":"https:\/\/emperorcruises.com\/it\/wp-json\/wp\/v2\/media?parent=27299"}],"curies":[{"name":"wp","href":"https:\/\/api.w.org\/{rel}","templated":true}]}}