{"id":26805,"date":"2022-06-08T08:50:16","date_gmt":"2022-06-08T08:50:16","guid":{"rendered":"https:\/\/emperorcruises.com\/can-chanh-palace-royal-restaurant\/"},"modified":"2022-08-09T03:56:57","modified_gmt":"2022-08-09T03:56:57","slug":"restaurant-royal-du-palais-can-chanh","status":"publish","type":"page","link":"https:\/\/emperorcruises.com\/fr\/restaurant-royal-du-palais-can-chanh\/","title":{"rendered":"Restaurant royal du Palais Can Chanh"},"content":{"rendered":"\t\t<div data-elementor-type=\"wp-page\" data-elementor-id=\"26805\" class=\"elementor elementor-26805 elementor-20304\">\n\t\t\t\t\t\t\t\t\t<section class=\"elementor-section elementor-top-section elementor-element elementor-element-3a36902 elementor-section-full_width elementor-section-height-min-height elementor-section-items-bottom elementor-section-stretched elementor-section-height-default sc_fly_static\" data-id=\"3a36902\" data-element_type=\"section\" data-settings=\"{&quot;background_background&quot;:&quot;classic&quot;,&quot;stretch_section&quot;:&quot;section-stretched&quot;}\">\n\t\t\t\t\t\t\t<div class=\"elementor-background-overlay\"><\/div>\n\t\t\t\t\t\t\t<div class=\"elementor-container elementor-column-gap-no\">\n\t\t\t\t\t<div class=\"elementor-column elementor-col-100 elementor-top-column elementor-element elementor-element-9fb4331 sc_inner_width_none sc_content_align_inherit sc_layouts_column_icons_position_left sc_fly_static\" data-id=\"9fb4331\" data-element_type=\"column\">\n\t\t\t<div class=\"elementor-widget-wrap elementor-element-populated\">\n\t\t\t\t\t\t\t\t<div class=\"elementor-element elementor-element-3769f12 sc_fly_static elementor-widget elementor-widget-spacer\" data-id=\"3769f12\" data-element_type=\"widget\" data-widget_type=\"spacer.default\">\n\t\t\t\t<div class=\"elementor-widget-container\">\n\t\t\t<style>\/*! elementor - v3.7.8 - 02-10-2022 *\/\n.elementor-column .elementor-spacer-inner{height:var(--spacer-size)}.e-container{--container-widget-width:100%}.e-container>.elementor-widget-spacer{width:var(--container-widget-width,var(--spacer-size));-ms-flex-item-align:stretch;align-self:stretch;-ms-flex-negative:0;flex-shrink:0}.e-container>.elementor-widget-spacer>.elementor-widget-container,.e-container>.elementor-widget-spacer>.elementor-widget-container>.elementor-spacer{height:100%}.e-container>.elementor-widget-spacer>.elementor-widget-container>.elementor-spacer>.elementor-spacer-inner{height:var(--container-widget-height,var(--spacer-size))}<\/style>\t\t<div class=\"elementor-spacer\">\n\t\t\t<div class=\"elementor-spacer-inner\"><\/div>\n\t\t<\/div>\n\t\t\t\t<\/div>\n\t\t\t\t<\/div>\n\t\t\t\t<div class=\"elementor-element elementor-element-d90b52e sc_fly_static elementor-widget elementor-widget-trx_sc_title\" data-id=\"d90b52e\" data-element_type=\"widget\" data-widget_type=\"trx_sc_title.default\">\n\t\t\t\t<div class=\"elementor-widget-container\">\n\t\t\t<div\t\tclass=\"sc_title color_style_link3 sc_title_default\" ><span class=\"sc_item_subtitle sc_title_subtitle sc_align_center sc_item_subtitle_above sc_item_title_style_default\">La vie \u00e0 bord<\/span><h1 class=\"sc_item_title sc_title_title sc_align_center sc_item_title_style_default sc_item_title_tag trx_addons_inline_1369053538\"\n\t\t\t><span class=\"sc_item_title_text\">Restaurant royal du Palais Can Chanh<\/span><\/h1><\/div>\t\t<\/div>\n\t\t\t\t<\/div>\n\t\t\t\t<div class=\"elementor-element elementor-element-ad1cca8 sc_fly_static elementor-widget elementor-widget-spacer\" data-id=\"ad1cca8\" data-element_type=\"widget\" data-widget_type=\"spacer.default\">\n\t\t\t\t<div class=\"elementor-widget-container\">\n\t\t\t\t\t<div class=\"elementor-spacer\">\n\t\t\t<div class=\"elementor-spacer-inner\"><\/div>\n\t\t<\/div>\n\t\t\t\t<\/div>\n\t\t\t\t<\/div>\n\t\t\t\t<section class=\"elementor-section elementor-inner-section elementor-element elementor-element-3af5f09 elementor-section-boxed elementor-section-height-default elementor-section-height-default sc_fly_static\" data-id=\"3af5f09\" data-element_type=\"section\">\n\t\t\t\t\t\t<div class=\"elementor-container elementor-column-gap-extended\">\n\t\t\t\t\t<div class=\"elementor-column elementor-col-100 elementor-inner-column elementor-element elementor-element-06df3b2 sc_inner_width_none sc_content_align_inherit sc_layouts_column_icons_position_left sc_fly_static\" data-id=\"06df3b2\" data-element_type=\"column\">\n\t\t\t<div class=\"elementor-widget-wrap elementor-element-populated\">\n\t\t\t\t\t\t\t\t<div class=\"elementor-element elementor-element-38ba800 elementor-view-default sc_fly_static elementor-widget elementor-widget-icon\" data-id=\"38ba800\" data-element_type=\"widget\" data-widget_type=\"icon.default\">\n\t\t\t\t<div class=\"elementor-widget-container\">\n\t\t\t\t\t<div class=\"elementor-icon-wrapper\">\n\t\t\t<a class=\"elementor-icon\" href=\"#anchor\">\n\t\t\t<svg xmlns=\"http:\/\/www.w3.org\/2000\/svg\" width=\"14.626\" height=\"8.639\" viewBox=\"0 0 14.626 8.639\"><g id=\"down-arrow\" transform=\"translate(0 -70.698)\"><g id=\"Group_8820\" data-name=\"Group 8820\" transform=\"translate(0 100.698)\"><path id=\"Path_6507\" data-name=\"Path 6507\" d=\"M14.392,101.42l-.479-.482a.8.8,0,0,0-1.132,0L7.316,106.4l-5.472-5.472a.8.8,0,0,0-1.132,0l-.479.479a.8.8,0,0,0,0,1.131l6.515,6.538a.818.818,0,0,0,.567.257h0a.818.818,0,0,0,.566-.257l6.508-6.52a.808.808,0,0,0,.234-.571A.8.8,0,0,0,14.392,101.42Z\" transform=\"translate(0 -130.698)\"><\/path><\/g><\/g><\/svg>\t\t\t<\/a>\n\t\t<\/div>\n\t\t\t\t<\/div>\n\t\t\t\t<\/div>\n\t\t\t\t<div class=\"elementor-element elementor-element-73bf6e9 sc_fly_static elementor-widget elementor-widget-spacer\" data-id=\"73bf6e9\" data-element_type=\"widget\" data-widget_type=\"spacer.default\">\n\t\t\t\t<div class=\"elementor-widget-container\">\n\t\t\t\t\t<div class=\"elementor-spacer\">\n\t\t\t<div class=\"elementor-spacer-inner\"><\/div>\n\t\t<\/div>\n\t\t\t\t<\/div>\n\t\t\t\t<\/div>\n\t\t\t\t\t<\/div>\n\t\t<\/div>\n\t\t\t\t\t\t\t<\/div>\n\t\t<\/section>\n\t\t\t\t\t<\/div>\n\t\t<\/div>\n\t\t\t\t\t\t\t<\/div>\n\t\t<\/section>\n\t\t\t\t<section class=\"elementor-section elementor-top-section elementor-element elementor-element-076779a elementor-section-stretched scheme_default elementor-section-boxed elementor-section-height-default elementor-section-height-default sc_fly_static\" data-id=\"076779a\" data-element_type=\"section\" data-settings=\"{&quot;stretch_section&quot;:&quot;section-stretched&quot;,&quot;background_background&quot;:&quot;classic&quot;}\">\n\t\t\t\t\t\t<div class=\"elementor-container elementor-column-gap-extended\">\n\t\t\t\t\t<div class=\"elementor-column elementor-col-100 elementor-top-column elementor-element elementor-element-cc58516 sc_inner_width_none sc_content_align_inherit sc_layouts_column_icons_position_left sc_fly_static\" data-id=\"cc58516\" data-element_type=\"column\">\n\t\t\t<div class=\"elementor-widget-wrap elementor-element-populated\">\n\t\t\t\t\t\t\t\t<div class=\"elementor-element elementor-element-87c1a09 sc_height_medium sc_fly_static elementor-widget elementor-widget-spacer\" data-id=\"87c1a09\" data-element_type=\"widget\" data-widget_type=\"spacer.default\">\n\t\t\t\t<div class=\"elementor-widget-container\">\n\t\t\t\t\t<div class=\"elementor-spacer\">\n\t\t\t<div class=\"elementor-spacer-inner\"><\/div>\n\t\t<\/div>\n\t\t\t\t<\/div>\n\t\t\t\t<\/div>\n\t\t\t\t<section class=\"elementor-section elementor-inner-section elementor-element elementor-element-b7e4835 elementor-section-boxed elementor-section-height-default elementor-section-height-default sc_fly_static\" data-id=\"b7e4835\" data-element_type=\"section\" id=\"anchor\">\n\t\t\t\t\t\t<div class=\"elementor-container elementor-column-gap-extended\">\n\t\t\t\t\t<div class=\"elementor-column elementor-col-16 elementor-inner-column elementor-element elementor-element-ee8667e sc_inner_width_none sc_content_align_inherit sc_layouts_column_icons_position_left sc_fly_static\" data-id=\"ee8667e\" data-element_type=\"column\">\n\t\t\t<div class=\"elementor-widget-wrap\">\n\t\t\t\t\t\t\t\t\t<\/div>\n\t\t<\/div>\n\t\t\t\t<div class=\"elementor-column elementor-col-66 elementor-inner-column elementor-element elementor-element-caf3087 sc_inner_width_none sc_content_align_inherit sc_layouts_column_icons_position_left sc_fly_static\" data-id=\"caf3087\" data-element_type=\"column\">\n\t\t\t<div class=\"elementor-widget-wrap elementor-element-populated\">\n\t\t\t\t\t\t\t\t<div class=\"elementor-element elementor-element-ca0ee5d sc_fly_static elementor-widget elementor-widget-trx_sc_title\" data-id=\"ca0ee5d\" data-element_type=\"widget\" data-widget_type=\"trx_sc_title.default\">\n\t\t\t\t<div class=\"elementor-widget-container\">\n\t\t\t<div\t\tclass=\"sc_title sc_title_accent\" ><span class=\"sc_item_subtitle sc_title_subtitle sc_align_center sc_item_subtitle_above sc_item_title_style_accent\">Exp\u00e9rience de croisi\u00e8re unique dans les toutes premi\u00e8res croisi\u00e8res en suites du Vietnam<\/span><h2 class=\"sc_item_title sc_title_title sc_align_center sc_item_title_style_accent sc_item_title_tag\"\n\t\t\t><span class=\"sc_item_title_text\">Restaurant royal du Palais Can Chanh<\/span><\/h2><\/div>\t\t<\/div>\n\t\t\t\t<\/div>\n\t\t\t\t\t<\/div>\n\t\t<\/div>\n\t\t\t\t<div class=\"elementor-column elementor-col-16 elementor-inner-column elementor-element elementor-element-352c34d sc_inner_width_none sc_content_align_inherit sc_layouts_column_icons_position_left sc_fly_static\" data-id=\"352c34d\" data-element_type=\"column\">\n\t\t\t<div class=\"elementor-widget-wrap\">\n\t\t\t\t\t\t\t\t\t<\/div>\n\t\t<\/div>\n\t\t\t\t\t\t\t<\/div>\n\t\t<\/section>\n\t\t\t\t\t<\/div>\n\t\t<\/div>\n\t\t\t\t\t\t\t<\/div>\n\t\t<\/section>\n\t\t\t\t<section class=\"elementor-section elementor-top-section elementor-element elementor-element-8c75c70 elementor-section-stretched scheme_default elementor-section-boxed elementor-section-height-default elementor-section-height-default sc_fly_static\" data-id=\"8c75c70\" data-element_type=\"section\" data-settings=\"{&quot;stretch_section&quot;:&quot;section-stretched&quot;,&quot;background_background&quot;:&quot;classic&quot;}\">\n\t\t\t\t\t\t<div class=\"elementor-container elementor-column-gap-extended\">\n\t\t\t\t\t<div class=\"elementor-column elementor-col-100 elementor-top-column elementor-element elementor-element-70bcf09 sc_inner_width_none sc_content_align_inherit sc_layouts_column_icons_position_left sc_fly_static\" data-id=\"70bcf09\" data-element_type=\"column\">\n\t\t\t<div class=\"elementor-widget-wrap elementor-element-populated\">\n\t\t\t\t\t\t\t\t<div class=\"elementor-element elementor-element-7c2b510 sc_height_medium sc_fly_static elementor-widget elementor-widget-spacer\" data-id=\"7c2b510\" data-element_type=\"widget\" data-widget_type=\"spacer.default\">\n\t\t\t\t<div class=\"elementor-widget-container\">\n\t\t\t\t\t<div class=\"elementor-spacer\">\n\t\t\t<div class=\"elementor-spacer-inner\"><\/div>\n\t\t<\/div>\n\t\t\t\t<\/div>\n\t\t\t\t<\/div>\n\t\t\t\t<div class=\"elementor-element elementor-element-b2af2cb sc_fly_static elementor-widget elementor-widget-trx_widget_slider\" data-id=\"b2af2cb\" data-element_type=\"widget\" data-widget_type=\"trx_widget_slider.default\">\n\t\t\t\t<div class=\"elementor-widget-container\">\n\t\t\t<div class=\"widget_area sc_widget_slider\"><aside class=\"widget widget_slider\">\t\t\t<div class=\"slider_wrap slider_engine_swiper\">\n\t\t\t\t<div class=\"slider_outer slider_swiper_outer slider_style_default slider_outer_direction_horizontal slider_outer_multi slider_outer_nopagination slider_outer_controls slider_outer_controls_side slider_outer_nocentered slider_outer_overflow_visible slider_outer_notitles\"><div class=\"slider_container slider_swiper swiper-slider-container slider_controls slider_controls_side slider_nocentered slider_overflow_visible slider_notitles slider_noresize slider_swipe slider_height_auto slider_direction_horizontal slider_nopagination slider_multi slider_type_images\" data-ratio=\"16:9\" data-interval=\"7000\" data-speed=\"600\" data-effect=\"swap\" data-pagination=\"bullets\" data-direction=\"horizontal\" data-slides-per-view=\"2\" data-slides-space=\"60\" data-slides-centered=\"0\" data-slides-overflow=\"1\" data-mouse-wheel=\"0\" data-autoplay=\"1\" data-loop=\"1\" data-free-mode=\"0\" data-slides-min-width=\"220\"><div class=\"slider-wrapper swiper-wrapper\"><div  class=\"slider-slide swiper-slide\" data-image=\"\/\/emperorcruises.com\/wp-content\/uploads\/2022\/06\/Restaurant-3-1.jpg\" style=\"\"><img src=\"\/\/emperorcruises.com\/wp-content\/uploads\/2022\/06\/Restaurant-3-1.jpg\" alt=\"\"><\/div><div  class=\"slider-slide swiper-slide\" data-image=\"\/\/emperorcruises.com\/wp-content\/uploads\/2022\/06\/Restaurant-Lifestyle-1.jpg\" style=\"\"><img src=\"\/\/emperorcruises.com\/wp-content\/uploads\/2022\/06\/Restaurant-Lifestyle-1.jpg\" alt=\"\"><\/div><div  class=\"slider-slide swiper-slide\" data-image=\"\/\/emperorcruises.com\/wp-content\/uploads\/2022\/06\/Can-Chanh-Restaurant-4.jpg\" style=\"\"><img src=\"\/\/emperorcruises.com\/wp-content\/uploads\/2022\/06\/Can-Chanh-Restaurant-4.jpg\" alt=\"\"><\/div><div  class=\"slider-slide swiper-slide\" data-image=\"\/\/emperorcruises.com\/wp-content\/uploads\/2022\/06\/Restaurant-3.jpg\" style=\"\"><img src=\"\/\/emperorcruises.com\/wp-content\/uploads\/2022\/06\/Restaurant-3.jpg\" alt=\"\"><\/div><div  class=\"slider-slide swiper-slide\" data-image=\"\/\/emperorcruises.com\/wp-content\/uploads\/2022\/06\/Restaurant-4.jpg\" style=\"\"><img src=\"\/\/emperorcruises.com\/wp-content\/uploads\/2022\/06\/Restaurant-4.jpg\" alt=\"\"><\/div><\/div><div class=\"slider_controls_wrap\"><a class=\"slider_prev swiper-button-prev\" href=\"#\"><\/a><a class=\"slider_next swiper-button-next\" href=\"#\"><\/a><\/div><\/div><\/div>\t\t\t<\/div>\n\t\t\t<\/aside><\/div>\t\t<\/div>\n\t\t\t\t<\/div>\n\t\t\t\t\t<\/div>\n\t\t<\/div>\n\t\t\t\t\t\t\t<\/div>\n\t\t<\/section>\n\t\t\t\t<section class=\"elementor-section elementor-top-section elementor-element elementor-element-469befa elementor-section-stretched scheme_default elementor-section-boxed elementor-section-height-default elementor-section-height-default sc_fly_static\" data-id=\"469befa\" data-element_type=\"section\" data-settings=\"{&quot;stretch_section&quot;:&quot;section-stretched&quot;,&quot;background_background&quot;:&quot;classic&quot;}\">\n\t\t\t\t\t\t<div class=\"elementor-container elementor-column-gap-extended\">\n\t\t\t\t\t<div class=\"elementor-column elementor-col-100 elementor-top-column elementor-element elementor-element-f082b81 sc_inner_width_none sc_content_align_inherit sc_layouts_column_icons_position_left sc_fly_static\" data-id=\"f082b81\" data-element_type=\"column\">\n\t\t\t<div class=\"elementor-widget-wrap elementor-element-populated\">\n\t\t\t\t\t\t\t\t<div class=\"elementor-element elementor-element-4f26d7f sc_height_medium sc_fly_static elementor-widget elementor-widget-spacer\" data-id=\"4f26d7f\" data-element_type=\"widget\" data-widget_type=\"spacer.default\">\n\t\t\t\t<div class=\"elementor-widget-container\">\n\t\t\t\t\t<div class=\"elementor-spacer\">\n\t\t\t<div class=\"elementor-spacer-inner\"><\/div>\n\t\t<\/div>\n\t\t\t\t<\/div>\n\t\t\t\t<\/div>\n\t\t\t\t<section class=\"elementor-section elementor-inner-section elementor-element elementor-element-c0839cc elementor-section-boxed elementor-section-height-default elementor-section-height-default sc_fly_static\" data-id=\"c0839cc\" data-element_type=\"section\">\n\t\t\t\t\t\t<div class=\"elementor-container elementor-column-gap-extended\">\n\t\t\t\t\t<div class=\"elementor-column elementor-col-100 elementor-inner-column elementor-element elementor-element-21715d4 sc_inner_width_none sc_content_align_inherit sc_layouts_column_icons_position_left sc_fly_static\" data-id=\"21715d4\" data-element_type=\"column\">\n\t\t\t<div class=\"elementor-widget-wrap elementor-element-populated\">\n\t\t\t\t\t\t\t\t<div class=\"elementor-element elementor-element-f60ca26 sc_fly_static elementor-widget elementor-widget-text-editor\" data-id=\"f60ca26\" data-element_type=\"widget\" data-widget_type=\"text-editor.default\">\n\t\t\t\t<div class=\"elementor-widget-container\">\n\t\t\t<style>\/*! elementor - v3.7.8 - 02-10-2022 *\/\n.elementor-widget-text-editor.elementor-drop-cap-view-stacked .elementor-drop-cap{background-color:#818a91;color:#fff}.elementor-widget-text-editor.elementor-drop-cap-view-framed .elementor-drop-cap{color:#818a91;border:3px solid;background-color:transparent}.elementor-widget-text-editor:not(.elementor-drop-cap-view-default) .elementor-drop-cap{margin-top:8px}.elementor-widget-text-editor:not(.elementor-drop-cap-view-default) .elementor-drop-cap-letter{width:1em;height:1em}.elementor-widget-text-editor .elementor-drop-cap{float:left;text-align:center;line-height:1;font-size:50px}.elementor-widget-text-editor .elementor-drop-cap-letter{display:inline-block}<\/style>\t\t\t\t<h5 style=\"text-align: justify;\">Cuisine royale exquise au restaurant et salon royal Can Chanh<\/h5><p style=\"text-align: justify;\">Ce palais porte le nom du palais de Can Chanh (C\u1ea7n Ch\u00e1nh \u0110i\u1ec7n), situ\u00e9 au centre de l\u2019Enceinte imp\u00e9riale, la magnifique Cit\u00e9 pourpre interdite de Hu\u00e9, o\u00f9 l\u2019empereur Bao Dai a \u00e9t\u00e9 couronn\u00e9. D\u00e9cor\u00e9 de magnifiques peintures, d\u2019objets anciens, de c\u00e9ramiques et de poteries chinoises et abritant le plus puissant sceau royal, le C\u1ea7n Ch\u00e1nh \u0110i\u1ec7n \u00e9tait le lieu o\u00f9 l\u2019empereur recevait des d\u00e9l\u00e9gations et des ambassadeurs \u00e9trangers, organisait des f\u00eates de la famille royale et c\u00e9l\u00e9brait les f\u00eates nationales et les affaires d\u2019\u00c9tat de la dynastie Nguyen jusqu\u2019en 1945.<\/p><p style=\"text-align: justify;\">C\u2019\u00e9tait une citadelle dans une citadelle et \u00e9tait r\u00e9serv\u00e9e \u00e0 l\u2019usage personnel de l\u2019empereur \u2013 les seuls serviteurs autoris\u00e9s \u00e0 entrer dans cette enceinte \u00e9taient des eunuques qui ne repr\u00e9sentaient aucune menace pour les concubines royales. C\u1ea7n Ch\u00e1nh \u0110i\u1ec7n \u00e9tait \u00e9galement le lieu o\u00f9 les empereurs organisaient les c\u00e9r\u00e9monies royales les 5, 10, 20 et 25 du mois selon le calendrier lunaire.<\/p><p style=\"text-align: justify;\">Le palais principal \u201cCan Chanh Dien\u201d est l\u2019un des premiers palais de la r\u00e9sidence \u201cCan Thanh Cung\u201d, construit en 1804 sous le r\u00e8gne de Gia Long, en tant que principale salle de travail \u201cThuong Trieu Chinh Dien\u201d pour les empereurs et leur cabinet pendant la dynastie Nguyen (1802-1945). Il a jou\u00e9 un r\u00f4le important dans la politique et a exprim\u00e9 le pouvoir du royaume f\u00e9odal pendant cette p\u00e9riode. Pendant la guerre d\u2019Indochine (1945-1954), il a \u00e9t\u00e9 d\u00e9truit par un incendie en 1947, et il n\u2019en reste que les fondations et les traces d\u2019un certain nombre de pierres.<\/p><p style=\"text-align: justify;\">L\u2019empereur Bao Dai a \u00e9t\u00e9 fortement influenc\u00e9 par la civilisation fran\u00e7aise ; il a \u00e9tudi\u00e9 et grandi en France, et n\u2019est retourn\u00e9 au Vietnam que lorsqu\u2019il a succ\u00e9d\u00e9 au tr\u00f4ne et o\u00f9 il a v\u00e9cu la plus grande partie de sa vie sous le protectorat des Fran\u00e7ais. De plus, il a v\u00e9cu le style de vie opulent des Fran\u00e7ais de la classe sup\u00e9rieure.<\/p><p style=\"text-align: justify;\">Son style, o\u00f9 l\u2019Orient rencontre l\u2019Occident, incarne l\u2019influence des Fran\u00e7ais o\u00f9 le luxe est dans la simplicit\u00e9 et cela a inspir\u00e9 l\u2019architecture des Croisi\u00e8res de l\u2019Empereur. Nous avons baptis\u00e9 le restaurant et le salon Can Chanh Palace Royal Restaurant et il est situ\u00e9 sur le c\u00f4t\u00e9 gauche du pont principal, pr\u00e8s de l\u2019endroit o\u00f9 les clients embarquent. C\u2019est l\u00e0 que notre \u00e9quipage hospitalier les accueille avec un salangane de bienvenue.<\/p><p style=\"text-align: justify;\">Avec un nom aussi inspir\u00e9, Can Chanh a \u00e9t\u00e9 con\u00e7u avec une atmosph\u00e8re royale tant pour le salon que pour le restaurant. Des \u0153uvres d\u2019art command\u00e9es \u00e0 des artistes vietnamiens renomm\u00e9s ornent les murs. Peint exclusivement pour les Croisi\u00e8res de l\u2019Empereur par le c\u00e9l\u00e8bre peintre Pham Luc, l\u2019un de ses chefs-d\u2019\u0153uvre montre l\u2019Empereur Bao Dai donnant une grande audience imp\u00e9riale. Il a pris du temps pour \u00eatre achev\u00e9 et est expos\u00e9 exclusivement \u00e0 bord pour le plaisir des passagers de Emperor Cruises.<\/p><p style=\"text-align: justify;\">Can Chanh est au c\u0153ur du bateau de l\u2019Emperor Cruises, un lieu o\u00f9 les voyageurs les plus sophistiqu\u00e9s peuvent appr\u00e9cier la culture, l\u2019histoire et la cuisine gastronomique vietnamiennes, et o\u00f9 le glamour et l\u2019h\u00e9ritage royal se combinent pour cr\u00e9er l\u2019\u00e9l\u00e9gance supr\u00eame.<\/p><p style=\"text-align: justify;\">Le salon spacieux et relaxant est dot\u00e9 d\u2019un mobilier confortable et \u00e9l\u00e9gant inspir\u00e9 d\u2019un design original de 1930, id\u00e9al pour admirer des vues \u00e0 couper le souffle. Tout en d\u00eenant avec style au restaurant royal du palais Can Chanh, vous pourrez observer la pr\u00e9paration des plats dans la cuisine ouverte du restaurant.<\/p><p style=\"text-align: justify;\">Emperor Cruises a con\u00e7u une exp\u00e9rience culinaire vietnamienne raffin\u00e9e pour les palais les plus exigeants afin de s\u2019assurer que l\u2019exp\u00e9rience culinaire de chaque client d\u00e9passe ses attentes au restaurant royal du Can Chanh Palace. La cuisine du restaurant est toujours fra\u00eechement pr\u00e9par\u00e9e en utilisant les meilleurs ingr\u00e9dients locaux pour pr\u00e9parer des plats royaux autrefois r\u00e9serv\u00e9s uniquement \u00e0 la famille royale.<\/p><p style=\"text-align: justify;\">Chaque s\u00e9jour d\u2019une nuit\u00e9e comprend le d\u00e9jeuner, le d\u00eener et le brunch. Les clients peuvent profiter de leur exp\u00e9rience culinaire dans leur suite, sur la terrasse, dans la cave \u00e0 vin ou \u00e0 tout autre endroit de leur choix, \u00e0 tout moment.<\/p><p style=\"text-align: justify;\">\u00c0 chaque repas \u00e0 bord, les clients ont droit \u00e0 une excellente s\u00e9lection de bi\u00e8res locales, de spiritueux et de vins distinctifs choisis par nos sommeliers de renom. Tout est inclus. Profitez de votre exp\u00e9rience culinaire dans un endroit si sp\u00e9cial, avec des personnes sp\u00e9ciales et des moments particuliers !<\/p>\t\t\t\t\t\t<\/div>\n\t\t\t\t<\/div>\n\t\t\t\t<div class=\"elementor-element elementor-element-717621b sc_fly_static elementor-widget elementor-widget-spacer\" data-id=\"717621b\" data-element_type=\"widget\" data-widget_type=\"spacer.default\">\n\t\t\t\t<div class=\"elementor-widget-container\">\n\t\t\t\t\t<div class=\"elementor-spacer\">\n\t\t\t<div class=\"elementor-spacer-inner\"><\/div>\n\t\t<\/div>\n\t\t\t\t<\/div>\n\t\t\t\t<\/div>\n\t\t\t\t\t<\/div>\n\t\t<\/div>\n\t\t\t\t\t\t\t<\/div>\n\t\t<\/section>\n\t\t\t\t\t<\/div>\n\t\t<\/div>\n\t\t\t\t\t\t\t<\/div>\n\t\t<\/section>\n\t\t\t\t<section class=\"elementor-section elementor-top-section elementor-element elementor-element-542538c elementor-section-full_width elementor-section-height-default elementor-section-height-default sc_fly_static\" data-id=\"542538c\" data-element_type=\"section\" data-settings=\"{&quot;background_background&quot;:&quot;classic&quot;}\">\n\t\t\t\t\t\t\t<div class=\"elementor-background-overlay\"><\/div>\n\t\t\t\t\t\t\t<div class=\"elementor-container elementor-column-gap-no\">\n\t\t\t\t\t<div class=\"elementor-column elementor-col-100 elementor-top-column elementor-element elementor-element-761c903 sc_inner_width_none sc_content_align_inherit sc_layouts_column_icons_position_left sc_fly_static\" data-id=\"761c903\" data-element_type=\"column\">\n\t\t\t<div class=\"elementor-widget-wrap elementor-element-populated\">\n\t\t\t\t\t\t\t\t<div class=\"elementor-element elementor-element-faab3c7 sc_height_medium sc_layouts_hide_on_mobile sc_fly_static elementor-widget elementor-widget-spacer\" data-id=\"faab3c7\" data-element_type=\"widget\" data-widget_type=\"spacer.default\">\n\t\t\t\t<div class=\"elementor-widget-container\">\n\t\t\t\t\t<div class=\"elementor-spacer\">\n\t\t\t<div class=\"elementor-spacer-inner\"><\/div>\n\t\t<\/div>\n\t\t\t\t<\/div>\n\t\t\t\t<\/div>\n\t\t\t\t\t<\/div>\n\t\t<\/div>\n\t\t\t\t\t\t\t<\/div>\n\t\t<\/section>\n\t\t\t\t\t\t\t<\/div>\n\t\t","protected":false},"excerpt":{"rendered":"<p>La vie \u00e0 bord Restaurant royal du Palais Can Chanh Exp\u00e9rience de croisi\u00e8re unique dans les toutes premi\u00e8res croisi\u00e8res en suites du Vietnam Restaurant royal du Palais Can Chanh Cuisine&hellip;<\/p>\n","protected":false},"author":1,"featured_media":22554,"parent":0,"menu_order":0,"comment_status":"closed","ping_status":"closed","template":"","meta":[],"_links":{"self":[{"href":"https:\/\/emperorcruises.com\/fr\/wp-json\/wp\/v2\/pages\/26805"}],"collection":[{"href":"https:\/\/emperorcruises.com\/fr\/wp-json\/wp\/v2\/pages"}],"about":[{"href":"https:\/\/emperorcruises.com\/fr\/wp-json\/wp\/v2\/types\/page"}],"author":[{"embeddable":true,"href":"https:\/\/emperorcruises.com\/fr\/wp-json\/wp\/v2\/users\/1"}],"replies":[{"embeddable":true,"href":"https:\/\/emperorcruises.com\/fr\/wp-json\/wp\/v2\/comments?post=26805"}],"version-history":[{"count":5,"href":"https:\/\/emperorcruises.com\/fr\/wp-json\/wp\/v2\/pages\/26805\/revisions"}],"predecessor-version":[{"id":26811,"href":"https:\/\/emperorcruises.com\/fr\/wp-json\/wp\/v2\/pages\/26805\/revisions\/26811"}],"wp:featuredmedia":[{"embeddable":true,"href":"https:\/\/emperorcruises.com\/fr\/wp-json\/wp\/v2\/media\/22554"}],"wp:attachment":[{"href":"https:\/\/emperorcruises.com\/fr\/wp-json\/wp\/v2\/media?parent=26805"}],"curies":[{"name":"wp","href":"https:\/\/api.w.org\/{rel}","templated":true}]}}