{"id":26707,"date":"2022-06-06T08:39:54","date_gmt":"2022-06-06T08:39:54","guid":{"rendered":"https:\/\/emperorcruises.com\/panorama-restaurant-lounge-bar\/"},"modified":"2022-08-09T02:39:14","modified_gmt":"2022-08-09T02:39:14","slug":"restaurant-panorama-lounge-et-bar","status":"publish","type":"page","link":"https:\/\/emperorcruises.com\/fr\/restaurant-panorama-lounge-et-bar\/","title":{"rendered":"Restaurant Panorama, Lounge Et Bar"},"content":{"rendered":"\t\t<div data-elementor-type=\"wp-page\" data-elementor-id=\"26707\" class=\"elementor elementor-26707 elementor-20093\">\n\t\t\t\t\t\t\t\t\t<section class=\"elementor-section elementor-top-section elementor-element elementor-element-3a36902 elementor-section-full_width elementor-section-height-min-height elementor-section-items-bottom elementor-section-stretched elementor-section-height-default sc_fly_static\" data-id=\"3a36902\" data-element_type=\"section\" data-settings=\"{&quot;background_background&quot;:&quot;classic&quot;,&quot;stretch_section&quot;:&quot;section-stretched&quot;}\">\n\t\t\t\t\t\t\t<div class=\"elementor-background-overlay\"><\/div>\n\t\t\t\t\t\t\t<div class=\"elementor-container elementor-column-gap-no\">\n\t\t\t\t\t<div class=\"elementor-column elementor-col-100 elementor-top-column elementor-element elementor-element-9fb4331 sc_inner_width_none sc_content_align_inherit sc_layouts_column_icons_position_left sc_fly_static\" data-id=\"9fb4331\" data-element_type=\"column\">\n\t\t\t<div class=\"elementor-widget-wrap elementor-element-populated\">\n\t\t\t\t\t\t\t\t<div class=\"elementor-element elementor-element-3769f12 sc_fly_static elementor-widget elementor-widget-spacer\" data-id=\"3769f12\" data-element_type=\"widget\" data-widget_type=\"spacer.default\">\n\t\t\t\t<div class=\"elementor-widget-container\">\n\t\t\t<style>\/*! elementor - v3.7.8 - 02-10-2022 *\/\n.elementor-column .elementor-spacer-inner{height:var(--spacer-size)}.e-container{--container-widget-width:100%}.e-container>.elementor-widget-spacer{width:var(--container-widget-width,var(--spacer-size));-ms-flex-item-align:stretch;align-self:stretch;-ms-flex-negative:0;flex-shrink:0}.e-container>.elementor-widget-spacer>.elementor-widget-container,.e-container>.elementor-widget-spacer>.elementor-widget-container>.elementor-spacer{height:100%}.e-container>.elementor-widget-spacer>.elementor-widget-container>.elementor-spacer>.elementor-spacer-inner{height:var(--container-widget-height,var(--spacer-size))}<\/style>\t\t<div class=\"elementor-spacer\">\n\t\t\t<div class=\"elementor-spacer-inner\"><\/div>\n\t\t<\/div>\n\t\t\t\t<\/div>\n\t\t\t\t<\/div>\n\t\t\t\t<div class=\"elementor-element elementor-element-d90b52e sc_fly_static elementor-widget elementor-widget-trx_sc_title\" data-id=\"d90b52e\" data-element_type=\"widget\" data-widget_type=\"trx_sc_title.default\">\n\t\t\t\t<div class=\"elementor-widget-container\">\n\t\t\t<div\t\tclass=\"sc_title color_style_link3 sc_title_default\" ><span class=\"sc_item_subtitle sc_title_subtitle sc_align_center sc_item_subtitle_above sc_item_title_style_default\">La vie \u00e0 bord<\/span><h1 class=\"sc_item_title sc_title_title sc_align_center sc_item_title_style_default sc_item_title_tag trx_addons_inline_230860892\"\n\t\t\t><span class=\"sc_item_title_text\">Restaurant Panorama, Lounge Et Bar<\/span><\/h1><\/div>\t\t<\/div>\n\t\t\t\t<\/div>\n\t\t\t\t<div class=\"elementor-element elementor-element-ad1cca8 sc_fly_static elementor-widget elementor-widget-spacer\" data-id=\"ad1cca8\" data-element_type=\"widget\" data-widget_type=\"spacer.default\">\n\t\t\t\t<div class=\"elementor-widget-container\">\n\t\t\t\t\t<div class=\"elementor-spacer\">\n\t\t\t<div class=\"elementor-spacer-inner\"><\/div>\n\t\t<\/div>\n\t\t\t\t<\/div>\n\t\t\t\t<\/div>\n\t\t\t\t<section class=\"elementor-section elementor-inner-section elementor-element elementor-element-3af5f09 elementor-section-boxed elementor-section-height-default elementor-section-height-default sc_fly_static\" data-id=\"3af5f09\" data-element_type=\"section\">\n\t\t\t\t\t\t<div class=\"elementor-container elementor-column-gap-extended\">\n\t\t\t\t\t<div class=\"elementor-column elementor-col-100 elementor-inner-column elementor-element elementor-element-06df3b2 sc_inner_width_none sc_content_align_inherit sc_layouts_column_icons_position_left sc_fly_static\" data-id=\"06df3b2\" data-element_type=\"column\">\n\t\t\t<div class=\"elementor-widget-wrap elementor-element-populated\">\n\t\t\t\t\t\t\t\t<div class=\"elementor-element elementor-element-38ba800 elementor-view-default sc_fly_static elementor-widget elementor-widget-icon\" data-id=\"38ba800\" data-element_type=\"widget\" data-widget_type=\"icon.default\">\n\t\t\t\t<div class=\"elementor-widget-container\">\n\t\t\t\t\t<div class=\"elementor-icon-wrapper\">\n\t\t\t<a class=\"elementor-icon\" href=\"#anchor\">\n\t\t\t<svg xmlns=\"http:\/\/www.w3.org\/2000\/svg\" width=\"14.626\" height=\"8.639\" viewBox=\"0 0 14.626 8.639\"><g id=\"down-arrow\" transform=\"translate(0 -70.698)\"><g id=\"Group_8820\" data-name=\"Group 8820\" transform=\"translate(0 100.698)\"><path id=\"Path_6507\" data-name=\"Path 6507\" d=\"M14.392,101.42l-.479-.482a.8.8,0,0,0-1.132,0L7.316,106.4l-5.472-5.472a.8.8,0,0,0-1.132,0l-.479.479a.8.8,0,0,0,0,1.131l6.515,6.538a.818.818,0,0,0,.567.257h0a.818.818,0,0,0,.566-.257l6.508-6.52a.808.808,0,0,0,.234-.571A.8.8,0,0,0,14.392,101.42Z\" transform=\"translate(0 -130.698)\"><\/path><\/g><\/g><\/svg>\t\t\t<\/a>\n\t\t<\/div>\n\t\t\t\t<\/div>\n\t\t\t\t<\/div>\n\t\t\t\t<div class=\"elementor-element elementor-element-73bf6e9 sc_fly_static elementor-widget elementor-widget-spacer\" data-id=\"73bf6e9\" data-element_type=\"widget\" data-widget_type=\"spacer.default\">\n\t\t\t\t<div class=\"elementor-widget-container\">\n\t\t\t\t\t<div class=\"elementor-spacer\">\n\t\t\t<div class=\"elementor-spacer-inner\"><\/div>\n\t\t<\/div>\n\t\t\t\t<\/div>\n\t\t\t\t<\/div>\n\t\t\t\t\t<\/div>\n\t\t<\/div>\n\t\t\t\t\t\t\t<\/div>\n\t\t<\/section>\n\t\t\t\t\t<\/div>\n\t\t<\/div>\n\t\t\t\t\t\t\t<\/div>\n\t\t<\/section>\n\t\t\t\t<section class=\"elementor-section elementor-top-section elementor-element elementor-element-076779a elementor-section-stretched scheme_default elementor-section-boxed elementor-section-height-default elementor-section-height-default sc_fly_static\" data-id=\"076779a\" data-element_type=\"section\" data-settings=\"{&quot;stretch_section&quot;:&quot;section-stretched&quot;,&quot;background_background&quot;:&quot;classic&quot;}\">\n\t\t\t\t\t\t<div class=\"elementor-container elementor-column-gap-extended\">\n\t\t\t\t\t<div class=\"elementor-column elementor-col-100 elementor-top-column elementor-element elementor-element-cc58516 sc_inner_width_none sc_content_align_inherit sc_layouts_column_icons_position_left sc_fly_static\" data-id=\"cc58516\" data-element_type=\"column\">\n\t\t\t<div class=\"elementor-widget-wrap elementor-element-populated\">\n\t\t\t\t\t\t\t\t<div class=\"elementor-element elementor-element-87c1a09 sc_height_medium sc_fly_static elementor-widget elementor-widget-spacer\" data-id=\"87c1a09\" data-element_type=\"widget\" data-widget_type=\"spacer.default\">\n\t\t\t\t<div class=\"elementor-widget-container\">\n\t\t\t\t\t<div class=\"elementor-spacer\">\n\t\t\t<div class=\"elementor-spacer-inner\"><\/div>\n\t\t<\/div>\n\t\t\t\t<\/div>\n\t\t\t\t<\/div>\n\t\t\t\t<section class=\"elementor-section elementor-inner-section elementor-element elementor-element-b7e4835 elementor-section-boxed elementor-section-height-default elementor-section-height-default sc_fly_static\" data-id=\"b7e4835\" data-element_type=\"section\" id=\"anchor\">\n\t\t\t\t\t\t<div class=\"elementor-container elementor-column-gap-extended\">\n\t\t\t\t\t<div class=\"elementor-column elementor-col-16 elementor-inner-column elementor-element elementor-element-ee8667e sc_inner_width_none sc_content_align_inherit sc_layouts_column_icons_position_left sc_fly_static\" data-id=\"ee8667e\" data-element_type=\"column\">\n\t\t\t<div class=\"elementor-widget-wrap\">\n\t\t\t\t\t\t\t\t\t<\/div>\n\t\t<\/div>\n\t\t\t\t<div class=\"elementor-column elementor-col-66 elementor-inner-column elementor-element elementor-element-caf3087 sc_inner_width_none sc_content_align_inherit sc_layouts_column_icons_position_left sc_fly_static\" data-id=\"caf3087\" data-element_type=\"column\">\n\t\t\t<div class=\"elementor-widget-wrap elementor-element-populated\">\n\t\t\t\t\t\t\t\t<div class=\"elementor-element elementor-element-ca0ee5d sc_fly_static elementor-widget elementor-widget-trx_sc_title\" data-id=\"ca0ee5d\" data-element_type=\"widget\" data-widget_type=\"trx_sc_title.default\">\n\t\t\t\t<div class=\"elementor-widget-container\">\n\t\t\t<div\t\tclass=\"sc_title sc_title_accent\" ><span class=\"sc_item_subtitle sc_title_subtitle sc_align_center sc_item_subtitle_above sc_item_title_style_accent\">Exp\u00e9rience de croisi\u00e8re unique dans les toutes premi\u00e8res croisi\u00e8res en suites du Vietnam<\/span><h2 class=\"sc_item_title sc_title_title sc_align_center sc_item_title_style_accent sc_item_title_tag\"\n\t\t\t><span class=\"sc_item_title_text\">Panorama Restaurant, Lounge & Bar<\/span><\/h2><\/div>\t\t<\/div>\n\t\t\t\t<\/div>\n\t\t\t\t\t<\/div>\n\t\t<\/div>\n\t\t\t\t<div class=\"elementor-column elementor-col-16 elementor-inner-column elementor-element elementor-element-352c34d sc_inner_width_none sc_content_align_inherit sc_layouts_column_icons_position_left sc_fly_static\" data-id=\"352c34d\" data-element_type=\"column\">\n\t\t\t<div class=\"elementor-widget-wrap\">\n\t\t\t\t\t\t\t\t\t<\/div>\n\t\t<\/div>\n\t\t\t\t\t\t\t<\/div>\n\t\t<\/section>\n\t\t\t\t\t<\/div>\n\t\t<\/div>\n\t\t\t\t\t\t\t<\/div>\n\t\t<\/section>\n\t\t\t\t<section class=\"elementor-section elementor-top-section elementor-element elementor-element-8c75c70 elementor-section-stretched scheme_default elementor-section-boxed elementor-section-height-default elementor-section-height-default sc_fly_static\" data-id=\"8c75c70\" data-element_type=\"section\" data-settings=\"{&quot;stretch_section&quot;:&quot;section-stretched&quot;,&quot;background_background&quot;:&quot;classic&quot;}\">\n\t\t\t\t\t\t<div class=\"elementor-container elementor-column-gap-extended\">\n\t\t\t\t\t<div class=\"elementor-column elementor-col-100 elementor-top-column elementor-element elementor-element-70bcf09 sc_inner_width_none sc_content_align_inherit sc_layouts_column_icons_position_left sc_fly_static\" data-id=\"70bcf09\" data-element_type=\"column\">\n\t\t\t<div class=\"elementor-widget-wrap elementor-element-populated\">\n\t\t\t\t\t\t\t\t<div class=\"elementor-element elementor-element-7c2b510 sc_height_medium sc_fly_static elementor-widget elementor-widget-spacer\" data-id=\"7c2b510\" data-element_type=\"widget\" data-widget_type=\"spacer.default\">\n\t\t\t\t<div class=\"elementor-widget-container\">\n\t\t\t\t\t<div class=\"elementor-spacer\">\n\t\t\t<div class=\"elementor-spacer-inner\"><\/div>\n\t\t<\/div>\n\t\t\t\t<\/div>\n\t\t\t\t<\/div>\n\t\t\t\t<div class=\"elementor-element elementor-element-b2af2cb sc_fly_static elementor-widget elementor-widget-trx_widget_slider\" data-id=\"b2af2cb\" data-element_type=\"widget\" data-widget_type=\"trx_widget_slider.default\">\n\t\t\t\t<div class=\"elementor-widget-container\">\n\t\t\t<div class=\"widget_area sc_widget_slider\"><aside class=\"widget widget_slider\">\t\t\t<div class=\"slider_wrap slider_engine_swiper\">\n\t\t\t\t<div class=\"slider_outer slider_swiper_outer slider_style_default slider_outer_direction_horizontal slider_outer_multi slider_outer_nopagination slider_outer_controls slider_outer_controls_side slider_outer_nocentered slider_outer_overflow_visible slider_outer_notitles\"><div class=\"slider_container slider_swiper swiper-slider-container slider_controls slider_controls_side slider_nocentered slider_overflow_visible slider_notitles slider_noresize slider_swipe slider_height_auto slider_direction_horizontal slider_nopagination slider_multi slider_type_images\" data-ratio=\"16:9\" data-interval=\"7000\" data-speed=\"600\" data-effect=\"swap\" data-pagination=\"bullets\" data-direction=\"horizontal\" data-slides-per-view=\"2\" data-slides-space=\"60\" data-slides-centered=\"0\" data-slides-overflow=\"1\" data-mouse-wheel=\"0\" data-autoplay=\"1\" data-loop=\"1\" data-free-mode=\"0\" data-slides-min-width=\"220\"><div class=\"slider-wrapper swiper-wrapper\"><div  class=\"slider-slide swiper-slide\" data-image=\"\/\/emperorcruises.com\/wp-content\/uploads\/2022\/06\/Restaurant-10.jpg\" style=\"\"><img src=\"\/\/emperorcruises.com\/wp-content\/uploads\/2022\/06\/Restaurant-10.jpg\" alt=\"\"><\/div><div  class=\"slider-slide swiper-slide\" data-image=\"\/\/emperorcruises.com\/wp-content\/uploads\/2022\/06\/Sundeck-Lifestyle-11-2.jpg\" style=\"\"><img src=\"\/\/emperorcruises.com\/wp-content\/uploads\/2022\/06\/Sundeck-Lifestyle-11-2.jpg\" alt=\"\"><\/div><div  class=\"slider-slide swiper-slide\" data-image=\"\/\/emperorcruises.com\/wp-content\/uploads\/2022\/06\/13.jpg\" style=\"\"><img src=\"\/\/emperorcruises.com\/wp-content\/uploads\/2022\/06\/13.jpg\" alt=\"\"><\/div><div  class=\"slider-slide swiper-slide\" data-image=\"\/\/emperorcruises.com\/wp-content\/uploads\/2022\/06\/Sundeck-4.jpg\" style=\"\"><img src=\"\/\/emperorcruises.com\/wp-content\/uploads\/2022\/06\/Sundeck-4.jpg\" alt=\"\"><\/div><div  class=\"slider-slide swiper-slide\" data-image=\"\/\/emperorcruises.com\/wp-content\/uploads\/2022\/06\/The-Boat-9.jpg\" style=\"\"><img src=\"\/\/emperorcruises.com\/wp-content\/uploads\/2022\/06\/The-Boat-9.jpg\" alt=\"\"><\/div><\/div><div class=\"slider_controls_wrap\"><a class=\"slider_prev swiper-button-prev\" href=\"#\"><\/a><a class=\"slider_next swiper-button-next\" href=\"#\"><\/a><\/div><\/div><\/div>\t\t\t<\/div>\n\t\t\t<\/aside><\/div>\t\t<\/div>\n\t\t\t\t<\/div>\n\t\t\t\t\t<\/div>\n\t\t<\/div>\n\t\t\t\t\t\t\t<\/div>\n\t\t<\/section>\n\t\t\t\t<section class=\"elementor-section elementor-top-section elementor-element elementor-element-469befa elementor-section-stretched scheme_default elementor-section-boxed elementor-section-height-default elementor-section-height-default sc_fly_static\" data-id=\"469befa\" data-element_type=\"section\" data-settings=\"{&quot;stretch_section&quot;:&quot;section-stretched&quot;,&quot;background_background&quot;:&quot;classic&quot;}\">\n\t\t\t\t\t\t<div class=\"elementor-container elementor-column-gap-extended\">\n\t\t\t\t\t<div class=\"elementor-column elementor-col-100 elementor-top-column elementor-element elementor-element-f082b81 sc_inner_width_none sc_content_align_inherit sc_layouts_column_icons_position_left sc_fly_static\" data-id=\"f082b81\" data-element_type=\"column\">\n\t\t\t<div class=\"elementor-widget-wrap elementor-element-populated\">\n\t\t\t\t\t\t\t\t<div class=\"elementor-element elementor-element-4f26d7f sc_height_medium sc_fly_static elementor-widget elementor-widget-spacer\" data-id=\"4f26d7f\" data-element_type=\"widget\" data-widget_type=\"spacer.default\">\n\t\t\t\t<div class=\"elementor-widget-container\">\n\t\t\t\t\t<div class=\"elementor-spacer\">\n\t\t\t<div class=\"elementor-spacer-inner\"><\/div>\n\t\t<\/div>\n\t\t\t\t<\/div>\n\t\t\t\t<\/div>\n\t\t\t\t<section class=\"elementor-section elementor-inner-section elementor-element elementor-element-c0839cc elementor-section-boxed elementor-section-height-default elementor-section-height-default sc_fly_static\" data-id=\"c0839cc\" data-element_type=\"section\">\n\t\t\t\t\t\t<div class=\"elementor-container elementor-column-gap-extended\">\n\t\t\t\t\t<div class=\"elementor-column elementor-col-100 elementor-inner-column elementor-element elementor-element-21715d4 sc_inner_width_none sc_content_align_inherit sc_layouts_column_icons_position_left sc_fly_static\" data-id=\"21715d4\" data-element_type=\"column\">\n\t\t\t<div class=\"elementor-widget-wrap elementor-element-populated\">\n\t\t\t\t\t\t\t\t<div class=\"elementor-element elementor-element-f60ca26 sc_fly_static elementor-widget elementor-widget-text-editor\" data-id=\"f60ca26\" data-element_type=\"widget\" data-widget_type=\"text-editor.default\">\n\t\t\t\t<div class=\"elementor-widget-container\">\n\t\t\t<style>\/*! elementor - v3.7.8 - 02-10-2022 *\/\n.elementor-widget-text-editor.elementor-drop-cap-view-stacked .elementor-drop-cap{background-color:#818a91;color:#fff}.elementor-widget-text-editor.elementor-drop-cap-view-framed .elementor-drop-cap{color:#818a91;border:3px solid;background-color:transparent}.elementor-widget-text-editor:not(.elementor-drop-cap-view-default) .elementor-drop-cap{margin-top:8px}.elementor-widget-text-editor:not(.elementor-drop-cap-view-default) .elementor-drop-cap-letter{width:1em;height:1em}.elementor-widget-text-editor .elementor-drop-cap{float:left;text-align:center;line-height:1;font-size:50px}.elementor-widget-text-editor .elementor-drop-cap-letter{display:inline-block}<\/style>\t\t\t\t<h5 style=\"text-align: justify;\"><strong>UN ESPACE SPACIEUX POUR LE D\u00ceNER ET LA D\u00c9TENTE, \u00c0 L\u2019INT\u00c9RIEUR COMME \u00c0 L\u2019EXT\u00c9RIEUR<\/strong><\/h5><p style=\"text-align: justify;\">Nos restaurant, salon et bar Panorama vous promettons des vues magnifiques de jour comme de nuit dans ce site class\u00e9 au patrimoine mondial. Situ\u00e9 sur la terrasse, vous pourrez y prendre un bain de soleil ou une boisson fra\u00eeche au bar tout en admirant le panorama \u00e0 couper le souffle, admirer le coucher de soleil ou participer au cours de cuisine et \u00e0 la d\u00e9gustation de vins.<\/p><p style=\"text-align: justify;\">La terrasse spacieuse offre une vue superbe sur les paysages f\u00e9eriques en constante \u00e9volution. Levez-vous t\u00f4t le matin, et accueillez les premiers rayons de soleil qui annoncent le nouveau jour, et participez au cours de Vovinam (arts martiaux traditionnels vietnamiens) en plein air.<\/p><p style=\"text-align: justify;\">Nous servons le th\u00e9 de l\u2019apr\u00e8s-midi, o\u00f9 nous vous introduisons \u00e0 l\u2019art traditionnel vietnamien de boire du th\u00e9. Vous pouvez \u00e9galement d\u00e9guster les meilleurs caf\u00e9s vietnamiens et vous essayer \u00e0 la pr\u00e9paration d\u2019un caf\u00e9 filtre ou d\u2019un caf\u00e9 sua (caf\u00e9 au lait) da pour vous-m\u00eame. Vous pouvez choisir de prendre votre petit-d\u00e9jeuner et votre d\u00eener ici si vous le souhaitez.<\/p><p style=\"text-align: justify;\">Le restaurant, le salon et le bar Panorama sont tr\u00e8s spacieux et offrent de nombreuses possibilit\u00e9s de d\u00e9tente ainsi qu\u2019un cin\u00e9ma en plein air. Pendant la croisi\u00e8re, vous pouvez choisir parmi une s\u00e9lection de vins, de bi\u00e8res, de boissons non alcoolis\u00e9es, de cocktails et de spiritueux, ainsi que de th\u00e9 et de caf\u00e9, offerts gratuitement.<\/p>\t\t\t\t\t\t<\/div>\n\t\t\t\t<\/div>\n\t\t\t\t\t<\/div>\n\t\t<\/div>\n\t\t\t\t\t\t\t<\/div>\n\t\t<\/section>\n\t\t\t\t<section class=\"elementor-section elementor-inner-section elementor-element elementor-element-60c2d8e elementor-section-boxed elementor-section-height-default elementor-section-height-default sc_fly_static\" data-id=\"60c2d8e\" data-element_type=\"section\">\n\t\t\t\t\t\t<div class=\"elementor-container elementor-column-gap-no\">\n\t\t\t\t\t<div class=\"elementor-column elementor-col-100 elementor-inner-column elementor-element elementor-element-61713be sc_inner_width_none sc_content_align_inherit sc_layouts_column_icons_position_left sc_fly_static\" data-id=\"61713be\" data-element_type=\"column\">\n\t\t\t<div class=\"elementor-widget-wrap elementor-element-populated\">\n\t\t\t\t\t\t\t\t<div class=\"elementor-element elementor-element-e33a3dc sc_height_medium sc_fly_static elementor-widget elementor-widget-spacer\" data-id=\"e33a3dc\" data-element_type=\"widget\" data-widget_type=\"spacer.default\">\n\t\t\t\t<div class=\"elementor-widget-container\">\n\t\t\t\t\t<div class=\"elementor-spacer\">\n\t\t\t<div class=\"elementor-spacer-inner\"><\/div>\n\t\t<\/div>\n\t\t\t\t<\/div>\n\t\t\t\t<\/div>\n\t\t\t\t\t<\/div>\n\t\t<\/div>\n\t\t\t\t\t\t\t<\/div>\n\t\t<\/section>\n\t\t\t\t\t<\/div>\n\t\t<\/div>\n\t\t\t\t\t\t\t<\/div>\n\t\t<\/section>\n\t\t\t\t<section class=\"elementor-section elementor-top-section elementor-element elementor-element-edb7da5 elementor-section-full_width elementor-section-height-default elementor-section-height-default sc_fly_static\" data-id=\"edb7da5\" data-element_type=\"section\" data-settings=\"{&quot;background_background&quot;:&quot;classic&quot;}\">\n\t\t\t\t\t\t\t<div class=\"elementor-background-overlay\"><\/div>\n\t\t\t\t\t\t\t<div class=\"elementor-container elementor-column-gap-no\">\n\t\t\t\t\t<div class=\"elementor-column elementor-col-100 elementor-top-column elementor-element elementor-element-a6fca8d sc_inner_width_none sc_content_align_inherit sc_layouts_column_icons_position_left sc_fly_static\" data-id=\"a6fca8d\" data-element_type=\"column\">\n\t\t\t<div class=\"elementor-widget-wrap elementor-element-populated\">\n\t\t\t\t\t\t\t\t<div class=\"elementor-element elementor-element-3c29416 sc_height_medium sc_layouts_hide_on_mobile sc_fly_static elementor-widget elementor-widget-spacer\" data-id=\"3c29416\" data-element_type=\"widget\" data-widget_type=\"spacer.default\">\n\t\t\t\t<div class=\"elementor-widget-container\">\n\t\t\t\t\t<div class=\"elementor-spacer\">\n\t\t\t<div class=\"elementor-spacer-inner\"><\/div>\n\t\t<\/div>\n\t\t\t\t<\/div>\n\t\t\t\t<\/div>\n\t\t\t\t\t<\/div>\n\t\t<\/div>\n\t\t\t\t\t\t\t<\/div>\n\t\t<\/section>\n\t\t\t\t\t\t\t<\/div>\n\t\t","protected":false},"excerpt":{"rendered":"<p>La vie \u00e0 bord Restaurant Panorama, Lounge Et Bar Exp\u00e9rience de croisi\u00e8re unique dans les toutes premi\u00e8res croisi\u00e8res en suites du Vietnam Panorama Restaurant, Lounge &#038; Bar UN ESPACE SPACIEUX&hellip;<\/p>\n","protected":false},"author":1,"featured_media":22469,"parent":0,"menu_order":0,"comment_status":"closed","ping_status":"closed","template":"","meta":[],"_links":{"self":[{"href":"https:\/\/emperorcruises.com\/fr\/wp-json\/wp\/v2\/pages\/26707"}],"collection":[{"href":"https:\/\/emperorcruises.com\/fr\/wp-json\/wp\/v2\/pages"}],"about":[{"href":"https:\/\/emperorcruises.com\/fr\/wp-json\/wp\/v2\/types\/page"}],"author":[{"embeddable":true,"href":"https:\/\/emperorcruises.com\/fr\/wp-json\/wp\/v2\/users\/1"}],"replies":[{"embeddable":true,"href":"https:\/\/emperorcruises.com\/fr\/wp-json\/wp\/v2\/comments?post=26707"}],"version-history":[{"count":5,"href":"https:\/\/emperorcruises.com\/fr\/wp-json\/wp\/v2\/pages\/26707\/revisions"}],"predecessor-version":[{"id":26723,"href":"https:\/\/emperorcruises.com\/fr\/wp-json\/wp\/v2\/pages\/26707\/revisions\/26723"}],"wp:featuredmedia":[{"embeddable":true,"href":"https:\/\/emperorcruises.com\/fr\/wp-json\/wp\/v2\/media\/22469"}],"wp:attachment":[{"href":"https:\/\/emperorcruises.com\/fr\/wp-json\/wp\/v2\/media?parent=26707"}],"curies":[{"name":"wp","href":"https:\/\/api.w.org\/{rel}","templated":true}]}}