{"id":26386,"date":"2022-06-18T19:59:07","date_gmt":"2022-06-18T19:59:07","guid":{"rendered":"https:\/\/emperorcruises.com\/careers\/"},"modified":"2022-08-06T17:52:11","modified_gmt":"2022-08-06T17:52:11","slug":"carrieres","status":"publish","type":"page","link":"https:\/\/emperorcruises.com\/fr\/carrieres\/","title":{"rendered":"Carri\u00e8res"},"content":{"rendered":"\t\t<div data-elementor-type=\"wp-page\" data-elementor-id=\"26386\" class=\"elementor elementor-26386 elementor-21569\">\n\t\t\t\t\t\t\t\t\t<section class=\"elementor-section elementor-top-section elementor-element elementor-element-3a36902 elementor-section-full_width elementor-section-height-min-height elementor-section-items-bottom elementor-section-stretched elementor-section-height-default sc_fly_static\" data-id=\"3a36902\" data-element_type=\"section\" data-settings=\"{&quot;background_background&quot;:&quot;classic&quot;,&quot;stretch_section&quot;:&quot;section-stretched&quot;}\">\n\t\t\t\t\t\t<div class=\"elementor-container elementor-column-gap-no\">\n\t\t\t\t\t<div class=\"elementor-column elementor-col-100 elementor-top-column elementor-element elementor-element-9fb4331 sc_inner_width_none sc_content_align_inherit sc_layouts_column_icons_position_left sc_fly_static\" data-id=\"9fb4331\" data-element_type=\"column\">\n\t\t\t<div class=\"elementor-widget-wrap elementor-element-populated\">\n\t\t\t\t\t\t\t\t<div class=\"elementor-element elementor-element-3769f12 sc_fly_static elementor-widget elementor-widget-spacer\" data-id=\"3769f12\" data-element_type=\"widget\" data-widget_type=\"spacer.default\">\n\t\t\t\t<div class=\"elementor-widget-container\">\n\t\t\t<style>\/*! elementor - v3.7.8 - 02-10-2022 *\/\n.elementor-column .elementor-spacer-inner{height:var(--spacer-size)}.e-container{--container-widget-width:100%}.e-container>.elementor-widget-spacer{width:var(--container-widget-width,var(--spacer-size));-ms-flex-item-align:stretch;align-self:stretch;-ms-flex-negative:0;flex-shrink:0}.e-container>.elementor-widget-spacer>.elementor-widget-container,.e-container>.elementor-widget-spacer>.elementor-widget-container>.elementor-spacer{height:100%}.e-container>.elementor-widget-spacer>.elementor-widget-container>.elementor-spacer>.elementor-spacer-inner{height:var(--container-widget-height,var(--spacer-size))}<\/style>\t\t<div class=\"elementor-spacer\">\n\t\t\t<div class=\"elementor-spacer-inner\"><\/div>\n\t\t<\/div>\n\t\t\t\t<\/div>\n\t\t\t\t<\/div>\n\t\t\t\t<div class=\"elementor-element elementor-element-d90b52e sc_fly_static elementor-widget elementor-widget-trx_sc_title\" data-id=\"d90b52e\" data-element_type=\"widget\" data-widget_type=\"trx_sc_title.default\">\n\t\t\t\t<div class=\"elementor-widget-container\">\n\t\t\t<div\t\tclass=\"sc_title color_style_link2 sc_title_default\" ><span class=\"sc_item_subtitle sc_title_subtitle sc_align_center sc_item_subtitle_above sc_item_title_style_default\">emperor cruises<\/span><h1 class=\"sc_item_title sc_title_title sc_align_center sc_item_title_style_default sc_item_title_tag trx_addons_inline_1749096889\"\n\t\t\t><span class=\"sc_item_title_text\">CARRI\u00c8RES<\/span><\/h1><\/div>\t\t<\/div>\n\t\t\t\t<\/div>\n\t\t\t\t<div class=\"elementor-element elementor-element-ad1cca8 sc_fly_static elementor-widget elementor-widget-spacer\" data-id=\"ad1cca8\" data-element_type=\"widget\" data-widget_type=\"spacer.default\">\n\t\t\t\t<div class=\"elementor-widget-container\">\n\t\t\t\t\t<div class=\"elementor-spacer\">\n\t\t\t<div class=\"elementor-spacer-inner\"><\/div>\n\t\t<\/div>\n\t\t\t\t<\/div>\n\t\t\t\t<\/div>\n\t\t\t\t<section class=\"elementor-section elementor-inner-section elementor-element elementor-element-3af5f09 elementor-section-boxed elementor-section-height-default elementor-section-height-default sc_fly_static\" data-id=\"3af5f09\" data-element_type=\"section\">\n\t\t\t\t\t\t<div class=\"elementor-container elementor-column-gap-extended\">\n\t\t\t\t\t<div class=\"elementor-column elementor-col-100 elementor-inner-column elementor-element elementor-element-06df3b2 sc_inner_width_none sc_content_align_inherit sc_layouts_column_icons_position_left sc_fly_static\" data-id=\"06df3b2\" data-element_type=\"column\">\n\t\t\t<div class=\"elementor-widget-wrap elementor-element-populated\">\n\t\t\t\t\t\t\t\t<div class=\"elementor-element elementor-element-38ba800 elementor-view-default sc_fly_static elementor-widget elementor-widget-icon\" data-id=\"38ba800\" data-element_type=\"widget\" data-widget_type=\"icon.default\">\n\t\t\t\t<div class=\"elementor-widget-container\">\n\t\t\t\t\t<div class=\"elementor-icon-wrapper\">\n\t\t\t<a class=\"elementor-icon\" href=\"#anchor\">\n\t\t\t<svg xmlns=\"http:\/\/www.w3.org\/2000\/svg\" width=\"14.626\" height=\"8.639\" viewBox=\"0 0 14.626 8.639\"><g id=\"down-arrow\" transform=\"translate(0 -70.698)\"><g id=\"Group_8820\" data-name=\"Group 8820\" transform=\"translate(0 100.698)\"><path id=\"Path_6507\" data-name=\"Path 6507\" d=\"M14.392,101.42l-.479-.482a.8.8,0,0,0-1.132,0L7.316,106.4l-5.472-5.472a.8.8,0,0,0-1.132,0l-.479.479a.8.8,0,0,0,0,1.131l6.515,6.538a.818.818,0,0,0,.567.257h0a.818.818,0,0,0,.566-.257l6.508-6.52a.808.808,0,0,0,.234-.571A.8.8,0,0,0,14.392,101.42Z\" transform=\"translate(0 -130.698)\"><\/path><\/g><\/g><\/svg>\t\t\t<\/a>\n\t\t<\/div>\n\t\t\t\t<\/div>\n\t\t\t\t<\/div>\n\t\t\t\t<div class=\"elementor-element elementor-element-73bf6e9 sc_fly_static elementor-widget elementor-widget-spacer\" data-id=\"73bf6e9\" data-element_type=\"widget\" data-widget_type=\"spacer.default\">\n\t\t\t\t<div class=\"elementor-widget-container\">\n\t\t\t\t\t<div class=\"elementor-spacer\">\n\t\t\t<div class=\"elementor-spacer-inner\"><\/div>\n\t\t<\/div>\n\t\t\t\t<\/div>\n\t\t\t\t<\/div>\n\t\t\t\t\t<\/div>\n\t\t<\/div>\n\t\t\t\t\t\t\t<\/div>\n\t\t<\/section>\n\t\t\t\t\t<\/div>\n\t\t<\/div>\n\t\t\t\t\t\t\t<\/div>\n\t\t<\/section>\n\t\t\t\t<section class=\"elementor-section elementor-top-section elementor-element elementor-element-076779a elementor-section-stretched scheme_default elementor-section-boxed elementor-section-height-default elementor-section-height-default sc_fly_static\" data-id=\"076779a\" data-element_type=\"section\" data-settings=\"{&quot;stretch_section&quot;:&quot;section-stretched&quot;,&quot;background_background&quot;:&quot;classic&quot;}\">\n\t\t\t\t\t\t<div class=\"elementor-container elementor-column-gap-extended\">\n\t\t\t\t\t<div class=\"elementor-column elementor-col-100 elementor-top-column elementor-element elementor-element-cc58516 sc_inner_width_none sc_content_align_inherit sc_layouts_column_icons_position_left sc_fly_static\" data-id=\"cc58516\" data-element_type=\"column\">\n\t\t\t<div class=\"elementor-widget-wrap elementor-element-populated\">\n\t\t\t\t\t\t\t\t<div class=\"elementor-element elementor-element-6d4d98a sc_height_medium sc_fly_static elementor-widget elementor-widget-spacer\" data-id=\"6d4d98a\" data-element_type=\"widget\" data-widget_type=\"spacer.default\">\n\t\t\t\t<div class=\"elementor-widget-container\">\n\t\t\t\t\t<div class=\"elementor-spacer\">\n\t\t\t<div class=\"elementor-spacer-inner\"><\/div>\n\t\t<\/div>\n\t\t\t\t<\/div>\n\t\t\t\t<\/div>\n\t\t\t\t<section class=\"elementor-section elementor-inner-section elementor-element elementor-element-80ed635 elementor-section-boxed elementor-section-height-default elementor-section-height-default sc_fly_static\" data-id=\"80ed635\" data-element_type=\"section\">\n\t\t\t\t\t\t<div class=\"elementor-container elementor-column-gap-extended\">\n\t\t\t\t\t<div class=\"elementor-column elementor-col-16 elementor-inner-column elementor-element elementor-element-7d1ca38 sc_inner_width_none sc_content_align_inherit sc_layouts_column_icons_position_left sc_fly_static\" data-id=\"7d1ca38\" data-element_type=\"column\">\n\t\t\t<div class=\"elementor-widget-wrap\">\n\t\t\t\t\t\t\t\t\t<\/div>\n\t\t<\/div>\n\t\t\t\t<div class=\"elementor-column elementor-col-66 elementor-inner-column elementor-element elementor-element-9b4689a sc_inner_width_none sc_content_align_inherit sc_layouts_column_icons_position_left sc_fly_static\" data-id=\"9b4689a\" data-element_type=\"column\">\n\t\t\t<div class=\"elementor-widget-wrap elementor-element-populated\">\n\t\t\t\t\t\t\t\t<div class=\"elementor-element elementor-element-0d7bbc5 sc_fly_static elementor-widget elementor-widget-image\" data-id=\"0d7bbc5\" data-element_type=\"widget\" data-widget_type=\"image.default\">\n\t\t\t\t<div class=\"elementor-widget-container\">\n\t\t\t<style>\/*! elementor - v3.7.8 - 02-10-2022 *\/\n.elementor-widget-image{text-align:center}.elementor-widget-image a{display:inline-block}.elementor-widget-image a img[src$=\".svg\"]{width:48px}.elementor-widget-image img{vertical-align:middle;display:inline-block}<\/style>\t\t\t\t\t\t\t\t\t\t\t\t<img width=\"840\" height=\"473\" src=\"https:\/\/emperorcruises.com\/wp-content\/uploads\/2022\/06\/Beach-Lifestyle-13-840x473.jpg\" class=\"attachment-qwery-thumb-big size-qwery-thumb-big\" alt=\"\" loading=\"lazy\" srcset=\"https:\/\/emperorcruises.com\/wp-content\/uploads\/2022\/06\/Beach-Lifestyle-13-840x473.jpg 840w, https:\/\/emperorcruises.com\/wp-content\/uploads\/2022\/06\/Beach-Lifestyle-13-1290x725.jpg 1290w, https:\/\/emperorcruises.com\/wp-content\/uploads\/2022\/06\/Beach-Lifestyle-13-410x230.jpg 410w, https:\/\/emperorcruises.com\/wp-content\/uploads\/2022\/06\/Beach-Lifestyle-13-270x152.jpg 270w\" sizes=\"(max-width: 840px) 100vw, 840px\" \/>\t\t\t\t\t\t\t\t\t\t\t\t\t\t\t<\/div>\n\t\t\t\t<\/div>\n\t\t\t\t\t<\/div>\n\t\t<\/div>\n\t\t\t\t<div class=\"elementor-column elementor-col-16 elementor-inner-column elementor-element elementor-element-6251783 sc_inner_width_none sc_content_align_inherit sc_layouts_column_icons_position_left sc_fly_static\" data-id=\"6251783\" data-element_type=\"column\">\n\t\t\t<div class=\"elementor-widget-wrap\">\n\t\t\t\t\t\t\t\t\t<\/div>\n\t\t<\/div>\n\t\t\t\t\t\t\t<\/div>\n\t\t<\/section>\n\t\t\t\t<section class=\"elementor-section elementor-inner-section elementor-element elementor-element-7400877 elementor-section-boxed elementor-section-height-default elementor-section-height-default sc_fly_static\" data-id=\"7400877\" data-element_type=\"section\">\n\t\t\t\t\t\t<div class=\"elementor-container elementor-column-gap-extended\">\n\t\t\t\t\t<div class=\"elementor-column elementor-col-100 elementor-inner-column elementor-element elementor-element-680c7dc sc_inner_width_none sc_content_align_inherit sc_layouts_column_icons_position_left sc_fly_static\" data-id=\"680c7dc\" data-element_type=\"column\">\n\t\t\t<div class=\"elementor-widget-wrap elementor-element-populated\">\n\t\t\t\t\t\t\t\t<div class=\"elementor-element elementor-element-62477a4 sc_height_small sc_fly_static elementor-widget elementor-widget-spacer\" data-id=\"62477a4\" data-element_type=\"widget\" data-widget_type=\"spacer.default\">\n\t\t\t\t<div class=\"elementor-widget-container\">\n\t\t\t\t\t<div class=\"elementor-spacer\">\n\t\t\t<div class=\"elementor-spacer-inner\"><\/div>\n\t\t<\/div>\n\t\t\t\t<\/div>\n\t\t\t\t<\/div>\n\t\t\t\t<div class=\"elementor-element elementor-element-39555c4 sc_fly_static elementor-widget elementor-widget-text-editor\" data-id=\"39555c4\" data-element_type=\"widget\" data-widget_type=\"text-editor.default\">\n\t\t\t\t<div class=\"elementor-widget-container\">\n\t\t\t<style>\/*! elementor - v3.7.8 - 02-10-2022 *\/\n.elementor-widget-text-editor.elementor-drop-cap-view-stacked .elementor-drop-cap{background-color:#818a91;color:#fff}.elementor-widget-text-editor.elementor-drop-cap-view-framed .elementor-drop-cap{color:#818a91;border:3px solid;background-color:transparent}.elementor-widget-text-editor:not(.elementor-drop-cap-view-default) .elementor-drop-cap{margin-top:8px}.elementor-widget-text-editor:not(.elementor-drop-cap-view-default) .elementor-drop-cap-letter{width:1em;height:1em}.elementor-widget-text-editor .elementor-drop-cap{float:left;text-align:center;line-height:1;font-size:50px}.elementor-widget-text-editor .elementor-drop-cap-letter{display:inline-block}<\/style>\t\t\t\t<h5 style=\"text-align: justify;\"><strong>\u00c0 propos d&rsquo;Emperor Cruises<\/strong><\/h5><p style=\"text-align: justify;\">La croisi\u00e8re a \u00e9t\u00e9 inspir\u00e9e par la vie luxueuse de l&#8217;empereur Bao Dai, le dernier du Vietnam. Par cons\u00e9quent, le bateau lui-m\u00eame est une d\u00e9couverte des ann\u00e9es 30 avec INSPIRED Design, RICH IN HISTORY et Royal Heritage. Nous\u00a0amenons\u00a0vos clients \u00e0 vivre chaque instant avec nous en \u00e9tant trait\u00e9s comme des rois et des reines, en s&rsquo;adonnant \u00e0 des services tels que la musique, les beaux-arts, l&rsquo;architecture, la culture, la cuisine, l&rsquo;histoire et les activit\u00e9s de plein air et\u00a0; activit\u00e9s d&rsquo;int\u00e9rieur, vie sur bateau, histoires de l&rsquo;Empereur Bao Dai \u00e0 travers le design et o\u00f9 tout est inclus.<\/p><p style=\"text-align: justify;\">Actuellement, Emperor Cruises propose\u00a0<strong>des croisi\u00e8res d&rsquo;une journ\u00e9e compl\u00e8te et d&rsquo;un d\u00eener au coucher du soleil dans la baie de Nha Trang et des croisi\u00e8res d&rsquo;une nuit \u00e0 Ha Long<\/strong>. Nous sommes la premi\u00e8re et la seule croisi\u00e8re tout compris 5 \u00e9toiles \u00e0 Nha Trang et dans la baie d&rsquo;Ha Long<\/p><hr \/><h4 style=\"text-align: justify;\"><strong>EMPEROR CRUISES NHA TRANG 5* RECRUTEMENT<\/strong><\/h4><p style=\"text-align: justify;\"><strong>POSITION\u00a0: 1 vente OTA<\/strong><\/p><p style=\"text-align: justify;\">DESCRIPTION DU POSTE\u00a0:<br \/>\u2022 En collaboration avec le responsable de secteur\/des ventes, d\u00e9velopper, mettre en \u0153uvre et g\u00e9rer les ventes de commerce \u00e9lectronique.<br \/>\u2022 Aider au d\u00e9veloppement et \u00e0 la mise en \u0153uvre d&rsquo;une strat\u00e9gie de tarification en ligne pour atteindre les objectifs de vente en ligne en collaboration avec l&rsquo;organisation commerciale locale et le service de tarification<br \/>\u2022 Coop\u00e9rer avec le d\u00e9partement marketing pour identifier les opportunit\u00e9s de connexion directe avec les OTA et d\u00e9velopper une strat\u00e9gie pour optimiser les co\u00fbts et l&rsquo;efficacit\u00e9 de la distribution.<br \/>\u2022 Prendre en charge la demande FIT et suivre la r\u00e9servation<br \/>\u2022 Traiter tous les probl\u00e8mes li\u00e9s aux r\u00e9servations OTA et FIT\u00a0: commentaires des clients, r\u00e9clamations, exigences\u2026 communiquer avec les clients.<br \/>\u2022 Faire des rapports hebdomadaires et mensuels directement au directeur des ventes et au BOD<br \/>\u2022 Autres t\u00e2ches assign\u00e9es.<\/p><p style=\"text-align: justify;\">EXIGENCE<br \/>\u2022 Langues cor\u00e9ennes et anglaises influentes<br \/>\u2022 Bonne capacit\u00e9 de communication<br \/>\u2022 Bon \u00e0 Word, Excel, Powerpoint<br \/>\u2022 Formation gratuite par les managers<br \/>\u2022 Une connaissance sp\u00e9cifique des OTA des invit\u00e9s cor\u00e9ens ou anglophones serait un avantage.<\/p><p style=\"text-align: justify;\">AVANTAGE<br \/>\u2022 Salaire\u00a0: n\u00e9gociation<br \/>\u2022 Opportunit\u00e9 de promotion \u00e0 un poste sup\u00e9rieur<br \/>\u2022 Aide \u00e0 l&rsquo;h\u00e9bergement (si disponible)<br \/>\u2022 Bonus en tant que r\u00e9glementation de l&rsquo;entreprise et autres avantages<\/p><p style=\"text-align: justify;\"><strong>APPLICATION<\/strong><br \/>CV en anglais, veuillez envoyer par e-mail\u00a0saleshanoi@emperorcruises.com<br \/>Bureau: 74 rue Hieu, ville de Nha Trang, Khanh Hoa<br \/>Site Web : www.emperorcruises.com<\/p><hr \/><h4 style=\"text-align: justify;\"><strong>Responsable des ventes et amp\u00a0; Ventes seniors \/ Ventes en ligne au bureau de Hano\u00ef<\/strong><\/h4><p style=\"text-align: justify;\">Travailler au bureau de Hano\u00ef.<\/p><p style=\"text-align: justify;\"><strong>Produit\u00a0: Emperor Cruises Ha Long &amp;amp\u00a0; Baie de Nha Trang, Vietnam<br \/>Pour Entretien Imm\u00e9diat, salaire \u00e9lev\u00e9 + bonus<\/strong><\/p><p style=\"text-align: justify;\">Commencez \u00e0 travailler\u00a0: d\u00e8s que possible<\/p><p style=\"text-align: justify;\">Nous recherchons maintenant un directeur des ventes qui dirigera, d\u00e9veloppera et inspirera l&rsquo;\u00e9quipe des ventes de voyages de loisirs et de tourisme pour atteindre nos objectifs de ventes de croisi\u00e8res. Le directeur des ventes assurera le leadership permettant \u00e0 l&rsquo;entreprise d&rsquo;atteindre ses objectifs de vente, en favorisant la rentabilit\u00e9 de l&rsquo;entreprise, en surveillant les performances, en d\u00e9veloppant de nouvelles activit\u00e9s et en utilisant efficacement les ressources.<\/p><p style=\"text-align: justify;\"><strong>Les responsabilit\u00e9s du directeur des ventes sont\u00a0:<\/strong><\/p><ul style=\"text-align: justifier;\"><li style=\"text-align: justify;\">Comprendre la vision, la mission, le but et les valeurs d&rsquo;Emperor Cruises Company et \u00eatre capable de les articuler au personnel et aux partenaires.<\/li><li style=\"text-align: justify;\">Assurer une gestion efficace des ressources humaines, le d\u00e9veloppement de l&rsquo;\u00e9quipe de vente, coacher et d\u00e9velopper une solide \u00e9quipe de vente de croisi\u00e8res dans les bureaux de Hano\u00ef, Nha Trang et Saigon.<\/li><li style=\"text-align: justify;\">Conserver et d\u00e9velopper un partenariat productif avec les agents de voyages, les voyagistes et les planificateurs MICE.<\/li><li style=\"text-align: justify;\">Conservez et enrichissez une base de donn\u00e9es de clients b2b et b2c. Coordonnez-vous avec nos repr\u00e9sentants sur divers march\u00e9s.<\/li><li style=\"text-align: justify;\">Communiquer avec les clients de la mani\u00e8re la plus efficace. Campagnes de gestion de la fid\u00e9lisation de la client\u00e8le (CRM), y compris des campagnes par e-mail segment\u00e9es, des lancements de brochures &amp; activit\u00e9 de vente directe.<\/li><li style=\"text-align: justify;\">\u00c9tablir et maintenir une strat\u00e9gie de marketing et de vente locale efficace (ventes directes B2C, contrats B2B)<\/li><li style=\"text-align: justify;\">Pr\u00e9parer et\/ou assister aux salons professionnels, appels commerciaux, \u00e9v\u00e9nements si n\u00e9cessaire.<\/li><li style=\"text-align: justify;\">Diriger l&rsquo;\u00e9quipe de vente pour assurer une grande \u00e9nergie, ax\u00e9e sur le client avec un accent constant sur les indicateurs de performance cl\u00e9s (KPI) des ventes.<\/li><li style=\"text-align: justify;\">D\u00e9finir, convenir et ex\u00e9cuter les performances par rapport \u00e0 tous les indicateurs de performance cl\u00e9s, mensuels, trimestriels et annuels.<\/li><li style=\"text-align: justify;\">Mesurer et suivre les performances r\u00e9elles par rapport aux performances budg\u00e9taires et apporter les ajustements n\u00e9cessaires.<\/li><li style=\"text-align: justify;\">Surveillance et rapports sur les performances et le processus d&rsquo;Emperor Cruises Ltd.<\/li><li style=\"text-align: justify;\">Maximiser les revenus en cr\u00e9ant des opportunit\u00e9s de vente incitative gr\u00e2ce \u00e0 la vente tactique<\/li><li style=\"text-align: justify;\">Pour r\u00e9soudre et \u00e9tudier activement les commentaires des clients, \u00e9mettre<\/li><\/ul>\t\t\t\t\t\t<\/div>\n\t\t\t\t<\/div>\n\t\t\t\t\t<\/div>\n\t\t<\/div>\n\t\t\t\t\t\t\t<\/div>\n\t\t<\/section>\n\t\t\t\t\t<\/div>\n\t\t<\/div>\n\t\t\t\t\t\t\t<\/div>\n\t\t<\/section>\n\t\t\t\t<section class=\"elementor-section elementor-top-section elementor-element elementor-element-6f0c653 sc_layouts_hide_on_mobile elementor-section-boxed elementor-section-height-default elementor-section-height-default sc_fly_static\" data-id=\"6f0c653\" data-element_type=\"section\">\n\t\t\t\t\t\t<div class=\"elementor-container elementor-column-gap-extended\">\n\t\t\t\t\t<div class=\"elementor-column elementor-col-100 elementor-top-column elementor-element elementor-element-379a95d sc_inner_width_none sc_content_align_inherit sc_layouts_column_icons_position_left sc_fly_static\" data-id=\"379a95d\" data-element_type=\"column\">\n\t\t\t<div class=\"elementor-widget-wrap elementor-element-populated\">\n\t\t\t\t\t\t\t\t<div class=\"elementor-element elementor-element-5fe4b2d sc_fly_static elementor-widget elementor-widget-spacer\" data-id=\"5fe4b2d\" data-element_type=\"widget\" data-widget_type=\"spacer.default\">\n\t\t\t\t<div class=\"elementor-widget-container\">\n\t\t\t\t\t<div class=\"elementor-spacer\">\n\t\t\t<div class=\"elementor-spacer-inner\"><\/div>\n\t\t<\/div>\n\t\t\t\t<\/div>\n\t\t\t\t<\/div>\n\t\t\t\t\t<\/div>\n\t\t<\/div>\n\t\t\t\t\t\t\t<\/div>\n\t\t<\/section>\n\t\t\t\t\t\t\t<\/div>\n\t\t","protected":false},"excerpt":{"rendered":"<p>emperor cruises CARRI\u00c8RES \u00c0 propos d&rsquo;Emperor Cruises La croisi\u00e8re a \u00e9t\u00e9 inspir\u00e9e par la vie luxueuse de l&#8217;empereur Bao Dai, le dernier du Vietnam. Par cons\u00e9quent, le bateau lui-m\u00eame est&hellip;<\/p>\n","protected":false},"author":1,"featured_media":22306,"parent":0,"menu_order":0,"comment_status":"closed","ping_status":"closed","template":"","meta":[],"_links":{"self":[{"href":"https:\/\/emperorcruises.com\/fr\/wp-json\/wp\/v2\/pages\/26386"}],"collection":[{"href":"https:\/\/emperorcruises.com\/fr\/wp-json\/wp\/v2\/pages"}],"about":[{"href":"https:\/\/emperorcruises.com\/fr\/wp-json\/wp\/v2\/types\/page"}],"author":[{"embeddable":true,"href":"https:\/\/emperorcruises.com\/fr\/wp-json\/wp\/v2\/users\/1"}],"replies":[{"embeddable":true,"href":"https:\/\/emperorcruises.com\/fr\/wp-json\/wp\/v2\/comments?post=26386"}],"version-history":[{"count":10,"href":"https:\/\/emperorcruises.com\/fr\/wp-json\/wp\/v2\/pages\/26386\/revisions"}],"predecessor-version":[{"id":26398,"href":"https:\/\/emperorcruises.com\/fr\/wp-json\/wp\/v2\/pages\/26386\/revisions\/26398"}],"wp:featuredmedia":[{"embeddable":true,"href":"https:\/\/emperorcruises.com\/fr\/wp-json\/wp\/v2\/media\/22306"}],"wp:attachment":[{"href":"https:\/\/emperorcruises.com\/fr\/wp-json\/wp\/v2\/media?parent=26386"}],"curies":[{"name":"wp","href":"https:\/\/api.w.org\/{rel}","templated":true}]}}