{"id":26376,"date":"2022-06-18T19:55:46","date_gmt":"2022-06-18T19:55:46","guid":{"rendered":"https:\/\/emperorcruises.com\/privacy-policy\/"},"modified":"2022-09-19T04:48:31","modified_gmt":"2022-09-19T04:48:31","slug":"politique-de-confidentialite","status":"publish","type":"page","link":"https:\/\/emperorcruises.com\/fr\/politique-de-confidentialite\/","title":{"rendered":"Politique de confidentialit\u00e9"},"content":{"rendered":"\t\t<div data-elementor-type=\"wp-page\" data-elementor-id=\"26376\" class=\"elementor elementor-26376 elementor-21564\">\n\t\t\t\t\t\t\t\t\t<section class=\"elementor-section elementor-top-section elementor-element elementor-element-3a36902 elementor-section-full_width elementor-section-height-min-height elementor-section-items-bottom elementor-section-stretched elementor-section-height-default sc_fly_static\" data-id=\"3a36902\" data-element_type=\"section\" data-settings=\"{&quot;background_background&quot;:&quot;classic&quot;,&quot;stretch_section&quot;:&quot;section-stretched&quot;}\">\n\t\t\t\t\t\t<div class=\"elementor-container elementor-column-gap-no\">\n\t\t\t\t\t<div class=\"elementor-column elementor-col-100 elementor-top-column elementor-element elementor-element-9fb4331 sc_inner_width_none sc_content_align_inherit sc_layouts_column_icons_position_left sc_fly_static\" data-id=\"9fb4331\" data-element_type=\"column\">\n\t\t\t<div class=\"elementor-widget-wrap elementor-element-populated\">\n\t\t\t\t\t\t\t\t<div class=\"elementor-element elementor-element-3769f12 sc_fly_static elementor-widget elementor-widget-spacer\" data-id=\"3769f12\" data-element_type=\"widget\" data-widget_type=\"spacer.default\">\n\t\t\t\t<div class=\"elementor-widget-container\">\n\t\t\t<style>\/*! elementor - v3.7.8 - 02-10-2022 *\/\n.elementor-column .elementor-spacer-inner{height:var(--spacer-size)}.e-container{--container-widget-width:100%}.e-container>.elementor-widget-spacer{width:var(--container-widget-width,var(--spacer-size));-ms-flex-item-align:stretch;align-self:stretch;-ms-flex-negative:0;flex-shrink:0}.e-container>.elementor-widget-spacer>.elementor-widget-container,.e-container>.elementor-widget-spacer>.elementor-widget-container>.elementor-spacer{height:100%}.e-container>.elementor-widget-spacer>.elementor-widget-container>.elementor-spacer>.elementor-spacer-inner{height:var(--container-widget-height,var(--spacer-size))}<\/style>\t\t<div class=\"elementor-spacer\">\n\t\t\t<div class=\"elementor-spacer-inner\"><\/div>\n\t\t<\/div>\n\t\t\t\t<\/div>\n\t\t\t\t<\/div>\n\t\t\t\t<div class=\"elementor-element elementor-element-d90b52e sc_fly_static elementor-widget elementor-widget-trx_sc_title\" data-id=\"d90b52e\" data-element_type=\"widget\" data-widget_type=\"trx_sc_title.default\">\n\t\t\t\t<div class=\"elementor-widget-container\">\n\t\t\t<div\t\tclass=\"sc_title color_style_link2 sc_title_default\" ><span class=\"sc_item_subtitle sc_title_subtitle sc_align_center sc_item_subtitle_above sc_item_title_style_default\">emperor cruises<\/span><h1 class=\"sc_item_title sc_title_title sc_align_center sc_item_title_style_default sc_item_title_tag trx_addons_inline_2100562716\"\n\t\t\t><span class=\"sc_item_title_text\">POLITIQUE DE CONFIDENTIALIT\u00c9<\/span><\/h1><\/div>\t\t<\/div>\n\t\t\t\t<\/div>\n\t\t\t\t<div class=\"elementor-element elementor-element-ad1cca8 sc_fly_static elementor-widget elementor-widget-spacer\" data-id=\"ad1cca8\" data-element_type=\"widget\" data-widget_type=\"spacer.default\">\n\t\t\t\t<div class=\"elementor-widget-container\">\n\t\t\t\t\t<div class=\"elementor-spacer\">\n\t\t\t<div class=\"elementor-spacer-inner\"><\/div>\n\t\t<\/div>\n\t\t\t\t<\/div>\n\t\t\t\t<\/div>\n\t\t\t\t<section class=\"elementor-section elementor-inner-section elementor-element elementor-element-3af5f09 elementor-section-boxed elementor-section-height-default elementor-section-height-default sc_fly_static\" data-id=\"3af5f09\" data-element_type=\"section\">\n\t\t\t\t\t\t<div class=\"elementor-container elementor-column-gap-extended\">\n\t\t\t\t\t<div class=\"elementor-column elementor-col-100 elementor-inner-column elementor-element elementor-element-06df3b2 sc_inner_width_none sc_content_align_inherit sc_layouts_column_icons_position_left sc_fly_static\" data-id=\"06df3b2\" data-element_type=\"column\">\n\t\t\t<div class=\"elementor-widget-wrap elementor-element-populated\">\n\t\t\t\t\t\t\t\t<div class=\"elementor-element elementor-element-38ba800 elementor-view-default sc_fly_static elementor-widget elementor-widget-icon\" data-id=\"38ba800\" data-element_type=\"widget\" data-widget_type=\"icon.default\">\n\t\t\t\t<div class=\"elementor-widget-container\">\n\t\t\t\t\t<div class=\"elementor-icon-wrapper\">\n\t\t\t<a class=\"elementor-icon\" href=\"#anchor\">\n\t\t\t<svg xmlns=\"http:\/\/www.w3.org\/2000\/svg\" width=\"14.626\" height=\"8.639\" viewBox=\"0 0 14.626 8.639\"><g id=\"down-arrow\" transform=\"translate(0 -70.698)\"><g id=\"Group_8820\" data-name=\"Group 8820\" transform=\"translate(0 100.698)\"><path id=\"Path_6507\" data-name=\"Path 6507\" d=\"M14.392,101.42l-.479-.482a.8.8,0,0,0-1.132,0L7.316,106.4l-5.472-5.472a.8.8,0,0,0-1.132,0l-.479.479a.8.8,0,0,0,0,1.131l6.515,6.538a.818.818,0,0,0,.567.257h0a.818.818,0,0,0,.566-.257l6.508-6.52a.808.808,0,0,0,.234-.571A.8.8,0,0,0,14.392,101.42Z\" transform=\"translate(0 -130.698)\"><\/path><\/g><\/g><\/svg>\t\t\t<\/a>\n\t\t<\/div>\n\t\t\t\t<\/div>\n\t\t\t\t<\/div>\n\t\t\t\t<div class=\"elementor-element elementor-element-73bf6e9 sc_fly_static elementor-widget elementor-widget-spacer\" data-id=\"73bf6e9\" data-element_type=\"widget\" data-widget_type=\"spacer.default\">\n\t\t\t\t<div class=\"elementor-widget-container\">\n\t\t\t\t\t<div class=\"elementor-spacer\">\n\t\t\t<div class=\"elementor-spacer-inner\"><\/div>\n\t\t<\/div>\n\t\t\t\t<\/div>\n\t\t\t\t<\/div>\n\t\t\t\t\t<\/div>\n\t\t<\/div>\n\t\t\t\t\t\t\t<\/div>\n\t\t<\/section>\n\t\t\t\t\t<\/div>\n\t\t<\/div>\n\t\t\t\t\t\t\t<\/div>\n\t\t<\/section>\n\t\t\t\t<section class=\"elementor-section elementor-top-section elementor-element elementor-element-076779a elementor-section-stretched scheme_default elementor-section-boxed elementor-section-height-default elementor-section-height-default sc_fly_static\" data-id=\"076779a\" data-element_type=\"section\" data-settings=\"{&quot;stretch_section&quot;:&quot;section-stretched&quot;,&quot;background_background&quot;:&quot;classic&quot;}\">\n\t\t\t\t\t\t<div class=\"elementor-container elementor-column-gap-extended\">\n\t\t\t\t\t<div class=\"elementor-column elementor-col-100 elementor-top-column elementor-element elementor-element-cc58516 sc_inner_width_none sc_content_align_inherit sc_layouts_column_icons_position_left sc_fly_static\" data-id=\"cc58516\" data-element_type=\"column\">\n\t\t\t<div class=\"elementor-widget-wrap elementor-element-populated\">\n\t\t\t\t\t\t\t\t<div class=\"elementor-element elementor-element-6d4d98a sc_height_medium sc_fly_static elementor-widget elementor-widget-spacer\" data-id=\"6d4d98a\" data-element_type=\"widget\" data-widget_type=\"spacer.default\">\n\t\t\t\t<div class=\"elementor-widget-container\">\n\t\t\t\t\t<div class=\"elementor-spacer\">\n\t\t\t<div class=\"elementor-spacer-inner\"><\/div>\n\t\t<\/div>\n\t\t\t\t<\/div>\n\t\t\t\t<\/div>\n\t\t\t\t<section class=\"elementor-section elementor-inner-section elementor-element elementor-element-80ed635 elementor-section-boxed elementor-section-height-default elementor-section-height-default sc_fly_static\" data-id=\"80ed635\" data-element_type=\"section\">\n\t\t\t\t\t\t<div class=\"elementor-container elementor-column-gap-extended\">\n\t\t\t\t\t<div class=\"elementor-column elementor-col-16 elementor-inner-column elementor-element elementor-element-7d1ca38 sc_inner_width_none sc_content_align_inherit sc_layouts_column_icons_position_left sc_fly_static\" data-id=\"7d1ca38\" data-element_type=\"column\">\n\t\t\t<div class=\"elementor-widget-wrap\">\n\t\t\t\t\t\t\t\t\t<\/div>\n\t\t<\/div>\n\t\t\t\t<div class=\"elementor-column elementor-col-66 elementor-inner-column elementor-element elementor-element-9b4689a sc_inner_width_none sc_content_align_inherit sc_layouts_column_icons_position_left sc_fly_static\" data-id=\"9b4689a\" data-element_type=\"column\">\n\t\t\t<div class=\"elementor-widget-wrap elementor-element-populated\">\n\t\t\t\t\t\t\t\t<div class=\"elementor-element elementor-element-0d7bbc5 sc_fly_static elementor-widget elementor-widget-image\" data-id=\"0d7bbc5\" data-element_type=\"widget\" data-widget_type=\"image.default\">\n\t\t\t\t<div class=\"elementor-widget-container\">\n\t\t\t<style>\/*! elementor - v3.7.8 - 02-10-2022 *\/\n.elementor-widget-image{text-align:center}.elementor-widget-image a{display:inline-block}.elementor-widget-image a img[src$=\".svg\"]{width:48px}.elementor-widget-image img{vertical-align:middle;display:inline-block}<\/style>\t\t\t\t\t\t\t\t\t\t\t\t<img src=\"https:\/\/emperorcruises.com\/wp-content\/uploads\/2022\/06\/3-768x512.jpg\" title=\"3\" alt=\"3\" \/>\t\t\t\t\t\t\t\t\t\t\t\t\t\t\t<\/div>\n\t\t\t\t<\/div>\n\t\t\t\t\t<\/div>\n\t\t<\/div>\n\t\t\t\t<div class=\"elementor-column elementor-col-16 elementor-inner-column elementor-element elementor-element-6251783 sc_inner_width_none sc_content_align_inherit sc_layouts_column_icons_position_left sc_fly_static\" data-id=\"6251783\" data-element_type=\"column\">\n\t\t\t<div class=\"elementor-widget-wrap\">\n\t\t\t\t\t\t\t\t\t<\/div>\n\t\t<\/div>\n\t\t\t\t\t\t\t<\/div>\n\t\t<\/section>\n\t\t\t\t<section class=\"elementor-section elementor-inner-section elementor-element elementor-element-7400877 elementor-section-boxed elementor-section-height-default elementor-section-height-default sc_fly_static\" data-id=\"7400877\" data-element_type=\"section\">\n\t\t\t\t\t\t<div class=\"elementor-container elementor-column-gap-extended\">\n\t\t\t\t\t<div class=\"elementor-column elementor-col-100 elementor-inner-column elementor-element elementor-element-680c7dc sc_inner_width_none sc_content_align_inherit sc_layouts_column_icons_position_left sc_fly_static\" data-id=\"680c7dc\" data-element_type=\"column\">\n\t\t\t<div class=\"elementor-widget-wrap elementor-element-populated\">\n\t\t\t\t\t\t\t\t<div class=\"elementor-element elementor-element-62477a4 sc_height_small sc_fly_static elementor-widget elementor-widget-spacer\" data-id=\"62477a4\" data-element_type=\"widget\" data-widget_type=\"spacer.default\">\n\t\t\t\t<div class=\"elementor-widget-container\">\n\t\t\t\t\t<div class=\"elementor-spacer\">\n\t\t\t<div class=\"elementor-spacer-inner\"><\/div>\n\t\t<\/div>\n\t\t\t\t<\/div>\n\t\t\t\t<\/div>\n\t\t\t\t<div class=\"elementor-element elementor-element-39555c4 sc_fly_static elementor-widget elementor-widget-text-editor\" data-id=\"39555c4\" data-element_type=\"widget\" data-widget_type=\"text-editor.default\">\n\t\t\t\t<div class=\"elementor-widget-container\">\n\t\t\t<style>\/*! elementor - v3.7.8 - 02-10-2022 *\/\n.elementor-widget-text-editor.elementor-drop-cap-view-stacked .elementor-drop-cap{background-color:#818a91;color:#fff}.elementor-widget-text-editor.elementor-drop-cap-view-framed .elementor-drop-cap{color:#818a91;border:3px solid;background-color:transparent}.elementor-widget-text-editor:not(.elementor-drop-cap-view-default) .elementor-drop-cap{margin-top:8px}.elementor-widget-text-editor:not(.elementor-drop-cap-view-default) .elementor-drop-cap-letter{width:1em;height:1em}.elementor-widget-text-editor .elementor-drop-cap{float:left;text-align:center;line-height:1;font-size:50px}.elementor-widget-text-editor .elementor-drop-cap-letter{display:inline-block}<\/style>\t\t\t\t<div class=\"en-t\u00eate de page\"><h3 style=\"text-align: justify;\"><strong>Politique de confidentialit\u00e9<\/strong><\/h3><\/div><div><p style=\"text-align: justify;\">Nous nous engageons \u00e0 prot\u00e9ger votre vie priv\u00e9e lorsque vous naviguez sur notre site Web. Le but de cette politique de confidentialit\u00e9 est de vous informer sur les informations susceptibles d&rsquo;\u00eatre collect\u00e9es lors de la visite du site, sur la mani\u00e8re dont nous utilisons ces informations, sur la mani\u00e8re dont ces informations peuvent \u00eatre partag\u00e9es avec un tiers et sur la mani\u00e8re dont vous pouvez modifier, mettre \u00e0 jour, corriger ou supprimer ces informations.<\/p><p style=\"text-align: justify;\"><strong>1 . Collecte d&rsquo;informations personnelles\u00a0:<\/strong><br \/>Les informations recueillies sur notre site Web aideront Emperor Cruises Co., Ltd.<br \/>\u2022 Soutenir les clients lors de l&rsquo;achat de nos produits<br \/>\u2022 D\u00e9pannage des clients<br \/>\u2022 Vous fournir les derni\u00e8res informations sur notre site Web<br \/>\u2022 Examiner et mettre \u00e0 jour le contenu et l&rsquo;interface du site Web<br \/>\u2022 R\u00e9aliser des sondages aupr\u00e8s des clients<br \/>\u2022 Mettre en \u0153uvre des activit\u00e9s promotionnelles li\u00e9es aux produits et services de https:\/\/emperorcruises.com<\/p><p style=\"text-align: justify;\">\u2013 Pour acc\u00e9der et utiliser certains services sur https:\/\/emperorcruises.com , vous devrez peut-\u00eatre vous inscrire avec nos informations personnelles (email, nom, num\u00e9ro de t\u00e9l\u00e9phone \u2026 ). Toutes les informations d\u00e9clar\u00e9es pour garantir l&rsquo;exactitude et la l\u00e9galit\u00e9.<\/p><p style=\"text-align: justify;\">\u2013 Nous pouvons \u00e9galement collecter des informations sur le nombre de visites, y compris le nombre de pages que vous consultez, le nombre de liens sur lesquels vous cliquez et d&rsquo;autres informations li\u00e9es \u00e0 la connexion \u00e0 Emperor Cruises. Nous recueillons \u00e9galement des informations que les navigateurs Web (Navigateur) que vous utilisez lors de l&rsquo;acc\u00e8s au site Web https:\/\/emperorcruises.com , y compris\u00a0: l&rsquo;adresse IP, le type de navigateur, la langue utilis\u00e9e et l&rsquo;heure d&rsquo;acc\u00e8s \u00e0 l&rsquo;adresse du navigateur.<\/p><p style=\"text-align: justify;\"><strong>2.Utilisation des informations personnelles\u00a0:<\/strong><\/p><p style=\"text-align: justify;\">\u2013\u00a0https:\/\/emperorcruises.com\u00a0collecte et utilise vos informations personnelles \u00e0 des fins coh\u00e9rentes et enti\u00e8rement conformes au contenu de la \u00ab\u00a0Politique de confidentialit\u00e9\u00a0\u00bb.<\/p><p style=\"text-align: justify;\">\u2013 Lorsque cela est n\u00e9cessaire, nous pouvons utiliser ces informations pour vous contacter directement, par exemple\u00a0: envoyer des lettres de bienvenue, des commandes, des lettres de remerciement et des informations techniques sur la s\u00e9curit\u00e9, vous pouvez recevoir un fournir des informations sur les produits, les services, les \u00e9v\u00e9nements \u00e0 venir ou des informations sur l&#8217;emploi si vous vous abonnez aux notifications par e-mail<\/p><p style=\"text-align: justify;\"><strong>3.Partage d&rsquo;informations personnelles\u00a0:<\/strong><\/p><p style=\"text-align: justify;\">\u2013\u00a0\u00c0 l&rsquo;exception du cas d&rsquo;utilisation des informations personnelles tel que d\u00e9crit dans cette politique, nous nous engageons \u00e0 ne pas divulguer vos informations personnelles au public.<br \/>\u2013 Dans certains cas, nous sommes en mesure de louer une unit\u00e9 pour mener un projet d&rsquo;\u00e9tude de march\u00e9 ind\u00e9pendant, puis vos informations seront fournies \u00e0 cette unit\u00e9 pour mener \u00e0 bien le projet. Ce tiers sera li\u00e9 par un accord de confidentialit\u00e9 en vertu duquel il est autoris\u00e9 \u00e0 utiliser les informations fournies dans le but de mener \u00e0 bien le projet.<br \/>\u2013 Nous pouvons divulguer ou fournir vos informations personnelles dans le cas qui est vraiment n\u00e9cessaire comme suit : (a) \u00e0 la demande des forces de l&rsquo;ordre ; (b) dans les cas o\u00f9 nous pensons que cela nous aidera \u00e0 prot\u00e9ger leurs droits l\u00e9gitimes en vertu de la loi ; (c) urgent et n\u00e9cessaire pour prot\u00e9ger la s\u00e9curit\u00e9 personnelle des autres membres d&rsquo;Emperor Cruises Co., Ltd.<\/p><p style=\"text-align: justify;\"><strong>4 . Acc\u00e9der aux informations personnelles\u00a0:<\/strong><br \/>\u2013 \u00c0 tout moment, vous pouvez \u00e9galement acc\u00e9der et modifier vos informations personnelles sous le lien appropri\u00e9 (https:\/\/emperorcruises.com) que nous fournissons.<\/p><p style=\"text-align: justify;\"><strong>5 . Informations personnelles s\u00e9curis\u00e9es :<\/strong><br \/>\u2013 Lorsque vous nous soumettez vos informations personnellement identifiables, vous acceptez les conditions que nous avons mentionn\u00e9es ci-dessus, Emperor Cruises s&rsquo;engage \u00e0 prot\u00e9ger les informations personnelles des clients de toutes les mani\u00e8res possibles. Nous utiliserons la s\u00e9curit\u00e9 des technologies de l&rsquo;information telles que : la norme internationale PCI, SSL, \u2026 pour prot\u00e9ger ces informations contre toute r\u00e9cup\u00e9ration, utilisation ou divulgation involontaire.<\/p><p style=\"text-align: justify;\">\u2013\u00a0Cependant, en raison de limitations techniques, aucune donn\u00e9e ne peut \u00eatre transmise via la connexion Internet qui peut \u00eatre s\u00e9curis\u00e9e \u00e0 100\u00a0%. Par cons\u00e9quent, nous ne pouvons pas nous engager fermement \u00e0 ce que les informations que vous nous fournissez restent confidentielles en toute s\u00e9curit\u00e9, et nous ne pouvons assumer aucune responsabilit\u00e9 en cas d&rsquo;acc\u00e8s non autoris\u00e9 \u00e0 des informations personnelles telles que vous partagez volontairement des informations avec d&rsquo;autres\u2026. Si vous n&rsquo;\u00eates pas d&rsquo;accord avec les conditions d\u00e9crites ci-dessus, nous vous recommandons de ne pas nous envoyer d&rsquo;informations .<\/p><p style=\"text-align: justify;\">\u2013 Vous devriez donc \u00e9galement recommander des informations de s\u00e9curit\u00e9 relatives \u00e0 votre mot de passe d&rsquo;acc\u00e8s et vous ne devriez pas les partager avec quelqu&rsquo;un d&rsquo;autre.<\/p><p style=\"text-align: justify;\">\u2013 Si vous utilisez un ordinateur public, vous devez vous d\u00e9connecter ou quitter tous les sites Web Windows ouverts.<\/p><p style=\"text-align: justify;\"><strong>6 . Utilisation de \u00ab\u00a0cookies\u00a0\u00bb<\/strong><br \/>\u2013\u00a0https:\/\/emperorcruises.com utilise des \u00ab\u00a0cookies\u00a0\u00bb pour aider \u00e0 personnaliser et \u00e0 maximiser l&rsquo;utilisation efficace de votre temps de visiteurs en ligne.<br \/>\u2013 Un cookie est un fichier texte qui est plac\u00e9 sur votre disque dur par un serveur de pages Web. Les cookies ne peuvent pas \u00eatre utilis\u00e9s pour ex\u00e9cuter des programmes ou transmettre des virus \u00e0 votre ordinateur. Les cookies sont attribu\u00e9s de mani\u00e8re unique \u00e0 votre ordinateur et ne peuvent \u00eatre lus que par un serveur Web du domaine qui vous a envoy\u00e9 le cookie.<\/p><p style=\"text-align: justify;\">&#8211; L&rsquo;un des principaux objectifs des cookies est de fournir l&rsquo;utilitaire permettant de gagner du temps lors de l&rsquo;acc\u00e8s \u00e0 votre site Web ou de visiter \u00e0 nouveau le site\u00a0https:\/\/emperorcruises.com sans r\u00e9enregistrer les informations disponibles.<\/p><p style=\"text-align: justify;\">\u2013 Vous pouvez accepter ou refuser les cookies. La plupart des navigateurs acceptent automatiquement les cookies, mais vous pouvez modifier les param\u00e8tres pour refuser tous les cookies si vous pr\u00e9f\u00e9rez. Cependant, si vous choisissez de refuser les cookies, cela peut entraver ou affecter n\u00e9gativement certains services et fonctionnalit\u00e9s du site Web d\u00e9pend des cookies.<\/p><p style=\"text-align: justify;\"><strong>7. R\u00e8glement sur le \u00ab Spam \u00bb :<\/strong><br \/>\u2013\u00a0https:\/\/emperorcruises.com concerne vraiment le probl\u00e8me du Spam (courrier ind\u00e9sirable), les courriels de fausses identit\u00e9s que nous envoyons. Par cons\u00e9quent, https:\/\/emperorcruises.com confirme ne vous envoyer un e-mail que lorsque et uniquement lorsque vous devez vous inscrire ou utiliser les services de notre syst\u00e8me.<\/p><p style=\"text-align: justify;\">https:\/\/emperorcruises.com s&rsquo;engage \u00e0 ne pas vendre, louer ou louer votre e-mail \u00e0 des tiers. Si vous recevez par inadvertance des e-mails non sollicit\u00e9s de notre syst\u00e8me en raison d&rsquo;une cause inattendue, veuillez cliquer sur le lien de cette clause de non-responsabilit\u00e9 ci-jointe ou en informer directement l&rsquo;administrateur du site Web.<\/p><p style=\"text-align: justify;\"><strong>8 . Changements de politique\u00a0:<\/strong><br \/>&#8211; Nous pouvons modifier compl\u00e8tement le contenu de ce site sans pr\u00e9avis, pour r\u00e9pondre aux besoins et aux demandes d&rsquo;Emperor Cruises Co., Ltd ainsi qu&rsquo;aux commentaires des clients, le cas \u00e9ch\u00e9ant. Lors de la mise \u00e0 jour du contenu de cette politique, nous r\u00e9viserons l&rsquo;heure \u00ab\u00a0Derni\u00e8re mise \u00e0 jour\u00a0\u00bb ci-dessous.<\/p><p style=\"text-align: justify;\">&#8211; Le contenu \u00ab\u00a0Politique de confidentialit\u00e9\u00a0\u00bb s&rsquo;applique uniquement \u00e0 https:\/\/emperorcruises.com, \u00e0 l&rsquo;exclusion de ou li\u00e9 \u00e0 des tiers pour placer des annonces ou des liens dans https:\/\/emperorcruises.com. Nous vous encourageons \u00e0 lire la politique de confidentialit\u00e9 et de s\u00e9curit\u00e9 du site tiers avant de fournir des informations personnelles \u00e0 ces sites. Nous ne sommes en aucun cas responsables du contenu et de la l\u00e9galit\u00e9 du site Web tiers.<\/p><p style=\"text-align: justify;\">\u2013 Ainsi, vous acceptez que, lorsque vous utilisez notre site Web apr\u00e8s modification, vous devez admettre, accepter de vous conformer et de faire confiance \u00e0 cette modification. Par cons\u00e9quent, nous vous sugg\u00e9rons de pr\u00e9visualiser le contenu de cette page avant d&rsquo;acc\u00e9der \u00e0 d&rsquo;autres contenus sur le site Web et de lire et d&rsquo;\u00e9tudier attentivement la \u00abPolitique de confidentialit\u00e9\u00bb du contenu de chaque site Web sur lequel vous naviguez.<\/p><p style=\"text-align: justify;\"><strong>9 . Coordonn\u00e9es :<\/strong><br \/>\u2013 Nous appr\u00e9cions toujours les commentaires, les contacts et les commentaires de votre part sur la \u00abPolitique de confidentialit\u00e9\u00bb. Si vous avez des questions, veuillez nous contacter \u00e0 l&rsquo;adresse e-mail : emperor@luxcruisesgroup.com<\/p><\/div>\t\t\t\t\t\t<\/div>\n\t\t\t\t<\/div>\n\t\t\t\t\t<\/div>\n\t\t<\/div>\n\t\t\t\t\t\t\t<\/div>\n\t\t<\/section>\n\t\t\t\t\t<\/div>\n\t\t<\/div>\n\t\t\t\t\t\t\t<\/div>\n\t\t<\/section>\n\t\t\t\t\t\t\t<\/div>\n\t\t","protected":false},"excerpt":{"rendered":"<p>emperor cruises POLITIQUE DE CONFIDENTIALIT\u00c9 Politique de confidentialit\u00e9 Nous nous engageons \u00e0 prot\u00e9ger votre vie priv\u00e9e lorsque vous naviguez sur notre site Web. Le but de cette politique de confidentialit\u00e9&hellip;<\/p>\n","protected":false},"author":1,"featured_media":22306,"parent":0,"menu_order":0,"comment_status":"closed","ping_status":"closed","template":"","meta":[],"_links":{"self":[{"href":"https:\/\/emperorcruises.com\/fr\/wp-json\/wp\/v2\/pages\/26376"}],"collection":[{"href":"https:\/\/emperorcruises.com\/fr\/wp-json\/wp\/v2\/pages"}],"about":[{"href":"https:\/\/emperorcruises.com\/fr\/wp-json\/wp\/v2\/types\/page"}],"author":[{"embeddable":true,"href":"https:\/\/emperorcruises.com\/fr\/wp-json\/wp\/v2\/users\/1"}],"replies":[{"embeddable":true,"href":"https:\/\/emperorcruises.com\/fr\/wp-json\/wp\/v2\/comments?post=26376"}],"version-history":[{"count":10,"href":"https:\/\/emperorcruises.com\/fr\/wp-json\/wp\/v2\/pages\/26376\/revisions"}],"predecessor-version":[{"id":28833,"href":"https:\/\/emperorcruises.com\/fr\/wp-json\/wp\/v2\/pages\/26376\/revisions\/28833"}],"wp:featuredmedia":[{"embeddable":true,"href":"https:\/\/emperorcruises.com\/fr\/wp-json\/wp\/v2\/media\/22306"}],"wp:attachment":[{"href":"https:\/\/emperorcruises.com\/fr\/wp-json\/wp\/v2\/media?parent=26376"}],"curies":[{"name":"wp","href":"https:\/\/api.w.org\/{rel}","templated":true}]}}