{"id":26344,"date":"2022-06-18T19:21:37","date_gmt":"2022-06-18T19:21:37","guid":{"rendered":"https:\/\/emperorcruises.com\/responsible-cruising\/"},"modified":"2022-08-06T03:42:13","modified_gmt":"2022-08-06T03:42:13","slug":"croisiere-responsable","status":"publish","type":"page","link":"https:\/\/emperorcruises.com\/fr\/croisiere-responsable\/","title":{"rendered":"Croisi\u00e8re responsable"},"content":{"rendered":"\t\t<div data-elementor-type=\"wp-page\" data-elementor-id=\"26344\" class=\"elementor elementor-26344 elementor-21518\">\n\t\t\t\t\t\t\t\t\t<section class=\"elementor-section elementor-top-section elementor-element elementor-element-3a36902 elementor-section-full_width elementor-section-height-min-height elementor-section-items-bottom elementor-section-stretched elementor-section-height-default sc_fly_static\" data-id=\"3a36902\" data-element_type=\"section\" data-settings=\"{&quot;background_background&quot;:&quot;classic&quot;,&quot;stretch_section&quot;:&quot;section-stretched&quot;}\">\n\t\t\t\t\t\t<div class=\"elementor-container elementor-column-gap-no\">\n\t\t\t\t\t<div class=\"elementor-column elementor-col-100 elementor-top-column elementor-element elementor-element-9fb4331 sc_inner_width_none sc_content_align_inherit sc_layouts_column_icons_position_left sc_fly_static\" data-id=\"9fb4331\" data-element_type=\"column\">\n\t\t\t<div class=\"elementor-widget-wrap elementor-element-populated\">\n\t\t\t\t\t\t\t\t<div class=\"elementor-element elementor-element-3769f12 sc_fly_static elementor-widget elementor-widget-spacer\" data-id=\"3769f12\" data-element_type=\"widget\" data-widget_type=\"spacer.default\">\n\t\t\t\t<div class=\"elementor-widget-container\">\n\t\t\t<style>\/*! elementor - v3.7.8 - 02-10-2022 *\/\n.elementor-column .elementor-spacer-inner{height:var(--spacer-size)}.e-container{--container-widget-width:100%}.e-container>.elementor-widget-spacer{width:var(--container-widget-width,var(--spacer-size));-ms-flex-item-align:stretch;align-self:stretch;-ms-flex-negative:0;flex-shrink:0}.e-container>.elementor-widget-spacer>.elementor-widget-container,.e-container>.elementor-widget-spacer>.elementor-widget-container>.elementor-spacer{height:100%}.e-container>.elementor-widget-spacer>.elementor-widget-container>.elementor-spacer>.elementor-spacer-inner{height:var(--container-widget-height,var(--spacer-size))}<\/style>\t\t<div class=\"elementor-spacer\">\n\t\t\t<div class=\"elementor-spacer-inner\"><\/div>\n\t\t<\/div>\n\t\t\t\t<\/div>\n\t\t\t\t<\/div>\n\t\t\t\t<div class=\"elementor-element elementor-element-d90b52e sc_fly_static elementor-widget elementor-widget-trx_sc_title\" data-id=\"d90b52e\" data-element_type=\"widget\" data-widget_type=\"trx_sc_title.default\">\n\t\t\t\t<div class=\"elementor-widget-container\">\n\t\t\t<div\t\tclass=\"sc_title color_style_link2 sc_title_default\" ><span class=\"sc_item_subtitle sc_title_subtitle sc_align_center sc_item_subtitle_above sc_item_title_style_default\">emperor cruises<\/span><h1 class=\"sc_item_title sc_title_title sc_align_center sc_item_title_style_default sc_item_title_tag trx_addons_inline_247217553\"\n\t\t\t><span class=\"sc_item_title_text\">Croisi\u00e8re responsable<\/span><\/h1><\/div>\t\t<\/div>\n\t\t\t\t<\/div>\n\t\t\t\t<div class=\"elementor-element elementor-element-ad1cca8 sc_fly_static elementor-widget elementor-widget-spacer\" data-id=\"ad1cca8\" data-element_type=\"widget\" data-widget_type=\"spacer.default\">\n\t\t\t\t<div class=\"elementor-widget-container\">\n\t\t\t\t\t<div class=\"elementor-spacer\">\n\t\t\t<div class=\"elementor-spacer-inner\"><\/div>\n\t\t<\/div>\n\t\t\t\t<\/div>\n\t\t\t\t<\/div>\n\t\t\t\t<section class=\"elementor-section elementor-inner-section elementor-element elementor-element-3af5f09 elementor-section-boxed elementor-section-height-default elementor-section-height-default sc_fly_static\" data-id=\"3af5f09\" data-element_type=\"section\">\n\t\t\t\t\t\t<div class=\"elementor-container elementor-column-gap-extended\">\n\t\t\t\t\t<div class=\"elementor-column elementor-col-100 elementor-inner-column elementor-element elementor-element-06df3b2 sc_inner_width_none sc_content_align_inherit sc_layouts_column_icons_position_left sc_fly_static\" data-id=\"06df3b2\" data-element_type=\"column\">\n\t\t\t<div class=\"elementor-widget-wrap elementor-element-populated\">\n\t\t\t\t\t\t\t\t<div class=\"elementor-element elementor-element-38ba800 elementor-view-default sc_fly_static elementor-widget elementor-widget-icon\" data-id=\"38ba800\" data-element_type=\"widget\" data-widget_type=\"icon.default\">\n\t\t\t\t<div class=\"elementor-widget-container\">\n\t\t\t\t\t<div class=\"elementor-icon-wrapper\">\n\t\t\t<a class=\"elementor-icon\" href=\"#anchor\">\n\t\t\t<svg xmlns=\"http:\/\/www.w3.org\/2000\/svg\" width=\"14.626\" height=\"8.639\" viewBox=\"0 0 14.626 8.639\"><g id=\"down-arrow\" transform=\"translate(0 -70.698)\"><g id=\"Group_8820\" data-name=\"Group 8820\" transform=\"translate(0 100.698)\"><path id=\"Path_6507\" data-name=\"Path 6507\" d=\"M14.392,101.42l-.479-.482a.8.8,0,0,0-1.132,0L7.316,106.4l-5.472-5.472a.8.8,0,0,0-1.132,0l-.479.479a.8.8,0,0,0,0,1.131l6.515,6.538a.818.818,0,0,0,.567.257h0a.818.818,0,0,0,.566-.257l6.508-6.52a.808.808,0,0,0,.234-.571A.8.8,0,0,0,14.392,101.42Z\" transform=\"translate(0 -130.698)\"><\/path><\/g><\/g><\/svg>\t\t\t<\/a>\n\t\t<\/div>\n\t\t\t\t<\/div>\n\t\t\t\t<\/div>\n\t\t\t\t<div class=\"elementor-element elementor-element-73bf6e9 sc_fly_static elementor-widget elementor-widget-spacer\" data-id=\"73bf6e9\" data-element_type=\"widget\" data-widget_type=\"spacer.default\">\n\t\t\t\t<div class=\"elementor-widget-container\">\n\t\t\t\t\t<div class=\"elementor-spacer\">\n\t\t\t<div class=\"elementor-spacer-inner\"><\/div>\n\t\t<\/div>\n\t\t\t\t<\/div>\n\t\t\t\t<\/div>\n\t\t\t\t\t<\/div>\n\t\t<\/div>\n\t\t\t\t\t\t\t<\/div>\n\t\t<\/section>\n\t\t\t\t\t<\/div>\n\t\t<\/div>\n\t\t\t\t\t\t\t<\/div>\n\t\t<\/section>\n\t\t\t\t<section class=\"elementor-section elementor-top-section elementor-element elementor-element-076779a elementor-section-stretched scheme_default elementor-section-boxed elementor-section-height-default elementor-section-height-default sc_fly_static\" data-id=\"076779a\" data-element_type=\"section\" data-settings=\"{&quot;stretch_section&quot;:&quot;section-stretched&quot;,&quot;background_background&quot;:&quot;classic&quot;}\">\n\t\t\t\t\t\t<div class=\"elementor-container elementor-column-gap-extended\">\n\t\t\t\t\t<div class=\"elementor-column elementor-col-100 elementor-top-column elementor-element elementor-element-cc58516 sc_inner_width_none sc_content_align_inherit sc_layouts_column_icons_position_left sc_fly_static\" data-id=\"cc58516\" data-element_type=\"column\">\n\t\t\t<div class=\"elementor-widget-wrap elementor-element-populated\">\n\t\t\t\t\t\t\t\t<div class=\"elementor-element elementor-element-6d4d98a sc_height_medium sc_fly_static elementor-widget elementor-widget-spacer\" data-id=\"6d4d98a\" data-element_type=\"widget\" data-widget_type=\"spacer.default\">\n\t\t\t\t<div class=\"elementor-widget-container\">\n\t\t\t\t\t<div class=\"elementor-spacer\">\n\t\t\t<div class=\"elementor-spacer-inner\"><\/div>\n\t\t<\/div>\n\t\t\t\t<\/div>\n\t\t\t\t<\/div>\n\t\t\t\t<section class=\"elementor-section elementor-inner-section elementor-element elementor-element-80ed635 elementor-section-boxed elementor-section-height-default elementor-section-height-default sc_fly_static\" data-id=\"80ed635\" data-element_type=\"section\">\n\t\t\t\t\t\t<div class=\"elementor-container elementor-column-gap-extended\">\n\t\t\t\t\t<div class=\"elementor-column elementor-col-16 elementor-inner-column elementor-element elementor-element-7d1ca38 sc_inner_width_none sc_content_align_inherit sc_layouts_column_icons_position_left sc_fly_static\" data-id=\"7d1ca38\" data-element_type=\"column\">\n\t\t\t<div class=\"elementor-widget-wrap\">\n\t\t\t\t\t\t\t\t\t<\/div>\n\t\t<\/div>\n\t\t\t\t<div class=\"elementor-column elementor-col-66 elementor-inner-column elementor-element elementor-element-9b4689a sc_inner_width_none sc_content_align_inherit sc_layouts_column_icons_position_left sc_fly_static\" data-id=\"9b4689a\" data-element_type=\"column\">\n\t\t\t<div class=\"elementor-widget-wrap elementor-element-populated\">\n\t\t\t\t\t\t\t\t<div class=\"elementor-element elementor-element-0d7bbc5 sc_fly_static elementor-widget elementor-widget-image\" data-id=\"0d7bbc5\" data-element_type=\"widget\" data-widget_type=\"image.default\">\n\t\t\t\t<div class=\"elementor-widget-container\">\n\t\t\t<style>\/*! elementor - v3.7.8 - 02-10-2022 *\/\n.elementor-widget-image{text-align:center}.elementor-widget-image a{display:inline-block}.elementor-widget-image a img[src$=\".svg\"]{width:48px}.elementor-widget-image img{vertical-align:middle;display:inline-block}<\/style>\t\t\t\t\t\t\t\t\t\t\t\t<img width=\"840\" height=\"473\" src=\"https:\/\/emperorcruises.com\/wp-content\/uploads\/2022\/06\/Beach-Lifestyle-13-840x473.jpg\" class=\"attachment-qwery-thumb-big size-qwery-thumb-big\" alt=\"\" loading=\"lazy\" srcset=\"https:\/\/emperorcruises.com\/wp-content\/uploads\/2022\/06\/Beach-Lifestyle-13-840x473.jpg 840w, https:\/\/emperorcruises.com\/wp-content\/uploads\/2022\/06\/Beach-Lifestyle-13-1290x725.jpg 1290w, https:\/\/emperorcruises.com\/wp-content\/uploads\/2022\/06\/Beach-Lifestyle-13-410x230.jpg 410w, https:\/\/emperorcruises.com\/wp-content\/uploads\/2022\/06\/Beach-Lifestyle-13-270x152.jpg 270w\" sizes=\"(max-width: 840px) 100vw, 840px\" \/>\t\t\t\t\t\t\t\t\t\t\t\t\t\t\t<\/div>\n\t\t\t\t<\/div>\n\t\t\t\t\t<\/div>\n\t\t<\/div>\n\t\t\t\t<div class=\"elementor-column elementor-col-16 elementor-inner-column elementor-element elementor-element-6251783 sc_inner_width_none sc_content_align_inherit sc_layouts_column_icons_position_left sc_fly_static\" data-id=\"6251783\" data-element_type=\"column\">\n\t\t\t<div class=\"elementor-widget-wrap\">\n\t\t\t\t\t\t\t\t\t<\/div>\n\t\t<\/div>\n\t\t\t\t\t\t\t<\/div>\n\t\t<\/section>\n\t\t\t\t<section class=\"elementor-section elementor-inner-section elementor-element elementor-element-7400877 elementor-section-boxed elementor-section-height-default elementor-section-height-default sc_fly_static\" data-id=\"7400877\" data-element_type=\"section\">\n\t\t\t\t\t\t<div class=\"elementor-container elementor-column-gap-extended\">\n\t\t\t\t\t<div class=\"elementor-column elementor-col-100 elementor-inner-column elementor-element elementor-element-680c7dc sc_inner_width_none sc_content_align_inherit sc_layouts_column_icons_position_left sc_fly_static\" data-id=\"680c7dc\" data-element_type=\"column\">\n\t\t\t<div class=\"elementor-widget-wrap elementor-element-populated\">\n\t\t\t\t\t\t\t\t<div class=\"elementor-element elementor-element-62477a4 sc_height_small sc_fly_static elementor-widget elementor-widget-spacer\" data-id=\"62477a4\" data-element_type=\"widget\" data-widget_type=\"spacer.default\">\n\t\t\t\t<div class=\"elementor-widget-container\">\n\t\t\t\t\t<div class=\"elementor-spacer\">\n\t\t\t<div class=\"elementor-spacer-inner\"><\/div>\n\t\t<\/div>\n\t\t\t\t<\/div>\n\t\t\t\t<\/div>\n\t\t\t\t<div class=\"elementor-element elementor-element-ab054b4 sc_fly_static elementor-widget elementor-widget-heading\" data-id=\"ab054b4\" data-element_type=\"widget\" data-widget_type=\"heading.default\">\n\t\t\t\t<div class=\"elementor-widget-container\">\n\t\t\t<style>\/*! elementor - v3.7.8 - 02-10-2022 *\/\n.elementor-heading-title{padding:0;margin:0;line-height:1}.elementor-widget-heading .elementor-heading-title[class*=elementor-size-]>a{color:inherit;font-size:inherit;line-height:inherit}.elementor-widget-heading .elementor-heading-title.elementor-size-small{font-size:15px}.elementor-widget-heading .elementor-heading-title.elementor-size-medium{font-size:19px}.elementor-widget-heading .elementor-heading-title.elementor-size-large{font-size:29px}.elementor-widget-heading .elementor-heading-title.elementor-size-xl{font-size:39px}.elementor-widget-heading .elementor-heading-title.elementor-size-xxl{font-size:59px}<\/style><h3 class=\"elementor-heading-title elementor-size-default\">Tourisme responsable \u2013 Croisi\u00e8re responsable\n<\/h3>\t\t<\/div>\n\t\t\t\t<\/div>\n\t\t\t\t<div class=\"elementor-element elementor-element-975505a sc_height_small sc_fly_static elementor-widget elementor-widget-spacer\" data-id=\"975505a\" data-element_type=\"widget\" data-widget_type=\"spacer.default\">\n\t\t\t\t<div class=\"elementor-widget-container\">\n\t\t\t\t\t<div class=\"elementor-spacer\">\n\t\t\t<div class=\"elementor-spacer-inner\"><\/div>\n\t\t<\/div>\n\t\t\t\t<\/div>\n\t\t\t\t<\/div>\n\t\t\t\t<div class=\"elementor-element elementor-element-39555c4 sc_fly_static elementor-widget elementor-widget-text-editor\" data-id=\"39555c4\" data-element_type=\"widget\" data-widget_type=\"text-editor.default\">\n\t\t\t\t<div class=\"elementor-widget-container\">\n\t\t\t<style>\/*! elementor - v3.7.8 - 02-10-2022 *\/\n.elementor-widget-text-editor.elementor-drop-cap-view-stacked .elementor-drop-cap{background-color:#818a91;color:#fff}.elementor-widget-text-editor.elementor-drop-cap-view-framed .elementor-drop-cap{color:#818a91;border:3px solid;background-color:transparent}.elementor-widget-text-editor:not(.elementor-drop-cap-view-default) .elementor-drop-cap{margin-top:8px}.elementor-widget-text-editor:not(.elementor-drop-cap-view-default) .elementor-drop-cap-letter{width:1em;height:1em}.elementor-widget-text-editor .elementor-drop-cap{float:left;text-align:center;line-height:1;font-size:50px}.elementor-widget-text-editor .elementor-drop-cap-letter{display:inline-block}<\/style>\t\t\t\t<p><span class=\"trx_addons_accent\"><strong>Question d\u2019attitude!<\/strong><\/span><\/p><p style=\"text-align: justify;\">L\u2019industrie du tourisme est l\u2019une des secteurs \u00a0\u00e0 la croissance la plus rapide au monde, g\u00e9n\u00e9rant des revenus et cr\u00e9ant des emplois dans de nombreux pays, et ouvrant le monde aux nouvelles g\u00e9n\u00e9rations de voyageurs. Cependant, l\u2019impact du tourisme, en particulier sur les destinations populaires telles que Halong et la baie de Bai Tu Long, n\u2019est pas exclusivement positif.<\/p><p style=\"text-align: justify;\">Notre objectif est de cr\u00e9er de meilleurs endroits pour vivre et de meilleurs endroits pour visiter. Depuis la fondation de notre compagnie de croisi\u00e8re, nous avons fait des efforts pour faire conna\u00eetre \u00a0les gens la protection de\u00a0 la beaut\u00e9 unique de la baie d\u2019Halong et de la baie de Nha Trang avec Emperor Cruises, et nous avons adh\u00e9r\u00e9 \u00e0 des pratiques responsables sur nos croisi\u00e8res.<\/p><p style=\"text-align: justify;\">L\u2019un des effets les plus inqui\u00e9tants des mauvaises pratiques touristiques est l\u2019impact sur l\u2019environnement. En cons\u00e9quence, les principes du tourisme durable et de la croisi\u00e8re responsable attirent de plus en plus l\u2019attention dans le monde. Nous nous engageons \u00e0 des pratiques morales et justes dans toute l\u2019organisation, embauchons localement et essayons d\u2019am\u00e9liorer la croissance \u00e9conomique locale.<\/p><p style=\"text-align: justify;\">Au sein de l\u2019industrie du voyage, l\u2019industrie des croisi\u00e8res est particuli\u00e8rement d\u00e9pendante d\u2019un environnement naturel non perturb\u00e9 pour cr\u00e9er des exp\u00e9riences m\u00e9morables. La protection des ressources naturelles et la durabilit\u00e9 des op\u00e9rations de croisi\u00e8re dans le milieu marin sont des points de survie essentiels pour l\u2019industrie.<\/p><p style=\"text-align: justify;\">Nous comprenons profond\u00e9ment ce point et le transformons en action quotidienne pour la vie sous l\u2019eau et sur terre. Nous ne polluons jamais nos oc\u00e9ans et nos rivi\u00e8res, et notre \u00e9quipe ramasse les ordures lors de la navigation et du kayak, sur des plages et des \u00eeles que nous visitons lors des excursions.<\/p><p style=\"text-align: justify;\">Nos politiques de Emperor Cruises appliquent des pratiques durables et exploitent des syst\u00e8mes modernes de traitement des eaux us\u00e9es et de gestion des d\u00e9chets, ainsi que des efforts pour r\u00e9soudre les probl\u00e8mes de pollution de l\u2019eau.<\/p><p style=\"text-align: justify;\">Surtout, tous les d\u00e9chets solides de nos bateaux sont class\u00e9s et transf\u00e9r\u00e9s vers des stations \u00e0 terre pour traitement. Tous les processus sont strictement conformes aux normes pertinentes des autorit\u00e9s locales.<\/p><p style=\"text-align: justify;\">De plus, nous croyons que le concept de \u00abtourisme durable\u00bb comprend la cr\u00e9ation de routines quotidiennes \u00abvertes\u00bb et la redonner \u00e0 la communaut\u00e9. Nous avons mis en place un certain nombre de partenariats pour atteindre nos objectifs de d\u00e9veloppement responsable, en travaillant avec des ONG pour prot\u00e9ger l\u2019environnement, les parcs nationaux et la faune. De plus, nous nettoyons les sentiers, les \u00eeles et les plages o\u00f9 nous op\u00e9rons le kayak et la natation. Nous travaillons activement pour lutter contre le changement climatique, am\u00e9liorer l\u2019eau potable et l\u2019assainissement, la r\u00e9duction de la pauvret\u00e9, l\u2019\u00e9galit\u00e9 des sexes et l\u2019\u00e9ducation.<\/p><p style=\"text-align: justify;\">Nous am\u00e9liorons la vie de notre \u00e9quipe sur les croisi\u00e8res jour apr\u00e8s jour. Notre \u00e9quipage fait de leur mieux pour appliquer des pratiques durables dans toutes leurs activit\u00e9s quotidiennes, telles que: limiter l\u2019utilisation de sacs en plastique, \u00e9viter l\u2019utilisation inutile de papier, \u00e9conomiser de l\u2019\u00e9nergie et \u00e9conomiser l\u2019eau.<\/p><p style=\"text-align: justify;\">Nous cr\u00e9ons et organisons \u00e9galement des cours de formation qui encouragent les populations locales \u00e0 adopter des pratiques respectueuses de l\u2019environnement dans la vie quotidienne, et encourage les entreprises locales \u00e0 redonner \u00e0 la communaut\u00e9. Nous abordons les voyages durables \u00e0 travers les \u00abcinq P\u00bb: les personnes, la plan\u00e8te, la prosp\u00e9rit\u00e9, la paix et les partenariats.<\/p><p><strong>En brief<\/strong><\/p><p style=\"text-align: justify;\">Nous avons pour but d\u2019am\u00e9liorer l\u2019habitat et les paysages naturels<\/p><ul><li style=\"text-align: justify;\"><strong>Attitude:<\/strong>La croisi\u00e8re responsable est une question de morales , d\u2019attitude et le personnel d\u2019Emperor Cruises est passionn\u00e9ment engag\u00e9 dans la responsabilit\u00e9 sociale \u2013 \u00e0 travers l\u2019\u00e9ducation et en r\u00e9duisant son empreinte carbone.<\/li><li style=\"text-align: justify;\"><strong>Mat\u00e9riel de constructions respectueux de l\u2019environnement<\/strong>: Utilisant des\u00a0 mat\u00e9riaux de construction durables, la structure du navire de croisi\u00e8re est con\u00e7ue pour maximiser la lumi\u00e8re naturelle et le flux d\u2019air afin de r\u00e9duire l\u2019\u00e9mission de la carbone dioxine via le syst\u00e8me climatis\u00e9.<\/li><li style=\"text-align: justify;\"><strong>R\u00e9duire, r\u00e9utiliser, recycler<\/strong>: sont nos actions responsables. Nous r\u00e9utilisons les bouteilles de l\u2019eau, serviettes et draps<\/li><li style=\"text-align: justify;\"><strong>Emperor Cruises op\u00e8re de mani\u00e8re durable<\/strong>, emploie des populations locales et soutient un projet de protection de la vie marine dans la baie de Nha Trang.<\/li><li style=\"text-align: justify;\"><strong>Emperor Cruises fait les activit\u00e9s comme nettoyage<\/strong>, ramassage des d\u00e9chets tous les 5 du mois pour que les clients puissez profiter de la belle plage<\/li><li style=\"text-align: justify;\"><strong>Notre objectif est de cr\u00e9er une meilleure<\/strong>\u00a0baie pour les gens \u00e0 vivre et un meilleur endroit pour les voyageurs \u00e0 visiter. Nous \u00e9conomisons de l\u2019eau douce. Nous utilisons l\u2019\u00e9nergie solaire pour chauffer toute l\u2019eau dans le bateau et les d\u00e9chets organiques sont transf\u00e9r\u00e9s pour \u00eatre recycl\u00e9s en biogaz. Avec nos politiques responsables, nous visons \u00e0 garder la baie propre.<\/li><\/ul><p style=\"text-align: justify;\">\u00a0<\/p>\t\t\t\t\t\t<\/div>\n\t\t\t\t<\/div>\n\t\t\t\t\t<\/div>\n\t\t<\/div>\n\t\t\t\t\t\t\t<\/div>\n\t\t<\/section>\n\t\t\t\t\t<\/div>\n\t\t<\/div>\n\t\t\t\t\t\t\t<\/div>\n\t\t<\/section>\n\t\t\t\t<section class=\"elementor-section elementor-top-section elementor-element elementor-element-c873346 sc_layouts_hide_on_mobile elementor-section-boxed elementor-section-height-default elementor-section-height-default sc_fly_static\" data-id=\"c873346\" data-element_type=\"section\">\n\t\t\t\t\t\t<div class=\"elementor-container elementor-column-gap-extended\">\n\t\t\t\t\t<div class=\"elementor-column elementor-col-100 elementor-top-column elementor-element elementor-element-0595008 sc_inner_width_none sc_content_align_inherit sc_layouts_column_icons_position_left sc_fly_static\" data-id=\"0595008\" data-element_type=\"column\">\n\t\t\t<div class=\"elementor-widget-wrap elementor-element-populated\">\n\t\t\t\t\t\t\t\t<div class=\"elementor-element elementor-element-4cef149 sc_height_small sc_fly_static elementor-widget elementor-widget-spacer\" data-id=\"4cef149\" data-element_type=\"widget\" data-widget_type=\"spacer.default\">\n\t\t\t\t<div class=\"elementor-widget-container\">\n\t\t\t\t\t<div class=\"elementor-spacer\">\n\t\t\t<div class=\"elementor-spacer-inner\"><\/div>\n\t\t<\/div>\n\t\t\t\t<\/div>\n\t\t\t\t<\/div>\n\t\t\t\t\t<\/div>\n\t\t<\/div>\n\t\t\t\t\t\t\t<\/div>\n\t\t<\/section>\n\t\t\t\t\t\t\t<\/div>\n\t\t","protected":false},"excerpt":{"rendered":"<p>emperor cruises Croisi\u00e8re responsable Tourisme responsable \u2013 Croisi\u00e8re responsable Question d\u2019attitude! L\u2019industrie du tourisme est l\u2019une des secteurs \u00a0\u00e0 la croissance la plus rapide au monde, g\u00e9n\u00e9rant des revenus et&hellip;<\/p>\n","protected":false},"author":1,"featured_media":22306,"parent":0,"menu_order":0,"comment_status":"closed","ping_status":"closed","template":"","meta":[],"_links":{"self":[{"href":"https:\/\/emperorcruises.com\/fr\/wp-json\/wp\/v2\/pages\/26344"}],"collection":[{"href":"https:\/\/emperorcruises.com\/fr\/wp-json\/wp\/v2\/pages"}],"about":[{"href":"https:\/\/emperorcruises.com\/fr\/wp-json\/wp\/v2\/types\/page"}],"author":[{"embeddable":true,"href":"https:\/\/emperorcruises.com\/fr\/wp-json\/wp\/v2\/users\/1"}],"replies":[{"embeddable":true,"href":"https:\/\/emperorcruises.com\/fr\/wp-json\/wp\/v2\/comments?post=26344"}],"version-history":[{"count":5,"href":"https:\/\/emperorcruises.com\/fr\/wp-json\/wp\/v2\/pages\/26344\/revisions"}],"predecessor-version":[{"id":26350,"href":"https:\/\/emperorcruises.com\/fr\/wp-json\/wp\/v2\/pages\/26344\/revisions\/26350"}],"wp:featuredmedia":[{"embeddable":true,"href":"https:\/\/emperorcruises.com\/fr\/wp-json\/wp\/v2\/media\/22306"}],"wp:attachment":[{"href":"https:\/\/emperorcruises.com\/fr\/wp-json\/wp\/v2\/media?parent=26344"}],"curies":[{"name":"wp","href":"https:\/\/api.w.org\/{rel}","templated":true}]}}