{"id":27785,"date":"2022-06-08T08:50:16","date_gmt":"2022-06-08T08:50:16","guid":{"rendered":"https:\/\/emperorcruises.com\/can-chanh-palace-royal-restaurant\/"},"modified":"2022-09-06T08:09:19","modified_gmt":"2022-09-06T08:09:19","slug":"el-restaurante-del-palacio-real-can-chanh","status":"publish","type":"page","link":"https:\/\/emperorcruises.com\/es\/el-restaurante-del-palacio-real-can-chanh\/","title":{"rendered":"El restaurante del Palacio Real Can Chanh"},"content":{"rendered":"\t\t<div data-elementor-type=\"wp-page\" data-elementor-id=\"27785\" class=\"elementor elementor-27785 elementor-20304\">\n\t\t\t\t\t\t\t\t\t<section class=\"elementor-section elementor-top-section elementor-element elementor-element-3a36902 elementor-section-full_width elementor-section-height-min-height elementor-section-items-bottom elementor-section-stretched elementor-section-height-default sc_fly_static\" data-id=\"3a36902\" data-element_type=\"section\" data-settings=\"{&quot;background_background&quot;:&quot;classic&quot;,&quot;stretch_section&quot;:&quot;section-stretched&quot;}\">\n\t\t\t\t\t\t\t<div class=\"elementor-background-overlay\"><\/div>\n\t\t\t\t\t\t\t<div class=\"elementor-container elementor-column-gap-no\">\n\t\t\t\t\t<div class=\"elementor-column elementor-col-100 elementor-top-column elementor-element elementor-element-9fb4331 sc_inner_width_none sc_content_align_inherit sc_layouts_column_icons_position_left sc_fly_static\" data-id=\"9fb4331\" data-element_type=\"column\">\n\t\t\t<div class=\"elementor-widget-wrap elementor-element-populated\">\n\t\t\t\t\t\t\t\t<div class=\"elementor-element elementor-element-3769f12 sc_fly_static elementor-widget elementor-widget-spacer\" data-id=\"3769f12\" data-element_type=\"widget\" data-widget_type=\"spacer.default\">\n\t\t\t\t<div class=\"elementor-widget-container\">\n\t\t\t<style>\/*! elementor - v3.7.8 - 02-10-2022 *\/\n.elementor-column .elementor-spacer-inner{height:var(--spacer-size)}.e-container{--container-widget-width:100%}.e-container>.elementor-widget-spacer{width:var(--container-widget-width,var(--spacer-size));-ms-flex-item-align:stretch;align-self:stretch;-ms-flex-negative:0;flex-shrink:0}.e-container>.elementor-widget-spacer>.elementor-widget-container,.e-container>.elementor-widget-spacer>.elementor-widget-container>.elementor-spacer{height:100%}.e-container>.elementor-widget-spacer>.elementor-widget-container>.elementor-spacer>.elementor-spacer-inner{height:var(--container-widget-height,var(--spacer-size))}<\/style>\t\t<div class=\"elementor-spacer\">\n\t\t\t<div class=\"elementor-spacer-inner\"><\/div>\n\t\t<\/div>\n\t\t\t\t<\/div>\n\t\t\t\t<\/div>\n\t\t\t\t<div class=\"elementor-element elementor-element-d90b52e sc_fly_static elementor-widget elementor-widget-trx_sc_title\" data-id=\"d90b52e\" data-element_type=\"widget\" data-widget_type=\"trx_sc_title.default\">\n\t\t\t\t<div class=\"elementor-widget-container\">\n\t\t\t<div\t\tclass=\"sc_title color_style_link3 sc_title_default\" ><span class=\"sc_item_subtitle sc_title_subtitle sc_align_center sc_item_subtitle_above sc_item_title_style_default\">VIDA A BORDO<\/span><h1 class=\"sc_item_title sc_title_title sc_align_center sc_item_title_style_default sc_item_title_tag trx_addons_inline_1582122503\"\n\t\t\t><span class=\"sc_item_title_text\">El restaurante del Palacio Real Can Chanh<\/span><\/h1><\/div>\t\t<\/div>\n\t\t\t\t<\/div>\n\t\t\t\t<div class=\"elementor-element elementor-element-ad1cca8 sc_fly_static elementor-widget elementor-widget-spacer\" data-id=\"ad1cca8\" data-element_type=\"widget\" data-widget_type=\"spacer.default\">\n\t\t\t\t<div class=\"elementor-widget-container\">\n\t\t\t\t\t<div class=\"elementor-spacer\">\n\t\t\t<div class=\"elementor-spacer-inner\"><\/div>\n\t\t<\/div>\n\t\t\t\t<\/div>\n\t\t\t\t<\/div>\n\t\t\t\t<section class=\"elementor-section elementor-inner-section elementor-element elementor-element-3af5f09 elementor-section-boxed elementor-section-height-default elementor-section-height-default sc_fly_static\" data-id=\"3af5f09\" data-element_type=\"section\">\n\t\t\t\t\t\t<div class=\"elementor-container elementor-column-gap-extended\">\n\t\t\t\t\t<div class=\"elementor-column elementor-col-100 elementor-inner-column elementor-element elementor-element-06df3b2 sc_inner_width_none sc_content_align_inherit sc_layouts_column_icons_position_left sc_fly_static\" data-id=\"06df3b2\" data-element_type=\"column\">\n\t\t\t<div class=\"elementor-widget-wrap elementor-element-populated\">\n\t\t\t\t\t\t\t\t<div class=\"elementor-element elementor-element-38ba800 elementor-view-default sc_fly_static elementor-widget elementor-widget-icon\" data-id=\"38ba800\" data-element_type=\"widget\" data-widget_type=\"icon.default\">\n\t\t\t\t<div class=\"elementor-widget-container\">\n\t\t\t\t\t<div class=\"elementor-icon-wrapper\">\n\t\t\t<a class=\"elementor-icon\" href=\"#anchor\">\n\t\t\t<svg xmlns=\"http:\/\/www.w3.org\/2000\/svg\" width=\"14.626\" height=\"8.639\" viewBox=\"0 0 14.626 8.639\"><g id=\"down-arrow\" transform=\"translate(0 -70.698)\"><g id=\"Group_8820\" data-name=\"Group 8820\" transform=\"translate(0 100.698)\"><path id=\"Path_6507\" data-name=\"Path 6507\" d=\"M14.392,101.42l-.479-.482a.8.8,0,0,0-1.132,0L7.316,106.4l-5.472-5.472a.8.8,0,0,0-1.132,0l-.479.479a.8.8,0,0,0,0,1.131l6.515,6.538a.818.818,0,0,0,.567.257h0a.818.818,0,0,0,.566-.257l6.508-6.52a.808.808,0,0,0,.234-.571A.8.8,0,0,0,14.392,101.42Z\" transform=\"translate(0 -130.698)\"><\/path><\/g><\/g><\/svg>\t\t\t<\/a>\n\t\t<\/div>\n\t\t\t\t<\/div>\n\t\t\t\t<\/div>\n\t\t\t\t<div class=\"elementor-element elementor-element-73bf6e9 sc_fly_static elementor-widget elementor-widget-spacer\" data-id=\"73bf6e9\" data-element_type=\"widget\" data-widget_type=\"spacer.default\">\n\t\t\t\t<div class=\"elementor-widget-container\">\n\t\t\t\t\t<div class=\"elementor-spacer\">\n\t\t\t<div class=\"elementor-spacer-inner\"><\/div>\n\t\t<\/div>\n\t\t\t\t<\/div>\n\t\t\t\t<\/div>\n\t\t\t\t\t<\/div>\n\t\t<\/div>\n\t\t\t\t\t\t\t<\/div>\n\t\t<\/section>\n\t\t\t\t\t<\/div>\n\t\t<\/div>\n\t\t\t\t\t\t\t<\/div>\n\t\t<\/section>\n\t\t\t\t<section class=\"elementor-section elementor-top-section elementor-element elementor-element-076779a elementor-section-stretched scheme_default elementor-section-boxed elementor-section-height-default elementor-section-height-default sc_fly_static\" data-id=\"076779a\" data-element_type=\"section\" data-settings=\"{&quot;stretch_section&quot;:&quot;section-stretched&quot;,&quot;background_background&quot;:&quot;classic&quot;}\">\n\t\t\t\t\t\t<div class=\"elementor-container elementor-column-gap-extended\">\n\t\t\t\t\t<div class=\"elementor-column elementor-col-100 elementor-top-column elementor-element elementor-element-cc58516 sc_inner_width_none sc_content_align_inherit sc_layouts_column_icons_position_left sc_fly_static\" data-id=\"cc58516\" data-element_type=\"column\">\n\t\t\t<div class=\"elementor-widget-wrap elementor-element-populated\">\n\t\t\t\t\t\t\t\t<div class=\"elementor-element elementor-element-87c1a09 sc_height_medium sc_fly_static elementor-widget elementor-widget-spacer\" data-id=\"87c1a09\" data-element_type=\"widget\" data-widget_type=\"spacer.default\">\n\t\t\t\t<div class=\"elementor-widget-container\">\n\t\t\t\t\t<div class=\"elementor-spacer\">\n\t\t\t<div class=\"elementor-spacer-inner\"><\/div>\n\t\t<\/div>\n\t\t\t\t<\/div>\n\t\t\t\t<\/div>\n\t\t\t\t<section class=\"elementor-section elementor-inner-section elementor-element elementor-element-b7e4835 elementor-section-boxed elementor-section-height-default elementor-section-height-default sc_fly_static\" data-id=\"b7e4835\" data-element_type=\"section\" id=\"anchor\">\n\t\t\t\t\t\t<div class=\"elementor-container elementor-column-gap-extended\">\n\t\t\t\t\t<div class=\"elementor-column elementor-col-16 elementor-inner-column elementor-element elementor-element-ee8667e sc_inner_width_none sc_content_align_inherit sc_layouts_column_icons_position_left sc_fly_static\" data-id=\"ee8667e\" data-element_type=\"column\">\n\t\t\t<div class=\"elementor-widget-wrap\">\n\t\t\t\t\t\t\t\t\t<\/div>\n\t\t<\/div>\n\t\t\t\t<div class=\"elementor-column elementor-col-66 elementor-inner-column elementor-element elementor-element-caf3087 sc_inner_width_none sc_content_align_inherit sc_layouts_column_icons_position_left sc_fly_static\" data-id=\"caf3087\" data-element_type=\"column\">\n\t\t\t<div class=\"elementor-widget-wrap elementor-element-populated\">\n\t\t\t\t\t\t\t\t<div class=\"elementor-element elementor-element-ca0ee5d sc_fly_static elementor-widget elementor-widget-trx_sc_title\" data-id=\"ca0ee5d\" data-element_type=\"widget\" data-widget_type=\"trx_sc_title.default\">\n\t\t\t\t<div class=\"elementor-widget-container\">\n\t\t\t<div\t\tclass=\"sc_title sc_title_accent\" ><span class=\"sc_item_subtitle sc_title_subtitle sc_align_center sc_item_subtitle_above sc_item_title_style_accent\">EXPERIENCIA DE CRUCERO \u00daNICA EN LOS PRIMEROS CRUCEROS DE SUITES DE VIETNAM<\/span><h2 class=\"sc_item_title sc_title_title sc_align_center sc_item_title_style_accent sc_item_title_tag\"\n\t\t\t><span class=\"sc_item_title_text\">El restaurante del Palacio Real Can Chanh<\/span><\/h2><\/div>\t\t<\/div>\n\t\t\t\t<\/div>\n\t\t\t\t\t<\/div>\n\t\t<\/div>\n\t\t\t\t<div class=\"elementor-column elementor-col-16 elementor-inner-column elementor-element elementor-element-352c34d sc_inner_width_none sc_content_align_inherit sc_layouts_column_icons_position_left sc_fly_static\" data-id=\"352c34d\" data-element_type=\"column\">\n\t\t\t<div class=\"elementor-widget-wrap\">\n\t\t\t\t\t\t\t\t\t<\/div>\n\t\t<\/div>\n\t\t\t\t\t\t\t<\/div>\n\t\t<\/section>\n\t\t\t\t\t<\/div>\n\t\t<\/div>\n\t\t\t\t\t\t\t<\/div>\n\t\t<\/section>\n\t\t\t\t<section class=\"elementor-section elementor-top-section elementor-element elementor-element-8c75c70 elementor-section-stretched scheme_default elementor-section-boxed elementor-section-height-default elementor-section-height-default sc_fly_static\" data-id=\"8c75c70\" data-element_type=\"section\" data-settings=\"{&quot;stretch_section&quot;:&quot;section-stretched&quot;,&quot;background_background&quot;:&quot;classic&quot;}\">\n\t\t\t\t\t\t<div class=\"elementor-container elementor-column-gap-extended\">\n\t\t\t\t\t<div class=\"elementor-column elementor-col-100 elementor-top-column elementor-element elementor-element-70bcf09 sc_inner_width_none sc_content_align_inherit sc_layouts_column_icons_position_left sc_fly_static\" data-id=\"70bcf09\" data-element_type=\"column\">\n\t\t\t<div class=\"elementor-widget-wrap elementor-element-populated\">\n\t\t\t\t\t\t\t\t<div class=\"elementor-element elementor-element-7c2b510 sc_height_medium sc_fly_static elementor-widget elementor-widget-spacer\" data-id=\"7c2b510\" data-element_type=\"widget\" data-widget_type=\"spacer.default\">\n\t\t\t\t<div class=\"elementor-widget-container\">\n\t\t\t\t\t<div class=\"elementor-spacer\">\n\t\t\t<div class=\"elementor-spacer-inner\"><\/div>\n\t\t<\/div>\n\t\t\t\t<\/div>\n\t\t\t\t<\/div>\n\t\t\t\t<div class=\"elementor-element elementor-element-b2af2cb sc_fly_static elementor-widget elementor-widget-trx_widget_slider\" data-id=\"b2af2cb\" data-element_type=\"widget\" data-widget_type=\"trx_widget_slider.default\">\n\t\t\t\t<div class=\"elementor-widget-container\">\n\t\t\t<div class=\"widget_area sc_widget_slider\"><aside class=\"widget widget_slider\">\t\t\t<div class=\"slider_wrap slider_engine_swiper\">\n\t\t\t\t<div class=\"slider_outer slider_swiper_outer slider_style_default slider_outer_direction_horizontal slider_outer_multi slider_outer_nopagination slider_outer_controls slider_outer_controls_side slider_outer_nocentered slider_outer_overflow_visible slider_outer_notitles\"><div class=\"slider_container slider_swiper swiper-slider-container slider_controls slider_controls_side slider_nocentered slider_overflow_visible slider_notitles slider_noresize slider_swipe slider_height_auto slider_direction_horizontal slider_nopagination slider_multi slider_type_images\" data-ratio=\"16:9\" data-interval=\"7000\" data-speed=\"600\" data-effect=\"swap\" data-pagination=\"bullets\" data-direction=\"horizontal\" data-slides-per-view=\"2\" data-slides-space=\"60\" data-slides-centered=\"0\" data-slides-overflow=\"1\" data-mouse-wheel=\"0\" data-autoplay=\"1\" data-loop=\"1\" data-free-mode=\"0\" data-slides-min-width=\"220\"><div class=\"slider-wrapper swiper-wrapper\"><div  class=\"slider-slide swiper-slide\" data-image=\"\/\/emperorcruises.com\/wp-content\/uploads\/2022\/06\/Restaurant-3-1.jpg\" style=\"\"><img src=\"\/\/emperorcruises.com\/wp-content\/uploads\/2022\/06\/Restaurant-3-1.jpg\" alt=\"\"><\/div><div  class=\"slider-slide swiper-slide\" data-image=\"\/\/emperorcruises.com\/wp-content\/uploads\/2022\/06\/Restaurant-Lifestyle-1.jpg\" style=\"\"><img src=\"\/\/emperorcruises.com\/wp-content\/uploads\/2022\/06\/Restaurant-Lifestyle-1.jpg\" alt=\"\"><\/div><div  class=\"slider-slide swiper-slide\" data-image=\"\/\/emperorcruises.com\/wp-content\/uploads\/2022\/06\/Can-Chanh-Restaurant-4.jpg\" style=\"\"><img src=\"\/\/emperorcruises.com\/wp-content\/uploads\/2022\/06\/Can-Chanh-Restaurant-4.jpg\" alt=\"\"><\/div><div  class=\"slider-slide swiper-slide\" data-image=\"\/\/emperorcruises.com\/wp-content\/uploads\/2022\/06\/Restaurant-3.jpg\" style=\"\"><img src=\"\/\/emperorcruises.com\/wp-content\/uploads\/2022\/06\/Restaurant-3.jpg\" alt=\"\"><\/div><div  class=\"slider-slide swiper-slide\" data-image=\"\/\/emperorcruises.com\/wp-content\/uploads\/2022\/06\/Restaurant-4.jpg\" style=\"\"><img src=\"\/\/emperorcruises.com\/wp-content\/uploads\/2022\/06\/Restaurant-4.jpg\" alt=\"\"><\/div><\/div><div class=\"slider_controls_wrap\"><a class=\"slider_prev swiper-button-prev\" href=\"#\"><\/a><a class=\"slider_next swiper-button-next\" href=\"#\"><\/a><\/div><\/div><\/div>\t\t\t<\/div>\n\t\t\t<\/aside><\/div>\t\t<\/div>\n\t\t\t\t<\/div>\n\t\t\t\t\t<\/div>\n\t\t<\/div>\n\t\t\t\t\t\t\t<\/div>\n\t\t<\/section>\n\t\t\t\t<section class=\"elementor-section elementor-top-section elementor-element elementor-element-469befa elementor-section-stretched scheme_default elementor-section-boxed elementor-section-height-default elementor-section-height-default sc_fly_static\" data-id=\"469befa\" data-element_type=\"section\" data-settings=\"{&quot;stretch_section&quot;:&quot;section-stretched&quot;,&quot;background_background&quot;:&quot;classic&quot;}\">\n\t\t\t\t\t\t<div class=\"elementor-container elementor-column-gap-extended\">\n\t\t\t\t\t<div class=\"elementor-column elementor-col-100 elementor-top-column elementor-element elementor-element-f082b81 sc_inner_width_none sc_content_align_inherit sc_layouts_column_icons_position_left sc_fly_static\" data-id=\"f082b81\" data-element_type=\"column\">\n\t\t\t<div class=\"elementor-widget-wrap elementor-element-populated\">\n\t\t\t\t\t\t\t\t<div class=\"elementor-element elementor-element-4f26d7f sc_height_medium sc_fly_static elementor-widget elementor-widget-spacer\" data-id=\"4f26d7f\" data-element_type=\"widget\" data-widget_type=\"spacer.default\">\n\t\t\t\t<div class=\"elementor-widget-container\">\n\t\t\t\t\t<div class=\"elementor-spacer\">\n\t\t\t<div class=\"elementor-spacer-inner\"><\/div>\n\t\t<\/div>\n\t\t\t\t<\/div>\n\t\t\t\t<\/div>\n\t\t\t\t<section class=\"elementor-section elementor-inner-section elementor-element elementor-element-c0839cc elementor-section-boxed elementor-section-height-default elementor-section-height-default sc_fly_static\" data-id=\"c0839cc\" data-element_type=\"section\">\n\t\t\t\t\t\t<div class=\"elementor-container elementor-column-gap-extended\">\n\t\t\t\t\t<div class=\"elementor-column elementor-col-100 elementor-inner-column elementor-element elementor-element-21715d4 sc_inner_width_none sc_content_align_inherit sc_layouts_column_icons_position_left sc_fly_static\" data-id=\"21715d4\" data-element_type=\"column\">\n\t\t\t<div class=\"elementor-widget-wrap elementor-element-populated\">\n\t\t\t\t\t\t\t\t<div class=\"elementor-element elementor-element-f60ca26 sc_fly_static elementor-widget elementor-widget-text-editor\" data-id=\"f60ca26\" data-element_type=\"widget\" data-widget_type=\"text-editor.default\">\n\t\t\t\t<div class=\"elementor-widget-container\">\n\t\t\t<style>\/*! elementor - v3.7.8 - 02-10-2022 *\/\n.elementor-widget-text-editor.elementor-drop-cap-view-stacked .elementor-drop-cap{background-color:#818a91;color:#fff}.elementor-widget-text-editor.elementor-drop-cap-view-framed .elementor-drop-cap{color:#818a91;border:3px solid;background-color:transparent}.elementor-widget-text-editor:not(.elementor-drop-cap-view-default) .elementor-drop-cap{margin-top:8px}.elementor-widget-text-editor:not(.elementor-drop-cap-view-default) .elementor-drop-cap-letter{width:1em;height:1em}.elementor-widget-text-editor .elementor-drop-cap{float:left;text-align:center;line-height:1;font-size:50px}.elementor-widget-text-editor .elementor-drop-cap-letter{display:inline-block}<\/style>\t\t\t\t<h4 style=\"text-align: justify;\"><strong>Exquisita Cocina Real en el Restaurante y Sal\u00f3n Real Can Chanh<\/strong><\/h4><p style=\"text-align: justify;\">Nombrado por el Palacio de Can Chanh (C\u1ea7n Ch\u00e1nh \u0110i\u1ec7n), en el centro mismo del Recinto Imperial, la otrora magn\u00edfica Ciudad P\u00farpura Prohibida de Hue donde el Emperador Bao Dai fue coronado. Decorada con magn\u00edficas pinturas, objetos antiguos, cer\u00e1mica y alfarer\u00eda china y hogar del sello real m\u00e1s poderoso, la C\u1ea7n Ch\u00e1nh \u0110i\u1ec7n fue donde el emperador recibi\u00f3 a delegaciones y embajadores extranjeros, celebr\u00f3 fiestas de la familia real y celebr\u00f3 d\u00edas nacionales y asuntos de estado de la Dinast\u00eda Nguyen hasta 1945.<\/p><p style=\"text-align: justify;\">Se trataba de una ciudadela dentro de una ciudadela y estaba reservada exclusivamente para el uso personal del emperador \u2013 los \u00fanicos sirvientes permitidos en este recinto eran eunucos que no supondr\u00edan ninguna amenaza para las concubinas reales. C\u1ea7n Ch\u00e1nh \u0110i\u1ec7n era tambi\u00e9n donde los emperadores llevaban a cabo ceremonias reales los d\u00edas 5, 10, 20 y 25 del mes seg\u00fan el calendario lunar.<\/p><p style=\"text-align: justify;\">El palacio principal de \u2018Can Chanh Dien\u2019 es uno de los primeros palacios de la residencia \u2018Can Thanh Cung\u2019, construido en 1804 durante el reinado de Gia Long, como la sala principal de trabajo de \u2018Thuong Trieu Chinh Dien\u2019 para los emperadores y su gabinete durante la Dinast\u00eda Nguyen (1802-1945). Desempe\u00f1\u00f3 un papel importante en la pol\u00edtica y expres\u00f3 el poder del reino feudal durante ese per\u00edodo. Durante la guerra de Indochina (1945-1954) fue destruida por un incendio en 1947, y s\u00f3lo se conservaron los cimientos y los restos de varias piezas de piedra.<\/p><p style=\"text-align: justify;\">El emperador Bao Dai fue muy influenciado por la civilizaci\u00f3n francesa; estudi\u00f3 y creci\u00f3 en Francia, y s\u00f3lo regres\u00f3 a Vietnam cuando sucedi\u00f3 al trono y donde vivi\u00f3 la mayor parte de su vida bajo el protectorado de los franceses. Adem\u00e1s, vivi\u00f3 el opulento estilo de vida de la clase alta francesa.<\/p><p style=\"text-align: justify;\">Su estilo, donde Oriente se encuentra con Occidente, personificaba la influencia de los franceses donde hay lujo en la simplicidad y esto ha inspirado la arquitectura de Emperor Cruises. Hemos nombrado al restaurante y sal\u00f3n Can Chanh Palace Royal Restaurant y est\u00e1 situado a la izquierda de la cubierta principal, cerca de donde embarcan los hu\u00e9spedes. Aqu\u00ed son recibidos por nuestra hospitalaria tripulaci\u00f3n con una bebida de salgangan de bienvenida.<\/p><p style=\"text-align: justify;\">Con un nombre tan inspirado, Can Chanh ha sido dise\u00f1ado con una atm\u00f3sfera real tanto para el sal\u00f3n como para el restaurante. Obras de arte encargadas a conocidos artistas vietnamitas adornan las paredes. Pintada exclusivamente para Cruceros del Emperador por el famoso pintor Pham Luc, una de sus obras maestras muestra al Emperador Bao Dai dando una gran audiencia imperial. Ha llevado tiempo completarla y se exhibe exclusivamente a bordo para el placer de los pasajeros de Emperor Cruises.<\/p><p style=\"text-align: justify;\">Can Chanh es el coraz\u00f3n del barco de Emperor Cruises, un lugar para que los viajeros m\u00e1s sofisticados disfruten de la cultura, la historia y la cocina gourmet vietnamita, y donde el glamour y el patrimonio de la realeza se combinan para crear el ep\u00edtome de la elegancia.<\/p><p style=\"text-align: justify;\">El espacioso y relajante sal\u00f3n tiene un c\u00f3modo y elegante mobiliario inspirado en un dise\u00f1o original de 1930, ideal para disfrutar de las impresionantes vistas. Mientras cena con estilo en el Restaurante Real Can Chanh Palace, podr\u00e1 observar la preparaci\u00f3n de la comida en la cocina abierta del restaurante.<\/p><p style=\"text-align: justify;\">Emperor Cruises ha creado una fina experiencia culinaria vietnamita para los paladares m\u00e1s exigentes, para asegurar que la experiencia de cada hu\u00e9sped supere sus expectativas en el Restaurante Real Can Chanh Palace. La cocina del restaurante siempre se prepara con los mejores ingredientes locales para preparar platos reales que antes estaban reservados s\u00f3lo para la familia real.<\/p><p style=\"text-align: justify;\">Cada viaje de una noche incluye almuerzo, cena y brunch. Los hu\u00e9spedes pueden disfrutar de sus experiencias gastron\u00f3micas en su suite, en la terraza, en la bodega o donde quieran, a cualquier hora.<\/p><p style=\"text-align: justify;\">Con cada comida a bordo, los hu\u00e9spedes son tratados con una fina selecci\u00f3n de cervezas locales de cortes\u00eda, licores y vinos distintivos elegidos por nuestros aclamados sommeliers. Todo est\u00e1 incluido. Disfrute de su experiencia gastron\u00f3mica en un lugar tan especial, con gente especial y momentos especiales!<\/p>\t\t\t\t\t\t<\/div>\n\t\t\t\t<\/div>\n\t\t\t\t<div class=\"elementor-element elementor-element-717621b sc_fly_static elementor-widget elementor-widget-spacer\" data-id=\"717621b\" data-element_type=\"widget\" data-widget_type=\"spacer.default\">\n\t\t\t\t<div class=\"elementor-widget-container\">\n\t\t\t\t\t<div class=\"elementor-spacer\">\n\t\t\t<div class=\"elementor-spacer-inner\"><\/div>\n\t\t<\/div>\n\t\t\t\t<\/div>\n\t\t\t\t<\/div>\n\t\t\t\t\t<\/div>\n\t\t<\/div>\n\t\t\t\t\t\t\t<\/div>\n\t\t<\/section>\n\t\t\t\t\t<\/div>\n\t\t<\/div>\n\t\t\t\t\t\t\t<\/div>\n\t\t<\/section>\n\t\t\t\t<section class=\"elementor-section elementor-top-section elementor-element elementor-element-5e66702 elementor-section-full_width elementor-section-height-default elementor-section-height-default sc_fly_static\" data-id=\"5e66702\" data-element_type=\"section\" data-settings=\"{&quot;background_background&quot;:&quot;classic&quot;}\">\n\t\t\t\t\t\t\t<div class=\"elementor-background-overlay\"><\/div>\n\t\t\t\t\t\t\t<div class=\"elementor-container elementor-column-gap-no\">\n\t\t\t\t\t<div class=\"elementor-column elementor-col-100 elementor-top-column elementor-element elementor-element-546bdaa sc_inner_width_none sc_content_align_inherit sc_layouts_column_icons_position_left sc_fly_static\" data-id=\"546bdaa\" data-element_type=\"column\">\n\t\t\t<div class=\"elementor-widget-wrap elementor-element-populated\">\n\t\t\t\t\t\t\t\t<div class=\"elementor-element elementor-element-76c7798 sc_height_medium sc_layouts_hide_on_mobile sc_fly_static elementor-widget elementor-widget-spacer\" data-id=\"76c7798\" data-element_type=\"widget\" data-widget_type=\"spacer.default\">\n\t\t\t\t<div class=\"elementor-widget-container\">\n\t\t\t\t\t<div class=\"elementor-spacer\">\n\t\t\t<div class=\"elementor-spacer-inner\"><\/div>\n\t\t<\/div>\n\t\t\t\t<\/div>\n\t\t\t\t<\/div>\n\t\t\t\t\t<\/div>\n\t\t<\/div>\n\t\t\t\t\t\t\t<\/div>\n\t\t<\/section>\n\t\t\t\t\t\t\t<\/div>\n\t\t","protected":false},"excerpt":{"rendered":"<p>VIDA A BORDO El restaurante del Palacio Real Can Chanh EXPERIENCIA DE CRUCERO \u00daNICA EN LOS PRIMEROS CRUCEROS DE SUITES DE VIETNAM El restaurante del Palacio Real Can Chanh Exquisita&hellip;<\/p>\n","protected":false},"author":1,"featured_media":22557,"parent":0,"menu_order":0,"comment_status":"closed","ping_status":"closed","template":"","meta":[],"_links":{"self":[{"href":"https:\/\/emperorcruises.com\/es\/wp-json\/wp\/v2\/pages\/27785"}],"collection":[{"href":"https:\/\/emperorcruises.com\/es\/wp-json\/wp\/v2\/pages"}],"about":[{"href":"https:\/\/emperorcruises.com\/es\/wp-json\/wp\/v2\/types\/page"}],"author":[{"embeddable":true,"href":"https:\/\/emperorcruises.com\/es\/wp-json\/wp\/v2\/users\/1"}],"replies":[{"embeddable":true,"href":"https:\/\/emperorcruises.com\/es\/wp-json\/wp\/v2\/comments?post=27785"}],"version-history":[{"count":5,"href":"https:\/\/emperorcruises.com\/es\/wp-json\/wp\/v2\/pages\/27785\/revisions"}],"predecessor-version":[{"id":28237,"href":"https:\/\/emperorcruises.com\/es\/wp-json\/wp\/v2\/pages\/27785\/revisions\/28237"}],"wp:featuredmedia":[{"embeddable":true,"href":"https:\/\/emperorcruises.com\/es\/wp-json\/wp\/v2\/media\/22557"}],"wp:attachment":[{"href":"https:\/\/emperorcruises.com\/es\/wp-json\/wp\/v2\/media?parent=27785"}],"curies":[{"name":"wp","href":"https:\/\/api.w.org\/{rel}","templated":true}]}}