{"id":27312,"date":"2022-06-18T19:59:07","date_gmt":"2022-06-18T19:59:07","guid":{"rendered":"https:\/\/emperorcruises.com\/careers\/"},"modified":"2022-09-06T03:59:58","modified_gmt":"2022-09-06T03:59:58","slug":"carrera","status":"publish","type":"page","link":"https:\/\/emperorcruises.com\/es\/carrera\/","title":{"rendered":"Carrera"},"content":{"rendered":"\t\t<div data-elementor-type=\"wp-page\" data-elementor-id=\"27312\" class=\"elementor elementor-27312 elementor-21569\">\n\t\t\t\t\t\t\t\t\t<section class=\"elementor-section elementor-top-section elementor-element elementor-element-3a36902 elementor-section-full_width elementor-section-height-min-height elementor-section-items-bottom elementor-section-stretched elementor-section-height-default sc_fly_static\" data-id=\"3a36902\" data-element_type=\"section\" data-settings=\"{&quot;background_background&quot;:&quot;classic&quot;,&quot;stretch_section&quot;:&quot;section-stretched&quot;}\">\n\t\t\t\t\t\t<div class=\"elementor-container elementor-column-gap-no\">\n\t\t\t\t\t<div class=\"elementor-column elementor-col-100 elementor-top-column elementor-element elementor-element-9fb4331 sc_inner_width_none sc_content_align_inherit sc_layouts_column_icons_position_left sc_fly_static\" data-id=\"9fb4331\" data-element_type=\"column\">\n\t\t\t<div class=\"elementor-widget-wrap elementor-element-populated\">\n\t\t\t\t\t\t\t\t<div class=\"elementor-element elementor-element-3769f12 sc_fly_static elementor-widget elementor-widget-spacer\" data-id=\"3769f12\" data-element_type=\"widget\" data-widget_type=\"spacer.default\">\n\t\t\t\t<div class=\"elementor-widget-container\">\n\t\t\t<style>\/*! elementor - v3.7.8 - 02-10-2022 *\/\n.elementor-column .elementor-spacer-inner{height:var(--spacer-size)}.e-container{--container-widget-width:100%}.e-container>.elementor-widget-spacer{width:var(--container-widget-width,var(--spacer-size));-ms-flex-item-align:stretch;align-self:stretch;-ms-flex-negative:0;flex-shrink:0}.e-container>.elementor-widget-spacer>.elementor-widget-container,.e-container>.elementor-widget-spacer>.elementor-widget-container>.elementor-spacer{height:100%}.e-container>.elementor-widget-spacer>.elementor-widget-container>.elementor-spacer>.elementor-spacer-inner{height:var(--container-widget-height,var(--spacer-size))}<\/style>\t\t<div class=\"elementor-spacer\">\n\t\t\t<div class=\"elementor-spacer-inner\"><\/div>\n\t\t<\/div>\n\t\t\t\t<\/div>\n\t\t\t\t<\/div>\n\t\t\t\t<div class=\"elementor-element elementor-element-d90b52e sc_fly_static elementor-widget elementor-widget-trx_sc_title\" data-id=\"d90b52e\" data-element_type=\"widget\" data-widget_type=\"trx_sc_title.default\">\n\t\t\t\t<div class=\"elementor-widget-container\">\n\t\t\t<div\t\tclass=\"sc_title color_style_link2 sc_title_default\" ><span class=\"sc_item_subtitle sc_title_subtitle sc_align_center sc_item_subtitle_above sc_item_title_style_default\">emperor cruises<\/span><h1 class=\"sc_item_title sc_title_title sc_align_center sc_item_title_style_default sc_item_title_tag trx_addons_inline_1161682579\"\n\t\t\t><span class=\"sc_item_title_text\">Carrera<\/span><\/h1><\/div>\t\t<\/div>\n\t\t\t\t<\/div>\n\t\t\t\t<div class=\"elementor-element elementor-element-ad1cca8 sc_fly_static elementor-widget elementor-widget-spacer\" data-id=\"ad1cca8\" data-element_type=\"widget\" data-widget_type=\"spacer.default\">\n\t\t\t\t<div class=\"elementor-widget-container\">\n\t\t\t\t\t<div class=\"elementor-spacer\">\n\t\t\t<div class=\"elementor-spacer-inner\"><\/div>\n\t\t<\/div>\n\t\t\t\t<\/div>\n\t\t\t\t<\/div>\n\t\t\t\t<section class=\"elementor-section elementor-inner-section elementor-element elementor-element-3af5f09 elementor-section-boxed elementor-section-height-default elementor-section-height-default sc_fly_static\" data-id=\"3af5f09\" data-element_type=\"section\">\n\t\t\t\t\t\t<div class=\"elementor-container elementor-column-gap-extended\">\n\t\t\t\t\t<div class=\"elementor-column elementor-col-100 elementor-inner-column elementor-element elementor-element-06df3b2 sc_inner_width_none sc_content_align_inherit sc_layouts_column_icons_position_left sc_fly_static\" data-id=\"06df3b2\" data-element_type=\"column\">\n\t\t\t<div class=\"elementor-widget-wrap elementor-element-populated\">\n\t\t\t\t\t\t\t\t<div class=\"elementor-element elementor-element-38ba800 elementor-view-default sc_fly_static elementor-widget elementor-widget-icon\" data-id=\"38ba800\" data-element_type=\"widget\" data-widget_type=\"icon.default\">\n\t\t\t\t<div class=\"elementor-widget-container\">\n\t\t\t\t\t<div class=\"elementor-icon-wrapper\">\n\t\t\t<a class=\"elementor-icon\" href=\"#anchor\">\n\t\t\t<svg xmlns=\"http:\/\/www.w3.org\/2000\/svg\" width=\"14.626\" height=\"8.639\" viewBox=\"0 0 14.626 8.639\"><g id=\"down-arrow\" transform=\"translate(0 -70.698)\"><g id=\"Group_8820\" data-name=\"Group 8820\" transform=\"translate(0 100.698)\"><path id=\"Path_6507\" data-name=\"Path 6507\" d=\"M14.392,101.42l-.479-.482a.8.8,0,0,0-1.132,0L7.316,106.4l-5.472-5.472a.8.8,0,0,0-1.132,0l-.479.479a.8.8,0,0,0,0,1.131l6.515,6.538a.818.818,0,0,0,.567.257h0a.818.818,0,0,0,.566-.257l6.508-6.52a.808.808,0,0,0,.234-.571A.8.8,0,0,0,14.392,101.42Z\" transform=\"translate(0 -130.698)\"><\/path><\/g><\/g><\/svg>\t\t\t<\/a>\n\t\t<\/div>\n\t\t\t\t<\/div>\n\t\t\t\t<\/div>\n\t\t\t\t<div class=\"elementor-element elementor-element-73bf6e9 sc_fly_static elementor-widget elementor-widget-spacer\" data-id=\"73bf6e9\" data-element_type=\"widget\" data-widget_type=\"spacer.default\">\n\t\t\t\t<div class=\"elementor-widget-container\">\n\t\t\t\t\t<div class=\"elementor-spacer\">\n\t\t\t<div class=\"elementor-spacer-inner\"><\/div>\n\t\t<\/div>\n\t\t\t\t<\/div>\n\t\t\t\t<\/div>\n\t\t\t\t\t<\/div>\n\t\t<\/div>\n\t\t\t\t\t\t\t<\/div>\n\t\t<\/section>\n\t\t\t\t\t<\/div>\n\t\t<\/div>\n\t\t\t\t\t\t\t<\/div>\n\t\t<\/section>\n\t\t\t\t<section class=\"elementor-section elementor-top-section elementor-element elementor-element-076779a elementor-section-stretched scheme_default elementor-section-boxed elementor-section-height-default elementor-section-height-default sc_fly_static\" data-id=\"076779a\" data-element_type=\"section\" data-settings=\"{&quot;stretch_section&quot;:&quot;section-stretched&quot;,&quot;background_background&quot;:&quot;classic&quot;}\">\n\t\t\t\t\t\t<div class=\"elementor-container elementor-column-gap-extended\">\n\t\t\t\t\t<div class=\"elementor-column elementor-col-100 elementor-top-column elementor-element elementor-element-cc58516 sc_inner_width_none sc_content_align_inherit sc_layouts_column_icons_position_left sc_fly_static\" data-id=\"cc58516\" data-element_type=\"column\">\n\t\t\t<div class=\"elementor-widget-wrap elementor-element-populated\">\n\t\t\t\t\t\t\t\t<div class=\"elementor-element elementor-element-6d4d98a sc_height_medium sc_fly_static elementor-widget elementor-widget-spacer\" data-id=\"6d4d98a\" data-element_type=\"widget\" data-widget_type=\"spacer.default\">\n\t\t\t\t<div class=\"elementor-widget-container\">\n\t\t\t\t\t<div class=\"elementor-spacer\">\n\t\t\t<div class=\"elementor-spacer-inner\"><\/div>\n\t\t<\/div>\n\t\t\t\t<\/div>\n\t\t\t\t<\/div>\n\t\t\t\t<section class=\"elementor-section elementor-inner-section elementor-element elementor-element-80ed635 elementor-section-boxed elementor-section-height-default elementor-section-height-default sc_fly_static\" data-id=\"80ed635\" data-element_type=\"section\">\n\t\t\t\t\t\t<div class=\"elementor-container elementor-column-gap-extended\">\n\t\t\t\t\t<div class=\"elementor-column elementor-col-16 elementor-inner-column elementor-element elementor-element-7d1ca38 sc_inner_width_none sc_content_align_inherit sc_layouts_column_icons_position_left sc_fly_static\" data-id=\"7d1ca38\" data-element_type=\"column\">\n\t\t\t<div class=\"elementor-widget-wrap\">\n\t\t\t\t\t\t\t\t\t<\/div>\n\t\t<\/div>\n\t\t\t\t<div class=\"elementor-column elementor-col-66 elementor-inner-column elementor-element elementor-element-9b4689a sc_inner_width_none sc_content_align_inherit sc_layouts_column_icons_position_left sc_fly_static\" data-id=\"9b4689a\" data-element_type=\"column\">\n\t\t\t<div class=\"elementor-widget-wrap elementor-element-populated\">\n\t\t\t\t\t\t\t\t<div class=\"elementor-element elementor-element-0d7bbc5 sc_fly_static elementor-widget elementor-widget-image\" data-id=\"0d7bbc5\" data-element_type=\"widget\" data-widget_type=\"image.default\">\n\t\t\t\t<div class=\"elementor-widget-container\">\n\t\t\t<style>\/*! elementor - v3.7.8 - 02-10-2022 *\/\n.elementor-widget-image{text-align:center}.elementor-widget-image a{display:inline-block}.elementor-widget-image a img[src$=\".svg\"]{width:48px}.elementor-widget-image img{vertical-align:middle;display:inline-block}<\/style>\t\t\t\t\t\t\t\t\t\t\t\t<img width=\"840\" height=\"473\" src=\"https:\/\/emperorcruises.com\/wp-content\/uploads\/2022\/06\/Beach-Lifestyle-13-840x473.jpg\" class=\"attachment-qwery-thumb-big size-qwery-thumb-big\" alt=\"\" loading=\"lazy\" srcset=\"https:\/\/emperorcruises.com\/wp-content\/uploads\/2022\/06\/Beach-Lifestyle-13-840x473.jpg 840w, https:\/\/emperorcruises.com\/wp-content\/uploads\/2022\/06\/Beach-Lifestyle-13-1290x725.jpg 1290w, https:\/\/emperorcruises.com\/wp-content\/uploads\/2022\/06\/Beach-Lifestyle-13-410x230.jpg 410w, https:\/\/emperorcruises.com\/wp-content\/uploads\/2022\/06\/Beach-Lifestyle-13-270x152.jpg 270w\" sizes=\"(max-width: 840px) 100vw, 840px\" \/>\t\t\t\t\t\t\t\t\t\t\t\t\t\t\t<\/div>\n\t\t\t\t<\/div>\n\t\t\t\t\t<\/div>\n\t\t<\/div>\n\t\t\t\t<div class=\"elementor-column elementor-col-16 elementor-inner-column elementor-element elementor-element-6251783 sc_inner_width_none sc_content_align_inherit sc_layouts_column_icons_position_left sc_fly_static\" data-id=\"6251783\" data-element_type=\"column\">\n\t\t\t<div class=\"elementor-widget-wrap\">\n\t\t\t\t\t\t\t\t\t<\/div>\n\t\t<\/div>\n\t\t\t\t\t\t\t<\/div>\n\t\t<\/section>\n\t\t\t\t<section class=\"elementor-section elementor-inner-section elementor-element elementor-element-7400877 elementor-section-boxed elementor-section-height-default elementor-section-height-default sc_fly_static\" data-id=\"7400877\" data-element_type=\"section\">\n\t\t\t\t\t\t<div class=\"elementor-container elementor-column-gap-extended\">\n\t\t\t\t\t<div class=\"elementor-column elementor-col-100 elementor-inner-column elementor-element elementor-element-680c7dc sc_inner_width_none sc_content_align_inherit sc_layouts_column_icons_position_left sc_fly_static\" data-id=\"680c7dc\" data-element_type=\"column\">\n\t\t\t<div class=\"elementor-widget-wrap elementor-element-populated\">\n\t\t\t\t\t\t\t\t<div class=\"elementor-element elementor-element-62477a4 sc_height_small sc_fly_static elementor-widget elementor-widget-spacer\" data-id=\"62477a4\" data-element_type=\"widget\" data-widget_type=\"spacer.default\">\n\t\t\t\t<div class=\"elementor-widget-container\">\n\t\t\t\t\t<div class=\"elementor-spacer\">\n\t\t\t<div class=\"elementor-spacer-inner\"><\/div>\n\t\t<\/div>\n\t\t\t\t<\/div>\n\t\t\t\t<\/div>\n\t\t\t\t<div class=\"elementor-element elementor-element-39555c4 sc_fly_static elementor-widget elementor-widget-text-editor\" data-id=\"39555c4\" data-element_type=\"widget\" data-widget_type=\"text-editor.default\">\n\t\t\t\t<div class=\"elementor-widget-container\">\n\t\t\t<style>\/*! elementor - v3.7.8 - 02-10-2022 *\/\n.elementor-widget-text-editor.elementor-drop-cap-view-stacked .elementor-drop-cap{background-color:#818a91;color:#fff}.elementor-widget-text-editor.elementor-drop-cap-view-framed .elementor-drop-cap{color:#818a91;border:3px solid;background-color:transparent}.elementor-widget-text-editor:not(.elementor-drop-cap-view-default) .elementor-drop-cap{margin-top:8px}.elementor-widget-text-editor:not(.elementor-drop-cap-view-default) .elementor-drop-cap-letter{width:1em;height:1em}.elementor-widget-text-editor .elementor-drop-cap{float:left;text-align:center;line-height:1;font-size:50px}.elementor-widget-text-editor .elementor-drop-cap-letter{display:inline-block}<\/style>\t\t\t\t<h5 style=\"text-align: allow;\"><strong>Acerca de Emperor Cruises<\/strong><\/h5>\n<p style=\"text-align: allow;\">El crucero se inspir\u00f3 en la lujosa vida del emperador Bao Dai, el \u00faltimo de Vietnam. Por lo tanto, el barco en s\u00ed es un descubrimiento de los a\u00f1os 30 con un dise\u00f1o INSPIRADO, RICO EN HISTORIA y Royal Heritage. Llevamos a sus clientes a experimentar cada momento con nosotros al ser tratados como reyes y reinas, disfrutando de servicios como m\u00fasica, bellas artes, arquitectura, cultura, cocina, historia y actividades al aire libre y al aire libre. actividades de interior, vida en barco, historias del emperador Bao Dai a trav\u00e9s del dise\u00f1o y donde todo est\u00e1 incluido.<\/p>\n<p style=\"text-align: allow;\">Actualmente, Emperor Cruises tiene\u00a0<strong>cruceros de d\u00eda completo y cena al atardecer en la bah\u00eda de Nha Trang y los cruceros Emperor con noche en Ha Long<\/strong>. Somos los primeros y \u00fanicos cruceros de 5 estrellas con todo incluido en Nha Trang y la bah\u00eda de Ha Long<\/p>\n\n<hr \/>\n\n<h4 style=\"text-align: allow;\"><strong>EMPEROR CRUISES NHA TRANG 5* RECLUTAMIENTO<\/strong><\/h4>\n<p style=\"text-align: justify;\"><strong>POSICI\u00d3N: 1 Venta OTA<\/strong><\/p>\n<p style=\"text-align: justify;\">DESCRIPCI\u00d3N DEL TRABAJO:\n\u2022 En conjunto con el gerente de \u00e1rea\/ventas, desarrollar, implementar y administrar las ventas de E-Commerce.\n\u2022 Asistir en el desarrollo e implementaci\u00f3n de una estrategia de precios en l\u00ednea para alcanzar los objetivos de ventas en l\u00ednea en conjunto con la organizaci\u00f3n de ventas local y el departamento de Precios\n\u2022 Cooperar con el Departamento de Marketing para identificar oportunidades de conexi\u00f3n directa con las OTA y desarrollar una estrategia para optimizar los costos de distribuci\u00f3n y la eficiencia.\n\u2022 Atender la solicitud FIT y seguir la reserva\n\u2022 Manejar todos los problemas relacionados con la reserva de OTA y FIT: comentarios de los hu\u00e9spedes, quejas, requisitos&#8230; comunicarse con el hu\u00e9sped.\n\u2022 Realizaci\u00f3n de informes semanales y mensuales directamente al Gerente de Ventas y BOD\n\u2022 Otras funciones que le sean asignadas.<\/p>\n<p estilo=\"texto-alinear: justificar;\">REQUISITO\n\u2022 Idiomas coreano e ingl\u00e9s influyentes\n\u2022 Buenas habilidades de comunicaci\u00f3n\n\u2022 Bueno en Word, Excel, Powerpoint\n\u2022 Capacitaci\u00f3n gratuita de los gerentes\n\u2022 Ser\u00eda ventajoso el conocimiento espec\u00edfico de las OTA de los hu\u00e9spedes de habla coreana o inglesa.<\/p>\n<p style=\"text-align: justificar;\">BENEFICIO\n\u2022 Salario: negociaci\u00f3n\n\u2022 Oportunidad de promoci\u00f3n a una posici\u00f3n m\u00e1s alta\n\u2022 Apoyo para el alojamiento (si est\u00e1 disponible)\n\u2022 Bonificaci\u00f3n por r\u00e9gimen de empresa y otros beneficios<\/p>\n<p style=\"text-align: justificar;\"><strong>APLICACI\u00d3N<\/strong>\nCV en ingl\u00e9s por favor enviar al correo electr\u00f3nico saleshanoi@emperorcruises.com\nOficina: 74 To Hieu street, ciudad de Nha Trang, Khanh Hoa\nSitio web: www.emperorcruises.com<\/p>\n\n<hr \/>\n\n<h4 style=\"text-align: justify;\"><strong>Gerente de ventas &amp; Ventas senior \/ Ventas en l\u00ednea en la oficina de Hanoi<\/strong><\/h4>\n<p style=\"text-align: justify;\">Trabajando en la oficina de Hanoi.<\/p>\n<p style=\"text-align: justify;\"><strong>Producto: Emperor Cruises Ha Long &amp; Bah\u00eda de Nha Trang, Vietnam\nPara Entrevista Inmediata, salario alto + bono<\/strong><\/p>\n<p style=\"text-align: justify;\">Empezar a trabajar: lo antes posible<\/p>\n<p style=\"text-align: allow;\">Ahora buscamos un gerente de ventas que dirija, desarrolle e inspire al equipo de ventas de viajes de cruceros, ocio y turismo para lograr nuestros objetivos de ventas de cruceros. El gerente de ventas brindar\u00e1 el liderazgo para permitir que la empresa logre sus objetivos de ventas, promoviendo la rentabilidad del negocio, monitoreando el desempe\u00f1o, desarrollando nuevos negocios y utilizando los recursos de manera efectiva.<\/p>\n<p style=\"text-align: allow;\"><strong>Las responsabilidades del Gerente de Ventas son:<\/strong><\/p>\n\n<ul style=\"texto-alinear: justificar;\">\n <li>Comprender la visi\u00f3n, la misi\u00f3n, el prop\u00f3sito y los valores de Emperor Cruises Company y ser capaz de articularlos al personal y a los socios.<\/li>\n <li>Garantizar una gesti\u00f3n eficaz de los recursos humanos, el desarrollo del equipo de ventas, asesorar y hacer crecer un s\u00f3lido equipo de ventas de cruceros en las oficinas de Hanoi, Nha Trang y Saig\u00f3n.<\/li>\n <li>Mantener, desarrollar una asociaci\u00f3n productiva con agentes de viajes, operadores tur\u00edsticos, planificadores MICE.<\/li>\n <li>Mantener y enriquecer una base de datos de clientes tanto b2b como b2c. Coord\u00ednese con nuestros representantes en varios mercados.<\/li>\n <li>Comun\u00edquese con los clientes de la manera m\u00e1s efectiva. Campa\u00f1as de gesti\u00f3n de retenci\u00f3n de clientes (CRM), que incluyen campa\u00f1as de correo electr\u00f3nico segmentadas, lanzamientos de folletos &amp; actividad de venta directa.<\/li>\n <li>Establecer y mantener una estrategia local efectiva de marketing y ventas (ventas directas B2C, contratos B2B)<\/li>\n <li>Preparar y\/o asistir a las ferias comerciales, llamadas de ventas, eventos si es necesario.<\/li>\n <li>Dirigir el equipo de ventas para garantizar una alta energ\u00eda, centrado en el cliente con un enfoque constante en el indicador clave de rendimiento (KPI) de ventas.<\/li>\n <li>Establezca, acuerde y ejecute el desempe\u00f1o contra todos los indicadores clave de desempe\u00f1o, mensuales, trimestrales y anuales.<\/li>\n <li>Mida y realice un seguimiento del rendimiento real en comparaci\u00f3n con el rendimiento del presupuesto y realice los ajustes necesarios.<\/li>\n <li>Supervisi\u00f3n e informes del rendimiento y el proceso de Emperor Cruises Ltd.<\/li>\n <li>Maximice los ingresos impulsando oportunidades de ventas adicionales a trav\u00e9s de ventas t\u00e1cticas<\/li>\n <li>Para resolver e investigar activamente los comentarios, problemas y consultas de los clientes<\/li>\n <li>Comun\u00edquese con los proveedores para maximizar las oportunidades de venta clave. comercial, marketing y otros departamentos<\/li>\n <li>Asegurar una alta tasa de trabajo de ventas, alta ocupaci\u00f3n de los barcos adem\u00e1s de establecer objetivos. Cumplir con el objetivo de ventas anual personalmente y con todo el equipo.<\/li>\n <li>Seguir estrictamente el proceso de la empresa y prestaci\u00f3n de servicios al cliente<\/li>\n<\/ul>\n<p style=\"text-align: justify;\"><strong>Las habilidades requeridas para el Gerente de Ventas son:<\/strong><\/p>\n\n<ul style=\"texto-alinear: justificar;\">\n <li>Persona apasionada y con mentalidad de lujo que puede hablar sobre la industria de viajes de lujo en Vietnam e Indochina y viajes de crucero experienciales<\/li>\n <li>Se requieren dos a\u00f1os de experiencia en un puesto similar en cruceros, hospitalidad, viajes y turismo.<\/li>\n <li>Excepcional experiencia en personas, coaching y habilidades de liderazgo<\/li>\n <li>Excelente en habilidades blandas y gesti\u00f3n de ventas<\/li>\n <li>Trayectorias comprobadas que impulsan la motivaci\u00f3n del centro de llamadas y la gesti\u00f3n del cambio<\/li>\n <li>Se prefiere la experiencia de trabajar en la industria de viajes de placer, hoteler\u00eda, turismo y cruceros<\/li>\n <li>Capaz de pensar y operar tanto estrat\u00e9gica como t\u00e1cticamente<\/li>\n <li>Repartidor centrado en tareas con un impulso excepcional para el cambio y la calidad<\/li>\n <li>Enfoque creativo y proactivo para la resoluci\u00f3n de problemas<\/li>\n <li>Excelentes habilidades num\u00e9ricas para comprender las cifras de ventas y c\u00f3mo dejarlas para mejorar el rendimiento de las ventas<\/li>\n <li>Capacidad para trabajar bajo presi\u00f3n y con plazos<\/li>\n <li>Experiencia deseable en la industria de viajes y en la operaci\u00f3n de tours<\/li>\n <li>Capacidad para demostrar excelentes habilidades de comunicaci\u00f3n e influencia<\/li>\n <li>Enfocado comercialmente y al cliente con la capacidad de impulsar un s\u00f3lido desempe\u00f1o de ventas<\/li>\n<\/ul>\n<p style=\"text-align: justificar;\"><strong>BENEFICIOS<\/strong><\/p>\n<p style=\"text-align: justify;\">Salario Alto + Bonificaci\u00f3n + Seguro + Pol\u00edtica de Ventas<\/p>\n<p style=\"text-align: justify;\">Beneficios de la empresa<\/p>\n<p style=\"text-align: justify;\">Subsidio para llamadas de ventas, ferias comerciales en VN y en el extranjero.<\/p>\n<p style=\"text-align: allow;\"><strong>Env\u00ede una carta de solicitud con un curr\u00edculum y una foto reciente a:\u00a0<\/strong><a href=\"mailto:hanoi@emperorcruises.com\">coo@luxcruisesgroup.com<\/a><\/p>\n<p style=\"text-align: justify;\">Contacto: 0914 929 196 (Sra. Huong)<\/p>\t\t\t\t\t\t<\/div>\n\t\t\t\t<\/div>\n\t\t\t\t\t<\/div>\n\t\t<\/div>\n\t\t\t\t\t\t\t<\/div>\n\t\t<\/section>\n\t\t\t\t\t<\/div>\n\t\t<\/div>\n\t\t\t\t\t\t\t<\/div>\n\t\t<\/section>\n\t\t\t\t\t\t\t<\/div>\n\t\t","protected":false},"excerpt":{"rendered":"<p>emperor cruises Carrera Acerca de Emperor Cruises El crucero se inspir\u00f3 en la lujosa vida del emperador Bao Dai, el \u00faltimo de Vietnam. Por lo tanto, el barco en s\u00ed&hellip;<\/p>\n","protected":false},"author":1,"featured_media":22309,"parent":0,"menu_order":0,"comment_status":"closed","ping_status":"closed","template":"","meta":[],"_links":{"self":[{"href":"https:\/\/emperorcruises.com\/es\/wp-json\/wp\/v2\/pages\/27312"}],"collection":[{"href":"https:\/\/emperorcruises.com\/es\/wp-json\/wp\/v2\/pages"}],"about":[{"href":"https:\/\/emperorcruises.com\/es\/wp-json\/wp\/v2\/types\/page"}],"author":[{"embeddable":true,"href":"https:\/\/emperorcruises.com\/es\/wp-json\/wp\/v2\/users\/1"}],"replies":[{"embeddable":true,"href":"https:\/\/emperorcruises.com\/es\/wp-json\/wp\/v2\/comments?post=27312"}],"version-history":[{"count":5,"href":"https:\/\/emperorcruises.com\/es\/wp-json\/wp\/v2\/pages\/27312\/revisions"}],"predecessor-version":[{"id":28040,"href":"https:\/\/emperorcruises.com\/es\/wp-json\/wp\/v2\/pages\/27312\/revisions\/28040"}],"wp:featuredmedia":[{"embeddable":true,"href":"https:\/\/emperorcruises.com\/es\/wp-json\/wp\/v2\/media\/22309"}],"wp:attachment":[{"href":"https:\/\/emperorcruises.com\/es\/wp-json\/wp\/v2\/media?parent=27312"}],"curies":[{"name":"wp","href":"https:\/\/api.w.org\/{rel}","templated":true}]}}