{"id":27300,"date":"2022-06-18T19:55:46","date_gmt":"2022-06-18T19:55:46","guid":{"rendered":"https:\/\/emperorcruises.com\/privacy-policy\/"},"modified":"2022-09-19T04:49:48","modified_gmt":"2022-09-19T04:49:48","slug":"instrucciones-de-pago","status":"publish","type":"page","link":"https:\/\/emperorcruises.com\/es\/instrucciones-de-pago\/","title":{"rendered":"Instrucciones de pago"},"content":{"rendered":"\t\t<div data-elementor-type=\"wp-page\" data-elementor-id=\"27300\" class=\"elementor elementor-27300 elementor-21564\">\n\t\t\t\t\t\t\t\t\t<section class=\"elementor-section elementor-top-section elementor-element elementor-element-3a36902 elementor-section-full_width elementor-section-height-min-height elementor-section-items-bottom elementor-section-stretched elementor-section-height-default sc_fly_static\" data-id=\"3a36902\" data-element_type=\"section\" data-settings=\"{&quot;background_background&quot;:&quot;classic&quot;,&quot;stretch_section&quot;:&quot;section-stretched&quot;}\">\n\t\t\t\t\t\t<div class=\"elementor-container elementor-column-gap-no\">\n\t\t\t\t\t<div class=\"elementor-column elementor-col-100 elementor-top-column elementor-element elementor-element-9fb4331 sc_inner_width_none sc_content_align_inherit sc_layouts_column_icons_position_left sc_fly_static\" data-id=\"9fb4331\" data-element_type=\"column\">\n\t\t\t<div class=\"elementor-widget-wrap elementor-element-populated\">\n\t\t\t\t\t\t\t\t<div class=\"elementor-element elementor-element-3769f12 sc_fly_static elementor-widget elementor-widget-spacer\" data-id=\"3769f12\" data-element_type=\"widget\" data-widget_type=\"spacer.default\">\n\t\t\t\t<div class=\"elementor-widget-container\">\n\t\t\t<style>\/*! elementor - v3.7.8 - 02-10-2022 *\/\n.elementor-column .elementor-spacer-inner{height:var(--spacer-size)}.e-container{--container-widget-width:100%}.e-container>.elementor-widget-spacer{width:var(--container-widget-width,var(--spacer-size));-ms-flex-item-align:stretch;align-self:stretch;-ms-flex-negative:0;flex-shrink:0}.e-container>.elementor-widget-spacer>.elementor-widget-container,.e-container>.elementor-widget-spacer>.elementor-widget-container>.elementor-spacer{height:100%}.e-container>.elementor-widget-spacer>.elementor-widget-container>.elementor-spacer>.elementor-spacer-inner{height:var(--container-widget-height,var(--spacer-size))}<\/style>\t\t<div class=\"elementor-spacer\">\n\t\t\t<div class=\"elementor-spacer-inner\"><\/div>\n\t\t<\/div>\n\t\t\t\t<\/div>\n\t\t\t\t<\/div>\n\t\t\t\t<div class=\"elementor-element elementor-element-d90b52e sc_fly_static elementor-widget elementor-widget-trx_sc_title\" data-id=\"d90b52e\" data-element_type=\"widget\" data-widget_type=\"trx_sc_title.default\">\n\t\t\t\t<div class=\"elementor-widget-container\">\n\t\t\t<div\t\tclass=\"sc_title color_style_link2 sc_title_default\" ><span class=\"sc_item_subtitle sc_title_subtitle sc_align_center sc_item_subtitle_above sc_item_title_style_default\">emperor cruises<\/span><h1 class=\"sc_item_title sc_title_title sc_align_center sc_item_title_style_default sc_item_title_tag trx_addons_inline_329082729\"\n\t\t\t><span class=\"sc_item_title_text\">Instrucciones de pago<\/span><\/h1><\/div>\t\t<\/div>\n\t\t\t\t<\/div>\n\t\t\t\t<div class=\"elementor-element elementor-element-ad1cca8 sc_fly_static elementor-widget elementor-widget-spacer\" data-id=\"ad1cca8\" data-element_type=\"widget\" data-widget_type=\"spacer.default\">\n\t\t\t\t<div class=\"elementor-widget-container\">\n\t\t\t\t\t<div class=\"elementor-spacer\">\n\t\t\t<div class=\"elementor-spacer-inner\"><\/div>\n\t\t<\/div>\n\t\t\t\t<\/div>\n\t\t\t\t<\/div>\n\t\t\t\t<section class=\"elementor-section elementor-inner-section elementor-element elementor-element-3af5f09 elementor-section-boxed elementor-section-height-default elementor-section-height-default sc_fly_static\" data-id=\"3af5f09\" data-element_type=\"section\">\n\t\t\t\t\t\t<div class=\"elementor-container elementor-column-gap-extended\">\n\t\t\t\t\t<div class=\"elementor-column elementor-col-100 elementor-inner-column elementor-element elementor-element-06df3b2 sc_inner_width_none sc_content_align_inherit sc_layouts_column_icons_position_left sc_fly_static\" data-id=\"06df3b2\" data-element_type=\"column\">\n\t\t\t<div class=\"elementor-widget-wrap elementor-element-populated\">\n\t\t\t\t\t\t\t\t<div class=\"elementor-element elementor-element-38ba800 elementor-view-default sc_fly_static elementor-widget elementor-widget-icon\" data-id=\"38ba800\" data-element_type=\"widget\" data-widget_type=\"icon.default\">\n\t\t\t\t<div class=\"elementor-widget-container\">\n\t\t\t\t\t<div class=\"elementor-icon-wrapper\">\n\t\t\t<a class=\"elementor-icon\" href=\"#anchor\">\n\t\t\t<svg xmlns=\"http:\/\/www.w3.org\/2000\/svg\" width=\"14.626\" height=\"8.639\" viewBox=\"0 0 14.626 8.639\"><g id=\"down-arrow\" transform=\"translate(0 -70.698)\"><g id=\"Group_8820\" data-name=\"Group 8820\" transform=\"translate(0 100.698)\"><path id=\"Path_6507\" data-name=\"Path 6507\" d=\"M14.392,101.42l-.479-.482a.8.8,0,0,0-1.132,0L7.316,106.4l-5.472-5.472a.8.8,0,0,0-1.132,0l-.479.479a.8.8,0,0,0,0,1.131l6.515,6.538a.818.818,0,0,0,.567.257h0a.818.818,0,0,0,.566-.257l6.508-6.52a.808.808,0,0,0,.234-.571A.8.8,0,0,0,14.392,101.42Z\" transform=\"translate(0 -130.698)\"><\/path><\/g><\/g><\/svg>\t\t\t<\/a>\n\t\t<\/div>\n\t\t\t\t<\/div>\n\t\t\t\t<\/div>\n\t\t\t\t<div class=\"elementor-element elementor-element-73bf6e9 sc_fly_static elementor-widget elementor-widget-spacer\" data-id=\"73bf6e9\" data-element_type=\"widget\" data-widget_type=\"spacer.default\">\n\t\t\t\t<div class=\"elementor-widget-container\">\n\t\t\t\t\t<div class=\"elementor-spacer\">\n\t\t\t<div class=\"elementor-spacer-inner\"><\/div>\n\t\t<\/div>\n\t\t\t\t<\/div>\n\t\t\t\t<\/div>\n\t\t\t\t\t<\/div>\n\t\t<\/div>\n\t\t\t\t\t\t\t<\/div>\n\t\t<\/section>\n\t\t\t\t\t<\/div>\n\t\t<\/div>\n\t\t\t\t\t\t\t<\/div>\n\t\t<\/section>\n\t\t\t\t<section class=\"elementor-section elementor-top-section elementor-element elementor-element-076779a elementor-section-stretched scheme_default elementor-section-boxed elementor-section-height-default elementor-section-height-default sc_fly_static\" data-id=\"076779a\" data-element_type=\"section\" data-settings=\"{&quot;stretch_section&quot;:&quot;section-stretched&quot;,&quot;background_background&quot;:&quot;classic&quot;}\">\n\t\t\t\t\t\t<div class=\"elementor-container elementor-column-gap-extended\">\n\t\t\t\t\t<div class=\"elementor-column elementor-col-100 elementor-top-column elementor-element elementor-element-cc58516 sc_inner_width_none sc_content_align_inherit sc_layouts_column_icons_position_left sc_fly_static\" data-id=\"cc58516\" data-element_type=\"column\">\n\t\t\t<div class=\"elementor-widget-wrap elementor-element-populated\">\n\t\t\t\t\t\t\t\t<div class=\"elementor-element elementor-element-6d4d98a sc_height_medium sc_fly_static elementor-widget elementor-widget-spacer\" data-id=\"6d4d98a\" data-element_type=\"widget\" data-widget_type=\"spacer.default\">\n\t\t\t\t<div class=\"elementor-widget-container\">\n\t\t\t\t\t<div class=\"elementor-spacer\">\n\t\t\t<div class=\"elementor-spacer-inner\"><\/div>\n\t\t<\/div>\n\t\t\t\t<\/div>\n\t\t\t\t<\/div>\n\t\t\t\t<section class=\"elementor-section elementor-inner-section elementor-element elementor-element-80ed635 elementor-section-boxed elementor-section-height-default elementor-section-height-default sc_fly_static\" data-id=\"80ed635\" data-element_type=\"section\">\n\t\t\t\t\t\t<div class=\"elementor-container elementor-column-gap-extended\">\n\t\t\t\t\t<div class=\"elementor-column elementor-col-16 elementor-inner-column elementor-element elementor-element-7d1ca38 sc_inner_width_none sc_content_align_inherit sc_layouts_column_icons_position_left sc_fly_static\" data-id=\"7d1ca38\" data-element_type=\"column\">\n\t\t\t<div class=\"elementor-widget-wrap\">\n\t\t\t\t\t\t\t\t\t<\/div>\n\t\t<\/div>\n\t\t\t\t<div class=\"elementor-column elementor-col-66 elementor-inner-column elementor-element elementor-element-9b4689a sc_inner_width_none sc_content_align_inherit sc_layouts_column_icons_position_left sc_fly_static\" data-id=\"9b4689a\" data-element_type=\"column\">\n\t\t\t<div class=\"elementor-widget-wrap elementor-element-populated\">\n\t\t\t\t\t\t\t\t<div class=\"elementor-element elementor-element-0d7bbc5 sc_fly_static elementor-widget elementor-widget-image\" data-id=\"0d7bbc5\" data-element_type=\"widget\" data-widget_type=\"image.default\">\n\t\t\t\t<div class=\"elementor-widget-container\">\n\t\t\t<style>\/*! elementor - v3.7.8 - 02-10-2022 *\/\n.elementor-widget-image{text-align:center}.elementor-widget-image a{display:inline-block}.elementor-widget-image a img[src$=\".svg\"]{width:48px}.elementor-widget-image img{vertical-align:middle;display:inline-block}<\/style>\t\t\t\t\t\t\t\t\t\t\t\t<img src=\"https:\/\/emperorcruises.com\/wp-content\/uploads\/2022\/06\/3-768x512.jpg\" title=\"3\" alt=\"3\" \/>\t\t\t\t\t\t\t\t\t\t\t\t\t\t\t<\/div>\n\t\t\t\t<\/div>\n\t\t\t\t\t<\/div>\n\t\t<\/div>\n\t\t\t\t<div class=\"elementor-column elementor-col-16 elementor-inner-column elementor-element elementor-element-6251783 sc_inner_width_none sc_content_align_inherit sc_layouts_column_icons_position_left sc_fly_static\" data-id=\"6251783\" data-element_type=\"column\">\n\t\t\t<div class=\"elementor-widget-wrap\">\n\t\t\t\t\t\t\t\t\t<\/div>\n\t\t<\/div>\n\t\t\t\t\t\t\t<\/div>\n\t\t<\/section>\n\t\t\t\t<section class=\"elementor-section elementor-inner-section elementor-element elementor-element-7400877 elementor-section-boxed elementor-section-height-default elementor-section-height-default sc_fly_static\" data-id=\"7400877\" data-element_type=\"section\">\n\t\t\t\t\t\t<div class=\"elementor-container elementor-column-gap-extended\">\n\t\t\t\t\t<div class=\"elementor-column elementor-col-100 elementor-inner-column elementor-element elementor-element-680c7dc sc_inner_width_none sc_content_align_inherit sc_layouts_column_icons_position_left sc_fly_static\" data-id=\"680c7dc\" data-element_type=\"column\">\n\t\t\t<div class=\"elementor-widget-wrap elementor-element-populated\">\n\t\t\t\t\t\t\t\t<div class=\"elementor-element elementor-element-62477a4 sc_height_small sc_fly_static elementor-widget elementor-widget-spacer\" data-id=\"62477a4\" data-element_type=\"widget\" data-widget_type=\"spacer.default\">\n\t\t\t\t<div class=\"elementor-widget-container\">\n\t\t\t\t\t<div class=\"elementor-spacer\">\n\t\t\t<div class=\"elementor-spacer-inner\"><\/div>\n\t\t<\/div>\n\t\t\t\t<\/div>\n\t\t\t\t<\/div>\n\t\t\t\t<div class=\"elementor-element elementor-element-39555c4 sc_fly_static elementor-widget elementor-widget-text-editor\" data-id=\"39555c4\" data-element_type=\"widget\" data-widget_type=\"text-editor.default\">\n\t\t\t\t<div class=\"elementor-widget-container\">\n\t\t\t<style>\/*! elementor - v3.7.8 - 02-10-2022 *\/\n.elementor-widget-text-editor.elementor-drop-cap-view-stacked .elementor-drop-cap{background-color:#818a91;color:#fff}.elementor-widget-text-editor.elementor-drop-cap-view-framed .elementor-drop-cap{color:#818a91;border:3px solid;background-color:transparent}.elementor-widget-text-editor:not(.elementor-drop-cap-view-default) .elementor-drop-cap{margin-top:8px}.elementor-widget-text-editor:not(.elementor-drop-cap-view-default) .elementor-drop-cap-letter{width:1em;height:1em}.elementor-widget-text-editor .elementor-drop-cap{float:left;text-align:center;line-height:1;font-size:50px}.elementor-widget-text-editor .elementor-drop-cap-letter{display:inline-block}<\/style>\t\t\t\t<div class=\"encabezado-de-p\u00e1gina\"><h2 style=\"text-align: justify;\"><strong>Pol\u00edtica de privacidad<\/strong><\/h2><\/div><div><p style=\"text-align: justify;\">Estamos comprometidos a proteger su privacidad mientras navega por nuestro sitio web. El prop\u00f3sito de esta pol\u00edtica de privacidad es informarle qu\u00e9 informaci\u00f3n se puede recopilar cuando visita el sitio, c\u00f3mo usamos esta informaci\u00f3n, c\u00f3mo se puede compartir dicha informaci\u00f3n con un tercero y c\u00f3mo puede editar, actualizar, corregir o eliminar dicha informaci\u00f3n.<\/p><p style=\"text-align: justify;\"><strong>1 . Recopilaci\u00f3n de informaci\u00f3n personal:<\/strong><br \/>La informaci\u00f3n recopilada a trav\u00e9s de nuestro sitio web ayudar\u00e1 a Emperor Cruises Co., Ltd.<br \/>\u2022 Apoyar a los clientes al comprar nuestros productos<br \/>\u2022 Soluci\u00f3n de problemas de los clientes<br \/>\u2022 Proporcionarle la informaci\u00f3n m\u00e1s reciente en nuestro sitio web<br \/>\u2022 Revisar y actualizar el contenido y la interfaz del sitio web<br \/>\u2022 Realizar encuestas a los clientes<br \/>\u2022 Implementar actividades promocionales relacionadas con los productos y servicios de https:\/\/emperorcruises.com<\/p><p style=\"text-align: justify;\">\u2013 Para acceder y utilizar ciertos servicios en https:\/\/emperorcruises.com, es posible que deba registrarse con nuestra informaci\u00f3n personal (correo electr\u00f3nico, nombre, n\u00famero de tel\u00e9fono&#8230;). Toda la informaci\u00f3n declarada para garantizar la exactitud y legalidad.<\/p><p style=\"text-align: justify;\">\u2013 Tambi\u00e9n podemos recopilar informaci\u00f3n sobre la cantidad de visitas, incluida la cantidad de p\u00e1ginas que ve, la cantidad de enlaces en los que hace clic y otra informaci\u00f3n relacionada con la conexi\u00f3n con Emperor Cruises. Tambi\u00e9n recopilamos informaci\u00f3n sobre los navegadores web (navegador) que utiliza cuando accede al sitio web https:\/\/emperorcruises.com, que incluye: direcci\u00f3n IP, tipo de navegador, uso del idioma y hora de acceso a la direcci\u00f3n del navegador.<\/p><p style=\"text-align: justify;\"><strong>2. Uso de informaci\u00f3n personal:<\/strong><\/p><p style=\"text-align: justify;\">\u2013\u00a0https:\/\/emperorcruises.com\u00a0 recopila y utiliza su informaci\u00f3n personal con un prop\u00f3sito coherente y totalmente compatible con el contenido de la \u201d Pol\u00edtica de privacidad \u201c.<\/p><p style=\"text-align: justify;\">\u2013 Cuando sea necesario, podemos usar esta informaci\u00f3n para comunicarnos con usted directamente, como: enviar cartas de bienvenida, pedidos, cartas de agradecimiento e informaci\u00f3n t\u00e9cnica sobre seguridad, puede recibir un correo electr\u00f3nico regular. proporcionar informaci\u00f3n de productos, servicios, pr\u00f3ximos eventos o informaci\u00f3n de empleo si se suscribe a las notificaciones por correo electr\u00f3nico<\/p><p style=\"text-align: justify;\"><strong>3.Compartir informaci\u00f3n personal:<\/strong><\/p><p style=\"text-align: justify;\">\u2013 Excepto en el caso de utilizar informaci\u00f3n personal como se describe en esta pol\u00edtica, nos comprometemos a no divulgar su informaci\u00f3n personal p\u00fablicamente.<br \/>\u2013 En algunos casos, podemos alquilar una unidad para realizar un proyecto de investigaci\u00f3n de mercado independiente y luego se proporcionar\u00e1 su informaci\u00f3n para que esta unidad lleve a cabo el proyecto. Este tercero estar\u00e1 sujeto a un acuerdo de confidencialidad en virtud del cual se le permite utilizar la informaci\u00f3n proporcionada con el fin de completar el proyecto.<br \/>\u2013 Podemos divulgar o proporcionar su informaci\u00f3n personal en el caso de que sea realmente necesario de la siguiente manera: (a) a pedido de las fuerzas del orden; (b) en los casos en que creamos que nos ayudar\u00e1 a proteger sus derechos leg\u00edtimos conforme a la ley; (c) de emergencia y necesario para proteger la seguridad personal de otros miembros de Emperor Cruises Co., Ltd.<\/p><p style=\"text-align: justify;\"><strong>4 . Acceso a informaci\u00f3n personal:<\/strong><br \/>\u2013 En cualquier momento tambi\u00e9n puede acceder y editar su informaci\u00f3n personal en el enlace correspondiente (https:\/\/emperorcruises.com) que proporcionamos.<\/p><p style=\"text-align: justify;\"><strong>5 . Informaci\u00f3n personal protegida:<\/strong><br \/>\u2013 Cuando nos env\u00eda su informaci\u00f3n de identificaci\u00f3n personal, acepta los t\u00e9rminos que hemos mencionado anteriormente, Emperor Cruises se compromete a proteger la informaci\u00f3n personal de los clientes de todas las formas posibles. Utilizaremos la seguridad de la tecnolog\u00eda de la informaci\u00f3n, como: est\u00e1ndar internacional PCI, SSL, \u2026 para proteger esta informaci\u00f3n de ser recuperada, utilizada o divulgada sin intenci\u00f3n.<\/p><p style=\"text-align: justify;\">\u2013 Sin embargo, debido a limitaciones t\u00e9cnicas, no se pueden transmitir datos a trav\u00e9s de la conexi\u00f3n a Internet, que puede ser 100 % segura. Por lo tanto, no podemos asumir un compromiso firme de que la informaci\u00f3n que nos proporcione se mantendr\u00e1 confidencial y absolutamente segura, y no podemos responsabilizarnos en caso de acceso no autorizado a la informaci\u00f3n personal, como compartir voluntariamente la informaci\u00f3n con otros\u2026. Si no est\u00e1 de acuerdo con los t\u00e9rminos descritos anteriormente, le recomendamos que no nos env\u00ede informaci\u00f3n.<\/p><p style=\"text-align: justify;\">\u2013 Por lo tanto, tambi\u00e9n debe recomendar informaci\u00f3n de seguridad relacionada con su contrase\u00f1a de acceso y no debe compartirla con nadie m\u00e1s.<\/p><p style=\"text-align: justify;\">\u2013 Si est\u00e1 utilizando una computadora p\u00fablica, debe cerrar la sesi\u00f3n o salir de todos los sitios web abiertos de Windows.<\/p><p style=\"text-align: justify;\"><strong>6 Uso de \u00abcookies\u00bb<\/strong><br \/>\u2013\u00a0https:\/\/emperorcruises.com usa \u00abcookies\u00bb para ayudar a personalizar y maximizar el uso eficiente de su tiempo en l\u00ednea para los visitantes.<br \/>\u2013 Una cookie es un archivo de texto que un servidor de p\u00e1ginas Web coloca en su disco duro. Las cookies no se pueden utilizar para ejecutar programas o enviar virus a su computadora. Las cookies se asignan de manera \u00fanica a su computadora y solo pueden ser le\u00eddas por un servidor web en el dominio que emiti\u00f3 la cookie para usted.<\/p><p style=\"text-align: justify;\">\u2013 Uno de los prop\u00f3sitos principales de las cookies es brindar la utilidad de ahorrar tiempo al acceder a su sitio web o visitar el sitio web\u00a0https:\/\/emperorcruises.com nuevamente sin volver a registrar la informaci\u00f3n disponible.<\/p><p style=\"text-align: justify;\">\u2013 Puede aceptar o rechazar las cookies. La mayor\u00eda de los navegadores aceptan autom\u00e1ticamente las cookies, pero puede cambiar la configuraci\u00f3n para rechazar todas las cookies si lo prefiere. Sin embargo, si elige rechazar las cookies, eso puede obstaculizar o afectar negativamente a algunos servicios y caracter\u00edsticas del sitio web que dependen de las cookies.<\/p><p style=\"text-align: justify;\"><strong>7 . Reglamento sobre \u201cSpam\u201d:<\/strong><br \/>\u2013\u00a0https:\/\/emperorcruises.com realmente se refiere al problema del spam (correo basura), las identidades falsas de correo electr\u00f3nico que enviamos. Por lo tanto,\u00a0https:\/\/emperorcruises.com confirma que solo le enviaremos un correo electr\u00f3nico cuando y solo cuando tenga que registrarse o utilizar los servicios de nuestro sistema.<\/p><p style=\"text-align: justify;\">https:\/\/emperorcruises.com\u00a0compromiso de no vender, alquilar o arrendar su correo electr\u00f3nico a terceros. Si sin darse cuenta recibe un correo electr\u00f3nico no solicitado de nuestro sistema debido a una causa inesperada, haga clic en el enlace de este descargo de responsabilidad por correo electr\u00f3nico adjunto o env\u00ede un aviso directamente al administrador del sitio web.<\/p><p style=\"text-align: justify;\"><strong>8 Cambios en la pol\u00edtica :<\/strong><br \/>\u2013 Podemos cambiar completamente el contenido de este sitio sin previo aviso, para adaptarnos a las necesidades y demandas de Emperor Cruises Co., Ltd, as\u00ed como a los comentarios de los clientes, si los hubiere. Al actualizar el contenido de esta pol\u00edtica, revisaremos la hora \u00ab\u00daltima actualizaci\u00f3n\u00bb a continuaci\u00f3n.<\/p><p style=\"text-align: justify;\">\u2013 El contenido de la \u201cPol\u00edtica de privacidad\u201d se aplica \u00fanicamente en https:\/\/emperorcruises.com, sin incluir o relacionar a terceros para colocar anuncios o enlaces en https:\/\/emperorcruises.com. Lo alentamos a que lea la Pol\u00edtica de privacidad y seguridad del sitio de terceros antes de proporcionar informaci\u00f3n personal a dichos sitios. No somos responsables de ninguna manera por el contenido y la legalidad del sitio web de terceros.<\/p><p style=\"text-align: justify;\">\u2013 Entonces, usted acepta que, cuando usa nuestro sitio web despu\u00e9s de editarlo, significa que debe admitir, aceptar cumplir y confiar en esta edici\u00f3n. Por ello, le sugerimos que obtenga una vista previa del contenido de esta p\u00e1gina antes de acceder a otros contenidos del sitio web y que lea y estudie detenidamente el contenido de la \u201cPol\u00edtica de Privacidad\u201d de cada sitio web que est\u00e9 navegando.<\/p><p style=\"text-align: justify;\"><strong>9 Informaci\u00f3n del contacto :<\/strong><br \/>\u2013 Siempre agradecemos sus comentarios, contactos y comentarios sobre la \u201cPol\u00edtica de privacidad\u201d. Si tiene preguntas relacionadas, cont\u00e1ctenos a la direcci\u00f3n de correo electr\u00f3nico: emperor@luxcruisesgroup.com<\/p><\/div>\t\t\t\t\t\t<\/div>\n\t\t\t\t<\/div>\n\t\t\t\t\t<\/div>\n\t\t<\/div>\n\t\t\t\t\t\t\t<\/div>\n\t\t<\/section>\n\t\t\t\t\t<\/div>\n\t\t<\/div>\n\t\t\t\t\t\t\t<\/div>\n\t\t<\/section>\n\t\t\t\t\t\t\t<\/div>\n\t\t","protected":false},"excerpt":{"rendered":"<p>emperor cruises Instrucciones de pago Pol\u00edtica de privacidad Estamos comprometidos a proteger su privacidad mientras navega por nuestro sitio web. El prop\u00f3sito de esta pol\u00edtica de privacidad es informarle qu\u00e9&hellip;<\/p>\n","protected":false},"author":1,"featured_media":22309,"parent":0,"menu_order":0,"comment_status":"closed","ping_status":"closed","template":"","meta":[],"_links":{"self":[{"href":"https:\/\/emperorcruises.com\/es\/wp-json\/wp\/v2\/pages\/27300"}],"collection":[{"href":"https:\/\/emperorcruises.com\/es\/wp-json\/wp\/v2\/pages"}],"about":[{"href":"https:\/\/emperorcruises.com\/es\/wp-json\/wp\/v2\/types\/page"}],"author":[{"embeddable":true,"href":"https:\/\/emperorcruises.com\/es\/wp-json\/wp\/v2\/users\/1"}],"replies":[{"embeddable":true,"href":"https:\/\/emperorcruises.com\/es\/wp-json\/wp\/v2\/comments?post=27300"}],"version-history":[{"count":8,"href":"https:\/\/emperorcruises.com\/es\/wp-json\/wp\/v2\/pages\/27300\/revisions"}],"predecessor-version":[{"id":28842,"href":"https:\/\/emperorcruises.com\/es\/wp-json\/wp\/v2\/pages\/27300\/revisions\/28842"}],"wp:featuredmedia":[{"embeddable":true,"href":"https:\/\/emperorcruises.com\/es\/wp-json\/wp\/v2\/media\/22309"}],"wp:attachment":[{"href":"https:\/\/emperorcruises.com\/es\/wp-json\/wp\/v2\/media?parent=27300"}],"curies":[{"name":"wp","href":"https:\/\/api.w.org\/{rel}","templated":true}]}}