{"id":27291,"date":"2022-06-18T19:21:37","date_gmt":"2022-06-18T19:21:37","guid":{"rendered":"https:\/\/emperorcruises.com\/responsible-cruising\/"},"modified":"2022-09-06T03:29:07","modified_gmt":"2022-09-06T03:29:07","slug":"crucero-responsable","status":"publish","type":"page","link":"https:\/\/emperorcruises.com\/es\/crucero-responsable\/","title":{"rendered":"Crucero Responsable"},"content":{"rendered":"\t\t<div data-elementor-type=\"wp-page\" data-elementor-id=\"27291\" class=\"elementor elementor-27291 elementor-21518\">\n\t\t\t\t\t\t\t\t\t<section class=\"elementor-section elementor-top-section elementor-element elementor-element-3a36902 elementor-section-full_width elementor-section-height-min-height elementor-section-items-bottom elementor-section-stretched elementor-section-height-default sc_fly_static\" data-id=\"3a36902\" data-element_type=\"section\" data-settings=\"{&quot;background_background&quot;:&quot;classic&quot;,&quot;stretch_section&quot;:&quot;section-stretched&quot;}\">\n\t\t\t\t\t\t<div class=\"elementor-container elementor-column-gap-no\">\n\t\t\t\t\t<div class=\"elementor-column elementor-col-100 elementor-top-column elementor-element elementor-element-9fb4331 sc_inner_width_none sc_content_align_inherit sc_layouts_column_icons_position_left sc_fly_static\" data-id=\"9fb4331\" data-element_type=\"column\">\n\t\t\t<div class=\"elementor-widget-wrap elementor-element-populated\">\n\t\t\t\t\t\t\t\t<div class=\"elementor-element elementor-element-3769f12 sc_fly_static elementor-widget elementor-widget-spacer\" data-id=\"3769f12\" data-element_type=\"widget\" data-widget_type=\"spacer.default\">\n\t\t\t\t<div class=\"elementor-widget-container\">\n\t\t\t<style>\/*! elementor - v3.7.8 - 02-10-2022 *\/\n.elementor-column .elementor-spacer-inner{height:var(--spacer-size)}.e-container{--container-widget-width:100%}.e-container>.elementor-widget-spacer{width:var(--container-widget-width,var(--spacer-size));-ms-flex-item-align:stretch;align-self:stretch;-ms-flex-negative:0;flex-shrink:0}.e-container>.elementor-widget-spacer>.elementor-widget-container,.e-container>.elementor-widget-spacer>.elementor-widget-container>.elementor-spacer{height:100%}.e-container>.elementor-widget-spacer>.elementor-widget-container>.elementor-spacer>.elementor-spacer-inner{height:var(--container-widget-height,var(--spacer-size))}<\/style>\t\t<div class=\"elementor-spacer\">\n\t\t\t<div class=\"elementor-spacer-inner\"><\/div>\n\t\t<\/div>\n\t\t\t\t<\/div>\n\t\t\t\t<\/div>\n\t\t\t\t<div class=\"elementor-element elementor-element-d90b52e sc_fly_static elementor-widget elementor-widget-trx_sc_title\" data-id=\"d90b52e\" data-element_type=\"widget\" data-widget_type=\"trx_sc_title.default\">\n\t\t\t\t<div class=\"elementor-widget-container\">\n\t\t\t<div\t\tclass=\"sc_title color_style_link2 sc_title_default\" ><span class=\"sc_item_subtitle sc_title_subtitle sc_align_center sc_item_subtitle_above sc_item_title_style_default\">emperor cruises<\/span><h1 class=\"sc_item_title sc_title_title sc_align_center sc_item_title_style_default sc_item_title_tag trx_addons_inline_34120922\"\n\t\t\t><span class=\"sc_item_title_text\">Crucero responsable<\/span><\/h1><\/div>\t\t<\/div>\n\t\t\t\t<\/div>\n\t\t\t\t<div class=\"elementor-element elementor-element-ad1cca8 sc_fly_static elementor-widget elementor-widget-spacer\" data-id=\"ad1cca8\" data-element_type=\"widget\" data-widget_type=\"spacer.default\">\n\t\t\t\t<div class=\"elementor-widget-container\">\n\t\t\t\t\t<div class=\"elementor-spacer\">\n\t\t\t<div class=\"elementor-spacer-inner\"><\/div>\n\t\t<\/div>\n\t\t\t\t<\/div>\n\t\t\t\t<\/div>\n\t\t\t\t<section class=\"elementor-section elementor-inner-section elementor-element elementor-element-3af5f09 elementor-section-boxed elementor-section-height-default elementor-section-height-default sc_fly_static\" data-id=\"3af5f09\" data-element_type=\"section\">\n\t\t\t\t\t\t<div class=\"elementor-container elementor-column-gap-extended\">\n\t\t\t\t\t<div class=\"elementor-column elementor-col-100 elementor-inner-column elementor-element elementor-element-06df3b2 sc_inner_width_none sc_content_align_inherit sc_layouts_column_icons_position_left sc_fly_static\" data-id=\"06df3b2\" data-element_type=\"column\">\n\t\t\t<div class=\"elementor-widget-wrap elementor-element-populated\">\n\t\t\t\t\t\t\t\t<div class=\"elementor-element elementor-element-38ba800 elementor-view-default sc_fly_static elementor-widget elementor-widget-icon\" data-id=\"38ba800\" data-element_type=\"widget\" data-widget_type=\"icon.default\">\n\t\t\t\t<div class=\"elementor-widget-container\">\n\t\t\t\t\t<div class=\"elementor-icon-wrapper\">\n\t\t\t<a class=\"elementor-icon\" href=\"#anchor\">\n\t\t\t<svg xmlns=\"http:\/\/www.w3.org\/2000\/svg\" width=\"14.626\" height=\"8.639\" viewBox=\"0 0 14.626 8.639\"><g id=\"down-arrow\" transform=\"translate(0 -70.698)\"><g id=\"Group_8820\" data-name=\"Group 8820\" transform=\"translate(0 100.698)\"><path id=\"Path_6507\" data-name=\"Path 6507\" d=\"M14.392,101.42l-.479-.482a.8.8,0,0,0-1.132,0L7.316,106.4l-5.472-5.472a.8.8,0,0,0-1.132,0l-.479.479a.8.8,0,0,0,0,1.131l6.515,6.538a.818.818,0,0,0,.567.257h0a.818.818,0,0,0,.566-.257l6.508-6.52a.808.808,0,0,0,.234-.571A.8.8,0,0,0,14.392,101.42Z\" transform=\"translate(0 -130.698)\"><\/path><\/g><\/g><\/svg>\t\t\t<\/a>\n\t\t<\/div>\n\t\t\t\t<\/div>\n\t\t\t\t<\/div>\n\t\t\t\t<div class=\"elementor-element elementor-element-73bf6e9 sc_fly_static elementor-widget elementor-widget-spacer\" data-id=\"73bf6e9\" data-element_type=\"widget\" data-widget_type=\"spacer.default\">\n\t\t\t\t<div class=\"elementor-widget-container\">\n\t\t\t\t\t<div class=\"elementor-spacer\">\n\t\t\t<div class=\"elementor-spacer-inner\"><\/div>\n\t\t<\/div>\n\t\t\t\t<\/div>\n\t\t\t\t<\/div>\n\t\t\t\t\t<\/div>\n\t\t<\/div>\n\t\t\t\t\t\t\t<\/div>\n\t\t<\/section>\n\t\t\t\t\t<\/div>\n\t\t<\/div>\n\t\t\t\t\t\t\t<\/div>\n\t\t<\/section>\n\t\t\t\t<section class=\"elementor-section elementor-top-section elementor-element elementor-element-076779a elementor-section-stretched scheme_default elementor-section-boxed elementor-section-height-default elementor-section-height-default sc_fly_static\" data-id=\"076779a\" data-element_type=\"section\" data-settings=\"{&quot;stretch_section&quot;:&quot;section-stretched&quot;,&quot;background_background&quot;:&quot;classic&quot;}\">\n\t\t\t\t\t\t<div class=\"elementor-container elementor-column-gap-extended\">\n\t\t\t\t\t<div class=\"elementor-column elementor-col-100 elementor-top-column elementor-element elementor-element-cc58516 sc_inner_width_none sc_content_align_inherit sc_layouts_column_icons_position_left sc_fly_static\" data-id=\"cc58516\" data-element_type=\"column\">\n\t\t\t<div class=\"elementor-widget-wrap elementor-element-populated\">\n\t\t\t\t\t\t\t\t<div class=\"elementor-element elementor-element-6d4d98a sc_height_medium sc_fly_static elementor-widget elementor-widget-spacer\" data-id=\"6d4d98a\" data-element_type=\"widget\" data-widget_type=\"spacer.default\">\n\t\t\t\t<div class=\"elementor-widget-container\">\n\t\t\t\t\t<div class=\"elementor-spacer\">\n\t\t\t<div class=\"elementor-spacer-inner\"><\/div>\n\t\t<\/div>\n\t\t\t\t<\/div>\n\t\t\t\t<\/div>\n\t\t\t\t<section class=\"elementor-section elementor-inner-section elementor-element elementor-element-80ed635 elementor-section-boxed elementor-section-height-default elementor-section-height-default sc_fly_static\" data-id=\"80ed635\" data-element_type=\"section\">\n\t\t\t\t\t\t<div class=\"elementor-container elementor-column-gap-extended\">\n\t\t\t\t\t<div class=\"elementor-column elementor-col-16 elementor-inner-column elementor-element elementor-element-7d1ca38 sc_inner_width_none sc_content_align_inherit sc_layouts_column_icons_position_left sc_fly_static\" data-id=\"7d1ca38\" data-element_type=\"column\">\n\t\t\t<div class=\"elementor-widget-wrap\">\n\t\t\t\t\t\t\t\t\t<\/div>\n\t\t<\/div>\n\t\t\t\t<div class=\"elementor-column elementor-col-66 elementor-inner-column elementor-element elementor-element-9b4689a sc_inner_width_none sc_content_align_inherit sc_layouts_column_icons_position_left sc_fly_static\" data-id=\"9b4689a\" data-element_type=\"column\">\n\t\t\t<div class=\"elementor-widget-wrap elementor-element-populated\">\n\t\t\t\t\t\t\t\t<div class=\"elementor-element elementor-element-0d7bbc5 sc_fly_static elementor-widget elementor-widget-image\" data-id=\"0d7bbc5\" data-element_type=\"widget\" data-widget_type=\"image.default\">\n\t\t\t\t<div class=\"elementor-widget-container\">\n\t\t\t<style>\/*! elementor - v3.7.8 - 02-10-2022 *\/\n.elementor-widget-image{text-align:center}.elementor-widget-image a{display:inline-block}.elementor-widget-image a img[src$=\".svg\"]{width:48px}.elementor-widget-image img{vertical-align:middle;display:inline-block}<\/style>\t\t\t\t\t\t\t\t\t\t\t\t<img width=\"840\" height=\"473\" src=\"https:\/\/emperorcruises.com\/wp-content\/uploads\/2022\/06\/Beach-Lifestyle-13-840x473.jpg\" class=\"attachment-qwery-thumb-big size-qwery-thumb-big\" alt=\"\" loading=\"lazy\" srcset=\"https:\/\/emperorcruises.com\/wp-content\/uploads\/2022\/06\/Beach-Lifestyle-13-840x473.jpg 840w, https:\/\/emperorcruises.com\/wp-content\/uploads\/2022\/06\/Beach-Lifestyle-13-1290x725.jpg 1290w, https:\/\/emperorcruises.com\/wp-content\/uploads\/2022\/06\/Beach-Lifestyle-13-410x230.jpg 410w, https:\/\/emperorcruises.com\/wp-content\/uploads\/2022\/06\/Beach-Lifestyle-13-270x152.jpg 270w\" sizes=\"(max-width: 840px) 100vw, 840px\" \/>\t\t\t\t\t\t\t\t\t\t\t\t\t\t\t<\/div>\n\t\t\t\t<\/div>\n\t\t\t\t\t<\/div>\n\t\t<\/div>\n\t\t\t\t<div class=\"elementor-column elementor-col-16 elementor-inner-column elementor-element elementor-element-6251783 sc_inner_width_none sc_content_align_inherit sc_layouts_column_icons_position_left sc_fly_static\" data-id=\"6251783\" data-element_type=\"column\">\n\t\t\t<div class=\"elementor-widget-wrap\">\n\t\t\t\t\t\t\t\t\t<\/div>\n\t\t<\/div>\n\t\t\t\t\t\t\t<\/div>\n\t\t<\/section>\n\t\t\t\t<section class=\"elementor-section elementor-inner-section elementor-element elementor-element-7400877 elementor-section-boxed elementor-section-height-default elementor-section-height-default sc_fly_static\" data-id=\"7400877\" data-element_type=\"section\">\n\t\t\t\t\t\t<div class=\"elementor-container elementor-column-gap-extended\">\n\t\t\t\t\t<div class=\"elementor-column elementor-col-100 elementor-inner-column elementor-element elementor-element-680c7dc sc_inner_width_none sc_content_align_inherit sc_layouts_column_icons_position_left sc_fly_static\" data-id=\"680c7dc\" data-element_type=\"column\">\n\t\t\t<div class=\"elementor-widget-wrap elementor-element-populated\">\n\t\t\t\t\t\t\t\t<div class=\"elementor-element elementor-element-62477a4 sc_height_small sc_fly_static elementor-widget elementor-widget-spacer\" data-id=\"62477a4\" data-element_type=\"widget\" data-widget_type=\"spacer.default\">\n\t\t\t\t<div class=\"elementor-widget-container\">\n\t\t\t\t\t<div class=\"elementor-spacer\">\n\t\t\t<div class=\"elementor-spacer-inner\"><\/div>\n\t\t<\/div>\n\t\t\t\t<\/div>\n\t\t\t\t<\/div>\n\t\t\t\t<div class=\"elementor-element elementor-element-39555c4 sc_fly_static elementor-widget elementor-widget-text-editor\" data-id=\"39555c4\" data-element_type=\"widget\" data-widget_type=\"text-editor.default\">\n\t\t\t\t<div class=\"elementor-widget-container\">\n\t\t\t<style>\/*! elementor - v3.7.8 - 02-10-2022 *\/\n.elementor-widget-text-editor.elementor-drop-cap-view-stacked .elementor-drop-cap{background-color:#818a91;color:#fff}.elementor-widget-text-editor.elementor-drop-cap-view-framed .elementor-drop-cap{color:#818a91;border:3px solid;background-color:transparent}.elementor-widget-text-editor:not(.elementor-drop-cap-view-default) .elementor-drop-cap{margin-top:8px}.elementor-widget-text-editor:not(.elementor-drop-cap-view-default) .elementor-drop-cap-letter{width:1em;height:1em}.elementor-widget-text-editor .elementor-drop-cap{float:left;text-align:center;line-height:1;font-size:50px}.elementor-widget-text-editor .elementor-drop-cap-letter{display:inline-block}<\/style>\t\t\t\t<p style=\"text-align: justify;\"><strong>\u00a1Se trata de la actitud!<\/strong><\/p><p style=\"text-align: justify;\">La industria del turismo es una de las industrias de m\u00e1s r\u00e1pido crecimiento en el mundo, generando ingresos y creando puestos de trabajo en muchos pa\u00edses, y abriendo el mundo a nuevas generaciones de viajeros. Sin embargo, el impacto del turismo, particularmente en destinos populares como Halong y la bah\u00eda de Bai Tu Long, no es exclusivamente positivo.<\/p><p style=\"text-align: justify;\">Nuestro objetivo es crear los mejores lugares para que la gente viva y los mejores lugares para que la gente los visite. Desde la fundaci\u00f3n de nuestra compa\u00f1\u00eda de cruceros, hemos tenido una clara visi\u00f3n de ayudar a la gente a apreciar la belleza \u00fanica de la bah\u00eda de Halong y la bah\u00eda de Nha Trang con los Cruceros del Emperador, y nos hemos adherido firmemente a las pr\u00e1cticas responsables en nuestros cruceros.<\/p><p style=\"text-align: justify;\">Uno de los efectos m\u00e1s preocupantes de las malas pr\u00e1cticas tur\u00edsticas es el impacto en el medio ambiente. Como resultado, los principios del turismo sostenible y los cruceros responsables est\u00e1n llamando cada vez m\u00e1s la atenci\u00f3n en todo el mundo. Nos comprometemos a pr\u00e1cticas morales y justas en toda la organizaci\u00f3n, contratamos localmente y tratamos de mejorar el crecimiento econ\u00f3mico local.<\/p><p style=\"text-align: justify;\">Dentro de la industria de los viajes, la industria de los cruceros depende particularmente de un entorno natural intacto para crear experiencias memorables. Proteger los recursos naturales y hacer que las operaciones de los cruceros dentro del ambiente marino sean verdaderamente sostenibles son puntos vitales de supervivencia para la industria.<\/p><p style=\"text-align: justify;\">Entendemos profundamente este punto y lo convertimos en una acci\u00f3n diaria para la vida bajo el agua y en tierra. Nunca contaminamos nuestros oc\u00e9anos y r\u00edos, y nuestro equipo recoge la basura cuando navegamos y hacemos kayak, adem\u00e1s de ordenar las playas e islas que visitamos en las excursiones.<\/p><p style=\"text-align: justify;\">Las pol\u00edticas de nuestra flota de Cruceros Emperador aplican pr\u00e1cticas sostenibles y operan sistemas modernos de tratamiento de aguas residuales y de gesti\u00f3n de residuos, adem\u00e1s de hacer esfuerzos para abordar los problemas de contaminaci\u00f3n del agua.<\/p><p style=\"text-align: justify;\">En especial, todos los residuos s\u00f3lidos de nuestros barcos se clasifican y se transfieren a estaciones de residuos en tierra para su tratamiento. Todos los procesos cumplen estrictamente con las normas pertinentes de las autoridades locales.<\/p><p style=\"text-align: justify;\">Adem\u00e1s, creemos que el concepto de \u201cTurismo Sostenible\u201d incluye la creaci\u00f3n de rutinas diarias \u201cVerdes\u201d y la devoluci\u00f3n a la comunidad. Hemos establecido una serie de asociaciones para lograr nuestros objetivos de desarrollo responsable, trabajando con las NGO para proteger el medio ambiente, los parques nacionales y la vida silvestre. Adem\u00e1s, limpiamos los senderos, las islas y las playas donde practicamos el kayak y la nataci\u00f3n. Trabajamos activamente para hacer frente al cambio clim\u00e1tico, mejorar el agua potable y el saneamiento, la reducci\u00f3n de la pobreza, la igualdad de g\u00e9nero y la educaci\u00f3n.<\/p><p style=\"text-align: justify;\">Estamos construyendo una vida mejor para nuestro equipo en los cruceros d\u00eda a d\u00eda. Nuestro equipo y los miembros de la tripulaci\u00f3n hacen todo lo posible para aplicar pr\u00e1cticas sostenibles en todas sus rutinas diarias, como: limitar el uso de bolsas de pl\u00e1stico, evitar el uso innecesario de papel, ahorrar energ\u00eda y conservar el agua.<\/p><p style=\"text-align: justify;\">Tambi\u00e9n creamos e impartimos cursos de capacitaci\u00f3n que alientan a la poblaci\u00f3n local a adoptar pr\u00e1cticas ambientalmente sostenibles en la vida cotidiana, y animamos a las empresas locales a devolver a la comunidad. Nos ocupamos de los viajes sostenibles a trav\u00e9s de las \u201ccinco P\u201d: gente, planeta, prosperidad, paz y asociaciones<\/p><p style=\"text-align: justify;\"><strong>En resumen\u2026<\/strong><\/p><p style=\"text-align: justify;\">Nuestro objetivo es crear el mejor lugar para que la gente viva y los lugares m\u00e1s hermosos para que la gente los visite.<\/p><ul style=\"text-align: justify;\"><li><strong>Actitud<\/strong>:El crucero responsable es todo acerca de la actitud, y el personal del Crucero Emperador est\u00e1 apasionadamente comprometido con los viajes socialmente responsables a trav\u00e9s de la educaci\u00f3n, y reduciendo nuestra huella de carbono.<\/li><li><strong>Materiales de construcci\u00f3n sostenibles<\/strong>:Construido con materiales sostenibles, la estructura del crucero est\u00e1 dise\u00f1ada para maximizar la luz natural y el flujo de aire, y para reducir la necesidad de aire acondicionado.<\/li><li><strong>Reducir, reutilizar, reciclar<\/strong>\u00a0es nuestra pol\u00edtica responsable. Proporcionamos botellas de agua reutilizables y reutilizamos sus toallas y ropa de cama.<\/li><li><strong>Crucero Emperador opera de manera sostenible<\/strong>, crea puestos de trabajo, emplea a gente local, promueve la cultura y los productos locales y apoya un proyecto para proteger la vida marina en la bah\u00eda de Bai Tu Long y la bah\u00eda de Halong.<\/li><li><strong>Cruceros Emperador limpia todos los senderos<\/strong>\u00a0utilizados para el senderismo junto con las islas y playas el d\u00eda 5 de cada mes para que los hu\u00e9spedes puedan disfrutar de las playas y calas v\u00edrgenes en nuestras \u00e1reas de operaci\u00f3n. Conservamos y utilizamos de manera sostenible los oc\u00e9anos, los mares y los recursos marinos para el desarrollo sostenible mediante la gesti\u00f3n sostenible del turismo en los oc\u00e9anos y dentro de ellos.<\/li><\/ul><p style=\"text-align: justify;\"><strong>Crucero con prop\u00f3sito<\/strong>:Crucero con nosotros para crear una mejor bah\u00eda para que la gente viva en ella y un mejor lugar para que los viajeros la visiten. Salvamos el agua dulce y nuestro planeta. Los residuos org\u00e1nicos se transfieren para ser reciclados en biog\u00e1s. Con nuestras pol\u00edticas responsables, pretendemos mantener la bah\u00eda limpia y saludable para que la disfruten las generaciones futuras!<\/p>\t\t\t\t\t\t<\/div>\n\t\t\t\t<\/div>\n\t\t\t\t\t<\/div>\n\t\t<\/div>\n\t\t\t\t\t\t\t<\/div>\n\t\t<\/section>\n\t\t\t\t\t<\/div>\n\t\t<\/div>\n\t\t\t\t\t\t\t<\/div>\n\t\t<\/section>\n\t\t\t\t<section class=\"elementor-section elementor-top-section elementor-element elementor-element-c873346 sc_layouts_hide_on_mobile elementor-section-boxed elementor-section-height-default elementor-section-height-default sc_fly_static\" data-id=\"c873346\" data-element_type=\"section\">\n\t\t\t\t\t\t<div class=\"elementor-container elementor-column-gap-extended\">\n\t\t\t\t\t<div class=\"elementor-column elementor-col-100 elementor-top-column elementor-element elementor-element-0595008 sc_inner_width_none sc_content_align_inherit sc_layouts_column_icons_position_left sc_fly_static\" data-id=\"0595008\" data-element_type=\"column\">\n\t\t\t<div class=\"elementor-widget-wrap elementor-element-populated\">\n\t\t\t\t\t\t\t\t<div class=\"elementor-element elementor-element-4cef149 sc_height_small sc_fly_static elementor-widget elementor-widget-spacer\" data-id=\"4cef149\" data-element_type=\"widget\" data-widget_type=\"spacer.default\">\n\t\t\t\t<div class=\"elementor-widget-container\">\n\t\t\t\t\t<div class=\"elementor-spacer\">\n\t\t\t<div class=\"elementor-spacer-inner\"><\/div>\n\t\t<\/div>\n\t\t\t\t<\/div>\n\t\t\t\t<\/div>\n\t\t\t\t\t<\/div>\n\t\t<\/div>\n\t\t\t\t\t\t\t<\/div>\n\t\t<\/section>\n\t\t\t\t\t\t\t<\/div>\n\t\t","protected":false},"excerpt":{"rendered":"<p>emperor cruises Crucero responsable \u00a1Se trata de la actitud! La industria del turismo es una de las industrias de m\u00e1s r\u00e1pido crecimiento en el mundo, generando ingresos y creando puestos&hellip;<\/p>\n","protected":false},"author":1,"featured_media":22309,"parent":0,"menu_order":0,"comment_status":"closed","ping_status":"closed","template":"","meta":[],"_links":{"self":[{"href":"https:\/\/emperorcruises.com\/es\/wp-json\/wp\/v2\/pages\/27291"}],"collection":[{"href":"https:\/\/emperorcruises.com\/es\/wp-json\/wp\/v2\/pages"}],"about":[{"href":"https:\/\/emperorcruises.com\/es\/wp-json\/wp\/v2\/types\/page"}],"author":[{"embeddable":true,"href":"https:\/\/emperorcruises.com\/es\/wp-json\/wp\/v2\/users\/1"}],"replies":[{"embeddable":true,"href":"https:\/\/emperorcruises.com\/es\/wp-json\/wp\/v2\/comments?post=27291"}],"version-history":[{"count":5,"href":"https:\/\/emperorcruises.com\/es\/wp-json\/wp\/v2\/pages\/27291\/revisions"}],"predecessor-version":[{"id":27981,"href":"https:\/\/emperorcruises.com\/es\/wp-json\/wp\/v2\/pages\/27291\/revisions\/27981"}],"wp:featuredmedia":[{"embeddable":true,"href":"https:\/\/emperorcruises.com\/es\/wp-json\/wp\/v2\/media\/22309"}],"wp:attachment":[{"href":"https:\/\/emperorcruises.com\/es\/wp-json\/wp\/v2\/media?parent=27291"}],"curies":[{"name":"wp","href":"https:\/\/api.w.org\/{rel}","templated":true}]}}