{"id":27589,"date":"2022-06-06T06:12:27","date_gmt":"2022-06-06T06:12:27","guid":{"rendered":"https:\/\/emperorcruises.com\/emperors-secrets\/"},"modified":"2022-08-23T10:22:00","modified_gmt":"2022-08-23T10:22:00","slug":"geheimnisse-von-emperor","status":"publish","type":"page","link":"https:\/\/emperorcruises.com\/de\/geheimnisse-von-emperor\/","title":{"rendered":"GEHEIMNISSE VON EMPEROR"},"content":{"rendered":"\t\t<div data-elementor-type=\"wp-page\" data-elementor-id=\"27589\" class=\"elementor elementor-27589 elementor-19953\">\n\t\t\t\t\t\t\t\t\t<section class=\"elementor-section elementor-top-section elementor-element elementor-element-3a36902 elementor-section-full_width elementor-section-height-min-height elementor-section-items-bottom elementor-section-stretched elementor-section-height-default sc_fly_static\" data-id=\"3a36902\" data-element_type=\"section\" data-settings=\"{&quot;background_background&quot;:&quot;classic&quot;,&quot;stretch_section&quot;:&quot;section-stretched&quot;}\">\n\t\t\t\t\t\t<div class=\"elementor-container elementor-column-gap-no\">\n\t\t\t\t\t<div class=\"elementor-column elementor-col-100 elementor-top-column elementor-element elementor-element-9fb4331 sc_inner_width_none sc_content_align_inherit sc_layouts_column_icons_position_left sc_fly_static\" data-id=\"9fb4331\" data-element_type=\"column\">\n\t\t\t<div class=\"elementor-widget-wrap elementor-element-populated\">\n\t\t\t\t\t\t\t\t<div class=\"elementor-element elementor-element-3769f12 sc_fly_static elementor-widget elementor-widget-spacer\" data-id=\"3769f12\" data-element_type=\"widget\" data-widget_type=\"spacer.default\">\n\t\t\t\t<div class=\"elementor-widget-container\">\n\t\t\t<style>\/*! elementor - v3.7.8 - 02-10-2022 *\/\n.elementor-column .elementor-spacer-inner{height:var(--spacer-size)}.e-container{--container-widget-width:100%}.e-container>.elementor-widget-spacer{width:var(--container-widget-width,var(--spacer-size));-ms-flex-item-align:stretch;align-self:stretch;-ms-flex-negative:0;flex-shrink:0}.e-container>.elementor-widget-spacer>.elementor-widget-container,.e-container>.elementor-widget-spacer>.elementor-widget-container>.elementor-spacer{height:100%}.e-container>.elementor-widget-spacer>.elementor-widget-container>.elementor-spacer>.elementor-spacer-inner{height:var(--container-widget-height,var(--spacer-size))}<\/style>\t\t<div class=\"elementor-spacer\">\n\t\t\t<div class=\"elementor-spacer-inner\"><\/div>\n\t\t<\/div>\n\t\t\t\t<\/div>\n\t\t\t\t<\/div>\n\t\t\t\t<div class=\"elementor-element elementor-element-d90b52e sc_fly_static elementor-widget elementor-widget-trx_sc_title\" data-id=\"d90b52e\" data-element_type=\"widget\" data-widget_type=\"trx_sc_title.default\">\n\t\t\t\t<div class=\"elementor-widget-container\">\n\t\t\t<div\t\tclass=\"sc_title color_style_link3 sc_title_default\" ><span class=\"sc_item_subtitle sc_title_subtitle sc_align_center sc_item_subtitle_above sc_item_title_style_default\">Leben an Bord<\/span><h1 class=\"sc_item_title sc_title_title sc_align_center sc_item_title_style_default sc_item_title_tag trx_addons_inline_825929962\"\n\t\t\t><span class=\"sc_item_title_text\">GEHEIMNISSE VON EMPEROR<\/span><\/h1><\/div>\t\t<\/div>\n\t\t\t\t<\/div>\n\t\t\t\t<div class=\"elementor-element elementor-element-ad1cca8 sc_fly_static elementor-widget elementor-widget-spacer\" data-id=\"ad1cca8\" data-element_type=\"widget\" data-widget_type=\"spacer.default\">\n\t\t\t\t<div class=\"elementor-widget-container\">\n\t\t\t\t\t<div class=\"elementor-spacer\">\n\t\t\t<div class=\"elementor-spacer-inner\"><\/div>\n\t\t<\/div>\n\t\t\t\t<\/div>\n\t\t\t\t<\/div>\n\t\t\t\t<section class=\"elementor-section elementor-inner-section elementor-element elementor-element-3af5f09 elementor-section-boxed elementor-section-height-default elementor-section-height-default sc_fly_static\" data-id=\"3af5f09\" data-element_type=\"section\">\n\t\t\t\t\t\t<div class=\"elementor-container elementor-column-gap-extended\">\n\t\t\t\t\t<div class=\"elementor-column elementor-col-100 elementor-inner-column elementor-element elementor-element-06df3b2 sc_inner_width_none sc_content_align_inherit sc_layouts_column_icons_position_left sc_fly_static\" data-id=\"06df3b2\" data-element_type=\"column\">\n\t\t\t<div class=\"elementor-widget-wrap elementor-element-populated\">\n\t\t\t\t\t\t\t\t<div class=\"elementor-element elementor-element-38ba800 elementor-view-default sc_fly_static elementor-widget elementor-widget-icon\" data-id=\"38ba800\" data-element_type=\"widget\" data-widget_type=\"icon.default\">\n\t\t\t\t<div class=\"elementor-widget-container\">\n\t\t\t\t\t<div class=\"elementor-icon-wrapper\">\n\t\t\t<a class=\"elementor-icon\" href=\"#anchor\">\n\t\t\t<svg xmlns=\"http:\/\/www.w3.org\/2000\/svg\" width=\"14.626\" height=\"8.639\" viewBox=\"0 0 14.626 8.639\"><g id=\"down-arrow\" transform=\"translate(0 -70.698)\"><g id=\"Group_8820\" data-name=\"Group 8820\" transform=\"translate(0 100.698)\"><path id=\"Path_6507\" data-name=\"Path 6507\" d=\"M14.392,101.42l-.479-.482a.8.8,0,0,0-1.132,0L7.316,106.4l-5.472-5.472a.8.8,0,0,0-1.132,0l-.479.479a.8.8,0,0,0,0,1.131l6.515,6.538a.818.818,0,0,0,.567.257h0a.818.818,0,0,0,.566-.257l6.508-6.52a.808.808,0,0,0,.234-.571A.8.8,0,0,0,14.392,101.42Z\" transform=\"translate(0 -130.698)\"><\/path><\/g><\/g><\/svg>\t\t\t<\/a>\n\t\t<\/div>\n\t\t\t\t<\/div>\n\t\t\t\t<\/div>\n\t\t\t\t<div class=\"elementor-element elementor-element-73bf6e9 sc_fly_static elementor-widget elementor-widget-spacer\" data-id=\"73bf6e9\" data-element_type=\"widget\" data-widget_type=\"spacer.default\">\n\t\t\t\t<div class=\"elementor-widget-container\">\n\t\t\t\t\t<div class=\"elementor-spacer\">\n\t\t\t<div class=\"elementor-spacer-inner\"><\/div>\n\t\t<\/div>\n\t\t\t\t<\/div>\n\t\t\t\t<\/div>\n\t\t\t\t\t<\/div>\n\t\t<\/div>\n\t\t\t\t\t\t\t<\/div>\n\t\t<\/section>\n\t\t\t\t\t<\/div>\n\t\t<\/div>\n\t\t\t\t\t\t\t<\/div>\n\t\t<\/section>\n\t\t\t\t<section class=\"elementor-section elementor-top-section elementor-element elementor-element-076779a elementor-section-stretched scheme_default elementor-reverse-tablet elementor-section-boxed elementor-section-height-default elementor-section-height-default sc_fly_static\" data-id=\"076779a\" data-element_type=\"section\" data-settings=\"{&quot;stretch_section&quot;:&quot;section-stretched&quot;,&quot;background_background&quot;:&quot;classic&quot;}\">\n\t\t\t\t\t\t<div class=\"elementor-container elementor-column-gap-extended\">\n\t\t\t\t\t<div class=\"elementor-column elementor-col-100 elementor-top-column elementor-element elementor-element-cc58516 sc_inner_width_none sc_content_align_inherit sc_layouts_column_icons_position_left sc_fly_static\" data-id=\"cc58516\" data-element_type=\"column\">\n\t\t\t<div class=\"elementor-widget-wrap elementor-element-populated\">\n\t\t\t\t\t\t\t\t<div class=\"elementor-element elementor-element-87c1a09 sc_height_medium sc_fly_static elementor-widget elementor-widget-spacer\" data-id=\"87c1a09\" data-element_type=\"widget\" data-widget_type=\"spacer.default\">\n\t\t\t\t<div class=\"elementor-widget-container\">\n\t\t\t\t\t<div class=\"elementor-spacer\">\n\t\t\t<div class=\"elementor-spacer-inner\"><\/div>\n\t\t<\/div>\n\t\t\t\t<\/div>\n\t\t\t\t<\/div>\n\t\t\t\t<section class=\"elementor-section elementor-inner-section elementor-element elementor-element-b7e4835 elementor-section-boxed elementor-section-height-default elementor-section-height-default sc_fly_static\" data-id=\"b7e4835\" data-element_type=\"section\" id=\"anchor\">\n\t\t\t\t\t\t<div class=\"elementor-container elementor-column-gap-extended\">\n\t\t\t\t\t<div class=\"elementor-column elementor-col-16 elementor-inner-column elementor-element elementor-element-ee8667e sc_inner_width_none sc_content_align_inherit sc_layouts_column_icons_position_left sc_fly_static\" data-id=\"ee8667e\" data-element_type=\"column\">\n\t\t\t<div class=\"elementor-widget-wrap\">\n\t\t\t\t\t\t\t\t\t<\/div>\n\t\t<\/div>\n\t\t\t\t<div class=\"elementor-column elementor-col-66 elementor-inner-column elementor-element elementor-element-caf3087 sc_inner_width_none sc_content_align_inherit sc_layouts_column_icons_position_left sc_fly_static\" data-id=\"caf3087\" data-element_type=\"column\">\n\t\t\t<div class=\"elementor-widget-wrap elementor-element-populated\">\n\t\t\t\t\t\t\t\t<div class=\"elementor-element elementor-element-ca0ee5d sc_fly_static elementor-widget elementor-widget-trx_sc_title\" data-id=\"ca0ee5d\" data-element_type=\"widget\" data-widget_type=\"trx_sc_title.default\">\n\t\t\t\t<div class=\"elementor-widget-container\">\n\t\t\t<div\t\tclass=\"sc_title sc_title_accent\" ><span class=\"sc_item_subtitle sc_title_subtitle sc_align_center sc_item_subtitle_above sc_item_title_style_accent\">EINZIGARTIGES KREUZFAHRTERLEBNIS IN VIETNAMS ALLERERSTEN ALL-SUITE-KREUZFAHRTEN<\/span><h2 class=\"sc_item_title sc_title_title sc_align_center sc_item_title_style_accent sc_item_title_tag\"\n\t\t\t><span class=\"sc_item_title_text\">GEHEIMNISSE VON EMPEROR<\/span><\/h2><\/div>\t\t<\/div>\n\t\t\t\t<\/div>\n\t\t\t\t\t<\/div>\n\t\t<\/div>\n\t\t\t\t<div class=\"elementor-column elementor-col-16 elementor-inner-column elementor-element elementor-element-352c34d sc_inner_width_none sc_content_align_inherit sc_layouts_column_icons_position_left sc_fly_static\" data-id=\"352c34d\" data-element_type=\"column\">\n\t\t\t<div class=\"elementor-widget-wrap\">\n\t\t\t\t\t\t\t\t\t<\/div>\n\t\t<\/div>\n\t\t\t\t\t\t\t<\/div>\n\t\t<\/section>\n\t\t\t\t\t<\/div>\n\t\t<\/div>\n\t\t\t\t\t\t\t<\/div>\n\t\t<\/section>\n\t\t\t\t<section class=\"elementor-section elementor-top-section elementor-element elementor-element-8c75c70 elementor-section-stretched scheme_default elementor-section-boxed elementor-section-height-default elementor-section-height-default sc_fly_static\" data-id=\"8c75c70\" data-element_type=\"section\" data-settings=\"{&quot;stretch_section&quot;:&quot;section-stretched&quot;,&quot;background_background&quot;:&quot;classic&quot;}\">\n\t\t\t\t\t\t<div class=\"elementor-container elementor-column-gap-extended\">\n\t\t\t\t\t<div class=\"elementor-column elementor-col-100 elementor-top-column elementor-element elementor-element-70bcf09 sc_inner_width_none sc_content_align_inherit sc_layouts_column_icons_position_left sc_fly_static\" data-id=\"70bcf09\" data-element_type=\"column\">\n\t\t\t<div class=\"elementor-widget-wrap elementor-element-populated\">\n\t\t\t\t\t\t\t\t<div class=\"elementor-element elementor-element-7c2b510 sc_height_medium sc_fly_static elementor-widget elementor-widget-spacer\" data-id=\"7c2b510\" data-element_type=\"widget\" data-widget_type=\"spacer.default\">\n\t\t\t\t<div class=\"elementor-widget-container\">\n\t\t\t\t\t<div class=\"elementor-spacer\">\n\t\t\t<div class=\"elementor-spacer-inner\"><\/div>\n\t\t<\/div>\n\t\t\t\t<\/div>\n\t\t\t\t<\/div>\n\t\t\t\t\t<\/div>\n\t\t<\/div>\n\t\t\t\t\t\t\t<\/div>\n\t\t<\/section>\n\t\t\t\t<section class=\"elementor-section elementor-top-section elementor-element elementor-element-469befa elementor-section-stretched scheme_default elementor-section-boxed elementor-section-height-default elementor-section-height-default sc_fly_static\" data-id=\"469befa\" data-element_type=\"section\" data-settings=\"{&quot;stretch_section&quot;:&quot;section-stretched&quot;,&quot;background_background&quot;:&quot;classic&quot;}\">\n\t\t\t\t\t\t<div class=\"elementor-container elementor-column-gap-extended\">\n\t\t\t\t\t<div class=\"elementor-column elementor-col-100 elementor-top-column elementor-element elementor-element-f082b81 sc_inner_width_none sc_content_align_inherit sc_layouts_column_icons_position_left sc_fly_static\" data-id=\"f082b81\" data-element_type=\"column\">\n\t\t\t<div class=\"elementor-widget-wrap elementor-element-populated\">\n\t\t\t\t\t\t\t\t<section class=\"elementor-section elementor-inner-section elementor-element elementor-element-c0839cc elementor-section-boxed elementor-section-height-default elementor-section-height-default sc_fly_static\" data-id=\"c0839cc\" data-element_type=\"section\">\n\t\t\t\t\t\t<div class=\"elementor-container elementor-column-gap-extended\">\n\t\t\t\t\t<div class=\"elementor-column elementor-col-100 elementor-inner-column elementor-element elementor-element-21715d4 sc_inner_width_none sc_content_align_inherit sc_layouts_column_icons_position_left sc_fly_static\" data-id=\"21715d4\" data-element_type=\"column\">\n\t\t\t<div class=\"elementor-widget-wrap elementor-element-populated\">\n\t\t\t\t\t\t\t\t<div class=\"elementor-element elementor-element-f60ca26 sc_fly_static elementor-widget elementor-widget-text-editor\" data-id=\"f60ca26\" data-element_type=\"widget\" data-widget_type=\"text-editor.default\">\n\t\t\t\t<div class=\"elementor-widget-container\">\n\t\t\t<style>\/*! elementor - v3.7.8 - 02-10-2022 *\/\n.elementor-widget-text-editor.elementor-drop-cap-view-stacked .elementor-drop-cap{background-color:#818a91;color:#fff}.elementor-widget-text-editor.elementor-drop-cap-view-framed .elementor-drop-cap{color:#818a91;border:3px solid;background-color:transparent}.elementor-widget-text-editor:not(.elementor-drop-cap-view-default) .elementor-drop-cap{margin-top:8px}.elementor-widget-text-editor:not(.elementor-drop-cap-view-default) .elementor-drop-cap-letter{width:1em;height:1em}.elementor-widget-text-editor .elementor-drop-cap{float:left;text-align:center;line-height:1;font-size:50px}.elementor-widget-text-editor .elementor-drop-cap-letter{display:inline-block}<\/style>\t\t\t\t<p><img loading=\"lazy\" class=\"wp-image-19956 size-trx_addons-thumb-portrait aligncenter\" src=\"http:\/\/emperorcruises.com\/wp-content\/uploads\/2022\/06\/bao_dai-600x800-1-370x493.jpg\" alt=\"\" width=\"370\" height=\"493\" \/><\/p><p style=\"text-align: center;\"><strong>BAO-DAI-KAISER<\/strong><\/p><p style=\"text-align: justify;\"><strong>Vorwort<\/strong><\/p><p style=\"text-align: justify;\">Liebe Kreuzfahrt-Liebhaber, willkommen an Bord!<\/p><p style=\"text-align: justify;\">\u201cOn parle fran\u00e7ais\u201d ist die einzige Gemeinsamkeit zwischen dem Kaiser Bao Dai und mir!<\/p><p style=\"text-align: justify;\">Wie Sie vielleicht wissen, hat uns der verschwenderische Lebensstil von Bao Dai (d.h. dem H\u00fcter der Gr\u00f6\u00dfe) dazu inspiriert, Kaiserkreuzfahrten zu bauen. Dank dieses besonderen Projekts habe ich viele unerz\u00e4hlte Geschichten \u00fcber die k\u00f6nigliche Familie und Bao Dai, den letzten Kaiser der Nguyen-Dynastie und eine wichtige historische Pers\u00f6nlichkeit in den Wirren der vietnamesischen Geschichte, entdeckt.<\/p><p style=\"text-align: justify;\">Auf der Suche nach Informationen \u00fcber Bao Dai habe ich pers\u00f6nlich auf Bibliotheken, Archive, B\u00fccher und alte Fotos zugegriffen, und ich hatte das Gl\u00fcck, den engagierten Forscher aus Hue, Nguyen Dac Xuan, zu treffen, der eine Vielzahl von B\u00fcchern \u00fcber Kaiser Bao Dai, K\u00f6nigin Nam Phuong und die Kaiserstadt Hue geschrieben hat. Ihm gefiel unsere inspirierte Gesch\u00e4ftsidee f\u00fcr Emperor Cruises, und er ermutigte uns, die vietnamesische Kultur durch den Tourismus zu f\u00f6rdern, indem er einen enormen Beitrag zu unseren Erkenntnissen leistete und uns half, ein wenig \u00fcber diese besondere Person in der vietnamesischen Geschichte zu verstehen.<\/p><p style=\"text-align: justify;\">Unter vielen faszinierenden Fakten fanden wir heraus, dass es Bao Dai war, der am 11. M\u00e4rz 1945 eine Erkl\u00e4rung ver\u00f6ffentlichte, in der er den 1884 mit den Franzosen unterzeichneten Friedensvertrag Patenotre aufhob, um ihnen die Kolonialherrschaft zu \u00fcbertragen, und eine kaiserliche Unabh\u00e4ngigkeitserkl\u00e4rung f\u00fcr Vietnam aussprach. W\u00e4hrend seiner Herrschaft gab es in Vietnam eine gro\u00dfe Vielfalt politischer Parteien mit Dutzenden von Parteien im Mehrparteiensystem. F\u00fcr Vietnam war er historisch gesehen eine wichtige Person, sowohl ein Reformer als auch ein Patriot. Sein ganzes Leben war jedoch mit der Zahl 13 verbunden, die als Ungl\u00fcckszahl galt, da er 1913 geboren wurde und der 13. Kaiser der Nguyen-Dynastie war.<\/p><p><img loading=\"lazy\" class=\"aligncenter wp-image-19957 size-trx_addons-thumb-portrait\" src=\"http:\/\/emperorcruises.com\/wp-content\/uploads\/2022\/06\/nam_phuong-600x800-1-370x493.jpg\" alt=\"\" width=\"370\" height=\"493\" \/><\/p><p style=\"text-align: center;\"><strong>K\u00d6NIGIN NAM PHUONG<\/strong><\/p><p style=\"text-align: justify;\">In dieser Publikation, die exklusiv f\u00fcr die hauseigenen G\u00e4ste von Emperor Cruises erscheint, werden Sie auf jeder Seite meine faszinierendsten Entdeckungen entdecken: Fotos vom opulenten Lebensstil des Kaisers, seine k\u00f6niglichen Villen in ganz Vietnam, die sch\u00f6nen Frauen Bao Dais, die Geschichte seiner allerersten K\u00f6nigin, Nam Phuong, ihres Sohnes, Prinz Bao Long und der K\u00f6niginmutter Tu Cung. Schlie\u00dflich enth\u00fcllt ein Gentleman, den wir in Dalat trafen, in der Geschichte einer Wache die wunderbarsten Charaktere und Geschichten des H\u00fcters der Gr\u00f6\u00dfe.<\/p><p style=\"text-align: justify;\">Um die Genauigkeit dieses pr\u00e4gnanten Buches zu gew\u00e4hrleisten, habe ich verschiedene, oben erw\u00e4hnte Quellen verwendet. Verzeihen Sie mir, wenn ich Ihre verwendet habe, ohne sie anzuerkennen, und ich wei\u00df Ihre freundliche Unterst\u00fctzung und Ihre konstruktiven Kommentare sehr zu sch\u00e4tzen. Ich erfahre immer noch mehr \u00fcber den Mann und den Kaiser und werde Sie weiterhin inspirieren, indem ich in die n\u00e4chste Ausgabe dieses Buches neue Informationen f\u00fcr unsere G\u00e4ste aufnehme. Abschlie\u00dfend m\u00f6chte ich sagen, dass der Nachruf der New York Times eine ausgezeichnete Zusammenfassung von Bao Dai\u2019s Leben ist, als er 1997 in Frankreich verstarb und auf dem ber\u00fchmten Friedhof von Passy in Paris beigesetzt wurde.<\/p><p style=\"text-align: justify;\">Ich hoffe, dass Sie durch die Lekt\u00fcre dieses Buches Bao Dai\u2019s Leben ebenso faszinierend finden wie ich und dass Sie eine unvergessliche Zeit an Bord von Emperor Cruises erleben werden, inspiriert durch den Lebensstil des Kaisers, wenn die Sch\u00e4tze von Nha Trang und Ha Long enth\u00fcllt werden und Sie herausfinden, warum die Buchten zu zwei der 29 sch\u00f6nsten der Welt gew\u00e4hlt wurden.<\/p><p><strong>Pham Ha<\/strong><\/p><p>Mitbegr\u00fcnder<br \/>Empror Cruises<\/p>\t\t\t\t\t\t<\/div>\n\t\t\t\t<\/div>\n\t\t\t\t\t<\/div>\n\t\t<\/div>\n\t\t\t\t\t\t\t<\/div>\n\t\t<\/section>\n\t\t\t\t<section class=\"elementor-section elementor-inner-section elementor-element elementor-element-60c2d8e elementor-section-boxed elementor-section-height-default elementor-section-height-default sc_fly_static\" data-id=\"60c2d8e\" data-element_type=\"section\">\n\t\t\t\t\t\t<div class=\"elementor-container elementor-column-gap-no\">\n\t\t\t\t\t<div class=\"elementor-column elementor-col-100 elementor-inner-column elementor-element elementor-element-61713be sc_inner_width_none sc_content_align_inherit sc_layouts_column_icons_position_left sc_fly_static\" data-id=\"61713be\" data-element_type=\"column\">\n\t\t\t<div class=\"elementor-widget-wrap elementor-element-populated\">\n\t\t\t\t\t\t\t\t<div class=\"elementor-element elementor-element-e33a3dc sc_height_medium sc_fly_static elementor-widget elementor-widget-spacer\" data-id=\"e33a3dc\" data-element_type=\"widget\" data-widget_type=\"spacer.default\">\n\t\t\t\t<div class=\"elementor-widget-container\">\n\t\t\t\t\t<div class=\"elementor-spacer\">\n\t\t\t<div class=\"elementor-spacer-inner\"><\/div>\n\t\t<\/div>\n\t\t\t\t<\/div>\n\t\t\t\t<\/div>\n\t\t\t\t\t<\/div>\n\t\t<\/div>\n\t\t\t\t\t\t\t<\/div>\n\t\t<\/section>\n\t\t\t\t\t<\/div>\n\t\t<\/div>\n\t\t\t\t\t\t\t<\/div>\n\t\t<\/section>\n\t\t\t\t<section class=\"elementor-section elementor-top-section elementor-element elementor-element-ba431d7 elementor-section-full_width elementor-section-height-default elementor-section-height-default sc_fly_static\" data-id=\"ba431d7\" data-element_type=\"section\" data-settings=\"{&quot;background_background&quot;:&quot;classic&quot;}\">\n\t\t\t\t\t\t\t<div class=\"elementor-background-overlay\"><\/div>\n\t\t\t\t\t\t\t<div class=\"elementor-container elementor-column-gap-no\">\n\t\t\t\t\t<div class=\"elementor-column elementor-col-100 elementor-top-column elementor-element elementor-element-36b9239 sc_inner_width_none sc_content_align_inherit sc_layouts_column_icons_position_left sc_fly_static\" data-id=\"36b9239\" data-element_type=\"column\">\n\t\t\t<div class=\"elementor-widget-wrap elementor-element-populated\">\n\t\t\t\t\t\t\t\t<div class=\"elementor-element elementor-element-9fc6ce5 sc_layouts_hide_on_mobile sc_height_medium sc_fly_static elementor-widget elementor-widget-spacer\" data-id=\"9fc6ce5\" data-element_type=\"widget\" data-widget_type=\"spacer.default\">\n\t\t\t\t<div class=\"elementor-widget-container\">\n\t\t\t\t\t<div class=\"elementor-spacer\">\n\t\t\t<div class=\"elementor-spacer-inner\"><\/div>\n\t\t<\/div>\n\t\t\t\t<\/div>\n\t\t\t\t<\/div>\n\t\t\t\t\t<\/div>\n\t\t<\/div>\n\t\t\t\t\t\t\t<\/div>\n\t\t<\/section>\n\t\t\t\t\t\t\t<\/div>\n\t\t","protected":false},"excerpt":{"rendered":"<p>Leben an Bord GEHEIMNISSE VON EMPEROR EINZIGARTIGES KREUZFAHRTERLEBNIS IN VIETNAMS ALLERERSTEN ALL-SUITE-KREUZFAHRTEN GEHEIMNISSE VON EMPEROR BAO-DAI-KAISER Vorwort Liebe Kreuzfahrt-Liebhaber, willkommen an Bord! \u201cOn parle fran\u00e7ais\u201d ist die einzige Gemeinsamkeit zwischen&hellip;<\/p>\n","protected":false},"author":1,"featured_media":22460,"parent":0,"menu_order":0,"comment_status":"closed","ping_status":"closed","template":"","meta":[],"_links":{"self":[{"href":"https:\/\/emperorcruises.com\/de\/wp-json\/wp\/v2\/pages\/27589"}],"collection":[{"href":"https:\/\/emperorcruises.com\/de\/wp-json\/wp\/v2\/pages"}],"about":[{"href":"https:\/\/emperorcruises.com\/de\/wp-json\/wp\/v2\/types\/page"}],"author":[{"embeddable":true,"href":"https:\/\/emperorcruises.com\/de\/wp-json\/wp\/v2\/users\/1"}],"replies":[{"embeddable":true,"href":"https:\/\/emperorcruises.com\/de\/wp-json\/wp\/v2\/comments?post=27589"}],"version-history":[{"count":9,"href":"https:\/\/emperorcruises.com\/de\/wp-json\/wp\/v2\/pages\/27589\/revisions"}],"predecessor-version":[{"id":27602,"href":"https:\/\/emperorcruises.com\/de\/wp-json\/wp\/v2\/pages\/27589\/revisions\/27602"}],"wp:featuredmedia":[{"embeddable":true,"href":"https:\/\/emperorcruises.com\/de\/wp-json\/wp\/v2\/media\/22460"}],"wp:attachment":[{"href":"https:\/\/emperorcruises.com\/de\/wp-json\/wp\/v2\/media?parent=27589"}],"curies":[{"name":"wp","href":"https:\/\/api.w.org\/{rel}","templated":true}]}}