{"id":27310,"date":"2022-06-18T19:59:07","date_gmt":"2022-06-18T19:59:07","guid":{"rendered":"https:\/\/emperorcruises.com\/careers\/"},"modified":"2022-08-17T12:35:06","modified_gmt":"2022-08-17T12:35:06","slug":"karriere","status":"publish","type":"page","link":"https:\/\/emperorcruises.com\/de\/karriere\/","title":{"rendered":"Karriere"},"content":{"rendered":"\t\t<div data-elementor-type=\"wp-page\" data-elementor-id=\"27310\" class=\"elementor elementor-27310 elementor-21569\">\n\t\t\t\t\t\t\t\t\t<section class=\"elementor-section elementor-top-section elementor-element elementor-element-3a36902 elementor-section-full_width elementor-section-height-min-height elementor-section-items-bottom elementor-section-stretched elementor-section-height-default sc_fly_static\" data-id=\"3a36902\" data-element_type=\"section\" data-settings=\"{&quot;background_background&quot;:&quot;classic&quot;,&quot;stretch_section&quot;:&quot;section-stretched&quot;}\">\n\t\t\t\t\t\t<div class=\"elementor-container elementor-column-gap-no\">\n\t\t\t\t\t<div class=\"elementor-column elementor-col-100 elementor-top-column elementor-element elementor-element-9fb4331 sc_inner_width_none sc_content_align_inherit sc_layouts_column_icons_position_left sc_fly_static\" data-id=\"9fb4331\" data-element_type=\"column\">\n\t\t\t<div class=\"elementor-widget-wrap elementor-element-populated\">\n\t\t\t\t\t\t\t\t<div class=\"elementor-element elementor-element-3769f12 sc_fly_static elementor-widget elementor-widget-spacer\" data-id=\"3769f12\" data-element_type=\"widget\" data-widget_type=\"spacer.default\">\n\t\t\t\t<div class=\"elementor-widget-container\">\n\t\t\t<style>\/*! elementor - v3.7.8 - 02-10-2022 *\/\n.elementor-column .elementor-spacer-inner{height:var(--spacer-size)}.e-container{--container-widget-width:100%}.e-container>.elementor-widget-spacer{width:var(--container-widget-width,var(--spacer-size));-ms-flex-item-align:stretch;align-self:stretch;-ms-flex-negative:0;flex-shrink:0}.e-container>.elementor-widget-spacer>.elementor-widget-container,.e-container>.elementor-widget-spacer>.elementor-widget-container>.elementor-spacer{height:100%}.e-container>.elementor-widget-spacer>.elementor-widget-container>.elementor-spacer>.elementor-spacer-inner{height:var(--container-widget-height,var(--spacer-size))}<\/style>\t\t<div class=\"elementor-spacer\">\n\t\t\t<div class=\"elementor-spacer-inner\"><\/div>\n\t\t<\/div>\n\t\t\t\t<\/div>\n\t\t\t\t<\/div>\n\t\t\t\t<div class=\"elementor-element elementor-element-d90b52e sc_fly_static elementor-widget elementor-widget-trx_sc_title\" data-id=\"d90b52e\" data-element_type=\"widget\" data-widget_type=\"trx_sc_title.default\">\n\t\t\t\t<div class=\"elementor-widget-container\">\n\t\t\t<div\t\tclass=\"sc_title color_style_link2 sc_title_default\" ><span class=\"sc_item_subtitle sc_title_subtitle sc_align_center sc_item_subtitle_above sc_item_title_style_default\">emperor cruises<\/span><h1 class=\"sc_item_title sc_title_title sc_align_center sc_item_title_style_default sc_item_title_tag trx_addons_inline_1229789429\"\n\t\t\t><span class=\"sc_item_title_text\">Karriere<\/span><\/h1><\/div>\t\t<\/div>\n\t\t\t\t<\/div>\n\t\t\t\t<div class=\"elementor-element elementor-element-ad1cca8 sc_fly_static elementor-widget elementor-widget-spacer\" data-id=\"ad1cca8\" data-element_type=\"widget\" data-widget_type=\"spacer.default\">\n\t\t\t\t<div class=\"elementor-widget-container\">\n\t\t\t\t\t<div class=\"elementor-spacer\">\n\t\t\t<div class=\"elementor-spacer-inner\"><\/div>\n\t\t<\/div>\n\t\t\t\t<\/div>\n\t\t\t\t<\/div>\n\t\t\t\t<section class=\"elementor-section elementor-inner-section elementor-element elementor-element-3af5f09 elementor-section-boxed elementor-section-height-default elementor-section-height-default sc_fly_static\" data-id=\"3af5f09\" data-element_type=\"section\">\n\t\t\t\t\t\t<div class=\"elementor-container elementor-column-gap-extended\">\n\t\t\t\t\t<div class=\"elementor-column elementor-col-100 elementor-inner-column elementor-element elementor-element-06df3b2 sc_inner_width_none sc_content_align_inherit sc_layouts_column_icons_position_left sc_fly_static\" data-id=\"06df3b2\" data-element_type=\"column\">\n\t\t\t<div class=\"elementor-widget-wrap elementor-element-populated\">\n\t\t\t\t\t\t\t\t<div class=\"elementor-element elementor-element-38ba800 elementor-view-default sc_fly_static elementor-widget elementor-widget-icon\" data-id=\"38ba800\" data-element_type=\"widget\" data-widget_type=\"icon.default\">\n\t\t\t\t<div class=\"elementor-widget-container\">\n\t\t\t\t\t<div class=\"elementor-icon-wrapper\">\n\t\t\t<a class=\"elementor-icon\" href=\"#anchor\">\n\t\t\t<svg xmlns=\"http:\/\/www.w3.org\/2000\/svg\" width=\"14.626\" height=\"8.639\" viewBox=\"0 0 14.626 8.639\"><g id=\"down-arrow\" transform=\"translate(0 -70.698)\"><g id=\"Group_8820\" data-name=\"Group 8820\" transform=\"translate(0 100.698)\"><path id=\"Path_6507\" data-name=\"Path 6507\" d=\"M14.392,101.42l-.479-.482a.8.8,0,0,0-1.132,0L7.316,106.4l-5.472-5.472a.8.8,0,0,0-1.132,0l-.479.479a.8.8,0,0,0,0,1.131l6.515,6.538a.818.818,0,0,0,.567.257h0a.818.818,0,0,0,.566-.257l6.508-6.52a.808.808,0,0,0,.234-.571A.8.8,0,0,0,14.392,101.42Z\" transform=\"translate(0 -130.698)\"><\/path><\/g><\/g><\/svg>\t\t\t<\/a>\n\t\t<\/div>\n\t\t\t\t<\/div>\n\t\t\t\t<\/div>\n\t\t\t\t<div class=\"elementor-element elementor-element-73bf6e9 sc_fly_static elementor-widget elementor-widget-spacer\" data-id=\"73bf6e9\" data-element_type=\"widget\" data-widget_type=\"spacer.default\">\n\t\t\t\t<div class=\"elementor-widget-container\">\n\t\t\t\t\t<div class=\"elementor-spacer\">\n\t\t\t<div class=\"elementor-spacer-inner\"><\/div>\n\t\t<\/div>\n\t\t\t\t<\/div>\n\t\t\t\t<\/div>\n\t\t\t\t\t<\/div>\n\t\t<\/div>\n\t\t\t\t\t\t\t<\/div>\n\t\t<\/section>\n\t\t\t\t\t<\/div>\n\t\t<\/div>\n\t\t\t\t\t\t\t<\/div>\n\t\t<\/section>\n\t\t\t\t<section class=\"elementor-section elementor-top-section elementor-element elementor-element-076779a elementor-section-stretched scheme_default elementor-section-boxed elementor-section-height-default elementor-section-height-default sc_fly_static\" data-id=\"076779a\" data-element_type=\"section\" data-settings=\"{&quot;stretch_section&quot;:&quot;section-stretched&quot;,&quot;background_background&quot;:&quot;classic&quot;}\">\n\t\t\t\t\t\t<div class=\"elementor-container elementor-column-gap-extended\">\n\t\t\t\t\t<div class=\"elementor-column elementor-col-100 elementor-top-column elementor-element elementor-element-cc58516 sc_inner_width_none sc_content_align_inherit sc_layouts_column_icons_position_left sc_fly_static\" data-id=\"cc58516\" data-element_type=\"column\">\n\t\t\t<div class=\"elementor-widget-wrap elementor-element-populated\">\n\t\t\t\t\t\t\t\t<div class=\"elementor-element elementor-element-6d4d98a sc_height_medium sc_fly_static elementor-widget elementor-widget-spacer\" data-id=\"6d4d98a\" data-element_type=\"widget\" data-widget_type=\"spacer.default\">\n\t\t\t\t<div class=\"elementor-widget-container\">\n\t\t\t\t\t<div class=\"elementor-spacer\">\n\t\t\t<div class=\"elementor-spacer-inner\"><\/div>\n\t\t<\/div>\n\t\t\t\t<\/div>\n\t\t\t\t<\/div>\n\t\t\t\t<section class=\"elementor-section elementor-inner-section elementor-element elementor-element-80ed635 elementor-section-boxed elementor-section-height-default elementor-section-height-default sc_fly_static\" data-id=\"80ed635\" data-element_type=\"section\">\n\t\t\t\t\t\t<div class=\"elementor-container elementor-column-gap-extended\">\n\t\t\t\t\t<div class=\"elementor-column elementor-col-16 elementor-inner-column elementor-element elementor-element-7d1ca38 sc_inner_width_none sc_content_align_inherit sc_layouts_column_icons_position_left sc_fly_static\" data-id=\"7d1ca38\" data-element_type=\"column\">\n\t\t\t<div class=\"elementor-widget-wrap\">\n\t\t\t\t\t\t\t\t\t<\/div>\n\t\t<\/div>\n\t\t\t\t<div class=\"elementor-column elementor-col-66 elementor-inner-column elementor-element elementor-element-9b4689a sc_inner_width_none sc_content_align_inherit sc_layouts_column_icons_position_left sc_fly_static\" data-id=\"9b4689a\" data-element_type=\"column\">\n\t\t\t<div class=\"elementor-widget-wrap elementor-element-populated\">\n\t\t\t\t\t\t\t\t<div class=\"elementor-element elementor-element-0d7bbc5 sc_fly_static elementor-widget elementor-widget-image\" data-id=\"0d7bbc5\" data-element_type=\"widget\" data-widget_type=\"image.default\">\n\t\t\t\t<div class=\"elementor-widget-container\">\n\t\t\t<style>\/*! elementor - v3.7.8 - 02-10-2022 *\/\n.elementor-widget-image{text-align:center}.elementor-widget-image a{display:inline-block}.elementor-widget-image a img[src$=\".svg\"]{width:48px}.elementor-widget-image img{vertical-align:middle;display:inline-block}<\/style>\t\t\t\t\t\t\t\t\t\t\t\t<img width=\"840\" height=\"473\" src=\"https:\/\/emperorcruises.com\/wp-content\/uploads\/2022\/06\/Beach-Lifestyle-13-840x473.jpg\" class=\"attachment-qwery-thumb-big size-qwery-thumb-big\" alt=\"\" loading=\"lazy\" srcset=\"https:\/\/emperorcruises.com\/wp-content\/uploads\/2022\/06\/Beach-Lifestyle-13-840x473.jpg 840w, https:\/\/emperorcruises.com\/wp-content\/uploads\/2022\/06\/Beach-Lifestyle-13-1290x725.jpg 1290w, https:\/\/emperorcruises.com\/wp-content\/uploads\/2022\/06\/Beach-Lifestyle-13-410x230.jpg 410w, https:\/\/emperorcruises.com\/wp-content\/uploads\/2022\/06\/Beach-Lifestyle-13-270x152.jpg 270w\" sizes=\"(max-width: 840px) 100vw, 840px\" \/>\t\t\t\t\t\t\t\t\t\t\t\t\t\t\t<\/div>\n\t\t\t\t<\/div>\n\t\t\t\t\t<\/div>\n\t\t<\/div>\n\t\t\t\t<div class=\"elementor-column elementor-col-16 elementor-inner-column elementor-element elementor-element-6251783 sc_inner_width_none sc_content_align_inherit sc_layouts_column_icons_position_left sc_fly_static\" data-id=\"6251783\" data-element_type=\"column\">\n\t\t\t<div class=\"elementor-widget-wrap\">\n\t\t\t\t\t\t\t\t\t<\/div>\n\t\t<\/div>\n\t\t\t\t\t\t\t<\/div>\n\t\t<\/section>\n\t\t\t\t<section class=\"elementor-section elementor-inner-section elementor-element elementor-element-7400877 elementor-section-boxed elementor-section-height-default elementor-section-height-default sc_fly_static\" data-id=\"7400877\" data-element_type=\"section\">\n\t\t\t\t\t\t<div class=\"elementor-container elementor-column-gap-extended\">\n\t\t\t\t\t<div class=\"elementor-column elementor-col-100 elementor-inner-column elementor-element elementor-element-680c7dc sc_inner_width_none sc_content_align_inherit sc_layouts_column_icons_position_left sc_fly_static\" data-id=\"680c7dc\" data-element_type=\"column\">\n\t\t\t<div class=\"elementor-widget-wrap elementor-element-populated\">\n\t\t\t\t\t\t\t\t<div class=\"elementor-element elementor-element-62477a4 sc_height_small sc_fly_static elementor-widget elementor-widget-spacer\" data-id=\"62477a4\" data-element_type=\"widget\" data-widget_type=\"spacer.default\">\n\t\t\t\t<div class=\"elementor-widget-container\">\n\t\t\t\t\t<div class=\"elementor-spacer\">\n\t\t\t<div class=\"elementor-spacer-inner\"><\/div>\n\t\t<\/div>\n\t\t\t\t<\/div>\n\t\t\t\t<\/div>\n\t\t\t\t<div class=\"elementor-element elementor-element-39555c4 sc_fly_static elementor-widget elementor-widget-text-editor\" data-id=\"39555c4\" data-element_type=\"widget\" data-widget_type=\"text-editor.default\">\n\t\t\t\t<div class=\"elementor-widget-container\">\n\t\t\t<style>\/*! elementor - v3.7.8 - 02-10-2022 *\/\n.elementor-widget-text-editor.elementor-drop-cap-view-stacked .elementor-drop-cap{background-color:#818a91;color:#fff}.elementor-widget-text-editor.elementor-drop-cap-view-framed .elementor-drop-cap{color:#818a91;border:3px solid;background-color:transparent}.elementor-widget-text-editor:not(.elementor-drop-cap-view-default) .elementor-drop-cap{margin-top:8px}.elementor-widget-text-editor:not(.elementor-drop-cap-view-default) .elementor-drop-cap-letter{width:1em;height:1em}.elementor-widget-text-editor .elementor-drop-cap{float:left;text-align:center;line-height:1;font-size:50px}.elementor-widget-text-editor .elementor-drop-cap-letter{display:inline-block}<\/style>\t\t\t\t<h5 style=\"text-align: justify;\"><strong>\u00dcber Emperor Cruises<\/strong><\/h5><p style=\"text-align: justify;\">Die Kreuzfahrt wurde durch das luxuri\u00f6se Leben von Kaiser Bao Dai, dem letzten Vietnamesen, inspiriert. Daher ist das Boot selbst eine Entdeckung der 30er Jahre mit INSPIRIERTEM Design, REICH AN GESCHICHTE und k\u00f6niglichem Erbe. Wir bringen Ihre Kunden dazu, jeden Moment mit uns zu erleben, indem sie wie K\u00f6nige und K\u00f6niginnen behandelt werden und sich Dienstleistungen wie Musik, bildende Kunst, Architektur, Kultur, K\u00fcche, Geschichte und Outdoor &amp; Indoor-Aktivit\u00e4ten, Leben auf dem Boot, Geschichten des Kaisers Bao Dai durch das Design und wo alles dabei ist.<\/p><p style=\"text-align: justify;\">Aktuell bietet Emperor Cruises\u00a0<strong>Ganztages- und Sonnenuntergangs-Dinner-Kreuzfahrten in der Bucht von Nha Trang und Kaiser-Kreuzfahrten mit \u00dcbernachtung in Ha Long<\/strong> an. Wir sind die ersten und einzigen 5-Sterne-All-Inclusive-Kreuzfahrten in Nha Trang und der Bucht von Ha Long<\/p><hr \/><h4 style=\"text-align: justify;\"><strong>EMPEROR CRUISES NHA TRANG 5* REKRUTIERUNG<\/strong><\/h4><p style=\"text-align: justify;\"><strong>POSITION: 1 OTA-Verkauf<\/strong><\/p><p style=\"text-align: justify;\">JOBBESCHREIBUNG:<br \/>\u2022 In Zusammenarbeit mit dem Gebiets-\/Verkaufsleiter den E-Commerce-Vertrieb entwickeln, implementieren und verwalten.<br \/>\u2022 Unterst\u00fctzung bei der Entwicklung und Implementierung einer Online-Preisstrategie, um Online-Verkaufsziele in Zusammenarbeit mit der lokalen Verkaufsorganisation und der Preisabteilung zu erreichen<br \/>\u2022 Zusammenarbeit mit der Marketingabteilung, um M\u00f6glichkeiten f\u00fcr direkte Verbindungen mit OTAs zu identifizieren und eine Strategie zur Optimierung der Vertriebskosten und -effizienz zu entwickeln.<br \/>\u2022 Betreuung von FIT-Anfragen und Folgebuchungen<br \/>\u2022 Behandeln Sie alle Probleme im Zusammenhang mit OTA- und FIT-Buchungen: G\u00e4stefeedback, Beschwerden, Anforderungen \u2026 kommunizieren Sie mit dem Gast.<br \/>\u2022 W\u00f6chentliche und monatliche Berichterstattung direkt an den Verkaufsleiter und BOD<br \/>\u2022 Andere Aufgaben wie zugewiesen.<\/p><p style=\"text-align: justify;\">ANFORDERUNG<br \/>\u2022 Einflussreiche koreanische und englische Sprachen<br \/>\u2022 Gute Kommunikationsf\u00e4higkeit<br \/>\u2022 Gut in Word, Excel, Powerpoint<br \/>\u2022 Kostenlose Schulung durch Manager<br \/>\u2022 Spezifische OTA-Kenntnisse koreanisch- oder englischsprachiger G\u00e4ste w\u00e4ren von Vorteil.<\/p><p style=\"text-align: justify;\">NUTZEN<br \/>\u2022 Gehalt: Verhandlung<br \/>\u2022 Aufstiegschancen auf eine h\u00f6here Position<br \/>\u2022 Unterst\u00fctzung bei der Unterkunft (falls verf\u00fcgbar)<br \/>\u2022 Bonus als Vorschrift des Unternehmens und andere Vorteile<\/p><p style=\"text-align: justify;\"><strong>ANWENDUNG<\/strong><br \/>Lebenslauf in englischer Sprache senden Sie bitte an saleshanoi@emperorcruises.com<br \/>B\u00fcro: 74 To Hieu Street, Stadt Nha Trang, Khanh Hoa<br \/>Website: www.emperorcruises.com<\/p><hr \/><h4 style=\"text-align: justify;\"><strong>Verkaufsleiter &amp; Senior Sales\/ Online-Verkauf im B\u00fcro in Hanoi<\/strong><\/h4><p style=\"text-align: justify;\">Arbeiten im B\u00fcro in Hanoi.<\/p><p style=\"text-align: justify;\"><strong>Produkt: Emperor Cruises Ha Long &amp; Bucht von Nha Trang, Vietnam<br \/>F\u00fcr sofortiges Vorstellungsgespr\u00e4ch, hohes Gehalt + Bonus<\/strong><\/p><p style=\"text-align: justify;\">Beginnen Sie mit der Arbeit: SO BALD WIE M\u00d6GLICH<\/p><p style=\"text-align: justify;\">Wir suchen jetzt nach einem Verkaufsleiter, der das Verkaufsteam f\u00fcr Kreuzfahrten, Freizeit- und Tourismusreisen f\u00fchrt, entwickelt und inspiriert, um unsere Verkaufsziele f\u00fcr Kreuzfahrten zu erreichen. Der Vertriebsleiter wird die F\u00fchrung \u00fcbernehmen, damit das Unternehmen seine Vertriebsziele erreichen kann, indem er die Rentabilit\u00e4t des Unternehmens f\u00f6rdert, die Leistung \u00fcberwacht, neue Gesch\u00e4fte entwickelt und Ressourcen effektiv nutzt.<\/p><p style=\"text-align: justify;\"><strong>Die Verantwortlichkeiten des Verkaufsleiters sind:<\/strong><\/p><ul style=\"text-align: justify;\"><li>Die Vision, die Mission, den Zweck und die Werte der Emperor Cruises Company verstehen und in der Lage sein, sie gegen\u00fcber den Mitarbeitern und Partnern zu artikulieren.<\/li><li>Gew\u00e4hrleistung eines effektiven Personalmanagements, Entwicklung des Verkaufsteams, Coaching und Aufbau eines starken Kreuzfahrt-Verkaufsteams in den B\u00fcros in Hanoi, Nha Trang und Saigon.<\/li><li>Halten Sie eine produktive Partnerschaft mit Reiseb\u00fcros, Reiseveranstaltern und MICE-Planern aufrecht und entwickeln Sie sie weiter.<\/li><li>Halten und bereichern Sie eine Datenbank mit b2b- und b2c-Kunden. Koordinieren Sie sich mit unseren Vertretern in verschiedenen M\u00e4rkten.<\/li><li>Kommunizieren Sie mit Kunden auf die effektivste Art und Weise. Customer Retention Management (CRM)-Kampagnen, einschlie\u00dflich segmentierter E-Mail-Kampagnen, Brosch\u00fcreneinf\u00fchrungen &amp; Direktvertriebst\u00e4tigkeit.<\/li><li>Etablieren und pflegen Sie eine effektive lokale Marketing- und Vertriebsstrategie (Direktvertrieb B2C-, B2B-Vertr\u00e4ge)<\/li><li>Vorbereitung und\/oder Teilnahme an Messen, Verkaufsgespr\u00e4chen, Veranstaltungen, falls erforderlich.<\/li><li>F\u00fchren Sie das Vertriebsteam, um eine hohe Energie und Kundenorientierung mit konsequenter Konzentration auf die Key Performance Indicators (KPIs) des Vertriebs sicherzustellen.<\/li><li>Festlegung, Vereinbarung und Durchf\u00fchrung der Leistung gegen\u00fcber allen Key Performance Indicators, monatlich, viertelj\u00e4hrlich und j\u00e4hrlich.<\/li><li>Messen und verfolgen Sie die tats\u00e4chliche Leistung im Vergleich zur Budgetleistung und nehmen Sie alle erforderlichen Anpassungen vor.<\/li><li>\u00dcberwachung und Berichterstattung \u00fcber die Leistung und den Prozess von Emperor Cruises Ltd.<\/li><li>Maximieren Sie den Umsatz, indem Sie Up-Selling-M\u00f6glichkeiten durch taktisches Verkaufen vorantreiben<\/li><li>Um Feedback, Probleme und Anfragen von Kunden aktiv zu l\u00f6sen und zu untersuchen<\/li><li>Kontaktieren Sie Lieferanten, um wichtige Verkaufschancen zu maximieren. Handels-, Marketing- und andere Abteilungen<\/li><li>Sicherstellen einer hohen Verkaufsarbeitsrate, einer hohen Auslastung der Boote, um weitere Ziele zu setzen. Pers\u00f6nlich und mit dem gesamten Team das Jahresumsatzziel erreichen.<\/li><li>Befolgen Sie strikt den Prozess des Unternehmens und die Bereitstellung von Kundendiensten<\/li><\/ul><p style=\"text-align: justify;\"><strong>Die f\u00fcr den Vertriebsleiter erforderlichen F\u00e4higkeiten sind:<\/strong><\/p><ul style=\"text-align: justify;\"><li>Leidenschaftliche, luxusbewusste Person, die \u00fcber die Luxusreisebranche in Vietnam und Indochina und Erfahrungskreuzfahrten sprechen kann<\/li><li>Zwei Jahre Erfahrung in einer \u00e4hnlichen Position in den Bereichen Kreuzfahrten, Gastgewerbe, Reisen und Tourismus erforderlich.<\/li><li>Au\u00dfergew\u00f6hnliche Erfahrung mit Menschen, Coaching und F\u00fchrungsqualit\u00e4ten<\/li><li>Ausgezeichnet in Soft Skills und Vertriebsmanagement<\/li><li>Nachgewiesene Erfolgsbilanzen f\u00f6rdern die Callcenter-Motivation und das \u00c4nderungsmanagement<\/li><li>Erfahrung in der Freizeitreise-, Hotel-, Tourismus- und Kreuzfahrtbranche w\u00fcnschenswert<\/li><li>F\u00e4hig, sowohl strategisch als auch taktisch zu denken und zu handeln<\/li><li>Aufgabenorientierter Anbieter mit au\u00dfergew\u00f6hnlichem Streben nach Ver\u00e4nderung und Qualit\u00e4t<\/li><li>Kreativer und proaktiver Ansatz zur Probleml\u00f6sung<\/li><li>Ausgezeichnete Rechenf\u00e4higkeiten, um Verkaufszahlen zu verstehen und zu verlassen, um die Verkaufsleistung zu verbessern<\/li><li>F\u00e4higkeit, unter Druck und Terminen zu arbeiten<\/li><li>Erfahrung in der Reisebranche und im Reiseveranstalter w\u00fcnschenswert<\/li><li>F\u00e4higkeit, hervorragende Kommunikations- und Beeinflussungsf\u00e4higkeiten zu demonstrieren<\/li><li>Kommerziell und kundenorientiert mit der F\u00e4higkeit, eine starke Verkaufsleistung zu erzielen<\/li><\/ul><p style=\"text-align: justify;\"><strong>VORTEILE<\/strong><\/p><p style=\"text-align: justify;\">Hohes Gehalt + Bonus + Versicherung + Verkaufspolitik<\/p><p style=\"text-align: justify;\">Unternehmensvorteile<\/p><p style=\"text-align: justify;\">Zuschuss f\u00fcr Verkaufsgespr\u00e4che, Messen in VN und im Ausland.<\/p><p style=\"text-align: justify;\"><strong>Bitte senden Sie ein Bewerbungsschreiben mit Lebenslauf und aktuellem Foto an:\u00a0<\/strong><a href=\"mailto:hanoi@emperorcruises.com\">hanoi@emperorcruises. de<\/a><\/p><p style=\"text-align: justify;\">Kontakt: 0914 929 196 (Frau Huong)<\/p>\t\t\t\t\t\t<\/div>\n\t\t\t\t<\/div>\n\t\t\t\t\t<\/div>\n\t\t<\/div>\n\t\t\t\t\t\t\t<\/div>\n\t\t<\/section>\n\t\t\t\t\t<\/div>\n\t\t<\/div>\n\t\t\t\t\t\t\t<\/div>\n\t\t<\/section>\n\t\t\t\t\t\t\t<\/div>\n\t\t","protected":false},"excerpt":{"rendered":"<p>emperor cruises Karriere \u00dcber Emperor Cruises Die Kreuzfahrt wurde durch das luxuri\u00f6se Leben von Kaiser Bao Dai, dem letzten Vietnamesen, inspiriert. Daher ist das Boot selbst eine Entdeckung der 30er&hellip;<\/p>\n","protected":false},"author":1,"featured_media":22307,"parent":0,"menu_order":0,"comment_status":"closed","ping_status":"closed","template":"","meta":[],"_links":{"self":[{"href":"https:\/\/emperorcruises.com\/de\/wp-json\/wp\/v2\/pages\/27310"}],"collection":[{"href":"https:\/\/emperorcruises.com\/de\/wp-json\/wp\/v2\/pages"}],"about":[{"href":"https:\/\/emperorcruises.com\/de\/wp-json\/wp\/v2\/types\/page"}],"author":[{"embeddable":true,"href":"https:\/\/emperorcruises.com\/de\/wp-json\/wp\/v2\/users\/1"}],"replies":[{"embeddable":true,"href":"https:\/\/emperorcruises.com\/de\/wp-json\/wp\/v2\/comments?post=27310"}],"version-history":[{"count":5,"href":"https:\/\/emperorcruises.com\/de\/wp-json\/wp\/v2\/pages\/27310\/revisions"}],"predecessor-version":[{"id":27317,"href":"https:\/\/emperorcruises.com\/de\/wp-json\/wp\/v2\/pages\/27310\/revisions\/27317"}],"wp:featuredmedia":[{"embeddable":true,"href":"https:\/\/emperorcruises.com\/de\/wp-json\/wp\/v2\/media\/22307"}],"wp:attachment":[{"href":"https:\/\/emperorcruises.com\/de\/wp-json\/wp\/v2\/media?parent=27310"}],"curies":[{"name":"wp","href":"https:\/\/api.w.org\/{rel}","templated":true}]}}