{"id":27298,"date":"2022-06-18T19:55:46","date_gmt":"2022-06-18T19:55:46","guid":{"rendered":"https:\/\/emperorcruises.com\/privacy-policy\/"},"modified":"2022-09-19T04:48:38","modified_gmt":"2022-09-19T04:48:38","slug":"datenschutzerklaerung","status":"publish","type":"page","link":"https:\/\/emperorcruises.com\/de\/datenschutzerklaerung\/","title":{"rendered":"Datenschutzerkl\u00e4rung"},"content":{"rendered":"\t\t<div data-elementor-type=\"wp-page\" data-elementor-id=\"27298\" class=\"elementor elementor-27298 elementor-21564\">\n\t\t\t\t\t\t\t\t\t<section class=\"elementor-section elementor-top-section elementor-element elementor-element-3a36902 elementor-section-full_width elementor-section-height-min-height elementor-section-items-bottom elementor-section-stretched elementor-section-height-default sc_fly_static\" data-id=\"3a36902\" data-element_type=\"section\" data-settings=\"{&quot;background_background&quot;:&quot;classic&quot;,&quot;stretch_section&quot;:&quot;section-stretched&quot;}\">\n\t\t\t\t\t\t<div class=\"elementor-container elementor-column-gap-no\">\n\t\t\t\t\t<div class=\"elementor-column elementor-col-100 elementor-top-column elementor-element elementor-element-9fb4331 sc_inner_width_none sc_content_align_inherit sc_layouts_column_icons_position_left sc_fly_static\" data-id=\"9fb4331\" data-element_type=\"column\">\n\t\t\t<div class=\"elementor-widget-wrap elementor-element-populated\">\n\t\t\t\t\t\t\t\t<div class=\"elementor-element elementor-element-3769f12 sc_fly_static elementor-widget elementor-widget-spacer\" data-id=\"3769f12\" data-element_type=\"widget\" data-widget_type=\"spacer.default\">\n\t\t\t\t<div class=\"elementor-widget-container\">\n\t\t\t<style>\/*! elementor - v3.7.8 - 02-10-2022 *\/\n.elementor-column .elementor-spacer-inner{height:var(--spacer-size)}.e-container{--container-widget-width:100%}.e-container>.elementor-widget-spacer{width:var(--container-widget-width,var(--spacer-size));-ms-flex-item-align:stretch;align-self:stretch;-ms-flex-negative:0;flex-shrink:0}.e-container>.elementor-widget-spacer>.elementor-widget-container,.e-container>.elementor-widget-spacer>.elementor-widget-container>.elementor-spacer{height:100%}.e-container>.elementor-widget-spacer>.elementor-widget-container>.elementor-spacer>.elementor-spacer-inner{height:var(--container-widget-height,var(--spacer-size))}<\/style>\t\t<div class=\"elementor-spacer\">\n\t\t\t<div class=\"elementor-spacer-inner\"><\/div>\n\t\t<\/div>\n\t\t\t\t<\/div>\n\t\t\t\t<\/div>\n\t\t\t\t<div class=\"elementor-element elementor-element-d90b52e sc_fly_static elementor-widget elementor-widget-trx_sc_title\" data-id=\"d90b52e\" data-element_type=\"widget\" data-widget_type=\"trx_sc_title.default\">\n\t\t\t\t<div class=\"elementor-widget-container\">\n\t\t\t<div\t\tclass=\"sc_title color_style_link2 sc_title_default\" ><span class=\"sc_item_subtitle sc_title_subtitle sc_align_center sc_item_subtitle_above sc_item_title_style_default\">emperor cruises<\/span><h1 class=\"sc_item_title sc_title_title sc_align_center sc_item_title_style_default sc_item_title_tag trx_addons_inline_684108674\"\n\t\t\t><span class=\"sc_item_title_text\">Datenschutzerkl\u00e4rung<\/span><\/h1><\/div>\t\t<\/div>\n\t\t\t\t<\/div>\n\t\t\t\t<div class=\"elementor-element elementor-element-ad1cca8 sc_fly_static elementor-widget elementor-widget-spacer\" data-id=\"ad1cca8\" data-element_type=\"widget\" data-widget_type=\"spacer.default\">\n\t\t\t\t<div class=\"elementor-widget-container\">\n\t\t\t\t\t<div class=\"elementor-spacer\">\n\t\t\t<div class=\"elementor-spacer-inner\"><\/div>\n\t\t<\/div>\n\t\t\t\t<\/div>\n\t\t\t\t<\/div>\n\t\t\t\t<section class=\"elementor-section elementor-inner-section elementor-element elementor-element-3af5f09 elementor-section-boxed elementor-section-height-default elementor-section-height-default sc_fly_static\" data-id=\"3af5f09\" data-element_type=\"section\">\n\t\t\t\t\t\t<div class=\"elementor-container elementor-column-gap-extended\">\n\t\t\t\t\t<div class=\"elementor-column elementor-col-100 elementor-inner-column elementor-element elementor-element-06df3b2 sc_inner_width_none sc_content_align_inherit sc_layouts_column_icons_position_left sc_fly_static\" data-id=\"06df3b2\" data-element_type=\"column\">\n\t\t\t<div class=\"elementor-widget-wrap elementor-element-populated\">\n\t\t\t\t\t\t\t\t<div class=\"elementor-element elementor-element-38ba800 elementor-view-default sc_fly_static elementor-widget elementor-widget-icon\" data-id=\"38ba800\" data-element_type=\"widget\" data-widget_type=\"icon.default\">\n\t\t\t\t<div class=\"elementor-widget-container\">\n\t\t\t\t\t<div class=\"elementor-icon-wrapper\">\n\t\t\t<a class=\"elementor-icon\" href=\"#anchor\">\n\t\t\t<svg xmlns=\"http:\/\/www.w3.org\/2000\/svg\" width=\"14.626\" height=\"8.639\" viewBox=\"0 0 14.626 8.639\"><g id=\"down-arrow\" transform=\"translate(0 -70.698)\"><g id=\"Group_8820\" data-name=\"Group 8820\" transform=\"translate(0 100.698)\"><path id=\"Path_6507\" data-name=\"Path 6507\" d=\"M14.392,101.42l-.479-.482a.8.8,0,0,0-1.132,0L7.316,106.4l-5.472-5.472a.8.8,0,0,0-1.132,0l-.479.479a.8.8,0,0,0,0,1.131l6.515,6.538a.818.818,0,0,0,.567.257h0a.818.818,0,0,0,.566-.257l6.508-6.52a.808.808,0,0,0,.234-.571A.8.8,0,0,0,14.392,101.42Z\" transform=\"translate(0 -130.698)\"><\/path><\/g><\/g><\/svg>\t\t\t<\/a>\n\t\t<\/div>\n\t\t\t\t<\/div>\n\t\t\t\t<\/div>\n\t\t\t\t<div class=\"elementor-element elementor-element-73bf6e9 sc_fly_static elementor-widget elementor-widget-spacer\" data-id=\"73bf6e9\" data-element_type=\"widget\" data-widget_type=\"spacer.default\">\n\t\t\t\t<div class=\"elementor-widget-container\">\n\t\t\t\t\t<div class=\"elementor-spacer\">\n\t\t\t<div class=\"elementor-spacer-inner\"><\/div>\n\t\t<\/div>\n\t\t\t\t<\/div>\n\t\t\t\t<\/div>\n\t\t\t\t\t<\/div>\n\t\t<\/div>\n\t\t\t\t\t\t\t<\/div>\n\t\t<\/section>\n\t\t\t\t\t<\/div>\n\t\t<\/div>\n\t\t\t\t\t\t\t<\/div>\n\t\t<\/section>\n\t\t\t\t<section class=\"elementor-section elementor-top-section elementor-element elementor-element-076779a elementor-section-stretched scheme_default elementor-section-boxed elementor-section-height-default elementor-section-height-default sc_fly_static\" data-id=\"076779a\" data-element_type=\"section\" data-settings=\"{&quot;stretch_section&quot;:&quot;section-stretched&quot;,&quot;background_background&quot;:&quot;classic&quot;}\">\n\t\t\t\t\t\t<div class=\"elementor-container elementor-column-gap-extended\">\n\t\t\t\t\t<div class=\"elementor-column elementor-col-100 elementor-top-column elementor-element elementor-element-cc58516 sc_inner_width_none sc_content_align_inherit sc_layouts_column_icons_position_left sc_fly_static\" data-id=\"cc58516\" data-element_type=\"column\">\n\t\t\t<div class=\"elementor-widget-wrap elementor-element-populated\">\n\t\t\t\t\t\t\t\t<div class=\"elementor-element elementor-element-6d4d98a sc_height_medium sc_fly_static elementor-widget elementor-widget-spacer\" data-id=\"6d4d98a\" data-element_type=\"widget\" data-widget_type=\"spacer.default\">\n\t\t\t\t<div class=\"elementor-widget-container\">\n\t\t\t\t\t<div class=\"elementor-spacer\">\n\t\t\t<div class=\"elementor-spacer-inner\"><\/div>\n\t\t<\/div>\n\t\t\t\t<\/div>\n\t\t\t\t<\/div>\n\t\t\t\t<section class=\"elementor-section elementor-inner-section elementor-element elementor-element-80ed635 elementor-section-boxed elementor-section-height-default elementor-section-height-default sc_fly_static\" data-id=\"80ed635\" data-element_type=\"section\">\n\t\t\t\t\t\t<div class=\"elementor-container elementor-column-gap-extended\">\n\t\t\t\t\t<div class=\"elementor-column elementor-col-16 elementor-inner-column elementor-element elementor-element-7d1ca38 sc_inner_width_none sc_content_align_inherit sc_layouts_column_icons_position_left sc_fly_static\" data-id=\"7d1ca38\" data-element_type=\"column\">\n\t\t\t<div class=\"elementor-widget-wrap\">\n\t\t\t\t\t\t\t\t\t<\/div>\n\t\t<\/div>\n\t\t\t\t<div class=\"elementor-column elementor-col-66 elementor-inner-column elementor-element elementor-element-9b4689a sc_inner_width_none sc_content_align_inherit sc_layouts_column_icons_position_left sc_fly_static\" data-id=\"9b4689a\" data-element_type=\"column\">\n\t\t\t<div class=\"elementor-widget-wrap elementor-element-populated\">\n\t\t\t\t\t\t\t\t<div class=\"elementor-element elementor-element-0d7bbc5 sc_fly_static elementor-widget elementor-widget-image\" data-id=\"0d7bbc5\" data-element_type=\"widget\" data-widget_type=\"image.default\">\n\t\t\t\t<div class=\"elementor-widget-container\">\n\t\t\t<style>\/*! elementor - v3.7.8 - 02-10-2022 *\/\n.elementor-widget-image{text-align:center}.elementor-widget-image a{display:inline-block}.elementor-widget-image a img[src$=\".svg\"]{width:48px}.elementor-widget-image img{vertical-align:middle;display:inline-block}<\/style>\t\t\t\t\t\t\t\t\t\t\t\t<img src=\"https:\/\/emperorcruises.com\/wp-content\/uploads\/2022\/06\/3-768x512.jpg\" title=\"3\" alt=\"3\" \/>\t\t\t\t\t\t\t\t\t\t\t\t\t\t\t<\/div>\n\t\t\t\t<\/div>\n\t\t\t\t\t<\/div>\n\t\t<\/div>\n\t\t\t\t<div class=\"elementor-column elementor-col-16 elementor-inner-column elementor-element elementor-element-6251783 sc_inner_width_none sc_content_align_inherit sc_layouts_column_icons_position_left sc_fly_static\" data-id=\"6251783\" data-element_type=\"column\">\n\t\t\t<div class=\"elementor-widget-wrap\">\n\t\t\t\t\t\t\t\t\t<\/div>\n\t\t<\/div>\n\t\t\t\t\t\t\t<\/div>\n\t\t<\/section>\n\t\t\t\t<section class=\"elementor-section elementor-inner-section elementor-element elementor-element-7400877 elementor-section-boxed elementor-section-height-default elementor-section-height-default sc_fly_static\" data-id=\"7400877\" data-element_type=\"section\">\n\t\t\t\t\t\t<div class=\"elementor-container elementor-column-gap-extended\">\n\t\t\t\t\t<div class=\"elementor-column elementor-col-100 elementor-inner-column elementor-element elementor-element-680c7dc sc_inner_width_none sc_content_align_inherit sc_layouts_column_icons_position_left sc_fly_static\" data-id=\"680c7dc\" data-element_type=\"column\">\n\t\t\t<div class=\"elementor-widget-wrap elementor-element-populated\">\n\t\t\t\t\t\t\t\t<div class=\"elementor-element elementor-element-62477a4 sc_height_small sc_fly_static elementor-widget elementor-widget-spacer\" data-id=\"62477a4\" data-element_type=\"widget\" data-widget_type=\"spacer.default\">\n\t\t\t\t<div class=\"elementor-widget-container\">\n\t\t\t\t\t<div class=\"elementor-spacer\">\n\t\t\t<div class=\"elementor-spacer-inner\"><\/div>\n\t\t<\/div>\n\t\t\t\t<\/div>\n\t\t\t\t<\/div>\n\t\t\t\t<div class=\"elementor-element elementor-element-39555c4 sc_fly_static elementor-widget elementor-widget-text-editor\" data-id=\"39555c4\" data-element_type=\"widget\" data-widget_type=\"text-editor.default\">\n\t\t\t\t<div class=\"elementor-widget-container\">\n\t\t\t<style>\/*! elementor - v3.7.8 - 02-10-2022 *\/\n.elementor-widget-text-editor.elementor-drop-cap-view-stacked .elementor-drop-cap{background-color:#818a91;color:#fff}.elementor-widget-text-editor.elementor-drop-cap-view-framed .elementor-drop-cap{color:#818a91;border:3px solid;background-color:transparent}.elementor-widget-text-editor:not(.elementor-drop-cap-view-default) .elementor-drop-cap{margin-top:8px}.elementor-widget-text-editor:not(.elementor-drop-cap-view-default) .elementor-drop-cap-letter{width:1em;height:1em}.elementor-widget-text-editor .elementor-drop-cap{float:left;text-align:center;line-height:1;font-size:50px}.elementor-widget-text-editor .elementor-drop-cap-letter{display:inline-block}<\/style>\t\t\t\t<div class=\"page-header\"><h2 style=\"text-align: justify;\">Datenschutzerkl\u00e4rung<\/h2><\/div><div><p style=\"text-align: justify;\">Wir verpflichten uns, Ihre Privatsph\u00e4re auf unserer Website zu sch\u00fctzen. Der Zweck dieser Datenschutzrichtlinie besteht darin, Sie dar\u00fcber zu informieren, welche Informationen beim Besuch der Website gesammelt werden k\u00f6nnen, wie diese Informationen von uns verwendet werden, wie solche Informationen an Dritte weitergegeben werden k\u00f6nnen und wie Sie sie bearbeiten, aktualisieren und korrigieren k\u00f6nnen oder solche Informationen l\u00f6schen.<\/p><p style=\"text-align: justify;\"><strong>1 . Erfassung personenbezogener Daten:<\/strong><br \/>Die \u00fcber unsere Website gesammelten Informationen helfen Emperor Cruises Co., Ltd<br \/>\u2022 Kunden beim Kauf unserer Produkte unterst\u00fctzen<br \/>\u2022 Fehlerbehebung bei Kunden<br \/>\u2022 Bereitstellung der neuesten Informationen auf unserer Website<br \/>\u2022 \u00dcberpr\u00fcfen und aktualisieren Sie den Inhalt und die Benutzeroberfl\u00e4che der Website<br \/>\u2022 F\u00fchren Sie Kundenbefragungen durch<br \/>\u2022 Implementieren Sie Werbeaktivit\u00e4ten in Bezug auf die Produkte und Dienstleistungen von https:\/\/emperorcruises.com<\/p><p style=\"text-align: justify;\">\u2013 Um auf bestimmte Dienste unter https:\/\/emperorcruises.com zugreifen und diese nutzen zu k\u00f6nnen, m\u00fcssen Sie sich m\u00f6glicherweise mit unseren pers\u00f6nlichen Daten (E-Mail, Name, Telefonnummer \u2026) registrieren. Alle Informationen erkl\u00e4rt, um die Richtigkeit und Rechtm\u00e4\u00dfigkeit zu gew\u00e4hrleisten.<\/p><p style=\"text-align: justify;\">\u2013 Wir k\u00f6nnen auch Informationen \u00fcber die Anzahl der Besuche sammeln, einschlie\u00dflich der Anzahl der von Ihnen angezeigten Seiten, der Anzahl der Links, die Sie anklicken, und anderer Informationen im Zusammenhang mit der Verbindung zu Emperor Cruises. Wir erfassen auch Informationen \u00fcber die Webbrowser (Browser), die Sie beim Zugriff auf die Website https:\/\/emperorcruises.com verwenden, einschlie\u00dflich: IP-Adresse, Browsertyp, verwendete Sprache und die Zugriffszeit der Browseradresse.<\/p><p style=\"text-align: justify;\"><strong>2. Verwendung personenbezogener Daten:<\/strong><\/p><p style=\"text-align: justify;\">\u2013\u00a0https:\/\/emperorcruises.com\u00a0erhebt und verwendet Ihre personenbezogenen Daten f\u00fcr den Zweck, der im Einklang mit den Inhalten der \u201eDatenschutzrichtlinie\u201c steht.<\/p><p style=\"text-align: justify;\">\u2013 Bei Bedarf k\u00f6nnen wir diese Informationen verwenden, um Sie direkt zu kontaktieren, wie zum Beispiel: Senden Sie Begr\u00fc\u00dfungsschreiben, Bestellungen, Dankesschreiben und technische Informationen zur Sicherheit, die Sie regelm\u00e4\u00dfig erhalten k\u00f6nnen Bereitstellung von Informationen zu Produkten, Dienstleistungen, bevorstehenden Veranstaltungen oder Besch\u00e4ftigungsinformationen, wenn Sie E-Mail-Benachrichtigungen abonnieren<\/p><p style=\"text-align: justify;\"><strong>3. Weitergabe personenbezogener Daten:<\/strong><\/p><p style=\"text-align: justify;\">\u2013 Au\u00dfer im Fall der Verwendung personenbezogener Daten, wie in dieser Richtlinie beschrieben, verpflichten wir uns, Ihre personenbezogenen Daten nicht \u00f6ffentlich offenzulegen.<br \/>\u2013 In einigen F\u00e4llen k\u00f6nnen wir eine Einheit mieten, um ein unabh\u00e4ngiges Marktforschungsprojekt durchzuf\u00fchren, und dann werden Ihre Informationen f\u00fcr diese Einheit bereitgestellt, um das Projekt durchzuf\u00fchren. Dieser Dritte wird an eine Vertraulichkeitsvereinbarung gebunden, nach der er die bereitgestellten Informationen zum Zweck der Durchf\u00fchrung des Projekts verwenden darf.<br \/>\u2013 Wir k\u00f6nnen Ihre personenbezogenen Daten in dem Fall, der wirklich notwendig ist, wie folgt offenlegen oder bereitstellen: (a) auf Anfrage von Strafverfolgungsbeh\u00f6rden; ( b ) in F\u00e4llen , in denen wir glauben , dass es uns helfen wird , ihre legitimen Rechte nach dem Gesetz zu sch\u00fctzen ; ( c ) Notfall und notwendig zum Schutz der pers\u00f6nlichen Sicherheit anderer Mitglieder von Emperor Cruises Co., Ltd.<\/p><p style=\"text-align: justify;\"><strong>4 . Zugriff auf pers\u00f6nliche Informationen:<\/strong><br \/>\u2013 Sie k\u00f6nnen Ihre pers\u00f6nlichen Daten auch jederzeit unter dem entsprechenden Link (https:\/\/emperorcruises.com), den wir bereitstellen, aufrufen und bearbeiten.<\/p><p style=\"text-align: justify;\"><strong>5 . Gesch\u00fctzte pers\u00f6nliche Informationen :<\/strong><br \/>\u2013 Wenn Sie uns Ihre personenbezogenen Daten \u00fcbermitteln, stimmen Sie den oben genannten Bedingungen zu, Emperor Cruises verpflichtet sich, die personenbezogenen Daten der Kunden auf jede erdenkliche Weise zu sch\u00fctzen. Wir verwenden Informationstechnologiesicherheit wie: Internationaler Standard PCI, SSL, \u2026 um diese Informationen vor unbeabsichtigtem Abrufen, Verwenden oder Offenlegen zu sch\u00fctzen.<\/p><p style=\"text-align: justify;\">\u2013 Aufgrund technischer Einschr\u00e4nkungen k\u00f6nnen jedoch keine Daten \u00fcber die Internetverbindung \u00fcbertragen werden, die zu 100 % sicher sein kann. Daher k\u00f6nnen wir keine feste Zusage geben, dass die Informationen, die Sie uns geben, absolut sicher und vertraulich behandelt werden, und wir k\u00f6nnen keine Verantwortung \u00fcbernehmen, falls unbefugt auf pers\u00f6nliche Informationen zugegriffen wird, wie z. B. wenn Sie Informationen freiwillig mit anderen teilen \u2026. Wenn Sie mit den oben beschriebenen Bedingungen nicht einverstanden sind, empfehlen wir Ihnen, keine Informationen an uns zu senden .<\/p><p style=\"text-align: justify;\">\u2013 Daher sollten Sie auch Sicherheitsinformationen zu Ihrem Zugangspasswort empfehlen und nicht mit anderen teilen .<\/p><p style=\"text-align: justify;\">\u2013 Wenn Sie einen \u00f6ffentlichen Computer verwenden, sollten Sie sich abmelden oder alle ge\u00f6ffneten Windows-Websites verlassen.<\/p><p style=\"text-align: justify;\"><strong>6 . Verwendung von \u201eCookies\u201c<\/strong><br \/>\u2013\u00a0https:\/\/emperorcruises.com verwendet \u201eCookies\u201c, um Ihre Online-Besucher zu personalisieren und effizient zu nutzen.<br \/>\u2013 Ein Cookie ist eine Textdatei, die von einem Webseitenserver auf Ihrer Festplatte abgelegt wird. Cookies k\u00f6nnen nicht verwendet werden, um Programme auszuf\u00fchren oder Viren auf Ihren Computer zu \u00fcbertragen. Cookies werden Ihrem Computer eindeutig zugeordnet und k\u00f6nnen nur von einem Webserver in der Dom\u00e4ne gelesen werden, die das Cookie an Sie ausgegeben hat.<\/p><p style=\"text-align: justify;\">\u2013 Einer der Hauptzwecke von Cookies besteht darin, das Dienstprogramm bereitzustellen, um Zeit zu sparen, wenn Sie auf Ihre Website zugreifen oder die Website https:\/\/emperorcruises.com erneut besuchen, ohne sich erneut zu registrieren Informationen.<\/p><p style=\"text-align: justify;\">\u2013 Sie k\u00f6nnen Cookies akzeptieren oder ablehnen. Die meisten Browser akzeptieren Cookies automatisch, aber Sie k\u00f6nnen die Einstellungen \u00e4ndern, um alle Cookies abzulehnen, wenn Sie dies bevorzugen. Wenn Sie sich jedoch daf\u00fcr entscheiden, Cookies abzulehnen, kann dies einige Dienste und Funktionen auf der Website behindern oder negativ beeinflussen, die von Cookies abh\u00e4ngen.<\/p><p style=\"text-align: justify;\"><strong>7 . Verordnung \u00fcber \u201eSpam\u201c :<\/strong><br \/>\u2013 https:\/\/emperorcruises.com betrifft wirklich das Problem von Spam ( Junk-Mail ), den gef\u00e4lschten Identit\u00e4ts-E-Mails, die wir gesendet haben. Daher\u00a0https:\/\/emperorcruises.com best\u00e4tigt Ihnen, nur dann E-Mails zu senden, wenn Sie sich registrieren oder Dienste von unserem System nutzen m\u00fcssen.<\/p><p style=\"text-align: justify;\">https:\/\/emperorcruises.com\u00a0Verpflichtung, Ihre E-Mails nicht an Dritte zu verkaufen, zu vermieten oder zu leasen. Wenn Sie aus einem unerwarteten Grund versehentlich unerw\u00fcnschte E-Mails von unserem System erhalten, klicken Sie bitte auf den Link in diesem angeh\u00e4ngten E-Mail-Haftungsausschluss oder benachrichtigen Sie direkt den Website-Administrator<\/p><p style=\"text-align: justify;\"><strong>8 . Richtlinien\u00e4nderungen :<\/strong><br \/>\u2013 Wir k\u00f6nnen den Inhalt dieser Website ohne vorherige Ank\u00fcndigung vollst\u00e4ndig \u00e4ndern, um sie an die Bed\u00fcrfnisse und Anforderungen von Emperor Cruises Co., Ltd sowie gegebenenfalls an Feedback von Kunden anzupassen. Bei der Aktualisierung des Inhalts dieser Richtlinie \u00e4ndern wir die Zeit \u201eLetzte Aktualisierung\u201c unten .<\/p><p style=\"text-align: justify;\">\u2013 Inhalt \u201ePrivate Policy\u201c gilt nur in https:\/\/emperorcruises.com, nicht einschlie\u00dflich oder verbunden mit Dritten, um Anzeigen oder Links in https:\/\/emperorcruises.com zu platzieren . Wir empfehlen Ihnen, die Datenschutzrichtlinie und Sicherheit der Website des Drittanbieters zu lesen, bevor Sie diesen Websites personenbezogene Daten zur Verf\u00fcgung stellen. Wir sind in keiner Weise f\u00fcr den Inhalt und die Rechtm\u00e4\u00dfigkeit von Websites Dritter verantwortlich.<\/p><p style=\"text-align: justify;\">\u2013 Sie stimmen also zu, dass Sie, wenn Sie unsere Website nach der Bearbeitung nutzen, zugeben m\u00fcssen, zustimmen, diese Bearbeitung einzuhalten und ihr zu vertrauen. Daher schlagen wir vor, dass Sie sich den Inhalt dieser Seite ansehen, bevor Sie auf andere Inhalte auf der Website zugreifen, und Sie sollten den Inhalt \u201ePrivate Policy\u201c jeder Website, die Sie besuchen, sorgf\u00e4ltig lesen und studieren.<\/p><p style=\"text-align: justify;\"><strong>9 . Kontaktinformationen :<\/strong><br \/>\u2013 Wir freuen uns immer \u00fcber Kommentare, Kontakt und Feedback von Ihnen zur \u201ePrivatrichtlinie\u201c. Bei diesbez\u00fcglichen Fragen kontaktieren Sie uns bitte unter der E-Mail-Adresse:emperor@luxcruisesgroup.com<\/p><\/div>\t\t\t\t\t\t<\/div>\n\t\t\t\t<\/div>\n\t\t\t\t\t<\/div>\n\t\t<\/div>\n\t\t\t\t\t\t\t<\/div>\n\t\t<\/section>\n\t\t\t\t\t<\/div>\n\t\t<\/div>\n\t\t\t\t\t\t\t<\/div>\n\t\t<\/section>\n\t\t\t\t\t\t\t<\/div>\n\t\t","protected":false},"excerpt":{"rendered":"<p>emperor cruises Datenschutzerkl\u00e4rung Datenschutzerkl\u00e4rung Wir verpflichten uns, Ihre Privatsph\u00e4re auf unserer Website zu sch\u00fctzen. Der Zweck dieser Datenschutzrichtlinie besteht darin, Sie dar\u00fcber zu informieren, welche Informationen beim Besuch der Website&hellip;<\/p>\n","protected":false},"author":1,"featured_media":22307,"parent":0,"menu_order":0,"comment_status":"closed","ping_status":"closed","template":"","meta":[],"_links":{"self":[{"href":"https:\/\/emperorcruises.com\/de\/wp-json\/wp\/v2\/pages\/27298"}],"collection":[{"href":"https:\/\/emperorcruises.com\/de\/wp-json\/wp\/v2\/pages"}],"about":[{"href":"https:\/\/emperorcruises.com\/de\/wp-json\/wp\/v2\/types\/page"}],"author":[{"embeddable":true,"href":"https:\/\/emperorcruises.com\/de\/wp-json\/wp\/v2\/users\/1"}],"replies":[{"embeddable":true,"href":"https:\/\/emperorcruises.com\/de\/wp-json\/wp\/v2\/comments?post=27298"}],"version-history":[{"count":10,"href":"https:\/\/emperorcruises.com\/de\/wp-json\/wp\/v2\/pages\/27298\/revisions"}],"predecessor-version":[{"id":28836,"href":"https:\/\/emperorcruises.com\/de\/wp-json\/wp\/v2\/pages\/27298\/revisions\/28836"}],"wp:featuredmedia":[{"embeddable":true,"href":"https:\/\/emperorcruises.com\/de\/wp-json\/wp\/v2\/media\/22307"}],"wp:attachment":[{"href":"https:\/\/emperorcruises.com\/de\/wp-json\/wp\/v2\/media?parent=27298"}],"curies":[{"name":"wp","href":"https:\/\/api.w.org\/{rel}","templated":true}]}}