{"id":27289,"date":"2022-06-18T19:21:37","date_gmt":"2022-06-18T19:21:37","guid":{"rendered":"https:\/\/emperorcruises.com\/responsible-cruising\/"},"modified":"2022-08-17T12:25:44","modified_gmt":"2022-08-17T12:25:44","slug":"verantwortliches-kreuzen","status":"publish","type":"page","link":"https:\/\/emperorcruises.com\/de\/verantwortliches-kreuzen\/","title":{"rendered":"Verantwortliches Kreuzen"},"content":{"rendered":"\t\t<div data-elementor-type=\"wp-page\" data-elementor-id=\"27289\" class=\"elementor elementor-27289 elementor-21518\">\n\t\t\t\t\t\t\t\t\t<section class=\"elementor-section elementor-top-section elementor-element elementor-element-3a36902 elementor-section-full_width elementor-section-height-min-height elementor-section-items-bottom elementor-section-stretched elementor-section-height-default sc_fly_static\" data-id=\"3a36902\" data-element_type=\"section\" data-settings=\"{&quot;background_background&quot;:&quot;classic&quot;,&quot;stretch_section&quot;:&quot;section-stretched&quot;}\">\n\t\t\t\t\t\t<div class=\"elementor-container elementor-column-gap-no\">\n\t\t\t\t\t<div class=\"elementor-column elementor-col-100 elementor-top-column elementor-element elementor-element-9fb4331 sc_inner_width_none sc_content_align_inherit sc_layouts_column_icons_position_left sc_fly_static\" data-id=\"9fb4331\" data-element_type=\"column\">\n\t\t\t<div class=\"elementor-widget-wrap elementor-element-populated\">\n\t\t\t\t\t\t\t\t<div class=\"elementor-element elementor-element-3769f12 sc_fly_static elementor-widget elementor-widget-spacer\" data-id=\"3769f12\" data-element_type=\"widget\" data-widget_type=\"spacer.default\">\n\t\t\t\t<div class=\"elementor-widget-container\">\n\t\t\t<style>\/*! elementor - v3.7.8 - 02-10-2022 *\/\n.elementor-column .elementor-spacer-inner{height:var(--spacer-size)}.e-container{--container-widget-width:100%}.e-container>.elementor-widget-spacer{width:var(--container-widget-width,var(--spacer-size));-ms-flex-item-align:stretch;align-self:stretch;-ms-flex-negative:0;flex-shrink:0}.e-container>.elementor-widget-spacer>.elementor-widget-container,.e-container>.elementor-widget-spacer>.elementor-widget-container>.elementor-spacer{height:100%}.e-container>.elementor-widget-spacer>.elementor-widget-container>.elementor-spacer>.elementor-spacer-inner{height:var(--container-widget-height,var(--spacer-size))}<\/style>\t\t<div class=\"elementor-spacer\">\n\t\t\t<div class=\"elementor-spacer-inner\"><\/div>\n\t\t<\/div>\n\t\t\t\t<\/div>\n\t\t\t\t<\/div>\n\t\t\t\t<div class=\"elementor-element elementor-element-d90b52e sc_fly_static elementor-widget elementor-widget-trx_sc_title\" data-id=\"d90b52e\" data-element_type=\"widget\" data-widget_type=\"trx_sc_title.default\">\n\t\t\t\t<div class=\"elementor-widget-container\">\n\t\t\t<div\t\tclass=\"sc_title color_style_link2 sc_title_default\" ><span class=\"sc_item_subtitle sc_title_subtitle sc_align_center sc_item_subtitle_above sc_item_title_style_default\">emperor cruises<\/span><h1 class=\"sc_item_title sc_title_title sc_align_center sc_item_title_style_default sc_item_title_tag trx_addons_inline_1897291220\"\n\t\t\t><span class=\"sc_item_title_text\">Verantwortliches Kreuzen<\/span><\/h1><\/div>\t\t<\/div>\n\t\t\t\t<\/div>\n\t\t\t\t<div class=\"elementor-element elementor-element-ad1cca8 sc_fly_static elementor-widget elementor-widget-spacer\" data-id=\"ad1cca8\" data-element_type=\"widget\" data-widget_type=\"spacer.default\">\n\t\t\t\t<div class=\"elementor-widget-container\">\n\t\t\t\t\t<div class=\"elementor-spacer\">\n\t\t\t<div class=\"elementor-spacer-inner\"><\/div>\n\t\t<\/div>\n\t\t\t\t<\/div>\n\t\t\t\t<\/div>\n\t\t\t\t<section class=\"elementor-section elementor-inner-section elementor-element elementor-element-3af5f09 elementor-section-boxed elementor-section-height-default elementor-section-height-default sc_fly_static\" data-id=\"3af5f09\" data-element_type=\"section\">\n\t\t\t\t\t\t<div class=\"elementor-container elementor-column-gap-extended\">\n\t\t\t\t\t<div class=\"elementor-column elementor-col-100 elementor-inner-column elementor-element elementor-element-06df3b2 sc_inner_width_none sc_content_align_inherit sc_layouts_column_icons_position_left sc_fly_static\" data-id=\"06df3b2\" data-element_type=\"column\">\n\t\t\t<div class=\"elementor-widget-wrap elementor-element-populated\">\n\t\t\t\t\t\t\t\t<div class=\"elementor-element elementor-element-38ba800 elementor-view-default sc_fly_static elementor-widget elementor-widget-icon\" data-id=\"38ba800\" data-element_type=\"widget\" data-widget_type=\"icon.default\">\n\t\t\t\t<div class=\"elementor-widget-container\">\n\t\t\t\t\t<div class=\"elementor-icon-wrapper\">\n\t\t\t<a class=\"elementor-icon\" href=\"#anchor\">\n\t\t\t<svg xmlns=\"http:\/\/www.w3.org\/2000\/svg\" width=\"14.626\" height=\"8.639\" viewBox=\"0 0 14.626 8.639\"><g id=\"down-arrow\" transform=\"translate(0 -70.698)\"><g id=\"Group_8820\" data-name=\"Group 8820\" transform=\"translate(0 100.698)\"><path id=\"Path_6507\" data-name=\"Path 6507\" d=\"M14.392,101.42l-.479-.482a.8.8,0,0,0-1.132,0L7.316,106.4l-5.472-5.472a.8.8,0,0,0-1.132,0l-.479.479a.8.8,0,0,0,0,1.131l6.515,6.538a.818.818,0,0,0,.567.257h0a.818.818,0,0,0,.566-.257l6.508-6.52a.808.808,0,0,0,.234-.571A.8.8,0,0,0,14.392,101.42Z\" transform=\"translate(0 -130.698)\"><\/path><\/g><\/g><\/svg>\t\t\t<\/a>\n\t\t<\/div>\n\t\t\t\t<\/div>\n\t\t\t\t<\/div>\n\t\t\t\t<div class=\"elementor-element elementor-element-73bf6e9 sc_fly_static elementor-widget elementor-widget-spacer\" data-id=\"73bf6e9\" data-element_type=\"widget\" data-widget_type=\"spacer.default\">\n\t\t\t\t<div class=\"elementor-widget-container\">\n\t\t\t\t\t<div class=\"elementor-spacer\">\n\t\t\t<div class=\"elementor-spacer-inner\"><\/div>\n\t\t<\/div>\n\t\t\t\t<\/div>\n\t\t\t\t<\/div>\n\t\t\t\t\t<\/div>\n\t\t<\/div>\n\t\t\t\t\t\t\t<\/div>\n\t\t<\/section>\n\t\t\t\t\t<\/div>\n\t\t<\/div>\n\t\t\t\t\t\t\t<\/div>\n\t\t<\/section>\n\t\t\t\t<section class=\"elementor-section elementor-top-section elementor-element elementor-element-076779a elementor-section-stretched scheme_default elementor-section-boxed elementor-section-height-default elementor-section-height-default sc_fly_static\" data-id=\"076779a\" data-element_type=\"section\" data-settings=\"{&quot;stretch_section&quot;:&quot;section-stretched&quot;,&quot;background_background&quot;:&quot;classic&quot;}\">\n\t\t\t\t\t\t<div class=\"elementor-container elementor-column-gap-extended\">\n\t\t\t\t\t<div class=\"elementor-column elementor-col-100 elementor-top-column elementor-element elementor-element-cc58516 sc_inner_width_none sc_content_align_inherit sc_layouts_column_icons_position_left sc_fly_static\" data-id=\"cc58516\" data-element_type=\"column\">\n\t\t\t<div class=\"elementor-widget-wrap elementor-element-populated\">\n\t\t\t\t\t\t\t\t<div class=\"elementor-element elementor-element-6d4d98a sc_height_medium sc_fly_static elementor-widget elementor-widget-spacer\" data-id=\"6d4d98a\" data-element_type=\"widget\" data-widget_type=\"spacer.default\">\n\t\t\t\t<div class=\"elementor-widget-container\">\n\t\t\t\t\t<div class=\"elementor-spacer\">\n\t\t\t<div class=\"elementor-spacer-inner\"><\/div>\n\t\t<\/div>\n\t\t\t\t<\/div>\n\t\t\t\t<\/div>\n\t\t\t\t<section class=\"elementor-section elementor-inner-section elementor-element elementor-element-80ed635 elementor-section-boxed elementor-section-height-default elementor-section-height-default sc_fly_static\" data-id=\"80ed635\" data-element_type=\"section\">\n\t\t\t\t\t\t<div class=\"elementor-container elementor-column-gap-extended\">\n\t\t\t\t\t<div class=\"elementor-column elementor-col-16 elementor-inner-column elementor-element elementor-element-7d1ca38 sc_inner_width_none sc_content_align_inherit sc_layouts_column_icons_position_left sc_fly_static\" data-id=\"7d1ca38\" data-element_type=\"column\">\n\t\t\t<div class=\"elementor-widget-wrap\">\n\t\t\t\t\t\t\t\t\t<\/div>\n\t\t<\/div>\n\t\t\t\t<div class=\"elementor-column elementor-col-66 elementor-inner-column elementor-element elementor-element-9b4689a sc_inner_width_none sc_content_align_inherit sc_layouts_column_icons_position_left sc_fly_static\" data-id=\"9b4689a\" data-element_type=\"column\">\n\t\t\t<div class=\"elementor-widget-wrap elementor-element-populated\">\n\t\t\t\t\t\t\t\t<div class=\"elementor-element elementor-element-0d7bbc5 sc_fly_static elementor-widget elementor-widget-image\" data-id=\"0d7bbc5\" data-element_type=\"widget\" data-widget_type=\"image.default\">\n\t\t\t\t<div class=\"elementor-widget-container\">\n\t\t\t<style>\/*! elementor - v3.7.8 - 02-10-2022 *\/\n.elementor-widget-image{text-align:center}.elementor-widget-image a{display:inline-block}.elementor-widget-image a img[src$=\".svg\"]{width:48px}.elementor-widget-image img{vertical-align:middle;display:inline-block}<\/style>\t\t\t\t\t\t\t\t\t\t\t\t<img width=\"840\" height=\"473\" src=\"https:\/\/emperorcruises.com\/wp-content\/uploads\/2022\/06\/Beach-Lifestyle-13-840x473.jpg\" class=\"attachment-qwery-thumb-big size-qwery-thumb-big\" alt=\"\" loading=\"lazy\" srcset=\"https:\/\/emperorcruises.com\/wp-content\/uploads\/2022\/06\/Beach-Lifestyle-13-840x473.jpg 840w, https:\/\/emperorcruises.com\/wp-content\/uploads\/2022\/06\/Beach-Lifestyle-13-1290x725.jpg 1290w, https:\/\/emperorcruises.com\/wp-content\/uploads\/2022\/06\/Beach-Lifestyle-13-410x230.jpg 410w, https:\/\/emperorcruises.com\/wp-content\/uploads\/2022\/06\/Beach-Lifestyle-13-270x152.jpg 270w\" sizes=\"(max-width: 840px) 100vw, 840px\" \/>\t\t\t\t\t\t\t\t\t\t\t\t\t\t\t<\/div>\n\t\t\t\t<\/div>\n\t\t\t\t\t<\/div>\n\t\t<\/div>\n\t\t\t\t<div class=\"elementor-column elementor-col-16 elementor-inner-column elementor-element elementor-element-6251783 sc_inner_width_none sc_content_align_inherit sc_layouts_column_icons_position_left sc_fly_static\" data-id=\"6251783\" data-element_type=\"column\">\n\t\t\t<div class=\"elementor-widget-wrap\">\n\t\t\t\t\t\t\t\t\t<\/div>\n\t\t<\/div>\n\t\t\t\t\t\t\t<\/div>\n\t\t<\/section>\n\t\t\t\t<section class=\"elementor-section elementor-inner-section elementor-element elementor-element-7400877 elementor-section-boxed elementor-section-height-default elementor-section-height-default sc_fly_static\" data-id=\"7400877\" data-element_type=\"section\">\n\t\t\t\t\t\t<div class=\"elementor-container elementor-column-gap-extended\">\n\t\t\t\t\t<div class=\"elementor-column elementor-col-100 elementor-inner-column elementor-element elementor-element-680c7dc sc_inner_width_none sc_content_align_inherit sc_layouts_column_icons_position_left sc_fly_static\" data-id=\"680c7dc\" data-element_type=\"column\">\n\t\t\t<div class=\"elementor-widget-wrap elementor-element-populated\">\n\t\t\t\t\t\t\t\t<div class=\"elementor-element elementor-element-62477a4 sc_height_small sc_fly_static elementor-widget elementor-widget-spacer\" data-id=\"62477a4\" data-element_type=\"widget\" data-widget_type=\"spacer.default\">\n\t\t\t\t<div class=\"elementor-widget-container\">\n\t\t\t\t\t<div class=\"elementor-spacer\">\n\t\t\t<div class=\"elementor-spacer-inner\"><\/div>\n\t\t<\/div>\n\t\t\t\t<\/div>\n\t\t\t\t<\/div>\n\t\t\t\t<div class=\"elementor-element elementor-element-39555c4 sc_fly_static elementor-widget elementor-widget-text-editor\" data-id=\"39555c4\" data-element_type=\"widget\" data-widget_type=\"text-editor.default\">\n\t\t\t\t<div class=\"elementor-widget-container\">\n\t\t\t<style>\/*! elementor - v3.7.8 - 02-10-2022 *\/\n.elementor-widget-text-editor.elementor-drop-cap-view-stacked .elementor-drop-cap{background-color:#818a91;color:#fff}.elementor-widget-text-editor.elementor-drop-cap-view-framed .elementor-drop-cap{color:#818a91;border:3px solid;background-color:transparent}.elementor-widget-text-editor:not(.elementor-drop-cap-view-default) .elementor-drop-cap{margin-top:8px}.elementor-widget-text-editor:not(.elementor-drop-cap-view-default) .elementor-drop-cap-letter{width:1em;height:1em}.elementor-widget-text-editor .elementor-drop-cap{float:left;text-align:center;line-height:1;font-size:50px}.elementor-widget-text-editor .elementor-drop-cap-letter{display:inline-block}<\/style>\t\t\t\t<p style=\"text-align: justify;\"><strong>Es geht nur um die Einstellung!<\/strong><\/p><p style=\"text-align: justify;\">Die Tourismusindustrie ist einer der am schnellsten wachsenden Wirtschaftszweige der Welt, der in vielen L\u00e4ndern Einnahmen und Arbeitspl\u00e4tze schafft und die Welt f\u00fcr neue Generationen von Reisenden \u00f6ffnet. Die Auswirkungen des Tourismus, insbesondere an beliebten Reisezielen wie Halong und Bai Tu Long Bucht sind jedoch nicht ausschlie\u00dflich positiv.<\/p><p style=\"text-align: justify;\">Unser Ziel ist es, bessere Orte zu schaffen, an denen die Menschen leben k\u00f6nnen, und bessere Orte, die sie besuchen k\u00f6nnen. Seit der Gr\u00fcndung unserer Kreuzfahrtgesellschaft haben wir mit Emperor Cruises die klare Vision, den Menschen zu helfen, die einzigartige Sch\u00f6nheit der Halong-Bucht und der Nha Trang-Bucht zu sch\u00e4tzen, und wir haben uns bei unseren Kreuzfahrten fest zu verantwortungsbewussten Praktiken bekannt.<\/p><p style=\"text-align: justify;\">Eine der besorgniserregendsten Auswirkungen schlechter Tourismuspraktiken sind die Auswirkungen auf die Umwelt. Infolgedessen finden die Prinzipien des nachhaltigen Tourismus und verantwortungsbewusster Kreuzfahrten weltweit immer mehr Beachtung. Wir verpflichten uns zu moralischen und gerechten Praktiken in der gesamten Organisation, stellen vor Ort ein und versuchen, das lokale Wirtschaftswachstum zu verbessern.<\/p><p style=\"text-align: justify;\">Innerhalb der Reisebranche ist die Kreuzfahrtindustrie besonders auf eine ungest\u00f6rte nat\u00fcrliche Umgebung angewiesen, um unvergessliche Erlebnisse zu schaffen. Der Schutz der nat\u00fcrlichen Ressourcen und eine wirklich nachhaltige Gestaltung des Kreuzfahrtbetriebs innerhalb der Meeresumwelt sind f\u00fcr die Branche \u00fcberlebenswichtige Punkte.<\/p><p style=\"text-align: justify;\">Wir verstehen diesen Punkt sehr gut und setzen ihn in t\u00e4gliche Ma\u00dfnahmen f\u00fcr das Leben unter Wasser und an Land um. Wir verschmutzen niemals unsere Ozeane und Fl\u00fcsse, und unser Team sammelt M\u00fcll beim Boot- und Kajakfahren sowie beim Aufr\u00e4umen der Str\u00e4nde und Inseln, die wir bei unseren Ausfl\u00fcgen besuchen.<\/p><p style=\"text-align: justify;\">Unsere Flottenpolitik von Emperor Cruises wendet nachhaltige Praktiken an, betreibt moderne Abwasser- und Abfallbehandlungssysteme und bem\u00fcht sich um die Bek\u00e4mpfung der Wasserverschmutzung.<\/p><p style=\"text-align: justify;\">Insbesondere werden alle festen Abf\u00e4lle auf unseren Schiffen klassifiziert und zur Behandlung zu Abfallstationen an Land gebracht. Alle Prozesse werden streng nach den einschl\u00e4gigen Normen der \u00f6rtlichen Beh\u00f6rden durchgef\u00fchrt.<\/p><p style=\"text-align: justify;\">Dar\u00fcber hinaus glauben wir, dass das Konzept des \u201cNachhaltigen Tourismus\u201d die Schaffung \u201cgr\u00fcner\u201d Tagesabl\u00e4ufe und die R\u00fcckgabe an die Gemeinschaft einschlie\u00dft. Wir haben eine Reihe von Partnerschaften gegr\u00fcndet, um unsere verantwortungsvollen Entwicklungsziele zu erreichen, indem wir mit NGOs zusammenarbeiten, um die Umwelt, die Nationalparks und die Tierwelt zu sch\u00fctzen. Dar\u00fcber hinaus reinigen wir die Wege, Inseln und Str\u00e4nde, auf denen wir Kajak fahren und schwimmen. Wir setzen uns aktiv f\u00fcr die Bek\u00e4mpfung des Klimawandels, die Verbesserung von sauberem Wasser und sanit\u00e4ren Einrichtungen, die Armutsbek\u00e4mpfung, die Gleichstellung der Geschlechter und die Bildung ein.<\/p><p style=\"text-align: justify;\">Wir bauen Tag f\u00fcr Tag ein besseres Leben f\u00fcr unser Team auf den Kreuzfahrten auf. Unser Team und unsere Besatzungsmitglieder tun ihr Bestes, um nachhaltige Praktiken in all ihren t\u00e4glichen Routinen anzuwenden, wie z.B.: Einschr\u00e4nkung der Verwendung von Plastikt\u00fcten, Vermeidung von unn\u00f6tigem Papierverbrauch, Energieeinsparung und Wassereinsparung.<\/p><p style=\"text-align: justify;\">Wir erstellen und f\u00fchren auch Schulungskurse durch, die die Einheimischen dazu ermutigen, im t\u00e4glichen Leben umweltvertr\u00e4gliche Praktiken anzuwenden, und ermutigen lokale Unternehmen, der Gemeinschaft etwas zur\u00fcckzugeben. Wir sprechen nachhaltiges Reisen durch die \u201cf\u00fcnf P\u2019s\u201d an: people, planet, prosperity, peace, and partnerships.<\/p><p style=\"text-align: justify;\"><strong>In K\u00fcrze<\/strong><\/p><p style=\"text-align: justify;\">Unser Ziel ist es, einen besseren Ort zum Leben und sch\u00f6nere Orte f\u00fcr die Menschen zu schaffen.<\/p><ul style=\"text-align: justify;\"><li><strong>Einstellung<\/strong>:Verantwortungsbewusstes Kreuzen ist eine Frage der Einstellung, und die Mitarbeiter der Emperor Cruise setzen sich leidenschaftlich f\u00fcr sozial verantwortliches Reisen ein, durch Bildung und durch die Reduzierung unseres Kohlenstoff-Fu\u00dfabdrucks.<\/li><li><strong>Nachhaltige Baustoffe<\/strong>: Das Kreuzfahrtschiff wurde unter Verwendung nachhaltiger Materialien gebaut und ist so konstruiert, dass ein Maximum an nat\u00fcrlichem Licht und Luftstr\u00f6mung erreicht und der Bedarf an Klimaanlagen reduziert wird.<\/li><li><strong>Reduzieren, Wiederverwenden, Recyceln<\/strong>\u00a0ist unsere verantwortungsbewusste Politik. Wir stellen wiederverwendbare Wasserflaschen zur Verf\u00fcgung und verwenden Ihre Handt\u00fccher und Bettw\u00e4sche wieder.<\/li><li><strong>Emperor Cruises arbeitet nachhaltig<\/strong>, schafft Arbeitspl\u00e4tze, besch\u00e4ftigt einheimische Mitarbeiter, f\u00f6rdert die lokale Kultur und lokale Produkte und unterst\u00fctzt ein Projekt zum Schutz des Meereslebens in der Bai Tu Long Bay und der Halong Bay.<\/li><li><strong>Emperor Cruises reinigt am 5. jedes Monats<\/strong>\u00a0alle Trekkingpfade entlang der Inseln und Str\u00e4nde, damit die G\u00e4ste die unber\u00fchrten Str\u00e4nde und Buchten in unseren Einsatzgebieten genie\u00dfen k\u00f6nnen. Wir erhalten und nutzen die Ozeane, Meere und Meeresressourcen nachhaltig f\u00fcr eine nachhaltige Entwicklung durch nachhaltiges Management des Tourismus auf und in den Ozeanen.<\/li><li><strong>Kreuzfahrt mit Sinn und Zweck<\/strong>: Kreuzen Sie mit uns, um eine bessere Bucht f\u00fcr die Menschen zum Leben und einen besseren Ort f\u00fcr Reisende zu schaffen. Wir sparen S\u00fc\u00dfwasser und unseren Planeten. Organische Abf\u00e4lle werden zur Wiederverwertung in Biogas umgewandelt. Mit unserer verantwortungsbewussten Politik wollen wir die Bucht sauber und gesund halten, damit zuk\u00fcnftige Generationen sie genie\u00dfen k\u00f6nnen!<\/li><\/ul><p style=\"text-align: justify;\">\u00a0<\/p>\t\t\t\t\t\t<\/div>\n\t\t\t\t<\/div>\n\t\t\t\t\t<\/div>\n\t\t<\/div>\n\t\t\t\t\t\t\t<\/div>\n\t\t<\/section>\n\t\t\t\t\t<\/div>\n\t\t<\/div>\n\t\t\t\t\t\t\t<\/div>\n\t\t<\/section>\n\t\t\t\t<section class=\"elementor-section elementor-top-section elementor-element elementor-element-c873346 sc_layouts_hide_on_mobile elementor-section-boxed elementor-section-height-default elementor-section-height-default sc_fly_static\" data-id=\"c873346\" data-element_type=\"section\">\n\t\t\t\t\t\t<div class=\"elementor-container elementor-column-gap-extended\">\n\t\t\t\t\t<div class=\"elementor-column elementor-col-100 elementor-top-column elementor-element elementor-element-0595008 sc_inner_width_none sc_content_align_inherit sc_layouts_column_icons_position_left sc_fly_static\" data-id=\"0595008\" data-element_type=\"column\">\n\t\t\t<div class=\"elementor-widget-wrap elementor-element-populated\">\n\t\t\t\t\t\t\t\t<div class=\"elementor-element elementor-element-4cef149 sc_height_small sc_fly_static elementor-widget elementor-widget-spacer\" data-id=\"4cef149\" data-element_type=\"widget\" data-widget_type=\"spacer.default\">\n\t\t\t\t<div class=\"elementor-widget-container\">\n\t\t\t\t\t<div class=\"elementor-spacer\">\n\t\t\t<div class=\"elementor-spacer-inner\"><\/div>\n\t\t<\/div>\n\t\t\t\t<\/div>\n\t\t\t\t<\/div>\n\t\t\t\t\t<\/div>\n\t\t<\/div>\n\t\t\t\t\t\t\t<\/div>\n\t\t<\/section>\n\t\t\t\t\t\t\t<\/div>\n\t\t","protected":false},"excerpt":{"rendered":"<p>emperor cruises Verantwortliches Kreuzen Es geht nur um die Einstellung! Die Tourismusindustrie ist einer der am schnellsten wachsenden Wirtschaftszweige der Welt, der in vielen L\u00e4ndern Einnahmen und Arbeitspl\u00e4tze schafft und&hellip;<\/p>\n","protected":false},"author":1,"featured_media":22307,"parent":0,"menu_order":0,"comment_status":"closed","ping_status":"closed","template":"","meta":[],"_links":{"self":[{"href":"https:\/\/emperorcruises.com\/de\/wp-json\/wp\/v2\/pages\/27289"}],"collection":[{"href":"https:\/\/emperorcruises.com\/de\/wp-json\/wp\/v2\/pages"}],"about":[{"href":"https:\/\/emperorcruises.com\/de\/wp-json\/wp\/v2\/types\/page"}],"author":[{"embeddable":true,"href":"https:\/\/emperorcruises.com\/de\/wp-json\/wp\/v2\/users\/1"}],"replies":[{"embeddable":true,"href":"https:\/\/emperorcruises.com\/de\/wp-json\/wp\/v2\/comments?post=27289"}],"version-history":[{"count":5,"href":"https:\/\/emperorcruises.com\/de\/wp-json\/wp\/v2\/pages\/27289\/revisions"}],"predecessor-version":[{"id":27297,"href":"https:\/\/emperorcruises.com\/de\/wp-json\/wp\/v2\/pages\/27289\/revisions\/27297"}],"wp:featuredmedia":[{"embeddable":true,"href":"https:\/\/emperorcruises.com\/de\/wp-json\/wp\/v2\/media\/22307"}],"wp:attachment":[{"href":"https:\/\/emperorcruises.com\/de\/wp-json\/wp\/v2\/media?parent=27289"}],"curies":[{"name":"wp","href":"https:\/\/api.w.org\/{rel}","templated":true}]}}